{"id":82059,"date":"2018-05-25T10:17:44","date_gmt":"2018-05-25T08:17:44","guid":{"rendered":"https:\/\/kolejedolnoslaskie.pl\/stan-linii\/"},"modified":"2025-05-09T09:33:31","modified_gmt":"2025-05-09T07:33:31","slug":"travel-alerts","status":"publish","type":"page","link":"https:\/\/kolejedolnoslaskie.pl\/en\/travel-alerts\/","title":{"rendered":"Travel alerts"},"content":{"rendered":"","protected":false},"excerpt":{"rendered":"","protected":false},"author":4,"featured_media":0,"parent":0,"menu_order":0,"comment_status":"closed","ping_status":"closed","template":"","meta":{"_acf_changed":false,"inline_featured_image":false,"footnotes":""},"page-category":[],"class_list":["post-82059","page","type-page","status-publish","hentry"],"acf":{"lista_komponentow_strony":[{"acf_fc_layout":"text_field_module","pole_tekstowe":"<p style=\"text-align: justify;\">Check live updates on train delays and railway disruptions below.<br data-start=\"117\" data-end=\"120\" \/>You can also track the real-time location of KD trains based on GPS data and get live notifications about delays and disruptions in the Kiedy Przyjedzie app or at the site \u00a0<a href=\"https:\/\/kd.kiedyprzyjedzie.pl\/#\/\" target=\"_blank\" rel=\"nofollow noopener\">kd.kiedyprzyjedzie.pl<\/a><\/p>"},{"acf_fc_layout":"lines_states"}]},"yoast_head":"<!-- This site is optimized with the Yoast SEO plugin v27.4 - https:\/\/yoast.com\/product\/yoast-seo-wordpress\/ -->\n<title>Travel alerts - delays and disruptions | Koleje Dolno\u015bl\u0105skie<\/title>\n<meta name=\"description\" content=\"Check the current status of railway lines \u27a4 Find information about train disruptions, delays, timetable changes, and suspended services.\" \/>\n<meta name=\"robots\" content=\"index, follow, max-snippet:-1, max-image-preview:large, max-video-preview:-1\" \/>\n<link rel=\"canonical\" href=\"https:\/\/kolejedolnoslaskie.pl\/en\/travel-alerts\/\" \/>\n<meta property=\"og:locale\" content=\"en_US\" \/>\n<meta property=\"og:type\" content=\"article\" \/>\n<meta property=\"og:title\" content=\"Travel alerts - delays and disruptions | Koleje Dolno\u015bl\u0105skie\" \/>\n<meta property=\"og:description\" content=\"Check the current status of railway lines \u27a4 Find information about train disruptions, delays, timetable changes, and suspended services.\" \/>\n<meta property=\"og:url\" content=\"https:\/\/kolejedolnoslaskie.pl\/en\/travel-alerts\/\" \/>\n<meta property=\"og:site_name\" content=\"Koleje Dolno\u015bl\u0105skie\" \/>\n<meta property=\"article:modified_time\" content=\"2025-05-09T07:33:31+00:00\" \/>\n<meta property=\"og:image\" content=\"https:\/\/kolejedolnoslaskie.pl\/wp-content\/uploads\/2018\/05\/isms_image.png\" \/>\n\t<meta property=\"og:image:width\" content=\"263\" \/>\n\t<meta property=\"og:image:height\" content=\"200\" \/>\n\t<meta property=\"og:image:type\" content=\"image\/png\" \/>\n<meta name=\"twitter:card\" content=\"summary_large_image\" \/>\n<meta name=\"twitter:image\" content=\"https:\/\/kolejedolnoslaskie.pl\/wp-content\/uploads\/2018\/05\/isms_image.png\" \/>\n<script type=\"application\/ld+json\" class=\"yoast-schema-graph\">{\"@context\":\"https:\\\/\\\/schema.org\",\"@graph\":[{\"@type\":\"WebPage\",\"@id\":\"https:\\\/\\\/kolejedolnoslaskie.pl\\\/en\\\/travel-alerts\\\/\",\"url\":\"https:\\\/\\\/kolejedolnoslaskie.pl\\\/en\\\/travel-alerts\\\/\",\"name\":\"Travel alerts - delays and disruptions | Koleje Dolno\u015bl\u0105skie\",\"isPartOf\":{\"@id\":\"https:\\\/\\\/kolejedolnoslaskie.pl\\\/en\\\/#website\"},\"datePublished\":\"2018-05-25T08:17:44+00:00\",\"dateModified\":\"2025-05-09T07:33:31+00:00\",\"description\":\"Check the current status of railway lines \u27a4 Find information about train disruptions, delays, timetable changes, and suspended services.\",\"breadcrumb\":{\"@id\":\"https:\\\/\\\/kolejedolnoslaskie.pl\\\/en\\\/travel-alerts\\\/#breadcrumb\"},\"inLanguage\":\"en-US\",\"potentialAction\":[{\"@type\":\"ReadAction\",\"target\":[\"https:\\\/\\\/kolejedolnoslaskie.pl\\\/en\\\/travel-alerts\\\/\"]}]},{\"@type\":\"BreadcrumbList\",\"@id\":\"https:\\\/\\\/kolejedolnoslaskie.pl\\\/en\\\/travel-alerts\\\/#breadcrumb\",\"itemListElement\":[{\"@type\":\"ListItem\",\"position\":1,\"name\":\"Main site\",\"item\":\"https:\\\/\\\/kolejedolnoslaskie.pl\\\/en\\\/\"},{\"@type\":\"ListItem\",\"position\":2,\"name\":\"Travel alerts\"}]},{\"@type\":\"WebSite\",\"@id\":\"https:\\\/\\\/kolejedolnoslaskie.pl\\\/en\\\/#website\",\"url\":\"https:\\\/\\\/kolejedolnoslaskie.pl\\\/en\\\/\",\"name\":\"Koleje Dolno\u015bl\u0105skie\",\"description\":\"Koleje Dolno\u015bl\u0105skie\",\"potentialAction\":[{\"@type\":\"SearchAction\",\"target\":{\"@type\":\"EntryPoint\",\"urlTemplate\":\"https:\\\/\\\/kolejedolnoslaskie.pl\\\/en\\\/?s={search_term_string}\"},\"query-input\":{\"@type\":\"PropertyValueSpecification\",\"valueRequired\":true,\"valueName\":\"search_term_string\"}}],\"inLanguage\":\"en-US\"}]}<\/script>\n<!-- \/ Yoast SEO plugin. -->","yoast_head_json":{"title":"Travel alerts - delays and disruptions | Koleje Dolno\u015bl\u0105skie","description":"Check the current status of railway lines \u27a4 Find information about train disruptions, delays, timetable changes, and suspended services.","robots":{"index":"index","follow":"follow","max-snippet":"max-snippet:-1","max-image-preview":"max-image-preview:large","max-video-preview":"max-video-preview:-1"},"canonical":"https:\/\/kolejedolnoslaskie.pl\/en\/travel-alerts\/","og_locale":"en_US","og_type":"article","og_title":"Travel alerts - delays and disruptions | Koleje Dolno\u015bl\u0105skie","og_description":"Check the current status of railway lines \u27a4 Find information about train disruptions, delays, timetable changes, and suspended services.","og_url":"https:\/\/kolejedolnoslaskie.pl\/en\/travel-alerts\/","og_site_name":"Koleje Dolno\u015bl\u0105skie","article_modified_time":"2025-05-09T07:33:31+00:00","og_image":[{"width":263,"height":200,"url":"https:\/\/kolejedolnoslaskie.pl\/wp-content\/uploads\/2018\/05\/isms_image.png","type":"image\/png"}],"twitter_card":"summary_large_image","twitter_image":"https:\/\/kolejedolnoslaskie.pl\/wp-content\/uploads\/2018\/05\/isms_image.png","schema":{"@context":"https:\/\/schema.org","@graph":[{"@type":"WebPage","@id":"https:\/\/kolejedolnoslaskie.pl\/en\/travel-alerts\/","url":"https:\/\/kolejedolnoslaskie.pl\/en\/travel-alerts\/","name":"Travel alerts - delays and disruptions | Koleje Dolno\u015bl\u0105skie","isPartOf":{"@id":"https:\/\/kolejedolnoslaskie.pl\/en\/#website"},"datePublished":"2018-05-25T08:17:44+00:00","dateModified":"2025-05-09T07:33:31+00:00","description":"Check the current status of railway lines \u27a4 Find information about train disruptions, delays, timetable changes, and suspended services.","breadcrumb":{"@id":"https:\/\/kolejedolnoslaskie.pl\/en\/travel-alerts\/#breadcrumb"},"inLanguage":"en-US","potentialAction":[{"@type":"ReadAction","target":["https:\/\/kolejedolnoslaskie.pl\/en\/travel-alerts\/"]}]},{"@type":"BreadcrumbList","@id":"https:\/\/kolejedolnoslaskie.pl\/en\/travel-alerts\/#breadcrumb","itemListElement":[{"@type":"ListItem","position":1,"name":"Main site","item":"https:\/\/kolejedolnoslaskie.pl\/en\/"},{"@type":"ListItem","position":2,"name":"Travel alerts"}]},{"@type":"WebSite","@id":"https:\/\/kolejedolnoslaskie.pl\/en\/#website","url":"https:\/\/kolejedolnoslaskie.pl\/en\/","name":"Koleje Dolno\u015bl\u0105skie","description":"Koleje Dolno\u015bl\u0105skie","potentialAction":[{"@type":"SearchAction","target":{"@type":"EntryPoint","urlTemplate":"https:\/\/kolejedolnoslaskie.pl\/en\/?s={search_term_string}"},"query-input":{"@type":"PropertyValueSpecification","valueRequired":true,"valueName":"search_term_string"}}],"inLanguage":"en-US"}]}},"_links":{"self":[{"href":"https:\/\/kolejedolnoslaskie.pl\/en\/wp-json\/wp\/v2\/pages\/82059","targetHints":{"allow":["GET"]}}],"collection":[{"href":"https:\/\/kolejedolnoslaskie.pl\/en\/wp-json\/wp\/v2\/pages"}],"about":[{"href":"https:\/\/kolejedolnoslaskie.pl\/en\/wp-json\/wp\/v2\/types\/page"}],"author":[{"embeddable":true,"href":"https:\/\/kolejedolnoslaskie.pl\/en\/wp-json\/wp\/v2\/users\/4"}],"replies":[{"embeddable":true,"href":"https:\/\/kolejedolnoslaskie.pl\/en\/wp-json\/wp\/v2\/comments?post=82059"}],"version-history":[{"count":1,"href":"https:\/\/kolejedolnoslaskie.pl\/en\/wp-json\/wp\/v2\/pages\/82059\/revisions"}],"predecessor-version":[{"id":82061,"href":"https:\/\/kolejedolnoslaskie.pl\/en\/wp-json\/wp\/v2\/pages\/82059\/revisions\/82061"}],"wp:attachment":[{"href":"https:\/\/kolejedolnoslaskie.pl\/en\/wp-json\/wp\/v2\/media?parent=82059"}],"wp:term":[{"taxonomy":"page-category","embeddable":true,"href":"https:\/\/kolejedolnoslaskie.pl\/en\/wp-json\/wp\/v2\/page-category?post=82059"}],"curies":[{"name":"wp","href":"https:\/\/api.w.org\/{rel}","templated":true}]}}