{"id":81987,"date":"2018-05-09T08:15:22","date_gmt":"2018-05-09T06:15:22","guid":{"rendered":"https:\/\/kolejedolnoslaskie.pl\/rozklad-jazdy\/"},"modified":"2026-03-11T09:27:26","modified_gmt":"2026-03-11T08:27:26","slug":"timetable","status":"publish","type":"page","link":"https:\/\/kolejedolnoslaskie.pl\/en\/timetable\/","title":{"rendered":"Timetable"},"content":{"rendered":"","protected":false},"excerpt":{"rendered":"","protected":false},"author":4,"featured_media":0,"parent":0,"menu_order":0,"comment_status":"closed","ping_status":"closed","template":"page-rozklad-bilety.php","meta":{"_acf_changed":false,"inline_featured_image":false,"footnotes":""},"page-category":[],"class_list":["post-81987","page","type-page","status-publish","hentry"],"acf":{"lista_komponentow_strony":[{"acf_fc_layout":"hero_baner","maska":"dol","foto":77983,"foto_mobile":null,"pozycjonowanie_zdjecia":"2","tytul":"","subtytul":"","przycisk_cena":"","przycisk_opis":"","przycisk_cta_url":"","wysokosc":500},{"acf_fc_layout":"text_field_module","pole_tekstowe":"<h2 data-start=\"47\" data-end=\"90\"><strong data-start=\"47\" data-end=\"90\">Train Schedules \u2013 Check Your Connection<\/strong><\/h2>\r\n<p class=\"\" data-start=\"92\" data-end=\"472\">Koleje Dolno\u015bl\u0105skie provides regional rail services in every possible direction across the voivodeship, as well as to many cities beyond its borders. The routes of trains and railbuses are planned to ensure a pleasant journey and a quick arrival at your destination. Regional trains are the ideal solution not only for tourists but also for those who work or study away from home.<\/p>\r\n<p class=\"\" data-start=\"474\" data-end=\"607\">Respecting our passengers' time, we make sure that the current train schedules and ticket prices are always available on our website.<\/p>"},{"acf_fc_layout":"text_field_module","pole_tekstowe":""},{"acf_fc_layout":"timetable"},{"acf_fc_layout":"attachments_module","attachments_module_files":[{"attachments_module_files_name":"Connection map for Lower Silesia 2024\/2025 (valid from December 15, 2024)","attachments_module_files_file":80600}]}]},"yoast_head":"<!-- This site is optimized with the Yoast SEO plugin v27.4 - https:\/\/yoast.com\/product\/yoast-seo-wordpress\/ -->\n<title>Timetable KD and PKP | Koleje Dolno\u015bl\u0105skie<\/title>\n<meta name=\"description\" content=\"Current timetable Koleje Dolnosl\u0105skie trains \u27a4 Check out our regional connections \u2713 Find your route and buy your ticket\" \/>\n<meta name=\"robots\" content=\"index, follow, max-snippet:-1, max-image-preview:large, max-video-preview:-1\" \/>\n<link rel=\"canonical\" href=\"https:\/\/kolejedolnoslaskie.pl\/en\/timetable\/\" \/>\n<meta property=\"og:locale\" content=\"en_US\" \/>\n<meta property=\"og:type\" content=\"article\" \/>\n<meta property=\"og:title\" content=\"Timetable KD and PKP | Koleje Dolno\u015bl\u0105skie\" \/>\n<meta property=\"og:description\" content=\"Current timetable Koleje Dolnosl\u0105skie trains \u27a4 Check out our regional connections \u2713 Find your route and buy your ticket\" \/>\n<meta property=\"og:url\" content=\"https:\/\/kolejedolnoslaskie.pl\/en\/timetable\/\" \/>\n<meta property=\"og:site_name\" content=\"Koleje Dolno\u015bl\u0105skie\" \/>\n<meta property=\"article:modified_time\" content=\"2026-03-11T08:27:26+00:00\" \/>\n<meta property=\"og:image\" content=\"https:\/\/kolejedolnoslaskie.pl\/wp-content\/uploads\/2019\/11\/schemat_2019_2020.jpg\" \/>\n\t<meta property=\"og:image:width\" content=\"1231\" \/>\n\t<meta property=\"og:image:height\" content=\"750\" \/>\n\t<meta property=\"og:image:type\" content=\"image\/jpeg\" \/>\n<meta name=\"twitter:card\" content=\"summary_large_image\" \/>\n<meta name=\"twitter:image\" content=\"https:\/\/kolejedolnoslaskie.pl\/wp-content\/uploads\/2019\/11\/schemat_2019_2020.jpg\" \/>\n<script type=\"application\/ld+json\" class=\"yoast-schema-graph\">{\"@context\":\"https:\\\/\\\/schema.org\",\"@graph\":[{\"@type\":\"WebPage\",\"@id\":\"https:\\\/\\\/kolejedolnoslaskie.pl\\\/en\\\/timetable\\\/\",\"url\":\"https:\\\/\\\/kolejedolnoslaskie.pl\\\/en\\\/timetable\\\/\",\"name\":\"Timetable KD and PKP | Koleje Dolno\u015bl\u0105skie\",\"isPartOf\":{\"@id\":\"https:\\\/\\\/kolejedolnoslaskie.pl\\\/en\\\/#website\"},\"datePublished\":\"2018-05-09T06:15:22+00:00\",\"dateModified\":\"2026-03-11T08:27:26+00:00\",\"description\":\"Current timetable Koleje Dolnosl\u0105skie trains \u27a4 Check out our regional connections \u2713 Find your route and buy your ticket\",\"breadcrumb\":{\"@id\":\"https:\\\/\\\/kolejedolnoslaskie.pl\\\/en\\\/timetable\\\/#breadcrumb\"},\"inLanguage\":\"en-US\",\"potentialAction\":[{\"@type\":\"ReadAction\",\"target\":[\"https:\\\/\\\/kolejedolnoslaskie.pl\\\/en\\\/timetable\\\/\"]}]},{\"@type\":\"BreadcrumbList\",\"@id\":\"https:\\\/\\\/kolejedolnoslaskie.pl\\\/en\\\/timetable\\\/#breadcrumb\",\"itemListElement\":[{\"@type\":\"ListItem\",\"position\":1,\"name\":\"Main site\",\"item\":\"https:\\\/\\\/kolejedolnoslaskie.pl\\\/en\\\/\"},{\"@type\":\"ListItem\",\"position\":2,\"name\":\"Timetable\"}]},{\"@type\":\"WebSite\",\"@id\":\"https:\\\/\\\/kolejedolnoslaskie.pl\\\/en\\\/#website\",\"url\":\"https:\\\/\\\/kolejedolnoslaskie.pl\\\/en\\\/\",\"name\":\"Koleje Dolno\u015bl\u0105skie\",\"description\":\"Koleje Dolno\u015bl\u0105skie\",\"potentialAction\":[{\"@type\":\"SearchAction\",\"target\":{\"@type\":\"EntryPoint\",\"urlTemplate\":\"https:\\\/\\\/kolejedolnoslaskie.pl\\\/en\\\/?s={search_term_string}\"},\"query-input\":{\"@type\":\"PropertyValueSpecification\",\"valueRequired\":true,\"valueName\":\"search_term_string\"}}],\"inLanguage\":\"en-US\"}]}<\/script>\n<!-- \/ Yoast SEO plugin. -->","yoast_head_json":{"title":"Timetable KD and PKP | Koleje Dolno\u015bl\u0105skie","description":"Current timetable Koleje Dolnosl\u0105skie trains \u27a4 Check out our regional connections \u2713 Find your route and buy your ticket","robots":{"index":"index","follow":"follow","max-snippet":"max-snippet:-1","max-image-preview":"max-image-preview:large","max-video-preview":"max-video-preview:-1"},"canonical":"https:\/\/kolejedolnoslaskie.pl\/en\/timetable\/","og_locale":"en_US","og_type":"article","og_title":"Timetable KD and PKP | Koleje Dolno\u015bl\u0105skie","og_description":"Current timetable Koleje Dolnosl\u0105skie trains \u27a4 Check out our regional connections \u2713 Find your route and buy your ticket","og_url":"https:\/\/kolejedolnoslaskie.pl\/en\/timetable\/","og_site_name":"Koleje Dolno\u015bl\u0105skie","article_modified_time":"2026-03-11T08:27:26+00:00","og_image":[{"width":1231,"height":750,"url":"https:\/\/kolejedolnoslaskie.pl\/wp-content\/uploads\/2019\/11\/schemat_2019_2020.jpg","type":"image\/jpeg"}],"twitter_card":"summary_large_image","twitter_image":"https:\/\/kolejedolnoslaskie.pl\/wp-content\/uploads\/2019\/11\/schemat_2019_2020.jpg","schema":{"@context":"https:\/\/schema.org","@graph":[{"@type":"WebPage","@id":"https:\/\/kolejedolnoslaskie.pl\/en\/timetable\/","url":"https:\/\/kolejedolnoslaskie.pl\/en\/timetable\/","name":"Timetable KD and PKP | Koleje Dolno\u015bl\u0105skie","isPartOf":{"@id":"https:\/\/kolejedolnoslaskie.pl\/en\/#website"},"datePublished":"2018-05-09T06:15:22+00:00","dateModified":"2026-03-11T08:27:26+00:00","description":"Current timetable Koleje Dolnosl\u0105skie trains \u27a4 Check out our regional connections \u2713 Find your route and buy your ticket","breadcrumb":{"@id":"https:\/\/kolejedolnoslaskie.pl\/en\/timetable\/#breadcrumb"},"inLanguage":"en-US","potentialAction":[{"@type":"ReadAction","target":["https:\/\/kolejedolnoslaskie.pl\/en\/timetable\/"]}]},{"@type":"BreadcrumbList","@id":"https:\/\/kolejedolnoslaskie.pl\/en\/timetable\/#breadcrumb","itemListElement":[{"@type":"ListItem","position":1,"name":"Main site","item":"https:\/\/kolejedolnoslaskie.pl\/en\/"},{"@type":"ListItem","position":2,"name":"Timetable"}]},{"@type":"WebSite","@id":"https:\/\/kolejedolnoslaskie.pl\/en\/#website","url":"https:\/\/kolejedolnoslaskie.pl\/en\/","name":"Koleje Dolno\u015bl\u0105skie","description":"Koleje Dolno\u015bl\u0105skie","potentialAction":[{"@type":"SearchAction","target":{"@type":"EntryPoint","urlTemplate":"https:\/\/kolejedolnoslaskie.pl\/en\/?s={search_term_string}"},"query-input":{"@type":"PropertyValueSpecification","valueRequired":true,"valueName":"search_term_string"}}],"inLanguage":"en-US"}]}},"_links":{"self":[{"href":"https:\/\/kolejedolnoslaskie.pl\/en\/wp-json\/wp\/v2\/pages\/81987","targetHints":{"allow":["GET"]}}],"collection":[{"href":"https:\/\/kolejedolnoslaskie.pl\/en\/wp-json\/wp\/v2\/pages"}],"about":[{"href":"https:\/\/kolejedolnoslaskie.pl\/en\/wp-json\/wp\/v2\/types\/page"}],"author":[{"embeddable":true,"href":"https:\/\/kolejedolnoslaskie.pl\/en\/wp-json\/wp\/v2\/users\/4"}],"replies":[{"embeddable":true,"href":"https:\/\/kolejedolnoslaskie.pl\/en\/wp-json\/wp\/v2\/comments?post=81987"}],"version-history":[{"count":9,"href":"https:\/\/kolejedolnoslaskie.pl\/en\/wp-json\/wp\/v2\/pages\/81987\/revisions"}],"predecessor-version":[{"id":104064,"href":"https:\/\/kolejedolnoslaskie.pl\/en\/wp-json\/wp\/v2\/pages\/81987\/revisions\/104064"}],"wp:attachment":[{"href":"https:\/\/kolejedolnoslaskie.pl\/en\/wp-json\/wp\/v2\/media?parent=81987"}],"wp:term":[{"taxonomy":"page-category","embeddable":true,"href":"https:\/\/kolejedolnoslaskie.pl\/en\/wp-json\/wp\/v2\/page-category?post=81987"}],"curies":[{"name":"wp","href":"https:\/\/api.w.org\/{rel}","templated":true}]}}