{"id":81895,"date":"2024-05-06T13:58:46","date_gmt":"2024-05-06T11:58:46","guid":{"rendered":"https:\/\/kolejedolnoslaskie.pl\/tariff-offers\/pociagiem-nad-morze\/"},"modified":"2026-02-26T10:03:45","modified_gmt":"2026-02-26T09:03:45","slug":"by-train-to-the-seaside","status":"publish","type":"page","link":"https:\/\/kolejedolnoslaskie.pl\/en\/tariff-offers\/by-train-to-the-seaside\/","title":{"rendered":"KD Premium Seaside &#8211; by train to the Seaside"},"content":{"rendered":"","protected":false},"excerpt":{"rendered":"","protected":false},"author":43,"featured_media":0,"parent":81498,"menu_order":0,"comment_status":"closed","ping_status":"closed","template":"","meta":{"_acf_changed":false,"inline_featured_image":false,"footnotes":""},"page-category":[],"class_list":["post-81895","page","type-page","status-publish","hentry"],"acf":{"lista_komponentow_strony":[{"acf_fc_layout":"hero_baner","maska":"dol","foto":80018,"foto_mobile":"","pozycjonowanie_zdjecia":"2","tytul":"KD Premium Seaside. The fastest to the Sea!","subtytul":"Wroc\u0142aw G\u0142\u00f3wny \u27a4 \u015awinouj\u015bcie ","przycisk_cena":"","przycisk_opis":"","przycisk_cta_url":"","wysokosc":500},{"acf_fc_layout":"text_field_module","pole_tekstowe":"<h3>Select the data and buy a ticket<\/h3>\r\n<div class=\"koleo-widget-container\"><\/div>\r\n<script src=\"https:\/\/widget.koleo.pl\/kdp\/widget\/javascripts\/load-widget-simple.js\"><\/script>"},{"acf_fc_layout":"text_field_module","pole_tekstowe":"<strong><span style=\"color: #ff0000;\">There are currently no trips taking place. The information below is archived and is valid through 2025!<\/span><\/strong>\r\n\r\nAfter last year's success, KD Premium Seaside is back! Travel to the Baltic Sea with Koleje Dolno\u015bl\u0105skie - faster and more comfortable than ever before!\r\n\r\nWe're launching our special routes <strong>from Wroc\u0142aw to \u015awinouj\u015bcie and Mi\u0119dzyzdroje<\/strong> in both directions. This season, we'll take you to the seaside by train in just<strong> 5 hours and 1 minute!<\/strong> Add to your journey the beautiful views from the train windows. comfortable, adjustable seats in the modern Impuls trains. Unforgettable impressions from journey are guaranteed! <strong>We start 21.06.2025 and run every weekend until 31.08.2025, plus additional service on 19.06.2025 and 15.08.2025 (Thursday)<\/strong>. All to offer you the flexibility of a spontaneous trip or longer stay. A weekend? A week or two? Stay as long as you like!\r\n\r\n&nbsp;\r\n\r\nPresale tickets are available from 20.05\r\n<h3>The most important information:<\/h3>\r\n<ul>\r\n \t<li>The cost of travel on the route Wroc\u0142aw G\u0142\u00f3wny \u2013 \u015awinouj\u015bcie \/ \u015awinouj\u015bcie \u2013 Wroc\u0142aw G\u0142\u00f3wny is only 99 PLN.<\/li>\r\n \t<li>The cost of travel on the Legnica \u2013 \u015awinouj\u015bcie \/ \u015awinouj\u015bcie \u2013 Legnica route is only 89 PLN.<\/li>\r\n \t<li>Seat reservation is mandatory on the train; this way you are guaranteed a peaceful and comfortable journey.<\/li>\r\n \t<li><strong>Ticket with reservation you can buy at the ticket office no. 2 at the Legnica Station and the G\u0142og\u00f3w Station, at the Koleje Dolno\u015bl\u0105skie Customer Service Office at the Wroc\u0142aw G\u0142\u00f3wny Station and online through <a href=\"https:\/\/koleo.pl\/?utm_source=kd&amp;utm_medium=site&amp;utm_campaign=seaside&amp;utm_id=ENG\" target=\"_blank\" rel=\"noopener\">the Koleo Website<\/a>.<\/strong><\/li>\r\n \t<li>KD Premium Seaside operates on weekends (on Saturdays from Wroc\u0142aw G\u0142\u00f3wny to \u015awinouj\u015bcie, on Sundays from \u015awinouj\u015bcie to Wroc\u0142aw G\u0142\u00f3wny);<\/li>\r\n \t<li>After purchasing a ticket for 15 PLN, bicycle transport is possible, for which seat reservation is also required.<\/li>\r\n<\/ul>\r\n<span style=\"text-decoration: underline;\">Only tickets issued under the KD Premium Seaside offer are valid on the train. Other tickets (including the Lower Silesian Weekend Ticket) are not honoured.<\/span>\r\n\r\n<strong>Join to us in journey, where speedt meets with comfort, and every kilometer is invitiation to explore the magical places of \u015awinouj\u015bcie. Book your ticket just now and plan an unforgettable holiday with Koleje Dolno\u015bl\u0105skie!<\/strong>"},{"acf_fc_layout":"text_field_module","pole_tekstowe":"<h3>See how to buy a ticket!<\/h3>\r\n<video controls=\"controls\" width=\"100%\" height=\"auto\">\r\n<source src=\"https:\/\/kolejedolnoslaskie.pl\/wp-content\/uploads\/2024\/05\/Nadmorski2024.mp4\" type=\"video\/mp4\" \/>\r\n<\/video>"},{"acf_fc_layout":"text_field_module","pole_tekstowe":"<h3>Timetable <em>KD Premium Seaside<\/em><\/h3>\r\n<table border=\"1\" width=\"640\">\r\n<tbody>\r\n<tr>\r\n<td colspan=\"5\" width=\"640\"><strong>KD PREMIUM SEASIDE 6801\/0<\/strong>\r\n\r\n<strong>WROC\u0141AW G\u0141\u00d3WNY \u2b95<\/strong><strong>\u00a0\u015aWINOUJ\u015aCIE<\/strong><\/td>\r\n<\/tr>\r\n<tr>\r\n<td width=\"147\"><strong>\u00a0<\/strong><\/td>\r\n<td width=\"16\"><strong>departure\/\r\narrival<\/strong><\/td>\r\n<td width=\"159\"><strong>Runs: 6.07<\/strong><\/td>\r\n<td width=\"159\"><strong>Runs: 22.06 - 29.06;\r\n13.07 - 20.07<\/strong><\/td>\r\n<td width=\"159\"><strong>Runs: od 27.07 oraz 15.08<\/strong><\/td>\r\n<\/tr>\r\n<tr>\r\n<td width=\"147\"><strong>Wroc\u0142aw G\u0142\u00f3wny<\/strong><\/td>\r\n<td width=\"16\">d<\/td>\r\n<td width=\"159\">06.44<\/td>\r\n<td width=\"159\">06.44<\/td>\r\n<td width=\"159\">06.44<\/td>\r\n<\/tr>\r\n<tr>\r\n<td rowspan=\"2\" width=\"147\"><strong>Legnica<\/strong><\/td>\r\n<td width=\"16\">a<\/td>\r\n<td width=\"159\">07.18<\/td>\r\n<td width=\"159\">07.18<\/td>\r\n<td width=\"159\">07.18<\/td>\r\n<\/tr>\r\n<tr>\r\n<td width=\"16\">d<\/td>\r\n<td width=\"159\">07.20<\/td>\r\n<td width=\"159\">07.20<\/td>\r\n<td width=\"159\">07.20<\/td>\r\n<\/tr>\r\n<tr>\r\n<td rowspan=\"2\" width=\"147\"><strong>Lubin<\/strong><\/td>\r\n<td width=\"16\">a<\/td>\r\n<td width=\"159\">07.34<\/td>\r\n<td width=\"159\">07.34<\/td>\r\n<td width=\"159\">07.34<\/td>\r\n<\/tr>\r\n<tr>\r\n<td width=\"16\">d<\/td>\r\n<td width=\"159\">07.35<\/td>\r\n<td width=\"159\">07.35<\/td>\r\n<td width=\"159\">07.35<\/td>\r\n<\/tr>\r\n<tr>\r\n<td rowspan=\"2\" width=\"147\"><strong>G\u0142og\u00f3w<\/strong><\/td>\r\n<td width=\"16\">a<\/td>\r\n<td width=\"159\">08.01<\/td>\r\n<td width=\"159\">08.07<\/td>\r\n<td width=\"159\">08.07<\/td>\r\n<\/tr>\r\n<tr>\r\n<td width=\"16\">d<\/td>\r\n<td width=\"159\">08.08<\/td>\r\n<td width=\"159\">08.08<\/td>\r\n<td width=\"159\">08.08<\/td>\r\n<\/tr>\r\n<tr>\r\n<td rowspan=\"2\" width=\"147\"><strong>Zielona G\u00f3ra G\u0142\u00f3wna<\/strong><\/td>\r\n<td width=\"16\">a<\/td>\r\n<td width=\"159\">08.40<\/td>\r\n<td width=\"159\">08.40<\/td>\r\n<td width=\"159\">08.40<\/td>\r\n<\/tr>\r\n<tr>\r\n<td width=\"16\">d<\/td>\r\n<td width=\"159\">08.43<\/td>\r\n<td width=\"159\">08.43<\/td>\r\n<td width=\"159\">08.43<\/td>\r\n<\/tr>\r\n<tr>\r\n<td rowspan=\"2\" width=\"147\"><strong>Szczecin D\u0105bie<\/strong><\/td>\r\n<td width=\"16\">a<\/td>\r\n<td width=\"159\">10.51<\/td>\r\n<td width=\"159\">10.51<\/td>\r\n<td width=\"159\">10.53<\/td>\r\n<\/tr>\r\n<tr>\r\n<td width=\"16\">d<\/td>\r\n<td width=\"159\">10.54<\/td>\r\n<td width=\"159\">10.54<\/td>\r\n<td width=\"159\">10.54<\/td>\r\n<\/tr>\r\n<tr>\r\n<td rowspan=\"2\" width=\"147\"><strong>Mi\u0119dzyzdroje<\/strong><\/td>\r\n<td width=\"16\">a<\/td>\r\n<td width=\"159\">11.45<\/td>\r\n<td width=\"159\">11.45<\/td>\r\n<td width=\"159\">11.45<\/td>\r\n<\/tr>\r\n<tr>\r\n<td width=\"16\">d<\/td>\r\n<td width=\"159\">11.47<\/td>\r\n<td width=\"159\">11.47<\/td>\r\n<td width=\"159\">11.47<\/td>\r\n<\/tr>\r\n<tr>\r\n<td width=\"147\"><strong>\u015awinouj\u015bcie<\/strong><\/td>\r\n<td width=\"16\">a<\/td>\r\n<td width=\"159\">11.57<\/td>\r\n<td width=\"159\">11.57<\/td>\r\n<td width=\"159\">11.57<\/td>\r\n<\/tr>\r\n<\/tbody>\r\n<\/table>\r\n&nbsp;\r\n<table style=\"height: 629px;\" border=\"1\" width=\"641\">\r\n<tbody>\r\n<tr>\r\n<td colspan=\"4\" width=\"640\"><strong>KD PREMIUM NADMORSKI 8600\/1<\/strong>\r\n\r\n<strong>\u015aWINOUJ\u015aCIE \u2b95<\/strong><strong>\u00a0WROC\u0141AW G\u0141\u00d3WNY<\/strong><\/td>\r\n<\/tr>\r\n<tr>\r\n<td width=\"147\"><strong>\u00a0<\/strong><\/td>\r\n<td width=\"16\"><strong>departure\/\r\narrive<\/strong><\/td>\r\n<td width=\"213\"><strong>Runs: 23.06<\/strong><\/td>\r\n<td width=\"265\"><strong>Runs: from 30.06 - 25.08 and 15.08<\/strong><\/td>\r\n<\/tr>\r\n<tr>\r\n<td width=\"147\"><strong>\u015awinouj\u015bcie<\/strong><\/td>\r\n<td width=\"16\">d<\/td>\r\n<td width=\"213\">14.48<\/td>\r\n<td width=\"265\">14.48<\/td>\r\n<\/tr>\r\n<tr>\r\n<td rowspan=\"2\" width=\"147\"><strong>Mi\u0119dzyzdroje<\/strong><\/td>\r\n<td width=\"16\">a<\/td>\r\n<td width=\"213\">14.57<\/td>\r\n<td width=\"265\">14.57<\/td>\r\n<\/tr>\r\n<tr>\r\n<td width=\"16\">d<\/td>\r\n<td width=\"213\">14.59<\/td>\r\n<td width=\"265\">14.59<\/td>\r\n<\/tr>\r\n<tr>\r\n<td rowspan=\"2\" width=\"147\"><strong>Szczecin D\u0105bie<\/strong><\/td>\r\n<td width=\"16\">a<\/td>\r\n<td width=\"213\">15.51<\/td>\r\n<td width=\"265\">15.51<\/td>\r\n<\/tr>\r\n<tr>\r\n<td width=\"16\">d<\/td>\r\n<td width=\"213\">15.52<\/td>\r\n<td width=\"265\">15.52<\/td>\r\n<\/tr>\r\n<tr>\r\n<td rowspan=\"2\" width=\"147\"><strong>Zielona G\u00f3ra G\u0142\u00f3wna<\/strong><\/td>\r\n<td width=\"16\">a<\/td>\r\n<td width=\"213\">17.54<\/td>\r\n<td width=\"265\">17.54<\/td>\r\n<\/tr>\r\n<tr>\r\n<td width=\"16\">d<\/td>\r\n<td width=\"213\">18.00<\/td>\r\n<td width=\"265\">18.00<\/td>\r\n<\/tr>\r\n<tr>\r\n<td rowspan=\"2\" width=\"147\"><strong>G\u0142og\u00f3w<\/strong><\/td>\r\n<td width=\"16\">a<\/td>\r\n<td width=\"213\">18.42<\/td>\r\n<td width=\"265\">18.42<\/td>\r\n<\/tr>\r\n<tr>\r\n<td width=\"16\">d<\/td>\r\n<td width=\"213\">18.47<\/td>\r\n<td width=\"265\">18.52<\/td>\r\n<\/tr>\r\n<tr>\r\n<td rowspan=\"2\" width=\"147\"><strong>Lubin<\/strong><\/td>\r\n<td width=\"16\">a<\/td>\r\n<td width=\"213\">19.19<\/td>\r\n<td width=\"265\">19.18<\/td>\r\n<\/tr>\r\n<tr>\r\n<td width=\"16\">d<\/td>\r\n<td width=\"213\">19.20<\/td>\r\n<td width=\"265\">19.20<\/td>\r\n<\/tr>\r\n<tr>\r\n<td rowspan=\"2\" width=\"147\"><strong>Legnica<\/strong><\/td>\r\n<td width=\"16\">a<\/td>\r\n<td width=\"213\">19.34<\/td>\r\n<td width=\"265\">19.34<\/td>\r\n<\/tr>\r\n<tr>\r\n<td width=\"16\">d<\/td>\r\n<td width=\"213\">19.35<\/td>\r\n<td width=\"265\">19.35<\/td>\r\n<\/tr>\r\n<tr>\r\n<td width=\"147\"><strong>Wroc\u0142aw G\u0142\u00f3wny<\/strong><\/td>\r\n<td width=\"16\">a<\/td>\r\n<td width=\"213\">20.08<\/td>\r\n<td width=\"265\">20.08<\/td>\r\n<\/tr>\r\n<\/tbody>\r\n<\/table>\r\n&nbsp;\r\n<h3>Tickets for <em>KD Premium Seaside<\/em><\/h3>\r\nSeat reservation is mandatory on the train. BA regular ticket for the Wroc\u0142aw G\u0142\u00f3wny \u2013 \u015awinouj\u015bcie route costs 99 PLN, and for the Legnica \u2013 \u015awinouj\u015bcie route \u2014 89 PLN. For an additional fee of 15 PLN and subject to availability, you can bring a bicycle. Tickets are available at the ticket office at Legnica station, at the Customer Service Office of Koleje Dolno\u015bl\u0105skie at Wroc\u0142aw G\u0142\u00f3wny station, and via the KOLEO platform using the visual reservation system.\r\n\r\n<script src=\"https:\/\/widget.koleo.pl\/kdp\/widget\/javascripts\/load-widget-simple.js\"><\/script>\r\n\r\n&nbsp;\r\n<h3>Your luggage will arrive at the seaside on its own!<\/h3>\r\nBy purchasing a ticket through the KOLEO platform, you can send your suitcase or backpack like a package, which will be waiting for you at your destination. All you need to do is to use the Bambetle+ service, which will appear automatically on the KOLEO platform after selecting your connection. You can find details about how the offer works on the website: <a href=\"https:\/\/pomoc.koleo.pl\/pytanie\/opis-uslugi-bambetle\" target=\"_blank\" rel=\"nofollow noopener\">FAQ Koleo Bambetle + (only polish version) <\/a>\r\n\r\n&nbsp;\r\n\r\n<strong>Choose Koleje Dolno\u015bl\u0105skie and discover how pleasant travel with us can be!\u00a0<\/strong>\r\n\r\nDetailed information is available in the \u2018KD Premium Seaside Offer Regulations\u2019.\r\n\r\n&nbsp;"},{"acf_fc_layout":"attachments_module","attachments_module_files":[{"attachments_module_files_name":"Regulation offer \u201eKD Premium Seaside\u201d (is valid from 13.07.2024 r.)","attachments_module_files_file":80139},{"attachments_module_files_name":"Offer regulations \u201eKD Premium Seaside\u201d (is valid from 22.06.2024 r., preselling ticket from 23.05.2024 r.)","attachments_module_files_file":80064}]}]},"yoast_head":"<!-- This site is optimized with the Yoast SEO plugin v27.5 - https:\/\/yoast.com\/product\/yoast-seo-wordpress\/ -->\n<title>KD Premium Seaside - by train to the Seaside | Koleje Dolno\u015bl\u0105skie<\/title>\n<meta name=\"description\" content=\"Koleje Dolno\u015bl\u0105skie are launching a connection on the route Wroc\u0142aw G\u0142\u00f3wny \u2013 \u015awinouj\u015bcie through Mi\u0119dzyzdroje!\" \/>\n<meta name=\"robots\" content=\"index, follow, max-snippet:-1, max-image-preview:large, max-video-preview:-1\" \/>\n<link rel=\"canonical\" href=\"https:\/\/kolejedolnoslaskie.pl\/en\/tariff-offers\/by-train-to-the-seaside\/\" \/>\n<meta property=\"og:locale\" content=\"en_US\" \/>\n<meta property=\"og:type\" content=\"article\" \/>\n<meta property=\"og:title\" content=\"KD Premium Seaside - by train to the Seaside | Koleje Dolno\u015bl\u0105skie\" \/>\n<meta property=\"og:description\" content=\"Koleje Dolno\u015bl\u0105skie are launching a connection on the route Wroc\u0142aw G\u0142\u00f3wny \u2013 \u015awinouj\u015bcie through Mi\u0119dzyzdroje!\" \/>\n<meta property=\"og:url\" content=\"https:\/\/kolejedolnoslaskie.pl\/en\/tariff-offers\/by-train-to-the-seaside\/\" \/>\n<meta property=\"og:site_name\" content=\"Koleje Dolno\u015bl\u0105skie\" \/>\n<meta property=\"article:modified_time\" content=\"2026-02-26T09:03:45+00:00\" \/>\n<meta name=\"twitter:card\" content=\"summary_large_image\" \/>\n<script type=\"application\/ld+json\" class=\"yoast-schema-graph\">{\"@context\":\"https:\\\/\\\/schema.org\",\"@graph\":[{\"@type\":\"WebPage\",\"@id\":\"https:\\\/\\\/kolejedolnoslaskie.pl\\\/en\\\/tariff-offers\\\/by-train-to-the-seaside\\\/\",\"url\":\"https:\\\/\\\/kolejedolnoslaskie.pl\\\/en\\\/tariff-offers\\\/by-train-to-the-seaside\\\/\",\"name\":\"KD Premium Seaside - by train to the Seaside | Koleje Dolno\u015bl\u0105skie\",\"isPartOf\":{\"@id\":\"https:\\\/\\\/kolejedolnoslaskie.pl\\\/en\\\/#website\"},\"datePublished\":\"2024-05-06T11:58:46+00:00\",\"dateModified\":\"2026-02-26T09:03:45+00:00\",\"description\":\"Koleje Dolno\u015bl\u0105skie are launching a connection on the route Wroc\u0142aw G\u0142\u00f3wny \u2013 \u015awinouj\u015bcie through Mi\u0119dzyzdroje!\",\"breadcrumb\":{\"@id\":\"https:\\\/\\\/kolejedolnoslaskie.pl\\\/en\\\/tariff-offers\\\/by-train-to-the-seaside\\\/#breadcrumb\"},\"inLanguage\":\"en-US\",\"potentialAction\":[{\"@type\":\"ReadAction\",\"target\":[\"https:\\\/\\\/kolejedolnoslaskie.pl\\\/en\\\/tariff-offers\\\/by-train-to-the-seaside\\\/\"]}]},{\"@type\":\"BreadcrumbList\",\"@id\":\"https:\\\/\\\/kolejedolnoslaskie.pl\\\/en\\\/tariff-offers\\\/by-train-to-the-seaside\\\/#breadcrumb\",\"itemListElement\":[{\"@type\":\"ListItem\",\"position\":1,\"name\":\"Main site\",\"item\":\"https:\\\/\\\/kolejedolnoslaskie.pl\\\/en\\\/\"},{\"@type\":\"ListItem\",\"position\":2,\"name\":\"Tariff Offers\",\"item\":\"https:\\\/\\\/kolejedolnoslaskie.pl\\\/en\\\/tariff-offers\\\/\"},{\"@type\":\"ListItem\",\"position\":3,\"name\":\"KD Premium Seaside &#8211; by train to the Seaside\"}]},{\"@type\":\"WebSite\",\"@id\":\"https:\\\/\\\/kolejedolnoslaskie.pl\\\/en\\\/#website\",\"url\":\"https:\\\/\\\/kolejedolnoslaskie.pl\\\/en\\\/\",\"name\":\"Koleje Dolno\u015bl\u0105skie\",\"description\":\"Koleje Dolno\u015bl\u0105skie\",\"potentialAction\":[{\"@type\":\"SearchAction\",\"target\":{\"@type\":\"EntryPoint\",\"urlTemplate\":\"https:\\\/\\\/kolejedolnoslaskie.pl\\\/en\\\/?s={search_term_string}\"},\"query-input\":{\"@type\":\"PropertyValueSpecification\",\"valueRequired\":true,\"valueName\":\"search_term_string\"}}],\"inLanguage\":\"en-US\"}]}<\/script>\n<!-- \/ Yoast SEO plugin. -->","yoast_head_json":{"title":"KD Premium Seaside - by train to the Seaside | Koleje Dolno\u015bl\u0105skie","description":"Koleje Dolno\u015bl\u0105skie are launching a connection on the route Wroc\u0142aw G\u0142\u00f3wny \u2013 \u015awinouj\u015bcie through Mi\u0119dzyzdroje!","robots":{"index":"index","follow":"follow","max-snippet":"max-snippet:-1","max-image-preview":"max-image-preview:large","max-video-preview":"max-video-preview:-1"},"canonical":"https:\/\/kolejedolnoslaskie.pl\/en\/tariff-offers\/by-train-to-the-seaside\/","og_locale":"en_US","og_type":"article","og_title":"KD Premium Seaside - by train to the Seaside | Koleje Dolno\u015bl\u0105skie","og_description":"Koleje Dolno\u015bl\u0105skie are launching a connection on the route Wroc\u0142aw G\u0142\u00f3wny \u2013 \u015awinouj\u015bcie through Mi\u0119dzyzdroje!","og_url":"https:\/\/kolejedolnoslaskie.pl\/en\/tariff-offers\/by-train-to-the-seaside\/","og_site_name":"Koleje Dolno\u015bl\u0105skie","article_modified_time":"2026-02-26T09:03:45+00:00","twitter_card":"summary_large_image","schema":{"@context":"https:\/\/schema.org","@graph":[{"@type":"WebPage","@id":"https:\/\/kolejedolnoslaskie.pl\/en\/tariff-offers\/by-train-to-the-seaside\/","url":"https:\/\/kolejedolnoslaskie.pl\/en\/tariff-offers\/by-train-to-the-seaside\/","name":"KD Premium Seaside - by train to the Seaside | Koleje Dolno\u015bl\u0105skie","isPartOf":{"@id":"https:\/\/kolejedolnoslaskie.pl\/en\/#website"},"datePublished":"2024-05-06T11:58:46+00:00","dateModified":"2026-02-26T09:03:45+00:00","description":"Koleje Dolno\u015bl\u0105skie are launching a connection on the route Wroc\u0142aw G\u0142\u00f3wny \u2013 \u015awinouj\u015bcie through Mi\u0119dzyzdroje!","breadcrumb":{"@id":"https:\/\/kolejedolnoslaskie.pl\/en\/tariff-offers\/by-train-to-the-seaside\/#breadcrumb"},"inLanguage":"en-US","potentialAction":[{"@type":"ReadAction","target":["https:\/\/kolejedolnoslaskie.pl\/en\/tariff-offers\/by-train-to-the-seaside\/"]}]},{"@type":"BreadcrumbList","@id":"https:\/\/kolejedolnoslaskie.pl\/en\/tariff-offers\/by-train-to-the-seaside\/#breadcrumb","itemListElement":[{"@type":"ListItem","position":1,"name":"Main site","item":"https:\/\/kolejedolnoslaskie.pl\/en\/"},{"@type":"ListItem","position":2,"name":"Tariff Offers","item":"https:\/\/kolejedolnoslaskie.pl\/en\/tariff-offers\/"},{"@type":"ListItem","position":3,"name":"KD Premium Seaside &#8211; by train to the Seaside"}]},{"@type":"WebSite","@id":"https:\/\/kolejedolnoslaskie.pl\/en\/#website","url":"https:\/\/kolejedolnoslaskie.pl\/en\/","name":"Koleje Dolno\u015bl\u0105skie","description":"Koleje Dolno\u015bl\u0105skie","potentialAction":[{"@type":"SearchAction","target":{"@type":"EntryPoint","urlTemplate":"https:\/\/kolejedolnoslaskie.pl\/en\/?s={search_term_string}"},"query-input":{"@type":"PropertyValueSpecification","valueRequired":true,"valueName":"search_term_string"}}],"inLanguage":"en-US"}]}},"_links":{"self":[{"href":"https:\/\/kolejedolnoslaskie.pl\/en\/wp-json\/wp\/v2\/pages\/81895","targetHints":{"allow":["GET"]}}],"collection":[{"href":"https:\/\/kolejedolnoslaskie.pl\/en\/wp-json\/wp\/v2\/pages"}],"about":[{"href":"https:\/\/kolejedolnoslaskie.pl\/en\/wp-json\/wp\/v2\/types\/page"}],"author":[{"embeddable":true,"href":"https:\/\/kolejedolnoslaskie.pl\/en\/wp-json\/wp\/v2\/users\/43"}],"replies":[{"embeddable":true,"href":"https:\/\/kolejedolnoslaskie.pl\/en\/wp-json\/wp\/v2\/comments?post=81895"}],"version-history":[{"count":5,"href":"https:\/\/kolejedolnoslaskie.pl\/en\/wp-json\/wp\/v2\/pages\/81895\/revisions"}],"predecessor-version":[{"id":102407,"href":"https:\/\/kolejedolnoslaskie.pl\/en\/wp-json\/wp\/v2\/pages\/81895\/revisions\/102407"}],"up":[{"embeddable":true,"href":"https:\/\/kolejedolnoslaskie.pl\/en\/wp-json\/wp\/v2\/pages\/81498"}],"wp:attachment":[{"href":"https:\/\/kolejedolnoslaskie.pl\/en\/wp-json\/wp\/v2\/media?parent=81895"}],"wp:term":[{"taxonomy":"page-category","embeddable":true,"href":"https:\/\/kolejedolnoslaskie.pl\/en\/wp-json\/wp\/v2\/page-category?post=81895"}],"curies":[{"name":"wp","href":"https:\/\/api.w.org\/{rel}","templated":true}]}}