{"id":81870,"date":"2018-08-31T21:26:23","date_gmt":"2018-08-31T19:26:23","guid":{"rendered":"https:\/\/kolejedolnoslaskie.pl\/taryfa-i-regulamin\/"},"modified":"2025-05-06T14:27:25","modified_gmt":"2025-05-06T12:27:25","slug":"rules-and-regulations","status":"publish","type":"page","link":"https:\/\/kolejedolnoslaskie.pl\/en\/rules-and-regulations\/","title":{"rendered":"Rules and Regulations"},"content":{"rendered":"","protected":false},"excerpt":{"rendered":"","protected":false},"author":46,"featured_media":0,"parent":0,"menu_order":0,"comment_status":"closed","ping_status":"closed","template":"","meta":{"_acf_changed":false,"inline_featured_image":false,"footnotes":""},"page-category":[],"class_list":["post-81870","page","type-page","status-publish","hentry"],"acf":{"lista_komponentow_strony":[{"acf_fc_layout":"text_field_module","pole_tekstowe":"<h1>Rules and Regulations (only polish version)<\/h1>"},{"acf_fc_layout":"attachments_module","attachments_module_files":[{"attachments_module_files_name":"Regulamin przewozu os\u00f3b, rzeczy i zwierz\u0105t Kolei Dolno\u015bl\u0105skich S.A. (RP-KD) (obowi\u0105zuje od 19.03.2025 r.)","attachments_module_files_file":80695},{"attachments_module_files_name":"Zmiana nr 40 do Regulaminu przewozu os\u00f3b, rzeczy i zwierz\u0105t Kolei Dolno\u015bl\u0105skich S.A. (RP-KD) (obowi\u0105zuje od 19.03.2025 r.)","attachments_module_files_file":80683},{"attachments_module_files_name":"Taryfa przewozowa os\u00f3b, rzeczy i zwierz\u0105t Kolei Dolno\u015bl\u0105skich S.A (TP-KD) (obowi\u0105zuje od 23.07.2024 r.)","attachments_module_files_file":80150},{"attachments_module_files_name":"Zmiana nr 38 do Taryfy przewozowej os\u00f3b, rzeczy i zwierz\u0105t Kolei Dolno\u015bl\u0105skich S.A (TP-KD) (obowi\u0105zuje od 23.07.2024 r.)","attachments_module_files_file":80151},{"attachments_module_files_name":"Cennik Kolei Dolno\u015bl\u0105skich S.A. (obowi\u0105zuje od. 15.12.2024 r.)","attachments_module_files_file":80569},{"attachments_module_files_name":"Zmiana nr 31 do cennika Kolei Dolno\u015bl\u0105skich S.A. (obowi\u0105zuje od 15.12.2024 r.)","attachments_module_files_file":80517},{"attachments_module_files_name":"Rozporz\u0105dzenie Parlamentu Europejskiego i RADY (UE) 2021\/782 z dnia 29 kwietnia 2021 r. dotycz\u0105ce praw i obowi\u0105zk\u00f3w pasa\u017cer\u00f3w w ruchu kolejowym (wersja przekszta\u0142cona)","attachments_module_files_file":79361},{"attachments_module_files_name":"Ustawa z dnia 15 listopada 1984 r. Prawo przewozowe (Dz.U. 1984 nr 53 poz. 272) - tekst ujednolicony z 21 sierpnia 2024 r.","attachments_module_files_file":80511},{"attachments_module_files_name":"Ustawa z dnia 28 marca 2003 r. o transporcie kolejowym (Dz.U. 2003 Nr 86 poz. 789) - tekst ujednolicony z 7 maja 2024 r.","attachments_module_files_file":80512},{"attachments_module_files_name":"Rozporz\u0105dzenie Ministra Transportu i Budownictwa z dnia 24 lutego 2006 r. w sprawie ustalania stanu przesy\u0142ek oraz post\u0119powania reklamacyjnego (Dz.U. 2006 nr 38 poz. 266) - zmiany, obowi\u0105zuj\u0105ce od 23.03.2018 r.","attachments_module_files_file":74995},{"attachments_module_files_name":"Rozporz\u0105dzenie Ministra Infrastruktury z dnia 6 kwietnia 2021 r. w sprawie przepis\u00f3w porz\u0105dkowych obowi\u0105zuj\u0105cych na obszarze kolejowym, w poci\u0105gach i innych pojazdach kolejowych oraz w pomieszczeniach przeznaczonych do obs\u0142ugi podr\u00f3\u017cnych korzystaj\u0105cych z transportu kolejowego na dworcach kolejowych (Dz.U. 2021 poz. 723)","attachments_module_files_file":80513},{"attachments_module_files_name":"Regulamin sprzeda\u017cy przez Sklep Internetowy KD bilet\u00f3w na przejazd poci\u0105gami przewo\u017anika Koleje Dolno\u015bl\u0105skie S.A. (obowi\u0105zuje od 22.11.2022 r.)","attachments_module_files_file":78873},{"attachments_module_files_name":"Regulamin sprzeda\u017cy przez BILKOM bilet\u00f3w na przejazd poci\u0105gami przewo\u017anika Koleje Dolno\u015bl\u0105skie S.A. (obowi\u0105zuje od 01.03.2023 r.)","attachments_module_files_file":79163},{"attachments_module_files_name":"Regulamin sprzeda\u017cy przez KOLEO bilet\u00f3w na przejazd poci\u0105gami przewo\u017anika Koleje Dolno\u015bl\u0105skie S.A. (obowi\u0105zuje od 01.05.2025 r.)","attachments_module_files_file":81091},{"attachments_module_files_name":"Szczeg\u00f3\u0142owe warunki internetowej sprzeda\u017cy bilet\u00f3w przez System E-PODR\u00d3\u017bNIK BILETY (obowi\u0105zuje od 25.08.2023 r.)","attachments_module_files_file":79495}]},{"acf_fc_layout":"text_field_module","pole_tekstowe":"<a href=\"https:\/\/kolejedolnoslaskie.pl\/archiwum-ofert-2\/\">archival versions<\/a>"}]},"yoast_head":"<!-- This site is optimized with the Yoast SEO plugin v27.4 - https:\/\/yoast.com\/product\/yoast-seo-wordpress\/ -->\n<title>Rules and Regulations | Koleje Dolno\u015bl\u0105skie<\/title>\n<meta name=\"description\" content=\"Here you will find all current regulations and rules regarding the activities of Koleje Dolno\u015bl\u0105skie S.A. Additionally, archive files are available\" \/>\n<meta name=\"robots\" content=\"index, follow, max-snippet:-1, max-image-preview:large, max-video-preview:-1\" \/>\n<link rel=\"canonical\" href=\"https:\/\/kolejedolnoslaskie.pl\/en\/rules-and-regulations\/\" \/>\n<meta property=\"og:locale\" content=\"en_US\" \/>\n<meta property=\"og:type\" content=\"article\" \/>\n<meta property=\"og:title\" content=\"Rules and Regulations | Koleje Dolno\u015bl\u0105skie\" \/>\n<meta property=\"og:description\" content=\"Here you will find all current regulations and rules regarding the activities of Koleje Dolno\u015bl\u0105skie S.A. Additionally, archive files are available\" \/>\n<meta property=\"og:url\" content=\"https:\/\/kolejedolnoslaskie.pl\/en\/rules-and-regulations\/\" \/>\n<meta property=\"og:site_name\" content=\"Koleje Dolno\u015bl\u0105skie\" \/>\n<meta property=\"article:modified_time\" content=\"2025-05-06T12:27:25+00:00\" \/>\n<meta name=\"twitter:card\" content=\"summary_large_image\" \/>\n<script type=\"application\/ld+json\" class=\"yoast-schema-graph\">{\"@context\":\"https:\\\/\\\/schema.org\",\"@graph\":[{\"@type\":\"WebPage\",\"@id\":\"https:\\\/\\\/kolejedolnoslaskie.pl\\\/en\\\/rules-and-regulations\\\/\",\"url\":\"https:\\\/\\\/kolejedolnoslaskie.pl\\\/en\\\/rules-and-regulations\\\/\",\"name\":\"Rules and Regulations | Koleje Dolno\u015bl\u0105skie\",\"isPartOf\":{\"@id\":\"https:\\\/\\\/kolejedolnoslaskie.pl\\\/en\\\/#website\"},\"datePublished\":\"2018-08-31T19:26:23+00:00\",\"dateModified\":\"2025-05-06T12:27:25+00:00\",\"description\":\"Here you will find all current regulations and rules regarding the activities of Koleje Dolno\u015bl\u0105skie S.A. Additionally, archive files are available\",\"breadcrumb\":{\"@id\":\"https:\\\/\\\/kolejedolnoslaskie.pl\\\/en\\\/rules-and-regulations\\\/#breadcrumb\"},\"inLanguage\":\"en-US\",\"potentialAction\":[{\"@type\":\"ReadAction\",\"target\":[\"https:\\\/\\\/kolejedolnoslaskie.pl\\\/en\\\/rules-and-regulations\\\/\"]}]},{\"@type\":\"BreadcrumbList\",\"@id\":\"https:\\\/\\\/kolejedolnoslaskie.pl\\\/en\\\/rules-and-regulations\\\/#breadcrumb\",\"itemListElement\":[{\"@type\":\"ListItem\",\"position\":1,\"name\":\"Main site\",\"item\":\"https:\\\/\\\/kolejedolnoslaskie.pl\\\/en\\\/\"},{\"@type\":\"ListItem\",\"position\":2,\"name\":\"Rules and Regulations\"}]},{\"@type\":\"WebSite\",\"@id\":\"https:\\\/\\\/kolejedolnoslaskie.pl\\\/en\\\/#website\",\"url\":\"https:\\\/\\\/kolejedolnoslaskie.pl\\\/en\\\/\",\"name\":\"Koleje Dolno\u015bl\u0105skie\",\"description\":\"Koleje Dolno\u015bl\u0105skie\",\"potentialAction\":[{\"@type\":\"SearchAction\",\"target\":{\"@type\":\"EntryPoint\",\"urlTemplate\":\"https:\\\/\\\/kolejedolnoslaskie.pl\\\/en\\\/?s={search_term_string}\"},\"query-input\":{\"@type\":\"PropertyValueSpecification\",\"valueRequired\":true,\"valueName\":\"search_term_string\"}}],\"inLanguage\":\"en-US\"}]}<\/script>\n<!-- \/ Yoast SEO plugin. -->","yoast_head_json":{"title":"Rules and Regulations | Koleje Dolno\u015bl\u0105skie","description":"Here you will find all current regulations and rules regarding the activities of Koleje Dolno\u015bl\u0105skie S.A. Additionally, archive files are available","robots":{"index":"index","follow":"follow","max-snippet":"max-snippet:-1","max-image-preview":"max-image-preview:large","max-video-preview":"max-video-preview:-1"},"canonical":"https:\/\/kolejedolnoslaskie.pl\/en\/rules-and-regulations\/","og_locale":"en_US","og_type":"article","og_title":"Rules and Regulations | Koleje Dolno\u015bl\u0105skie","og_description":"Here you will find all current regulations and rules regarding the activities of Koleje Dolno\u015bl\u0105skie S.A. Additionally, archive files are available","og_url":"https:\/\/kolejedolnoslaskie.pl\/en\/rules-and-regulations\/","og_site_name":"Koleje Dolno\u015bl\u0105skie","article_modified_time":"2025-05-06T12:27:25+00:00","twitter_card":"summary_large_image","schema":{"@context":"https:\/\/schema.org","@graph":[{"@type":"WebPage","@id":"https:\/\/kolejedolnoslaskie.pl\/en\/rules-and-regulations\/","url":"https:\/\/kolejedolnoslaskie.pl\/en\/rules-and-regulations\/","name":"Rules and Regulations | Koleje Dolno\u015bl\u0105skie","isPartOf":{"@id":"https:\/\/kolejedolnoslaskie.pl\/en\/#website"},"datePublished":"2018-08-31T19:26:23+00:00","dateModified":"2025-05-06T12:27:25+00:00","description":"Here you will find all current regulations and rules regarding the activities of Koleje Dolno\u015bl\u0105skie S.A. Additionally, archive files are available","breadcrumb":{"@id":"https:\/\/kolejedolnoslaskie.pl\/en\/rules-and-regulations\/#breadcrumb"},"inLanguage":"en-US","potentialAction":[{"@type":"ReadAction","target":["https:\/\/kolejedolnoslaskie.pl\/en\/rules-and-regulations\/"]}]},{"@type":"BreadcrumbList","@id":"https:\/\/kolejedolnoslaskie.pl\/en\/rules-and-regulations\/#breadcrumb","itemListElement":[{"@type":"ListItem","position":1,"name":"Main site","item":"https:\/\/kolejedolnoslaskie.pl\/en\/"},{"@type":"ListItem","position":2,"name":"Rules and Regulations"}]},{"@type":"WebSite","@id":"https:\/\/kolejedolnoslaskie.pl\/en\/#website","url":"https:\/\/kolejedolnoslaskie.pl\/en\/","name":"Koleje Dolno\u015bl\u0105skie","description":"Koleje Dolno\u015bl\u0105skie","potentialAction":[{"@type":"SearchAction","target":{"@type":"EntryPoint","urlTemplate":"https:\/\/kolejedolnoslaskie.pl\/en\/?s={search_term_string}"},"query-input":{"@type":"PropertyValueSpecification","valueRequired":true,"valueName":"search_term_string"}}],"inLanguage":"en-US"}]}},"_links":{"self":[{"href":"https:\/\/kolejedolnoslaskie.pl\/en\/wp-json\/wp\/v2\/pages\/81870","targetHints":{"allow":["GET"]}}],"collection":[{"href":"https:\/\/kolejedolnoslaskie.pl\/en\/wp-json\/wp\/v2\/pages"}],"about":[{"href":"https:\/\/kolejedolnoslaskie.pl\/en\/wp-json\/wp\/v2\/types\/page"}],"author":[{"embeddable":true,"href":"https:\/\/kolejedolnoslaskie.pl\/en\/wp-json\/wp\/v2\/users\/46"}],"replies":[{"embeddable":true,"href":"https:\/\/kolejedolnoslaskie.pl\/en\/wp-json\/wp\/v2\/comments?post=81870"}],"version-history":[{"count":2,"href":"https:\/\/kolejedolnoslaskie.pl\/en\/wp-json\/wp\/v2\/pages\/81870\/revisions"}],"predecessor-version":[{"id":81872,"href":"https:\/\/kolejedolnoslaskie.pl\/en\/wp-json\/wp\/v2\/pages\/81870\/revisions\/81872"}],"wp:attachment":[{"href":"https:\/\/kolejedolnoslaskie.pl\/en\/wp-json\/wp\/v2\/media?parent=81870"}],"wp:term":[{"taxonomy":"page-category","embeddable":true,"href":"https:\/\/kolejedolnoslaskie.pl\/en\/wp-json\/wp\/v2\/page-category?post=81870"}],"curies":[{"name":"wp","href":"https:\/\/api.w.org\/{rel}","templated":true}]}}