{"id":81865,"date":"2018-08-30T19:25:16","date_gmt":"2018-08-30T17:25:16","guid":{"rendered":"https:\/\/kolejedolnoslaskie.pl\/tariff-offers\/taryfa-polska-czechy\/"},"modified":"2025-05-06T14:21:56","modified_gmt":"2025-05-06T12:21:56","slug":"poland-czech-republic-tariff","status":"publish","type":"page","link":"https:\/\/kolejedolnoslaskie.pl\/en\/tariff-offers\/poland-czech-republic-tariff\/","title":{"rendered":"Poland-Czech Republic Tariff"},"content":{"rendered":"","protected":false},"excerpt":{"rendered":"","protected":false},"author":46,"featured_media":0,"parent":81498,"menu_order":0,"comment_status":"closed","ping_status":"closed","template":"page-rozklad-bilety.php","meta":{"_acf_changed":false,"inline_featured_image":false,"footnotes":""},"page-category":[],"class_list":["post-81865","page","type-page","status-publish","hentry"],"acf":{"lista_komponentow_strony":[{"acf_fc_layout":"hero_baner","maska":"dol","foto":75012,"foto_mobile":"","pozycjonowanie_zdjecia":"2","tytul":"Poland - Czech Republic Tariff","subtytul":"","przycisk_cena":"","przycisk_opis":"","przycisk_cta_url":"","wysokosc":500},{"acf_fc_layout":"text_field_module","pole_tekstowe":"In the \u2018Poland-Czech Republic Tariff\u2019, the following tickets are issued: normal, discounted (children up to 15 years old are entitled to a 50% discount, children up to 6 years old travel free of charge, based on a ticket with a 100% discount), as well as for transporting luggage, bicycles, or dogs.\r\n\r\nInterruptions during the journey are not allowed \u2014 except for necessary transfers as required by the train schedule.\r\n<h3 style=\"text-align: justify;\"><strong>The offer includes selling tickets:<\/strong><\/h3>\r\n<ul style=\"text-align: justify;\">\r\n \t<li>single ONE WAY tickets on the route from <strong>Poland to Czech Republic<\/strong> and from <strong>Czech Republic to Poland<\/strong>, valid until 6:00 a.m. of the next day after the date marked on the ticket as its first day of validity,<\/li>\r\n \t<li>single ROUND TRIP tickets on the route from <strong>Poland to Czech Republic<\/strong> and from <strong>Czech Republic to Poland<\/strong>, valid until 24:00 a.m. of the next day after the date marked on the ticket as its first day of validity,<\/li>\r\n \t<li>For the transportation of luggage, bicycles, or dogs at a flat rate.<\/li>\r\n<\/ul>\r\n<h3 style=\"text-align: justify;\"><strong>You can purchase tickets:<\/strong><\/h3>\r\n<ul style=\"text-align: justify;\">\r\n \t<li>at KD ticket offices,<\/li>\r\n \t<li>on the train from the KD conductor,<\/li>\r\n \t<li><strong>directly on the website <a href=\"https:\/\/kolejedolnoslaskie.pl\/oferty-taryfowe\/taryfa-polska-czechy\/#main\">kolejedolnoslaskie.pl,<\/a><\/strong><\/li>\r\n \t<li>at ticket offices of POLREGIO,<\/li>\r\n \t<li>through the KOLEO platform (except for connections with transfers on the Czech side).<\/li>\r\n<\/ul>\r\nThe carriers \u010cD, GWTR, and LEO EXPRESS conduct ticket sales through their own distribution channels for routes between the Czech Republic and Poland according to their tariff offers.\r\n\r\n<em>Details regarding available routes, purchasing tickets (including from selected Czech stations), and prices are provided in the \u2018Poland-Czech Republic Tariff\u2019 regulations, included below.<\/em>"},{"acf_fc_layout":"attachments_module","attachments_module_files":[{"attachments_module_files_name":"Regulations of the \u2018Poland \u2013 Czech Republic Tariff\u2019 offer (effective from 15.12.2024 r.)","attachments_module_files_file":80573}]},{"acf_fc_layout":"text_field_module","pole_tekstowe":"<strong>See also:<\/strong>\r\n<ul>\r\n \t<li><a href=\"https:\/\/kolejedolnoslaskie.pl\/en\/kdczech\/\" target=\"_blank\" rel=\"noopener\">Offer \u201eKD+Czech\u201d<\/a><\/li>\r\n \t<li><a href=\"https:\/\/kolejedolnoslaskie.pl\/honorowanie-biletow\/\" target=\"_blank\" rel=\"noopener\">Scope of accepting \u010cD tickets on KD trains (polish version of page)<\/a><\/li>\r\n<\/ul>"}]},"yoast_head":"<!-- This site is optimized with the Yoast SEO plugin v27.4 - https:\/\/yoast.com\/product\/yoast-seo-wordpress\/ -->\n<title>Poland-Czech Republic Tariff | Koleje Dolno\u015bl\u0105skie<\/title>\n<meta name=\"description\" content=\"We invite you to visit the Czech Republic with our Poland-Czech Republic tariff. We will ensure a quick journey and safe return to Poland \u2713\" \/>\n<meta name=\"robots\" content=\"index, follow, max-snippet:-1, max-image-preview:large, max-video-preview:-1\" \/>\n<link rel=\"canonical\" href=\"https:\/\/kolejedolnoslaskie.pl\/en\/tariff-offers\/poland-czech-republic-tariff\/\" \/>\n<meta property=\"og:locale\" content=\"en_US\" \/>\n<meta property=\"og:type\" content=\"article\" \/>\n<meta property=\"og:title\" content=\"Poland-Czech Republic Tariff | Koleje Dolno\u015bl\u0105skie\" \/>\n<meta property=\"og:description\" content=\"We invite you to visit the Czech Republic with our Poland-Czech Republic tariff. We will ensure a quick journey and safe return to Poland \u2713\" \/>\n<meta property=\"og:url\" content=\"https:\/\/kolejedolnoslaskie.pl\/en\/tariff-offers\/poland-czech-republic-tariff\/\" \/>\n<meta property=\"og:site_name\" content=\"Koleje Dolno\u015bl\u0105skie\" \/>\n<meta property=\"article:modified_time\" content=\"2025-05-06T12:21:56+00:00\" \/>\n<meta name=\"twitter:card\" content=\"summary_large_image\" \/>\n<script type=\"application\/ld+json\" class=\"yoast-schema-graph\">{\"@context\":\"https:\\\/\\\/schema.org\",\"@graph\":[{\"@type\":\"WebPage\",\"@id\":\"https:\\\/\\\/kolejedolnoslaskie.pl\\\/en\\\/tariff-offers\\\/poland-czech-republic-tariff\\\/\",\"url\":\"https:\\\/\\\/kolejedolnoslaskie.pl\\\/en\\\/tariff-offers\\\/poland-czech-republic-tariff\\\/\",\"name\":\"Poland-Czech Republic Tariff | Koleje Dolno\u015bl\u0105skie\",\"isPartOf\":{\"@id\":\"https:\\\/\\\/kolejedolnoslaskie.pl\\\/en\\\/#website\"},\"datePublished\":\"2018-08-30T17:25:16+00:00\",\"dateModified\":\"2025-05-06T12:21:56+00:00\",\"description\":\"We invite you to visit the Czech Republic with our Poland-Czech Republic tariff. We will ensure a quick journey and safe return to Poland \u2713\",\"breadcrumb\":{\"@id\":\"https:\\\/\\\/kolejedolnoslaskie.pl\\\/en\\\/tariff-offers\\\/poland-czech-republic-tariff\\\/#breadcrumb\"},\"inLanguage\":\"en-US\",\"potentialAction\":[{\"@type\":\"ReadAction\",\"target\":[\"https:\\\/\\\/kolejedolnoslaskie.pl\\\/en\\\/tariff-offers\\\/poland-czech-republic-tariff\\\/\"]}]},{\"@type\":\"BreadcrumbList\",\"@id\":\"https:\\\/\\\/kolejedolnoslaskie.pl\\\/en\\\/tariff-offers\\\/poland-czech-republic-tariff\\\/#breadcrumb\",\"itemListElement\":[{\"@type\":\"ListItem\",\"position\":1,\"name\":\"Main site\",\"item\":\"https:\\\/\\\/kolejedolnoslaskie.pl\\\/en\\\/\"},{\"@type\":\"ListItem\",\"position\":2,\"name\":\"Tariff Offers\",\"item\":\"https:\\\/\\\/kolejedolnoslaskie.pl\\\/en\\\/tariff-offers\\\/\"},{\"@type\":\"ListItem\",\"position\":3,\"name\":\"Poland-Czech Republic Tariff\"}]},{\"@type\":\"WebSite\",\"@id\":\"https:\\\/\\\/kolejedolnoslaskie.pl\\\/en\\\/#website\",\"url\":\"https:\\\/\\\/kolejedolnoslaskie.pl\\\/en\\\/\",\"name\":\"Koleje Dolno\u015bl\u0105skie\",\"description\":\"Koleje Dolno\u015bl\u0105skie\",\"potentialAction\":[{\"@type\":\"SearchAction\",\"target\":{\"@type\":\"EntryPoint\",\"urlTemplate\":\"https:\\\/\\\/kolejedolnoslaskie.pl\\\/en\\\/?s={search_term_string}\"},\"query-input\":{\"@type\":\"PropertyValueSpecification\",\"valueRequired\":true,\"valueName\":\"search_term_string\"}}],\"inLanguage\":\"en-US\"}]}<\/script>\n<!-- \/ Yoast SEO plugin. -->","yoast_head_json":{"title":"Poland-Czech Republic Tariff | Koleje Dolno\u015bl\u0105skie","description":"We invite you to visit the Czech Republic with our Poland-Czech Republic tariff. We will ensure a quick journey and safe return to Poland \u2713","robots":{"index":"index","follow":"follow","max-snippet":"max-snippet:-1","max-image-preview":"max-image-preview:large","max-video-preview":"max-video-preview:-1"},"canonical":"https:\/\/kolejedolnoslaskie.pl\/en\/tariff-offers\/poland-czech-republic-tariff\/","og_locale":"en_US","og_type":"article","og_title":"Poland-Czech Republic Tariff | Koleje Dolno\u015bl\u0105skie","og_description":"We invite you to visit the Czech Republic with our Poland-Czech Republic tariff. We will ensure a quick journey and safe return to Poland \u2713","og_url":"https:\/\/kolejedolnoslaskie.pl\/en\/tariff-offers\/poland-czech-republic-tariff\/","og_site_name":"Koleje Dolno\u015bl\u0105skie","article_modified_time":"2025-05-06T12:21:56+00:00","twitter_card":"summary_large_image","schema":{"@context":"https:\/\/schema.org","@graph":[{"@type":"WebPage","@id":"https:\/\/kolejedolnoslaskie.pl\/en\/tariff-offers\/poland-czech-republic-tariff\/","url":"https:\/\/kolejedolnoslaskie.pl\/en\/tariff-offers\/poland-czech-republic-tariff\/","name":"Poland-Czech Republic Tariff | Koleje Dolno\u015bl\u0105skie","isPartOf":{"@id":"https:\/\/kolejedolnoslaskie.pl\/en\/#website"},"datePublished":"2018-08-30T17:25:16+00:00","dateModified":"2025-05-06T12:21:56+00:00","description":"We invite you to visit the Czech Republic with our Poland-Czech Republic tariff. We will ensure a quick journey and safe return to Poland \u2713","breadcrumb":{"@id":"https:\/\/kolejedolnoslaskie.pl\/en\/tariff-offers\/poland-czech-republic-tariff\/#breadcrumb"},"inLanguage":"en-US","potentialAction":[{"@type":"ReadAction","target":["https:\/\/kolejedolnoslaskie.pl\/en\/tariff-offers\/poland-czech-republic-tariff\/"]}]},{"@type":"BreadcrumbList","@id":"https:\/\/kolejedolnoslaskie.pl\/en\/tariff-offers\/poland-czech-republic-tariff\/#breadcrumb","itemListElement":[{"@type":"ListItem","position":1,"name":"Main site","item":"https:\/\/kolejedolnoslaskie.pl\/en\/"},{"@type":"ListItem","position":2,"name":"Tariff Offers","item":"https:\/\/kolejedolnoslaskie.pl\/en\/tariff-offers\/"},{"@type":"ListItem","position":3,"name":"Poland-Czech Republic Tariff"}]},{"@type":"WebSite","@id":"https:\/\/kolejedolnoslaskie.pl\/en\/#website","url":"https:\/\/kolejedolnoslaskie.pl\/en\/","name":"Koleje Dolno\u015bl\u0105skie","description":"Koleje Dolno\u015bl\u0105skie","potentialAction":[{"@type":"SearchAction","target":{"@type":"EntryPoint","urlTemplate":"https:\/\/kolejedolnoslaskie.pl\/en\/?s={search_term_string}"},"query-input":{"@type":"PropertyValueSpecification","valueRequired":true,"valueName":"search_term_string"}}],"inLanguage":"en-US"}]}},"_links":{"self":[{"href":"https:\/\/kolejedolnoslaskie.pl\/en\/wp-json\/wp\/v2\/pages\/81865","targetHints":{"allow":["GET"]}}],"collection":[{"href":"https:\/\/kolejedolnoslaskie.pl\/en\/wp-json\/wp\/v2\/pages"}],"about":[{"href":"https:\/\/kolejedolnoslaskie.pl\/en\/wp-json\/wp\/v2\/types\/page"}],"author":[{"embeddable":true,"href":"https:\/\/kolejedolnoslaskie.pl\/en\/wp-json\/wp\/v2\/users\/46"}],"replies":[{"embeddable":true,"href":"https:\/\/kolejedolnoslaskie.pl\/en\/wp-json\/wp\/v2\/comments?post=81865"}],"version-history":[{"count":1,"href":"https:\/\/kolejedolnoslaskie.pl\/en\/wp-json\/wp\/v2\/pages\/81865\/revisions"}],"predecessor-version":[{"id":81868,"href":"https:\/\/kolejedolnoslaskie.pl\/en\/wp-json\/wp\/v2\/pages\/81865\/revisions\/81868"}],"up":[{"embeddable":true,"href":"https:\/\/kolejedolnoslaskie.pl\/en\/wp-json\/wp\/v2\/pages\/81498"}],"wp:attachment":[{"href":"https:\/\/kolejedolnoslaskie.pl\/en\/wp-json\/wp\/v2\/media?parent=81865"}],"wp:term":[{"taxonomy":"page-category","embeddable":true,"href":"https:\/\/kolejedolnoslaskie.pl\/en\/wp-json\/wp\/v2\/page-category?post=81865"}],"curies":[{"name":"wp","href":"https:\/\/api.w.org\/{rel}","templated":true}]}}