{"id":81855,"date":"2023-03-09T12:28:30","date_gmt":"2023-03-09T11:28:30","guid":{"rendered":"https:\/\/kolejedolnoslaskie.pl\/tariff-offers\/taryfa-lokalna\/"},"modified":"2026-02-26T10:08:10","modified_gmt":"2026-02-26T09:08:10","slug":"local-tariff","status":"publish","type":"page","link":"https:\/\/kolejedolnoslaskie.pl\/en\/tariff-offers\/local-tariff\/","title":{"rendered":"Local Tariff"},"content":{"rendered":"","protected":false},"excerpt":{"rendered":"","protected":false},"author":43,"featured_media":0,"parent":81498,"menu_order":0,"comment_status":"closed","ping_status":"closed","template":"page-rozklad-bilety.php","meta":{"_acf_changed":false,"inline_featured_image":false,"footnotes":""},"page-category":[],"class_list":["post-81855","page","type-page","status-publish","hentry"],"acf":{"lista_komponentow_strony":[{"acf_fc_layout":"hero_baner","maska":"dol","foto":79213,"foto_mobile":null,"pozycjonowanie_zdjecia":"2","tytul":"Local Tariff","subtytul":"","przycisk_cena":"","przycisk_opis":"","przycisk_cta_url":"","wysokosc":500},{"acf_fc_layout":"text_field_module","pole_tekstowe":"<h2>Benefit from attractive prices on discounted tickets compared to the standard tariff!<\/h2>\r\nOn shared sections, tickets issued under the \u2018Local Tariff\u2019 <strong>will be honoured on REGIO trains.<\/strong>\r\n\r\nFor the destinations listed below, <strong>\u2018one-way\u2019 and \u2018round trip\u2019 single train tickets <\/strong>are available:\r\n<ul style=\"text-align: justify;\">\r\n \t<li>Bardo Przy\u0142\u0119k \u2013 K\u0142odzko G\u0142\u00f3wne \u2013 K\u0142odzko Miasto \u2013 K\u0142odzko Zag\u00f3rze,<\/li>\r\n \t<li>Bielawa (wszystkie stacje) \u2013 \u015awidnica (all stations),<\/li>\r\n \t<li>Bogusz\u00f3w-Gorce Zach\u00f3d \u2013 Wa\u0142brzych Szczawienko,<\/li>\r\n \t<li>Chocian\u00f3w - Legnica,<\/li>\r\n \t<li>Dzier\u017coni\u00f3w \u015al\u0105ski \u2013 \u015awidnica (all stations),<\/li>\r\n \t<li>G\u0142og\u00f3w \u2013 Legnica (all stations),<\/li>\r\n \t<li>G\u0142og\u00f3w \u2013 Lubin (all stations),<\/li>\r\n \t<li>G\u0142uszyca G\u00f3rna \u2013 Wa\u0142brzych Szczawienko,<\/li>\r\n \t<li>G\u00f3rzyniec \u2013 Jelenia G\u00f3ra,<\/li>\r\n \t<li>Jelenia G\u00f3ra \u2013 Jelenia G\u00f3ra Sobiesz\u00f3w,<\/li>\r\n \t<li>Jelenia G\u00f3ra \u2013 Kamienna G\u00f3ra \/ Lubawka,<\/li>\r\n \t<li>Jelenia G\u00f3ra \/ Jelenia G\u00f3ra Sobiesz\u00f3w \u2013 Stara Kamienica,<\/li>\r\n \t<li>Jelenia G\u00f3ra (all stations) \u2013 Szklarska Por\u0119ba G\u00f3rna,<\/li>\r\n \t<li>Jelenia G\u00f3ra (all stations) \u2013 Polana Jakuszycka,<\/li>\r\n \t<li>Jelenia G\u00f3ra \u2013 Wa\u0142brzych Miasto,<\/li>\r\n \t<li>Kamienna G\u00f3ra \/ Lubawka \u2013 Wa\u0142brzych Miasto,<\/li>\r\n \t<li>K\u0142odzko G\u0142\u00f3wne \u2013 K\u0142odzko Zag\u00f3rze,<\/li>\r\n \t<li>K\u0142odzko Zag\u00f3rze \u2013 Nowa Ruda Zdrojowisko,<\/li>\r\n \t<li>Piechowice (all stations) \u2013 Szklarska Por\u0119ba G\u00f3rna,<\/li>\r\n \t<li>Strzegom \u2013 \u015awidnica (all stations),<\/li>\r\n \t<li>Syc\u00f3w \u2013 Wroc\u0142aw G\u0142\u00f3wny,<\/li>\r\n \t<li>Wa\u0142brzych G\u0142\u00f3wny \u2013 Wa\u0142brzych Szczawienko.<\/li>\r\n<\/ul>\r\nAdditionally, for the routes listed below, besides <strong>single tickets for a \u2018one-way\u2019<\/strong> and a <strong>\u2018round trip\u2019<\/strong>, we offer <strong>monthly \u2018round trip\u2019 tickets.<\/strong>\r\n<ul>\r\n \t<li>Bielawa (all stations) \u2013 Jaworzyna \u015al\u0105ska \u2013 Wroc\u0142aw G\u0142\u00f3wny \u2013 Wroc\u0142aw Partynice,<\/li>\r\n \t<li>Bielawa (all stations) \u2013 Sob\u00f3tka \u2013 Wroc\u0142aw G\u0142\u00f3wny \u2013 Wroc\u0142aw Zachodni.<\/li>\r\n<\/ul>\r\nFor the following directions, <strong>single tickets<\/strong> are available only for<strong> a \u2018round trip\u2019<\/strong>, as well as<strong> monthly \u2018round trip\u2019 tickets<\/strong>.\r\n<ul>\r\n \t<li>Jelcz-Laskowice \u2013 Wroc\u0142aw So\u0142tysowice \u2013 Wroc\u0142aw G\u0142\u00f3wny \u2013 Wroc\u0142aw Broch\u00f3w,<\/li>\r\n \t<li>Jelcz-Laskowice \u2013 Wroc\u0142aw G\u0142\u00f3wny \u2013 Wroc\u0142aw So\u0142tysowice \u2013 Wroc\u0142aw Wojn\u00f3w Wschodni.<\/li>\r\n<\/ul>\r\nFor the following offer for travellers regularly, we offer <strong>monthly \u2018round trip\u2019 tickets <\/strong>also:\r\n<ul>\r\n \t<li>Ole\u015bnica (all stations) \u2013 Syc\u00f3w.<\/li>\r\n<\/ul>\r\n<strong>You can purchase tickets:<\/strong>\r\n\r\n<strong>- directly on <a href=\"https:\/\/kolejedolnoslaskie.pl\/en\">our website<\/a>\u00a0<\/strong>\r\n- at all KD Customer Service Offices and KD ticket offices,\r\n- on KD trains and buses.\r\n- at ticket vending machines selling KD tickets,\r\n- online through the KOLEO platform (online tickets),\r\n- through the E-PODR\u00d3\u017bNIK TICKETS system (online tickets),\r\n- through the BILKOM system (online tickets).\r\n\r\n<strong>How to buy tickets on the Koleje Dolno\u015bl\u0105skie shop \u2013 step by step<\/strong>\r\n<ol>\r\n \t<li>On the website kolejedolnoslaskie.pl enter start and destination stations, when and at what you want to travel.<\/li>\r\n \t<li>Define other ticket parameters, e.g. type, discount.<\/li>\r\n \t<li>Provide us with your details and e-mail address<\/li>\r\n \t<li>Click \u201cbuy now\u201d and pay for this purchase.<\/li>\r\n<\/ol>\r\n<strong>Prices for sample routes:<\/strong>\r\n<ul>\r\n \t<li><strong>Wa\u0142brzych G\u0142\u00f3wny<\/strong> <strong>\u2013 Wa\u0142brzych Szczawienko<\/strong>: \u2018one-way\u2019 ticket: 6.00 PLN, \u2018round-trip\u2019 ticket: 12.00 PLN<\/li>\r\n \t<li><strong>Jelenia G\u00f3ra \u2013 Stara Kamienica<\/strong>: \u2018one-way\u2019 ticket: 7,00 z\u0142, \u2018round-trip\u2019 ticket: 14,00 z\u0142;<\/li>\r\n \t<li><strong>K\u0142odzko Miasto \u2013 Nowa Ruda<\/strong>: \u2018one-way\u2019 ticket:8,00 z\u0142, \u2018round-trip\u2019 ticket: 16,00 z\u0142;<\/li>\r\n \t<li><strong>K\u0142odzko Miasto \u2013 Bardo \u015al\u0105skie<\/strong>: \u2018one-way\u2019 ticket: 7,00 z\u0142, \u2018round-trip\u2019 ticket: 14,00 z\u0142;<\/li>\r\n \t<li><strong>Dzier\u017coni\u00f3w \u015al\u0105ski \u2013 \u015awidnica<\/strong> <strong>Miasto:<\/strong> \u2018one-way\u2019 ticket: 9 z\u0142; \u2018round-trip\u2019 ticket: 18,00 z\u0142;<\/li>\r\n \t<li><strong>Jelenia G\u00f3ra<\/strong> (all stations) <strong>\u2013 Szklarska Por\u0119ba G\u00f3rna<\/strong>: \u2018one-way\u2019 ticket: 10,00 z\u0142, \u2018round-trip\u2019 ticket: 20,00 z\u0142;<\/li>\r\n \t<li><strong>Jelenia G\u00f3ra \u2013 Polana Jakuszycka<\/strong>: \u2018one-way\u2019 ticket: 14,00 z\u0142, \u2018round-trip\u2019 ticket: 28,00 z\u0142;<\/li>\r\n \t<li><strong>G\u0142og\u00f3w \u2013 Lubin:<\/strong> \u2018one-way\u2019 ticket: 15,00 z\u0142, \u2018round-trip\u2019 ticket: 30,00 z\u0142;<\/li>\r\n \t<li><strong>Bielawa<\/strong> (all stations) <strong>\u2013 Jaworzyna \u015al. \u2013 Wroc\u0142aw G\u0142. \u2013 Wroc\u0142aw Partynice<\/strong>: \u2018one-way\u2019 ticket: 22,00 z\u0142, \u2018round-trip\u2019 ticket: 44,00 z\u0142, monthly ticket: 413 z\u0142;<\/li>\r\n \t<li><strong>Jelcz-Laskowice \u2013 Wroc\u0142aw So\u0142tysowice \u2013 Wroc\u0142aw G\u0142. \u2013 Wroc\u0142aw Broch\u00f3w<\/strong>: \u2018round-trip\u2019 ticket: 25,40 z\u0142, monthly ticket: 301,00 z\u0142.<\/li>\r\n<\/ul>\r\n<strong>On 12 March 2023, the new \u2018Local Tariff\u2019 offer replaced the previous promotions \u2018Good Ticket\u2019, \u2018Metropolitan Tariff\u2019, and \u2018Ticket G\u00f3ry Sowie\u2019, standardising and simplifying the conditions of ticket sales. The prices remain unchanged.<\/strong>\r\n<p style=\"text-align: center;\"><a class=\"btn btn-yellow-only-bg cta-url\" style=\"margin-top: 30px;\" href=\"https:\/\/kolejedolnoslaskie.pl\/en\" target=\"_blank\" rel=\"noopener\">BUY TICKET<\/a><\/p>"},{"acf_fc_layout":"attachments_module","attachments_module_files":[{"attachments_module_files_name":"Terms and conditions of the \"Local Tariff\" offer (valid from 19\/03\/2025 to 12\/05\/2025)","attachments_module_files_file":80684},{"attachments_module_files_name":"Terms and conditions of the \"Local Tariff\" offer (valid from 13\/05\/2025)","attachments_module_files_file":81763}]}]},"yoast_head":"<!-- This site is optimized with the Yoast SEO plugin v27.4 - https:\/\/yoast.com\/product\/yoast-seo-wordpress\/ -->\n<title>Local Tariff | Koleje Dolno\u015bl\u0105skie<\/title>\n<meta name=\"description\" content=\"We are combining and simplifying offers for your convenience. Discover how to benefit from the Local Fare with Koleje Dolno\u015bl\u0105skie!\" \/>\n<meta name=\"robots\" content=\"index, follow, max-snippet:-1, max-image-preview:large, max-video-preview:-1\" \/>\n<link rel=\"canonical\" href=\"https:\/\/kolejedolnoslaskie.pl\/en\/tariff-offers\/local-tariff\/\" \/>\n<meta property=\"og:locale\" content=\"en_US\" \/>\n<meta property=\"og:type\" content=\"article\" \/>\n<meta property=\"og:title\" content=\"Local Tariff | Koleje Dolno\u015bl\u0105skie\" \/>\n<meta property=\"og:description\" content=\"We are combining and simplifying offers for your convenience. Discover how to benefit from the Local Fare with Koleje Dolno\u015bl\u0105skie!\" \/>\n<meta property=\"og:url\" content=\"https:\/\/kolejedolnoslaskie.pl\/en\/tariff-offers\/local-tariff\/\" \/>\n<meta property=\"og:site_name\" content=\"Koleje Dolno\u015bl\u0105skie\" \/>\n<meta property=\"article:modified_time\" content=\"2026-02-26T09:08:10+00:00\" \/>\n<meta name=\"twitter:card\" content=\"summary_large_image\" \/>\n<script type=\"application\/ld+json\" class=\"yoast-schema-graph\">{\"@context\":\"https:\\\/\\\/schema.org\",\"@graph\":[{\"@type\":\"WebPage\",\"@id\":\"https:\\\/\\\/kolejedolnoslaskie.pl\\\/en\\\/tariff-offers\\\/local-tariff\\\/\",\"url\":\"https:\\\/\\\/kolejedolnoslaskie.pl\\\/en\\\/tariff-offers\\\/local-tariff\\\/\",\"name\":\"Local Tariff | Koleje Dolno\u015bl\u0105skie\",\"isPartOf\":{\"@id\":\"https:\\\/\\\/kolejedolnoslaskie.pl\\\/en\\\/#website\"},\"datePublished\":\"2023-03-09T11:28:30+00:00\",\"dateModified\":\"2026-02-26T09:08:10+00:00\",\"description\":\"We are combining and simplifying offers for your convenience. Discover how to benefit from the Local Fare with Koleje Dolno\u015bl\u0105skie!\",\"breadcrumb\":{\"@id\":\"https:\\\/\\\/kolejedolnoslaskie.pl\\\/en\\\/tariff-offers\\\/local-tariff\\\/#breadcrumb\"},\"inLanguage\":\"en-US\",\"potentialAction\":[{\"@type\":\"ReadAction\",\"target\":[\"https:\\\/\\\/kolejedolnoslaskie.pl\\\/en\\\/tariff-offers\\\/local-tariff\\\/\"]}]},{\"@type\":\"BreadcrumbList\",\"@id\":\"https:\\\/\\\/kolejedolnoslaskie.pl\\\/en\\\/tariff-offers\\\/local-tariff\\\/#breadcrumb\",\"itemListElement\":[{\"@type\":\"ListItem\",\"position\":1,\"name\":\"Main site\",\"item\":\"https:\\\/\\\/kolejedolnoslaskie.pl\\\/en\\\/\"},{\"@type\":\"ListItem\",\"position\":2,\"name\":\"Tariff Offers\",\"item\":\"https:\\\/\\\/kolejedolnoslaskie.pl\\\/en\\\/tariff-offers\\\/\"},{\"@type\":\"ListItem\",\"position\":3,\"name\":\"Local Tariff\"}]},{\"@type\":\"WebSite\",\"@id\":\"https:\\\/\\\/kolejedolnoslaskie.pl\\\/en\\\/#website\",\"url\":\"https:\\\/\\\/kolejedolnoslaskie.pl\\\/en\\\/\",\"name\":\"Koleje Dolno\u015bl\u0105skie\",\"description\":\"Koleje Dolno\u015bl\u0105skie\",\"potentialAction\":[{\"@type\":\"SearchAction\",\"target\":{\"@type\":\"EntryPoint\",\"urlTemplate\":\"https:\\\/\\\/kolejedolnoslaskie.pl\\\/en\\\/?s={search_term_string}\"},\"query-input\":{\"@type\":\"PropertyValueSpecification\",\"valueRequired\":true,\"valueName\":\"search_term_string\"}}],\"inLanguage\":\"en-US\"}]}<\/script>\n<!-- \/ Yoast SEO plugin. -->","yoast_head_json":{"title":"Local Tariff | Koleje Dolno\u015bl\u0105skie","description":"We are combining and simplifying offers for your convenience. Discover how to benefit from the Local Fare with Koleje Dolno\u015bl\u0105skie!","robots":{"index":"index","follow":"follow","max-snippet":"max-snippet:-1","max-image-preview":"max-image-preview:large","max-video-preview":"max-video-preview:-1"},"canonical":"https:\/\/kolejedolnoslaskie.pl\/en\/tariff-offers\/local-tariff\/","og_locale":"en_US","og_type":"article","og_title":"Local Tariff | Koleje Dolno\u015bl\u0105skie","og_description":"We are combining and simplifying offers for your convenience. Discover how to benefit from the Local Fare with Koleje Dolno\u015bl\u0105skie!","og_url":"https:\/\/kolejedolnoslaskie.pl\/en\/tariff-offers\/local-tariff\/","og_site_name":"Koleje Dolno\u015bl\u0105skie","article_modified_time":"2026-02-26T09:08:10+00:00","twitter_card":"summary_large_image","schema":{"@context":"https:\/\/schema.org","@graph":[{"@type":"WebPage","@id":"https:\/\/kolejedolnoslaskie.pl\/en\/tariff-offers\/local-tariff\/","url":"https:\/\/kolejedolnoslaskie.pl\/en\/tariff-offers\/local-tariff\/","name":"Local Tariff | Koleje Dolno\u015bl\u0105skie","isPartOf":{"@id":"https:\/\/kolejedolnoslaskie.pl\/en\/#website"},"datePublished":"2023-03-09T11:28:30+00:00","dateModified":"2026-02-26T09:08:10+00:00","description":"We are combining and simplifying offers for your convenience. Discover how to benefit from the Local Fare with Koleje Dolno\u015bl\u0105skie!","breadcrumb":{"@id":"https:\/\/kolejedolnoslaskie.pl\/en\/tariff-offers\/local-tariff\/#breadcrumb"},"inLanguage":"en-US","potentialAction":[{"@type":"ReadAction","target":["https:\/\/kolejedolnoslaskie.pl\/en\/tariff-offers\/local-tariff\/"]}]},{"@type":"BreadcrumbList","@id":"https:\/\/kolejedolnoslaskie.pl\/en\/tariff-offers\/local-tariff\/#breadcrumb","itemListElement":[{"@type":"ListItem","position":1,"name":"Main site","item":"https:\/\/kolejedolnoslaskie.pl\/en\/"},{"@type":"ListItem","position":2,"name":"Tariff Offers","item":"https:\/\/kolejedolnoslaskie.pl\/en\/tariff-offers\/"},{"@type":"ListItem","position":3,"name":"Local Tariff"}]},{"@type":"WebSite","@id":"https:\/\/kolejedolnoslaskie.pl\/en\/#website","url":"https:\/\/kolejedolnoslaskie.pl\/en\/","name":"Koleje Dolno\u015bl\u0105skie","description":"Koleje Dolno\u015bl\u0105skie","potentialAction":[{"@type":"SearchAction","target":{"@type":"EntryPoint","urlTemplate":"https:\/\/kolejedolnoslaskie.pl\/en\/?s={search_term_string}"},"query-input":{"@type":"PropertyValueSpecification","valueRequired":true,"valueName":"search_term_string"}}],"inLanguage":"en-US"}]}},"_links":{"self":[{"href":"https:\/\/kolejedolnoslaskie.pl\/en\/wp-json\/wp\/v2\/pages\/81855","targetHints":{"allow":["GET"]}}],"collection":[{"href":"https:\/\/kolejedolnoslaskie.pl\/en\/wp-json\/wp\/v2\/pages"}],"about":[{"href":"https:\/\/kolejedolnoslaskie.pl\/en\/wp-json\/wp\/v2\/types\/page"}],"author":[{"embeddable":true,"href":"https:\/\/kolejedolnoslaskie.pl\/en\/wp-json\/wp\/v2\/users\/43"}],"replies":[{"embeddable":true,"href":"https:\/\/kolejedolnoslaskie.pl\/en\/wp-json\/wp\/v2\/comments?post=81855"}],"version-history":[{"count":7,"href":"https:\/\/kolejedolnoslaskie.pl\/en\/wp-json\/wp\/v2\/pages\/81855\/revisions"}],"predecessor-version":[{"id":102412,"href":"https:\/\/kolejedolnoslaskie.pl\/en\/wp-json\/wp\/v2\/pages\/81855\/revisions\/102412"}],"up":[{"embeddable":true,"href":"https:\/\/kolejedolnoslaskie.pl\/en\/wp-json\/wp\/v2\/pages\/81498"}],"wp:attachment":[{"href":"https:\/\/kolejedolnoslaskie.pl\/en\/wp-json\/wp\/v2\/media?parent=81855"}],"wp:term":[{"taxonomy":"page-category","embeddable":true,"href":"https:\/\/kolejedolnoslaskie.pl\/en\/wp-json\/wp\/v2\/page-category?post=81855"}],"curies":[{"name":"wp","href":"https:\/\/api.w.org\/{rel}","templated":true}]}}