{"id":81843,"date":"2019-06-05T10:30:34","date_gmt":"2019-06-05T08:30:34","guid":{"rendered":"https:\/\/kolejedolnoslaskie.pl\/tariff-offers\/kolejami-dolnoslaskimi-do-skalnego-miasta\/"},"modified":"2026-04-20T14:31:07","modified_gmt":"2026-04-20T12:31:07","slug":"the-rock-formation-travelling-by-train-to-adrspach","status":"publish","type":"page","link":"https:\/\/kolejedolnoslaskie.pl\/en\/tariff-offers\/the-rock-formation-travelling-by-train-to-adrspach\/","title":{"rendered":"The Rock Formation \u2013 travelling by train to Adr\u0161pach"},"content":{"rendered":"","protected":false},"excerpt":{"rendered":"","protected":false},"author":46,"featured_media":0,"parent":81498,"menu_order":0,"comment_status":"closed","ping_status":"closed","template":"page-rozklad-ze-stacja.php","meta":{"_acf_changed":false,"inline_featured_image":false,"footnotes":""},"page-category":[],"class_list":["post-81843","page","type-page","status-publish","hentry"],"acf":{"lista_komponentow_strony":[{"acf_fc_layout":"hero_baner","maska":"dol","foto":77482,"foto_mobile":null,"pozycjonowanie_zdjecia":"3","tytul":"The Rock Formation","subtytul":"Adr\u0161pach - Czech Republic","przycisk_cena":"","przycisk_opis":"","przycisk_cta_url":"","wysokosc":500},{"acf_fc_layout":"text_field_module","pole_tekstowe":"<h2><span style=\"color: #ff0000;\" data-teams=\"true\">NOTICE: Due to track maintenance between Bogusz\u00f3w-Gorce and Mierosz\u00f3w, there will be no train services to Adr\u0161pach in 2026.<\/span><\/h2>\r\n<em><strong>Adr\u0161pach<\/strong> - a picturesque, beautiful, and mysterious Rock Formation created by nature, located near the Polish-Czech border. Choose Koleje Dolno\u015bl\u0105skie for a journey to this enchanting Czech land. Breathtaking views, stunning nature, and countless unforgettable memories await you in the Adrspach-Teplice Rocks National Nature Reserve.<\/em>\r\n\r\n<em>It is worth noting that parking at this location has limited spaces, so travelling by train seems to be the ideal solution.<\/em>\r\n\r\n<em><strong><span style=\"color: #ff0000;\">Attention! It's worth to buy tan <a href=\"https:\/\/www.adrspasskeskaly.cz\/en\/online-vstupenky\/\" target=\"_blank\" rel=\"nofollow noopener\">entrance ticket to the \"Rock City\" via the Internet. <\/a>\u00a0They are cheaper compared to purchasing them at the ticket office and gives you a guarantee of entry to the attraction on the chosen day.\r\nPurchasing tickets at a stationary ticket office may not be possible due to limited tourist traffic capacity.\r\n<\/span><\/strong><\/em>\r\n\r\n<em>More information can be found <a href=\"https:\/\/www.adrspasskeskaly.cz\/en\/cenik\" target=\"_blank\" rel=\"noopener \u201dnofollow\u201d\">&gt;&gt;&gt;&gt; here &lt;&lt;&lt;&lt;<\/a><\/em>\r\n\r\n<a href=\"https:\/\/kolejedolnoslaskie.pl\/rozklad-jazdy\/\" target=\"_blank\" rel=\"noopener\">Check the train schedule to Adr\u0161pach ant The Rock Formation on the <strong>D67 line<\/strong><\/a>.\r\n\r\nChildren aged <strong>6 to 15 <\/strong>travel with a <strong>50%<\/strong> commercial discount.\r\n\r\nChildren under 6 years old travel on tickets with a <strong>100%<\/strong> commercial discount, which means they travel for <strong>FREE<\/strong>.\r\n\r\nYou can purchase a ticket for the entire trip online from the conductor, as well as at ticket offices and KD Customer Service Offices.\r\n\r\n&nbsp;\r\n\r\nAll available routes and ticket prices are in <a href=\"https:\/\/kolejedolnoslaskie.pl\/oferty-taryfowe\/taryfa-polska-czechy\/\" target=\"_blank\" rel=\"noopener\">the regulations of the \u2018Poland \u2013 Czech Republic Tariff\u2019 offer<\/a>.\r\n<h3><b>Trip proposal<\/b><\/h3>\r\n<div style=\"text-align: center;\"><iframe style=\"border: none;\" src=\"https:\/\/pl.frame.mapy.cz\/s\/kedenufota\" width=\"100%\" height=\"466\" frameborder=\"0\"><\/iframe><\/div>\r\n&nbsp;"}]},"yoast_head":"<!-- This site is optimized with the Yoast SEO plugin v27.5 - https:\/\/yoast.com\/product\/yoast-seo-wordpress\/ -->\n<title>The Rock Formation \u2013 travelling to Adr\u0161pach | Koleje Dolno\u015bl\u0105skie<\/title>\n<meta name=\"description\" content=\"Embark on an amazing journey to the Rock City in the Czech Republic. No traffic jams, no parking hassle. Get your ticket today!\" \/>\n<meta name=\"robots\" content=\"index, follow, max-snippet:-1, max-image-preview:large, max-video-preview:-1\" \/>\n<link rel=\"canonical\" href=\"https:\/\/kolejedolnoslaskie.pl\/en\/tariff-offers\/the-rock-formation-travelling-by-train-to-adrspach\/\" \/>\n<meta property=\"og:locale\" content=\"en_US\" \/>\n<meta property=\"og:type\" content=\"article\" \/>\n<meta property=\"og:title\" content=\"The Rock Formation \u2013 travelling to Adr\u0161pach | Koleje Dolno\u015bl\u0105skie\" \/>\n<meta property=\"og:description\" content=\"Embark on an amazing journey to the Rock City in the Czech Republic. No traffic jams, no parking hassle. Get your ticket today!\" \/>\n<meta property=\"og:url\" content=\"https:\/\/kolejedolnoslaskie.pl\/en\/tariff-offers\/the-rock-formation-travelling-by-train-to-adrspach\/\" \/>\n<meta property=\"og:site_name\" content=\"Koleje Dolno\u015bl\u0105skie\" \/>\n<meta property=\"article:modified_time\" content=\"2026-04-20T12:31:07+00:00\" \/>\n<meta name=\"twitter:card\" content=\"summary_large_image\" \/>\n<script type=\"application\/ld+json\" class=\"yoast-schema-graph\">{\"@context\":\"https:\\\/\\\/schema.org\",\"@graph\":[{\"@type\":\"WebPage\",\"@id\":\"https:\\\/\\\/kolejedolnoslaskie.pl\\\/en\\\/tariff-offers\\\/the-rock-formation-travelling-by-train-to-adrspach\\\/\",\"url\":\"https:\\\/\\\/kolejedolnoslaskie.pl\\\/en\\\/tariff-offers\\\/the-rock-formation-travelling-by-train-to-adrspach\\\/\",\"name\":\"The Rock Formation \u2013 travelling to Adr\u0161pach | Koleje Dolno\u015bl\u0105skie\",\"isPartOf\":{\"@id\":\"https:\\\/\\\/kolejedolnoslaskie.pl\\\/en\\\/#website\"},\"datePublished\":\"2019-06-05T08:30:34+00:00\",\"dateModified\":\"2026-04-20T12:31:07+00:00\",\"description\":\"Embark on an amazing journey to the Rock City in the Czech Republic. No traffic jams, no parking hassle. Get your ticket today!\",\"breadcrumb\":{\"@id\":\"https:\\\/\\\/kolejedolnoslaskie.pl\\\/en\\\/tariff-offers\\\/the-rock-formation-travelling-by-train-to-adrspach\\\/#breadcrumb\"},\"inLanguage\":\"en-US\",\"potentialAction\":[{\"@type\":\"ReadAction\",\"target\":[\"https:\\\/\\\/kolejedolnoslaskie.pl\\\/en\\\/tariff-offers\\\/the-rock-formation-travelling-by-train-to-adrspach\\\/\"]}]},{\"@type\":\"BreadcrumbList\",\"@id\":\"https:\\\/\\\/kolejedolnoslaskie.pl\\\/en\\\/tariff-offers\\\/the-rock-formation-travelling-by-train-to-adrspach\\\/#breadcrumb\",\"itemListElement\":[{\"@type\":\"ListItem\",\"position\":1,\"name\":\"Main site\",\"item\":\"https:\\\/\\\/kolejedolnoslaskie.pl\\\/en\\\/\"},{\"@type\":\"ListItem\",\"position\":2,\"name\":\"Tariff Offers\",\"item\":\"https:\\\/\\\/kolejedolnoslaskie.pl\\\/en\\\/tariff-offers\\\/\"},{\"@type\":\"ListItem\",\"position\":3,\"name\":\"The Rock Formation \u2013 travelling by train to Adr\u0161pach\"}]},{\"@type\":\"WebSite\",\"@id\":\"https:\\\/\\\/kolejedolnoslaskie.pl\\\/en\\\/#website\",\"url\":\"https:\\\/\\\/kolejedolnoslaskie.pl\\\/en\\\/\",\"name\":\"Koleje Dolno\u015bl\u0105skie\",\"description\":\"Koleje Dolno\u015bl\u0105skie\",\"potentialAction\":[{\"@type\":\"SearchAction\",\"target\":{\"@type\":\"EntryPoint\",\"urlTemplate\":\"https:\\\/\\\/kolejedolnoslaskie.pl\\\/en\\\/?s={search_term_string}\"},\"query-input\":{\"@type\":\"PropertyValueSpecification\",\"valueRequired\":true,\"valueName\":\"search_term_string\"}}],\"inLanguage\":\"en-US\"}]}<\/script>\n<!-- \/ Yoast SEO plugin. -->","yoast_head_json":{"title":"The Rock Formation \u2013 travelling to Adr\u0161pach | Koleje Dolno\u015bl\u0105skie","description":"Embark on an amazing journey to the Rock City in the Czech Republic. No traffic jams, no parking hassle. Get your ticket today!","robots":{"index":"index","follow":"follow","max-snippet":"max-snippet:-1","max-image-preview":"max-image-preview:large","max-video-preview":"max-video-preview:-1"},"canonical":"https:\/\/kolejedolnoslaskie.pl\/en\/tariff-offers\/the-rock-formation-travelling-by-train-to-adrspach\/","og_locale":"en_US","og_type":"article","og_title":"The Rock Formation \u2013 travelling to Adr\u0161pach | Koleje Dolno\u015bl\u0105skie","og_description":"Embark on an amazing journey to the Rock City in the Czech Republic. No traffic jams, no parking hassle. Get your ticket today!","og_url":"https:\/\/kolejedolnoslaskie.pl\/en\/tariff-offers\/the-rock-formation-travelling-by-train-to-adrspach\/","og_site_name":"Koleje Dolno\u015bl\u0105skie","article_modified_time":"2026-04-20T12:31:07+00:00","twitter_card":"summary_large_image","schema":{"@context":"https:\/\/schema.org","@graph":[{"@type":"WebPage","@id":"https:\/\/kolejedolnoslaskie.pl\/en\/tariff-offers\/the-rock-formation-travelling-by-train-to-adrspach\/","url":"https:\/\/kolejedolnoslaskie.pl\/en\/tariff-offers\/the-rock-formation-travelling-by-train-to-adrspach\/","name":"The Rock Formation \u2013 travelling to Adr\u0161pach | Koleje Dolno\u015bl\u0105skie","isPartOf":{"@id":"https:\/\/kolejedolnoslaskie.pl\/en\/#website"},"datePublished":"2019-06-05T08:30:34+00:00","dateModified":"2026-04-20T12:31:07+00:00","description":"Embark on an amazing journey to the Rock City in the Czech Republic. No traffic jams, no parking hassle. Get your ticket today!","breadcrumb":{"@id":"https:\/\/kolejedolnoslaskie.pl\/en\/tariff-offers\/the-rock-formation-travelling-by-train-to-adrspach\/#breadcrumb"},"inLanguage":"en-US","potentialAction":[{"@type":"ReadAction","target":["https:\/\/kolejedolnoslaskie.pl\/en\/tariff-offers\/the-rock-formation-travelling-by-train-to-adrspach\/"]}]},{"@type":"BreadcrumbList","@id":"https:\/\/kolejedolnoslaskie.pl\/en\/tariff-offers\/the-rock-formation-travelling-by-train-to-adrspach\/#breadcrumb","itemListElement":[{"@type":"ListItem","position":1,"name":"Main site","item":"https:\/\/kolejedolnoslaskie.pl\/en\/"},{"@type":"ListItem","position":2,"name":"Tariff Offers","item":"https:\/\/kolejedolnoslaskie.pl\/en\/tariff-offers\/"},{"@type":"ListItem","position":3,"name":"The Rock Formation \u2013 travelling by train to Adr\u0161pach"}]},{"@type":"WebSite","@id":"https:\/\/kolejedolnoslaskie.pl\/en\/#website","url":"https:\/\/kolejedolnoslaskie.pl\/en\/","name":"Koleje Dolno\u015bl\u0105skie","description":"Koleje Dolno\u015bl\u0105skie","potentialAction":[{"@type":"SearchAction","target":{"@type":"EntryPoint","urlTemplate":"https:\/\/kolejedolnoslaskie.pl\/en\/?s={search_term_string}"},"query-input":{"@type":"PropertyValueSpecification","valueRequired":true,"valueName":"search_term_string"}}],"inLanguage":"en-US"}]}},"_links":{"self":[{"href":"https:\/\/kolejedolnoslaskie.pl\/en\/wp-json\/wp\/v2\/pages\/81843","targetHints":{"allow":["GET"]}}],"collection":[{"href":"https:\/\/kolejedolnoslaskie.pl\/en\/wp-json\/wp\/v2\/pages"}],"about":[{"href":"https:\/\/kolejedolnoslaskie.pl\/en\/wp-json\/wp\/v2\/types\/page"}],"author":[{"embeddable":true,"href":"https:\/\/kolejedolnoslaskie.pl\/en\/wp-json\/wp\/v2\/users\/46"}],"replies":[{"embeddable":true,"href":"https:\/\/kolejedolnoslaskie.pl\/en\/wp-json\/wp\/v2\/comments?post=81843"}],"version-history":[{"count":7,"href":"https:\/\/kolejedolnoslaskie.pl\/en\/wp-json\/wp\/v2\/pages\/81843\/revisions"}],"predecessor-version":[{"id":108251,"href":"https:\/\/kolejedolnoslaskie.pl\/en\/wp-json\/wp\/v2\/pages\/81843\/revisions\/108251"}],"up":[{"embeddable":true,"href":"https:\/\/kolejedolnoslaskie.pl\/en\/wp-json\/wp\/v2\/pages\/81498"}],"wp:attachment":[{"href":"https:\/\/kolejedolnoslaskie.pl\/en\/wp-json\/wp\/v2\/media?parent=81843"}],"wp:term":[{"taxonomy":"page-category","embeddable":true,"href":"https:\/\/kolejedolnoslaskie.pl\/en\/wp-json\/wp\/v2\/page-category?post=81843"}],"curies":[{"name":"wp","href":"https:\/\/api.w.org\/{rel}","templated":true}]}}