{"id":81528,"date":"2023-06-09T14:53:51","date_gmt":"2023-06-09T12:53:51","guid":{"rendered":"https:\/\/kolejedolnoslaskie.pl\/tariff-offers\/pociag-do-kultury-wroclaw-berlin\/"},"modified":"2026-04-09T14:18:36","modified_gmt":"2026-04-09T12:18:36","slug":"culture-train-wroclaw-berlin","status":"publish","type":"page","link":"https:\/\/kolejedolnoslaskie.pl\/en\/tariff-offers\/culture-train-wroclaw-berlin\/","title":{"rendered":"Culture Train Wroc\u0142aw \u2013 Berlin"},"content":{"rendered":"","protected":false},"excerpt":{"rendered":"","protected":false},"author":61,"featured_media":0,"parent":81498,"menu_order":0,"comment_status":"closed","ping_status":"closed","template":"page-rozklad-ze-stacja.php","meta":{"_acf_changed":false,"inline_featured_image":false,"footnotes":""},"page-category":[],"class_list":["post-81528","page","type-page","status-publish","hentry"],"acf":{"lista_komponentow_strony":[{"acf_fc_layout":"hero_baner","maska":"dol","foto":74914,"foto_mobile":null,"pozycjonowanie_zdjecia":"2","tytul":"Culture Train Wroc\u0142aw \u2013 Berlin","subtytul":"Direct weekend connection <br> Wroc\u0142aw \u2013 Berlin","przycisk_cena":"","przycisk_opis":"","przycisk_cta_url":"","wysokosc":500},{"acf_fc_layout":"text_field_module","pole_tekstowe":"<h2><span style=\"color: #ff0000;\">There are currently no trips taking place. The Culture Train ran for the last time on December 28, 2025.<\/span><\/h2>\r\n<h2>X season of\u00a0 The Culture Train<\/h2>\r\n<strong>You can look forward to a diverse cultural program on the route from Berlin to Wroc\u0142aw and back! From readings, concerts, performances and workshops to talks and many interactive formats on the topic of \u2018Expetition Europa Ekspedycja\u2019.<\/strong>\r\n\r\n<strong>The Culture Train runs again since 11 April 2025 every weekend until December 2025.\u00a0<\/strong>The Culture Train connects Berlin with the Polish metropolis of Wroc\u0142aw in around 4.5 hours. On Friday afternoons and Saturday mornings, the train runs from Berlin-Lichtenberg to Wroc\u0142aw G\u0142\u00f3wny. The cultural train returns on Friday and Sunday evenings. The Culture Train also runs on selected public holidays.\r\n\r\nThe Culture Train runs on the following route:\r\n\r\nBerlin-Lichtenberg \u2013 Berlin Ostkreuz \u2013 Cottbus Hbf \u2013 Wei\u00dfwasser (Oberlausitz) \u2013 W\u0119gliniec \u2013 Boles\u0142awiec \u2013 Chojn\u00f3w \u2013 Legnica \u2013 Wroc\u0142aw G\u0142\u00f3wny\r\n\r\n<hr \/>\r\n<p class=\"\" data-start=\"60\" data-end=\"376\">Since 2022, the \"Train to Culture\" on the Berlin \u2013 Wroc\u0142aw route has been a project of Kulturprojekte Berlin GmbH, a company owned by the federal state. The multilingual cultural program on board is curated by a German-Polish team of experienced curators: Oliver Spatz, Natalie Wasserman, and Ewa Str\u00f3\u017cczy\u0144ska-Wille.<\/p>\r\n<p class=\"\" data-start=\"378\" data-end=\"521\">The Berlin \u2013 Wroc\u0142aw \"Train to Culture\" is funded by the federal states of Brandenburg and Berlin in cooperation with VBB and DB Regio Nordost.<\/p>\r\n<p class=\"\" data-start=\"523\" data-end=\"657\">All information about the current program can be found on the website: <a href=\"https:\/\/kulturprojekte.berlin\/en\/projects\/culture-train\/\" rel=\"noopener nofollow\"><strong>Programmkalender Kulturzug Englisch | Kulturprojekte Berlin<\/strong><\/a><\/p>"},{"acf_fc_layout":"text_field_module","pole_tekstowe":"<h3>Tickets Culture Train<\/h3>\r\n<a href=\"https:\/\/kolejedolnoslaskie.pl\/sklep-kd\/\" target=\"_blank\" rel=\"noopener\"><strong>You can buy tickets for the Wroc\u0142aw \u2013 Berlin \u2013 Wroc\u0142aw connection through the new KD store.<\/strong><\/a>\r\n\r\nTickets for the \"<em>Train to Culture<\/em>\" are also accepted on Wroc\u0142aw\u2019s city buses and trams.\r\n\r\n<strong>The \u2018Culture Train\u2019 operates exclusively on a special tariff. <\/strong>The fees are specified in the tables below:\r\n<table border=\"1\">\r\n<thead>\r\n<tr>\r\n<td colspan=\"4\"><strong>1st price threshold in relation to:<\/strong>\r\n\r\n\u2022 Wroc\u0142aw G\u0142\u00f3wny \u2013 Berlin Lichtenberg\/Ostkreuz<\/td>\r\n<\/tr>\r\n<tr>\r\n<td><\/td>\r\n<td><strong>\u00a0DB SALES<\/strong><\/td>\r\n<td colspan=\"2\"><strong>\u00a0KD SALES<\/strong><\/td>\r\n<\/tr>\r\n<\/thead>\r\n<tbody>\r\n<tr>\r\n<td><strong>Travel\/Transport<\/strong><\/td>\r\n<td>In advance (at the ticket office\/ticket machine\/online) or on the train if the ticket office is closed\r\nor the ticket machine malfunctions<\/td>\r\n<td>on the train<\/td>\r\n<td>on the train, Customer Service Centre, KD ticket offices\r\nonline<\/td>\r\n<\/tr>\r\n<tr>\r\n<td><strong>One-way regular ticket<\/strong><\/td>\r\n<td>\u00a024,90 EUR<\/td>\r\n<td>\u00a026,90 EUR<\/td>\r\n<td>\u00a0116,00 PLN *<\/td>\r\n<\/tr>\r\n<tr>\r\n<td><strong>50% discount one-way ticket<\/strong><\/td>\r\n<td>\u00a012,40 EUR<\/td>\r\n<td>\u00a014,40 EUR<\/td>\r\n<td>\u00a058,00 PLN *<\/td>\r\n<\/tr>\r\n<\/tbody>\r\n<\/table>\r\n&nbsp;\r\n<table border=\"1\">\r\n<thead>\r\n<tr>\r\n<td colspan=\"4\"><strong>2st price threshold in relation to:<\/strong>\r\n\r\n\u2022 Wroc\u0142aw G\u0142\u00f3wny \u2013 Cottbus\/Wei\u00dfwasser\r\n\u2022 W\u0119gliniec\/Boles\u0142awiec\/Chojn\u00f3w\/Legnica \u2013 Berlin Lichtenberg\/Ostkreuz<\/td>\r\n<\/tr>\r\n<tr>\r\n<td><\/td>\r\n<td><strong>\u00a0DB SALES<\/strong><\/td>\r\n<td colspan=\"2\"><strong>\u00a0KD SALES<\/strong><\/td>\r\n<\/tr>\r\n<\/thead>\r\n<tbody>\r\n<tr>\r\n<td><strong>Travel\/ Transport<\/strong><\/td>\r\n<td>In advance (at the ticket office\/ ticket machine\/ online) or on the train if the ticket office is closed\r\nor the ticket machine malfunctions<\/td>\r\n<td>on the train<\/td>\r\n<td>on the train, Customer Service Centre, KD ticket offices\r\nonline<\/td>\r\n<\/tr>\r\n<tr>\r\n<td><strong>One-way regular ticket<\/strong><\/td>\r\n<td>\u00a019,90 EUR<\/td>\r\n<td>\u00a021,90\u00a0 \u00a0EUR<\/td>\r\n<td>\u00a092,00 PLN *<\/td>\r\n<\/tr>\r\n<tr>\r\n<td><strong>Discounted 50% one-way ticket<\/strong><\/td>\r\n<td>\u00a09,90 EUR<\/td>\r\n<td>\u00a011,90\u00a0 \u00a0EUR<\/td>\r\n<td>\u00a046,00 PLN *<\/td>\r\n<\/tr>\r\n<\/tbody>\r\n<\/table>\r\n&nbsp;\r\n<table border=\"1\">\r\n<thead>\r\n<tr>\r\n<td colspan=\"4\"><strong>3nd price threshold in relation to:<\/strong>\r\n\r\n\u2022 W\u0119gliniec\/Boles\u0142awiec\/Legnica \u2013 Cottbus\/Wei\u00dfwasser\r\n\u2022 W\u0119gliniec\/Boles\u0142awiec\/Chojn\u00f3w\/Legnica \u2013 Berlin Lichtenberg\/Ostkreuz<\/td>\r\n<\/tr>\r\n<tr>\r\n<td><\/td>\r\n<td><strong>\u00a0DB SALES<\/strong><\/td>\r\n<td colspan=\"2\"><strong>\u00a0KD SALES<\/strong><\/td>\r\n<\/tr>\r\n<\/thead>\r\n<tbody>\r\n<tr>\r\n<td><strong>Travel\/Transport<\/strong><\/td>\r\n<td>In advance (at the ticket\u00a0 office\/ ticket machine \/online) or on the train if the ticket sales is closed or the ticket machine malfuncions<\/td>\r\n<td>\u00a0on the train<\/td>\r\n<td>on the train, Customer Service Centre, KD ticket offices\r\nonline<\/td>\r\n<\/tr>\r\n<tr>\r\n<td><strong>One-way regular ticket<\/strong><\/td>\r\n<td>\u00a017,90 EUR<\/td>\r\n<td>\u00a019,90 EUR<\/td>\r\n<td>\u00a084,00 PLN *<\/td>\r\n<\/tr>\r\n<tr>\r\n<td><strong>Discounted 50% one-way ticket<\/strong><\/td>\r\n<td>\u00a08,90 EUR<\/td>\r\n<td>\u00a010,90 EUR<\/td>\r\n<td>\u00a042,00 PLN *<\/td>\r\n<\/tr>\r\n<\/tbody>\r\n<\/table>\r\n* \u2013 When purchasing on the train from a station with an open ticket office, an additional fee of 8.00 PLN is added to the total ticket price for issuing the ticket on the train (excluding disabled and mobility-impaired passengers).\r\n\r\nThe above prices do not qualify for any further discounts or reductions.\r\n\r\nChildren up to 6 years old travel for free, based on the adult\u2019s travel document. Children aged 6 to 15 travel with a 50% discount ticket.\r\n\r\nTo transport a dog, you need to purchase a ticket according to the special offer for transporting a person (a ticket with a 50% discount). Each passenger may transport only one dog.\r\n\r\n<strong>There is no possibility of transporting bicycles on the \u2018Culture Train\u2019.<\/strong>\r\n\r\nThe tickets issued according to the special offer are valid exclusively on the \u2018Culture Train\u2019. There is no possibility of travelling on other trains based on tickets issued under the special offer.\r\n\r\nTickets issued under the special offer are valid for international trips both from\/to Wroc\u0142aw G\u0142. and Berlin-Lichtenberg stations, as well as from\/to intermediate stations on the route of the \u2018Culture Train\u2019.\r\n\r\nThere is no provision for ticket exchange or refund for unused tickets. Please direct any claims and compensation requests to Koleje Dolno\u015bl\u0105skie according to the procedure specified in the <a href=\"https:\/\/kolejedolnoslaskie.pl\/skargi-i-reklamacje\/\" target=\"_blank\" rel=\"noopener\"><strong>Complaints and Claims section (polish version)&gt;&gt;&gt;<\/strong><\/a>\r\n\r\n<strong>The \u2018Culture Train\u2019 is not available for national travel, and there is no possibility of travelling by train based on other tickets than those described in the above special offer.<\/strong>\r\n\r\nThe transport of disabled people is carried out according to the procedure described in the <a href=\"https:\/\/kolejedolnoslaskie.pl\/en\/for-travellers\/train-travel-for-people-with-disabilities\/\" target=\"_blank\" rel=\"noopener\"><strong>Przejazdy poci\u0105giem os\u00f3b z niepe\u0142nosprawno\u015bci\u0105\u00a0&gt;&gt;&gt;<\/strong><\/a>\r\n\r\nAll details are specified in the regulations below."},{"acf_fc_layout":"text_field_module","pole_tekstowe":"<p class=\"\" data-start=\"60\" data-end=\"89\"><strong data-start=\"60\" data-end=\"87\">Program of the X Season<\/strong><\/p>\r\n<p class=\"\" data-start=\"91\" data-end=\"420\">As part of the latest edition of the program, under the motto <em data-start=\"153\" data-end=\"185\">\"Expedition Europa Ekspedycja\"<\/em>, you can look forward to extraordinary events: live concerts, inspiring presentations, lively discussions, engaging lectures, and much more! Among the invited guests and artists are Natalie Wasserman, Ania \u015awitas, and Minh Nguyen Huu.<\/p>\r\n<p class=\"\" data-start=\"422\" data-end=\"495\">Don\u2019t miss this unique journey that connects people, cities, and regions.<\/p>\r\n<strong>Check actual Program Culture Train Berlin-Wroc\u0142aw 2025!<\/strong>\r\n<div align=\"left\"><a class=\"btn btn-yellow-only-bg\" href=\"https:\/\/kolejedolnoslaskie.pl\/wp-content\/uploads\/2025\/04\/Program-Kulturzug-2025-X-edycja.pdf\" target=\"_blank\" rel=\"noopener\">Program preview Culture Train Berlin-Wroc\u0142aw 2025<\/a><\/div>\r\n<div align=\"left\"><\/div>\r\n<div align=\"left\"><strong data-start=\"60\" data-end=\"190\">Corinna Scheller, Head of the Department of Cultural Promotion, Museum Services and Consulting at Kulturprojekte Berlin, said:<\/strong><br data-start=\"190\" data-end=\"193\" \/><em data-start=\"193\" data-end=\"653\">\"We are very pleased that this unique cultural project will continue this year \u2014 after a somewhat longer break, with ticket prices remaining the same \u2014 and that its funding has been secured. This year, with a focus on literature, we would like to invite passengers to listen to 'stories in luggage' and to engage in discussions, reminiscences, and \u2014 as always \u2014 activities on board the train. We would also like to thank the city of Wroc\u0142aw for its support.\"<\/em><\/div>"},{"acf_fc_layout":"text_field_module","pole_tekstowe":"<strong>WROC\u0141AW \u2013 BERLIN \u2013 WROC\u0141AW ONLY FOR 116 PLN<\/strong>\r\n\r\nThe \u2018Berlin-Clubnight-Ticket\u2019 offer included \u2018one-way\u2019 trip on Friday and return trip on Saturday. The ticket price for the \u2018round trip\u2019 is only 116 PLN."},{"acf_fc_layout":"attachments_module","attachments_module_files":[{"attachments_module_files_name":"Warunki przewozu i ceny bilet\u00f3w w ofercie \u201ePoci\u0105g do Kultury Berlin-Wroc\u0142aw\u201c (obowi\u0105zuj\u0105 od 01.10.2024 r.)","attachments_module_files_file":80379},{"attachments_module_files_name":"Warunki przewozu i ceny bilet\u00f3w w ofercie \u201eBerlin-Clubnight-Ticket\u201d  (obowi\u0105zuj\u0105 od 01.10.2024 r.)","attachments_module_files_file":80380},{"attachments_module_files_name":"Program kulturalny Berlin-Wroc\u0142aw 2025 11.04-02.08.2025 r. ","attachments_module_files_file":80708}]},{"acf_fc_layout":"text_field_module","pole_tekstowe":"<p class=\"\" data-start=\"60\" data-end=\"377\"><strong data-start=\"60\" data-end=\"74\">Attention!<\/strong><br data-start=\"74\" data-end=\"77\" \/>We would like to inform you that starting from April 1, 2017, Deutsche Bahn is introducing optional seat reservations for the \"Train to Culture.\" The possibility of advance paid seat reservations is available only when checking in within Germany. Koleje Dolno\u015bl\u0105skie does not offer seat reservations.<\/p>\r\n<p class=\"\" data-start=\"379\" data-end=\"526\">Passengers without a seat reservation may occupy any available seat, but must vacate it if a passenger holding a reservation for that seat arrives.<\/p>"},{"acf_fc_layout":"text_field_module","pole_tekstowe":"<a href=\"https:\/\/kolejedolnoslaskie.pl\/archiwum-ofert-2\/\" target=\"_blank\" rel=\"noopener\">Archived versions of regulations.<\/a>"}]},"yoast_head":"<!-- This site is optimized with the Yoast SEO plugin v27.4 - https:\/\/yoast.com\/product\/yoast-seo-wordpress\/ -->\n<title>Culture Train (Kulturzug) Wroc\u0142aw \u2013 Berlin | Koleje Dolno\u015bl\u0105skie<\/title>\n<meta name=\"description\" content=\"Direct weekend connection Wroc\u0142aw \u2013 Berlin \u2713 See how easy it is to travel to Berlin with Koleje Dolno\u015bl\u0105skie \u2713 Kulturzug \u2713\" \/>\n<meta name=\"robots\" content=\"index, follow, max-snippet:-1, max-image-preview:large, max-video-preview:-1\" \/>\n<link rel=\"canonical\" href=\"https:\/\/kolejedolnoslaskie.pl\/en\/tariff-offers\/culture-train-wroclaw-berlin\/\" \/>\n<meta property=\"og:locale\" content=\"en_US\" \/>\n<meta property=\"og:type\" content=\"article\" \/>\n<meta property=\"og:title\" content=\"Culture Train (Kulturzug) Wroc\u0142aw \u2013 Berlin | Koleje Dolno\u015bl\u0105skie\" \/>\n<meta property=\"og:description\" content=\"Direct weekend connection Wroc\u0142aw \u2013 Berlin \u2713 See how easy it is to travel to Berlin with Koleje Dolno\u015bl\u0105skie \u2713 Kulturzug \u2713\" \/>\n<meta property=\"og:url\" content=\"https:\/\/kolejedolnoslaskie.pl\/en\/tariff-offers\/culture-train-wroclaw-berlin\/\" \/>\n<meta property=\"og:site_name\" content=\"Koleje Dolno\u015bl\u0105skie\" \/>\n<meta property=\"article:modified_time\" content=\"2026-04-09T12:18:36+00:00\" \/>\n<meta name=\"twitter:card\" content=\"summary_large_image\" \/>\n<script type=\"application\/ld+json\" class=\"yoast-schema-graph\">{\"@context\":\"https:\\\/\\\/schema.org\",\"@graph\":[{\"@type\":\"WebPage\",\"@id\":\"https:\\\/\\\/kolejedolnoslaskie.pl\\\/en\\\/tariff-offers\\\/culture-train-wroclaw-berlin\\\/\",\"url\":\"https:\\\/\\\/kolejedolnoslaskie.pl\\\/en\\\/tariff-offers\\\/culture-train-wroclaw-berlin\\\/\",\"name\":\"Culture Train (Kulturzug) Wroc\u0142aw \u2013 Berlin | Koleje Dolno\u015bl\u0105skie\",\"isPartOf\":{\"@id\":\"https:\\\/\\\/kolejedolnoslaskie.pl\\\/en\\\/#website\"},\"datePublished\":\"2023-06-09T12:53:51+00:00\",\"dateModified\":\"2026-04-09T12:18:36+00:00\",\"description\":\"Direct weekend connection Wroc\u0142aw \u2013 Berlin \u2713 See how easy it is to travel to Berlin with Koleje Dolno\u015bl\u0105skie \u2713 Kulturzug \u2713\",\"breadcrumb\":{\"@id\":\"https:\\\/\\\/kolejedolnoslaskie.pl\\\/en\\\/tariff-offers\\\/culture-train-wroclaw-berlin\\\/#breadcrumb\"},\"inLanguage\":\"en-US\",\"potentialAction\":[{\"@type\":\"ReadAction\",\"target\":[\"https:\\\/\\\/kolejedolnoslaskie.pl\\\/en\\\/tariff-offers\\\/culture-train-wroclaw-berlin\\\/\"]}]},{\"@type\":\"BreadcrumbList\",\"@id\":\"https:\\\/\\\/kolejedolnoslaskie.pl\\\/en\\\/tariff-offers\\\/culture-train-wroclaw-berlin\\\/#breadcrumb\",\"itemListElement\":[{\"@type\":\"ListItem\",\"position\":1,\"name\":\"Main site\",\"item\":\"https:\\\/\\\/kolejedolnoslaskie.pl\\\/en\\\/\"},{\"@type\":\"ListItem\",\"position\":2,\"name\":\"Tariff Offers\",\"item\":\"https:\\\/\\\/kolejedolnoslaskie.pl\\\/en\\\/tariff-offers\\\/\"},{\"@type\":\"ListItem\",\"position\":3,\"name\":\"Culture Train Wroc\u0142aw \u2013 Berlin\"}]},{\"@type\":\"WebSite\",\"@id\":\"https:\\\/\\\/kolejedolnoslaskie.pl\\\/en\\\/#website\",\"url\":\"https:\\\/\\\/kolejedolnoslaskie.pl\\\/en\\\/\",\"name\":\"Koleje Dolno\u015bl\u0105skie\",\"description\":\"Koleje Dolno\u015bl\u0105skie\",\"potentialAction\":[{\"@type\":\"SearchAction\",\"target\":{\"@type\":\"EntryPoint\",\"urlTemplate\":\"https:\\\/\\\/kolejedolnoslaskie.pl\\\/en\\\/?s={search_term_string}\"},\"query-input\":{\"@type\":\"PropertyValueSpecification\",\"valueRequired\":true,\"valueName\":\"search_term_string\"}}],\"inLanguage\":\"en-US\"}]}<\/script>\n<!-- \/ Yoast SEO plugin. -->","yoast_head_json":{"title":"Culture Train (Kulturzug) Wroc\u0142aw \u2013 Berlin | Koleje Dolno\u015bl\u0105skie","description":"Direct weekend connection Wroc\u0142aw \u2013 Berlin \u2713 See how easy it is to travel to Berlin with Koleje Dolno\u015bl\u0105skie \u2713 Kulturzug \u2713","robots":{"index":"index","follow":"follow","max-snippet":"max-snippet:-1","max-image-preview":"max-image-preview:large","max-video-preview":"max-video-preview:-1"},"canonical":"https:\/\/kolejedolnoslaskie.pl\/en\/tariff-offers\/culture-train-wroclaw-berlin\/","og_locale":"en_US","og_type":"article","og_title":"Culture Train (Kulturzug) Wroc\u0142aw \u2013 Berlin | Koleje Dolno\u015bl\u0105skie","og_description":"Direct weekend connection Wroc\u0142aw \u2013 Berlin \u2713 See how easy it is to travel to Berlin with Koleje Dolno\u015bl\u0105skie \u2713 Kulturzug \u2713","og_url":"https:\/\/kolejedolnoslaskie.pl\/en\/tariff-offers\/culture-train-wroclaw-berlin\/","og_site_name":"Koleje Dolno\u015bl\u0105skie","article_modified_time":"2026-04-09T12:18:36+00:00","twitter_card":"summary_large_image","schema":{"@context":"https:\/\/schema.org","@graph":[{"@type":"WebPage","@id":"https:\/\/kolejedolnoslaskie.pl\/en\/tariff-offers\/culture-train-wroclaw-berlin\/","url":"https:\/\/kolejedolnoslaskie.pl\/en\/tariff-offers\/culture-train-wroclaw-berlin\/","name":"Culture Train (Kulturzug) Wroc\u0142aw \u2013 Berlin | Koleje Dolno\u015bl\u0105skie","isPartOf":{"@id":"https:\/\/kolejedolnoslaskie.pl\/en\/#website"},"datePublished":"2023-06-09T12:53:51+00:00","dateModified":"2026-04-09T12:18:36+00:00","description":"Direct weekend connection Wroc\u0142aw \u2013 Berlin \u2713 See how easy it is to travel to Berlin with Koleje Dolno\u015bl\u0105skie \u2713 Kulturzug \u2713","breadcrumb":{"@id":"https:\/\/kolejedolnoslaskie.pl\/en\/tariff-offers\/culture-train-wroclaw-berlin\/#breadcrumb"},"inLanguage":"en-US","potentialAction":[{"@type":"ReadAction","target":["https:\/\/kolejedolnoslaskie.pl\/en\/tariff-offers\/culture-train-wroclaw-berlin\/"]}]},{"@type":"BreadcrumbList","@id":"https:\/\/kolejedolnoslaskie.pl\/en\/tariff-offers\/culture-train-wroclaw-berlin\/#breadcrumb","itemListElement":[{"@type":"ListItem","position":1,"name":"Main site","item":"https:\/\/kolejedolnoslaskie.pl\/en\/"},{"@type":"ListItem","position":2,"name":"Tariff Offers","item":"https:\/\/kolejedolnoslaskie.pl\/en\/tariff-offers\/"},{"@type":"ListItem","position":3,"name":"Culture Train Wroc\u0142aw \u2013 Berlin"}]},{"@type":"WebSite","@id":"https:\/\/kolejedolnoslaskie.pl\/en\/#website","url":"https:\/\/kolejedolnoslaskie.pl\/en\/","name":"Koleje Dolno\u015bl\u0105skie","description":"Koleje Dolno\u015bl\u0105skie","potentialAction":[{"@type":"SearchAction","target":{"@type":"EntryPoint","urlTemplate":"https:\/\/kolejedolnoslaskie.pl\/en\/?s={search_term_string}"},"query-input":{"@type":"PropertyValueSpecification","valueRequired":true,"valueName":"search_term_string"}}],"inLanguage":"en-US"}]}},"_links":{"self":[{"href":"https:\/\/kolejedolnoslaskie.pl\/en\/wp-json\/wp\/v2\/pages\/81528","targetHints":{"allow":["GET"]}}],"collection":[{"href":"https:\/\/kolejedolnoslaskie.pl\/en\/wp-json\/wp\/v2\/pages"}],"about":[{"href":"https:\/\/kolejedolnoslaskie.pl\/en\/wp-json\/wp\/v2\/types\/page"}],"author":[{"embeddable":true,"href":"https:\/\/kolejedolnoslaskie.pl\/en\/wp-json\/wp\/v2\/users\/61"}],"replies":[{"embeddable":true,"href":"https:\/\/kolejedolnoslaskie.pl\/en\/wp-json\/wp\/v2\/comments?post=81528"}],"version-history":[{"count":4,"href":"https:\/\/kolejedolnoslaskie.pl\/en\/wp-json\/wp\/v2\/pages\/81528\/revisions"}],"predecessor-version":[{"id":106563,"href":"https:\/\/kolejedolnoslaskie.pl\/en\/wp-json\/wp\/v2\/pages\/81528\/revisions\/106563"}],"up":[{"embeddable":true,"href":"https:\/\/kolejedolnoslaskie.pl\/en\/wp-json\/wp\/v2\/pages\/81498"}],"wp:attachment":[{"href":"https:\/\/kolejedolnoslaskie.pl\/en\/wp-json\/wp\/v2\/media?parent=81528"}],"wp:term":[{"taxonomy":"page-category","embeddable":true,"href":"https:\/\/kolejedolnoslaskie.pl\/en\/wp-json\/wp\/v2\/page-category?post=81528"}],"curies":[{"name":"wp","href":"https:\/\/api.w.org\/{rel}","templated":true}]}}