{"id":81518,"date":"2018-05-09T08:16:17","date_gmt":"2018-05-09T06:16:17","guid":{"rendered":"https:\/\/kolejedolnoslaskie.pl\/dla-podroznych\/"},"modified":"2025-05-09T10:53:51","modified_gmt":"2025-05-09T08:53:51","slug":"for-travellers","status":"publish","type":"page","link":"https:\/\/kolejedolnoslaskie.pl\/en\/for-travellers\/","title":{"rendered":"For travellers"},"content":{"rendered":"","protected":false},"excerpt":{"rendered":"","protected":false},"author":4,"featured_media":0,"parent":0,"menu_order":50,"comment_status":"closed","ping_status":"closed","template":"","meta":{"_acf_changed":false,"inline_featured_image":false,"footnotes":""},"page-category":[],"class_list":["post-81518","page","type-page","status-publish","hentry"],"acf":{"lista_komponentow_strony":[{"acf_fc_layout":"hero_baner","maska":"dol","foto":74844,"foto_mobile":null,"pozycjonowanie_zdjecia":"2","tytul":"For travellers","subtytul":"Everything you need for a comfortable journey","przycisk_cena":"","przycisk_opis":"","przycisk_cta_url":"","wysokosc":500},{"acf_fc_layout":"kafelki","margines_gora":30,"margines_dol":30,"kafelek":[{"tytul":"Lost something during your journey? Don\u2019t worry!","subtytul":"Lost and Found","tekst_kolor":"bialy","przycisk_cena":"","przycisk_opis":"Check it out","przycisk_cta_url":"https:\/\/kolejedolnoslaskie.pl\/en\/lost-and-found-office\/","foto":77967},{"tytul":"11th passenger rides for free","subtytul":"Group rides","tekst_kolor":"bialy","przycisk_cena":"","przycisk_opis":"Check it out","przycisk_cta_url":"https:\/\/kolejedolnoslaskie.pl\/en\/group-rides","foto":74912},{"tytul":"Travel without barriers","subtytul":"Information for passengers with disabilities","tekst_kolor":"bialy","przycisk_cena":"","przycisk_opis":"Check it out","przycisk_cta_url":" https:\/\/kolejedolnoslaskie.pl\/en\/train-travel-for-people-with-disabilities","foto":80124}]},{"acf_fc_layout":"kafelki_obrazek_i_opis","margines_gora":30,"margines_dol":30,"kafelek":[{"foto":75018,"tytul":"   ","kolor_tla_dla_tekstu":"zolty","subtytul":"For active travellers","opis":"transporting a bicycle by train","przycisk_cena":"","przycisk_opis":"See more","przycisk_cta_url":"https:\/\/kolejedolnoslaskie.pl\/en\/for-travellers\/transporting-a-bicycle\/"}]},{"acf_fc_layout":"kafelki_obrazek_i_opis","margines_gora":30,"margines_dol":30,"kafelek":[{"foto":78285,"tytul":"Carriage of luggage","kolor_tla_dla_tekstu":"bialy","subtytul":"Check conditions","opis":"for transporting items carried by passengers","przycisk_cena":"","przycisk_opis":"See more","przycisk_cta_url":"https:\/\/kolejedolnoslaskie.pl\/en\/for-travellers\/travelling-with-pets-and-luggage\/carriage-of-luggage\/"},{"foto":75577,"tytul":"Travelling with pets ","kolor_tla_dla_tekstu":"bialy","subtytul":"Check conditions","opis":"for traveling with pets","przycisk_cena":"","przycisk_opis":"See more","przycisk_cta_url":"https:\/\/kolejedolnoslaskie.pl\/en\/travelling-with-pets-and-luggage\/transporting-pets\/"}]}]},"yoast_head":"<!-- This site is optimized with the Yoast SEO plugin v27.4 - https:\/\/yoast.com\/product\/yoast-seo-wordpress\/ -->\n<title>For travellers - Koleje Dolno\u015bl\u0105skie<\/title>\n<meta name=\"description\" content=\"Useful information for travelers with KD railway. Discover services and travel tips to make your journey comfortable and easy.\" \/>\n<meta name=\"robots\" content=\"index, follow, max-snippet:-1, max-image-preview:large, max-video-preview:-1\" \/>\n<link rel=\"canonical\" href=\"https:\/\/kolejedolnoslaskie.pl\/en\/for-travellers\/\" \/>\n<meta property=\"og:locale\" content=\"en_US\" \/>\n<meta property=\"og:type\" content=\"article\" \/>\n<meta property=\"og:title\" content=\"For travellers - Koleje Dolno\u015bl\u0105skie\" \/>\n<meta property=\"og:description\" content=\"Useful information for travelers with KD railway. Discover services and travel tips to make your journey comfortable and easy.\" \/>\n<meta property=\"og:url\" content=\"https:\/\/kolejedolnoslaskie.pl\/en\/for-travellers\/\" \/>\n<meta property=\"og:site_name\" content=\"Koleje Dolno\u015bl\u0105skie\" \/>\n<meta property=\"article:modified_time\" content=\"2025-05-09T08:53:51+00:00\" \/>\n<meta name=\"twitter:card\" content=\"summary_large_image\" \/>\n<script type=\"application\/ld+json\" class=\"yoast-schema-graph\">{\"@context\":\"https:\\\/\\\/schema.org\",\"@graph\":[{\"@type\":\"WebPage\",\"@id\":\"https:\\\/\\\/kolejedolnoslaskie.pl\\\/en\\\/for-travellers\\\/\",\"url\":\"https:\\\/\\\/kolejedolnoslaskie.pl\\\/en\\\/for-travellers\\\/\",\"name\":\"For travellers - Koleje Dolno\u015bl\u0105skie\",\"isPartOf\":{\"@id\":\"https:\\\/\\\/kolejedolnoslaskie.pl\\\/en\\\/#website\"},\"datePublished\":\"2018-05-09T06:16:17+00:00\",\"dateModified\":\"2025-05-09T08:53:51+00:00\",\"description\":\"Useful information for travelers with KD railway. Discover services and travel tips to make your journey comfortable and easy.\",\"breadcrumb\":{\"@id\":\"https:\\\/\\\/kolejedolnoslaskie.pl\\\/en\\\/for-travellers\\\/#breadcrumb\"},\"inLanguage\":\"en-US\",\"potentialAction\":[{\"@type\":\"ReadAction\",\"target\":[\"https:\\\/\\\/kolejedolnoslaskie.pl\\\/en\\\/for-travellers\\\/\"]}]},{\"@type\":\"BreadcrumbList\",\"@id\":\"https:\\\/\\\/kolejedolnoslaskie.pl\\\/en\\\/for-travellers\\\/#breadcrumb\",\"itemListElement\":[{\"@type\":\"ListItem\",\"position\":1,\"name\":\"Main site\",\"item\":\"https:\\\/\\\/kolejedolnoslaskie.pl\\\/en\\\/\"},{\"@type\":\"ListItem\",\"position\":2,\"name\":\"For travellers\"}]},{\"@type\":\"WebSite\",\"@id\":\"https:\\\/\\\/kolejedolnoslaskie.pl\\\/en\\\/#website\",\"url\":\"https:\\\/\\\/kolejedolnoslaskie.pl\\\/en\\\/\",\"name\":\"Koleje Dolno\u015bl\u0105skie\",\"description\":\"Koleje Dolno\u015bl\u0105skie\",\"potentialAction\":[{\"@type\":\"SearchAction\",\"target\":{\"@type\":\"EntryPoint\",\"urlTemplate\":\"https:\\\/\\\/kolejedolnoslaskie.pl\\\/en\\\/?s={search_term_string}\"},\"query-input\":{\"@type\":\"PropertyValueSpecification\",\"valueRequired\":true,\"valueName\":\"search_term_string\"}}],\"inLanguage\":\"en-US\"}]}<\/script>\n<!-- \/ Yoast SEO plugin. -->","yoast_head_json":{"title":"For travellers - Koleje Dolno\u015bl\u0105skie","description":"Useful information for travelers with KD railway. Discover services and travel tips to make your journey comfortable and easy.","robots":{"index":"index","follow":"follow","max-snippet":"max-snippet:-1","max-image-preview":"max-image-preview:large","max-video-preview":"max-video-preview:-1"},"canonical":"https:\/\/kolejedolnoslaskie.pl\/en\/for-travellers\/","og_locale":"en_US","og_type":"article","og_title":"For travellers - Koleje Dolno\u015bl\u0105skie","og_description":"Useful information for travelers with KD railway. Discover services and travel tips to make your journey comfortable and easy.","og_url":"https:\/\/kolejedolnoslaskie.pl\/en\/for-travellers\/","og_site_name":"Koleje Dolno\u015bl\u0105skie","article_modified_time":"2025-05-09T08:53:51+00:00","twitter_card":"summary_large_image","schema":{"@context":"https:\/\/schema.org","@graph":[{"@type":"WebPage","@id":"https:\/\/kolejedolnoslaskie.pl\/en\/for-travellers\/","url":"https:\/\/kolejedolnoslaskie.pl\/en\/for-travellers\/","name":"For travellers - Koleje Dolno\u015bl\u0105skie","isPartOf":{"@id":"https:\/\/kolejedolnoslaskie.pl\/en\/#website"},"datePublished":"2018-05-09T06:16:17+00:00","dateModified":"2025-05-09T08:53:51+00:00","description":"Useful information for travelers with KD railway. Discover services and travel tips to make your journey comfortable and easy.","breadcrumb":{"@id":"https:\/\/kolejedolnoslaskie.pl\/en\/for-travellers\/#breadcrumb"},"inLanguage":"en-US","potentialAction":[{"@type":"ReadAction","target":["https:\/\/kolejedolnoslaskie.pl\/en\/for-travellers\/"]}]},{"@type":"BreadcrumbList","@id":"https:\/\/kolejedolnoslaskie.pl\/en\/for-travellers\/#breadcrumb","itemListElement":[{"@type":"ListItem","position":1,"name":"Main site","item":"https:\/\/kolejedolnoslaskie.pl\/en\/"},{"@type":"ListItem","position":2,"name":"For travellers"}]},{"@type":"WebSite","@id":"https:\/\/kolejedolnoslaskie.pl\/en\/#website","url":"https:\/\/kolejedolnoslaskie.pl\/en\/","name":"Koleje Dolno\u015bl\u0105skie","description":"Koleje Dolno\u015bl\u0105skie","potentialAction":[{"@type":"SearchAction","target":{"@type":"EntryPoint","urlTemplate":"https:\/\/kolejedolnoslaskie.pl\/en\/?s={search_term_string}"},"query-input":{"@type":"PropertyValueSpecification","valueRequired":true,"valueName":"search_term_string"}}],"inLanguage":"en-US"}]}},"_links":{"self":[{"href":"https:\/\/kolejedolnoslaskie.pl\/en\/wp-json\/wp\/v2\/pages\/81518","targetHints":{"allow":["GET"]}}],"collection":[{"href":"https:\/\/kolejedolnoslaskie.pl\/en\/wp-json\/wp\/v2\/pages"}],"about":[{"href":"https:\/\/kolejedolnoslaskie.pl\/en\/wp-json\/wp\/v2\/types\/page"}],"author":[{"embeddable":true,"href":"https:\/\/kolejedolnoslaskie.pl\/en\/wp-json\/wp\/v2\/users\/4"}],"replies":[{"embeddable":true,"href":"https:\/\/kolejedolnoslaskie.pl\/en\/wp-json\/wp\/v2\/comments?post=81518"}],"version-history":[{"count":5,"href":"https:\/\/kolejedolnoslaskie.pl\/en\/wp-json\/wp\/v2\/pages\/81518\/revisions"}],"predecessor-version":[{"id":82090,"href":"https:\/\/kolejedolnoslaskie.pl\/en\/wp-json\/wp\/v2\/pages\/81518\/revisions\/82090"}],"wp:attachment":[{"href":"https:\/\/kolejedolnoslaskie.pl\/en\/wp-json\/wp\/v2\/media?parent=81518"}],"wp:term":[{"taxonomy":"page-category","embeddable":true,"href":"https:\/\/kolejedolnoslaskie.pl\/en\/wp-json\/wp\/v2\/page-category?post=81518"}],"curies":[{"name":"wp","href":"https:\/\/api.w.org\/{rel}","templated":true}]}}