{"id":81498,"date":"2018-06-28T13:12:31","date_gmt":"2018-06-28T11:12:31","guid":{"rendered":"https:\/\/kolejedolnoslaskie.pl\/oferty-taryfowe\/"},"modified":"2026-02-26T09:52:08","modified_gmt":"2026-02-26T08:52:08","slug":"tariff-offers","status":"publish","type":"page","link":"https:\/\/kolejedolnoslaskie.pl\/en\/tariff-offers\/","title":{"rendered":"Tariff Offers"},"content":{"rendered":"","protected":false},"excerpt":{"rendered":"","protected":false},"author":46,"featured_media":0,"parent":0,"menu_order":0,"comment_status":"closed","ping_status":"closed","template":"page-rozklad-bilety.php","meta":{"_acf_changed":false,"inline_featured_image":false,"footnotes":""},"page-category":[],"class_list":["post-81498","page","type-page","status-publish","hentry"],"acf":{"lista_komponentow_strony":[{"acf_fc_layout":"hero_baner","maska":"dol","foto":74887,"foto_mobile":null,"pozycjonowanie_zdjecia":"2","tytul":"Koleje Dolno\u015bl\u0105skie - Lower Silesian Railways offers","subtytul":"Explore Lower Silesia with endless possibilities!","przycisk_cena":"","przycisk_opis":"","przycisk_cta_url":"","wysokosc":500},{"acf_fc_layout":"kafelki_obrazek_i_opis","margines_gora":30,"margines_dol":30,"kafelek":[{"foto":99605,"tytul":" Lower Silesian Weekend Ticket ","kolor_tla_dla_tekstu":"bialy","subtytul":"Lower Silesian Weekend Ticket ","opis":"New routes, more connections \u2013 same price!","przycisk_cena":"","przycisk_opis":"See more","przycisk_cta_url":"https:\/\/kolejedolnoslaskie.pl\/en\/tariff-offers\/lower-silesian-weekend-ticket\/"},{"foto":99596,"tytul":"Dresden Promotion","kolor_tla_dla_tekstu":"bialy","subtytul":"Dresden Promotion","opis":"Explore the charm of Saxony\u2019s capital","przycisk_cena":"","przycisk_opis":"SEE MORE ","przycisk_cta_url":"https:\/\/kolejedolnoslaskie.pl\/en\/tariff-offers\/dresden-promotion"}]},{"acf_fc_layout":"kafelki_obrazek_i_opis","margines_gora":0,"margines_dol":0,"kafelek":null},{"acf_fc_layout":"kafelki","margines_gora":30,"margines_dol":30,"kafelek":[{"tytul":"Senior 60+","subtytul":"A 25% discount for passengers aged 60+","tekst_kolor":"bialy","przycisk_cena":"","przycisk_opis":"More details","przycisk_cta_url":"https:\/\/kolejedolnoslaskie.pl\/en\/tariff-offers\/kd-senior-60-offer\/","foto":77262},{"tytul":"Local Tariff","subtytul":"","tekst_kolor":"bialy","przycisk_cena":"","przycisk_opis":"More details","przycisk_cta_url":"https:\/\/kolejedolnoslaskie.pl\/en\/tariff-offers\/local-tariff\/","foto":75460},{"tytul":"Wsp\u00f3lny Bilet Samorz\u0105dowy","subtytul":"Discover Poland without limits! ","tekst_kolor":"bialy","przycisk_cena":"","przycisk_opis":"MORE DETAILS","przycisk_cta_url":"https:\/\/kolejedolnoslaskie.pl\/en\/tariff-offers\/wspolny-bilet-samorzadowy\/","foto":80059}]},{"acf_fc_layout":"kafelki","margines_gora":30,"margines_dol":30,"kafelek":[{"tytul":"EURO NYSA TICKET","subtytul":"Poland + Germany + Czech Republic=  one ticket","tekst_kolor":"czarny","przycisk_cena":"","przycisk_opis":"More details","przycisk_cta_url":"https:\/\/kolejedolnoslaskie.pl\/en\/tariff-offers\/euro-nysa-ticket\/","foto":null},{"tytul":"The Rock City","subtytul":"Visit Adr\u0161pach - Czech Republic","tekst_kolor":"czarny","przycisk_cena":"","przycisk_opis":"More details","przycisk_cta_url":"https:\/\/kolejedolnoslaskie.pl\/en\/tariff-offers\/the-rock-formation-travelling-by-train-to-adrspach\/","foto":null},{"tytul":"KD Premium Seaside","subtytul":"The fastest to the Sea! Wroc\u0142aw G\u0142\u00f3wny \u27a4 \u015awinouj\u015bcie","tekst_kolor":"czarny","przycisk_cena":"","przycisk_opis":"MORE DETAILS","przycisk_cta_url":"https:\/\/kolejedolnoslaskie.pl\/en\/tariff-offers\/by-train-to-the-seaside\/","foto":null}]},{"acf_fc_layout":"przudatne_linki","margines_gora":30,"margines_dol":30,"kafelek_tytul":"Together with KD","kafelek_subtytul":"form 2 to 4 people with 30% discount","kafelek_tekst_kolor":"bialy","kafelek_przucisk_opis":"More details","kafelek_przucisk_cta_url":"https:\/\/kolejedolnoslaskie.pl\/en\/tariff-offers\/together-with-kd\/","kafelek_foto":80054,"text_box_tytul":"Useful links ","text_box_opis":"Find information to make your trip easier:","linki":[{"ikona":74755,"nazwa_odnosnika":"Travel alerts ","link_cta_url":"https:\/\/kolejedolnoslaskie.pl\/en\/travel-alerts"},{"ikona":74758,"nazwa_odnosnika":"Travelling with pets and luggage ","link_cta_url":"https:\/\/kolejedolnoslaskie.pl\/en\/for-travellers\/travelling-with-pets-and-luggage\/"},{"ikona":74756,"nazwa_odnosnika":"Timetable","link_cta_url":"https:\/\/kolejedolnoslaskie.pl\/en\/timetable\/"},{"ikona":74759,"nazwa_odnosnika":"Travel without barriers ","link_cta_url":"https:\/\/kolejedolnoslaskie.pl\/en\/train-travel-for-people-with-disabilities"},{"ikona":74760,"nazwa_odnosnika":"Lost and found office","link_cta_url":"https:\/\/kolejedolnoslaskie.pl\/en\/lost-and-found-office\/"}]},{"acf_fc_layout":"kontakt_blok","margines_gora":30,"margines_dol":30,"kafelek_tytul":"The Rock City","kafelek_subtytul":"Adr\u0161pach - Czech Republic ","kafelek_tekst_kolor":"bialy","kafelek_cena":"","kafelek_przycik_opis":"More details","kafelek_przucisk_cta_url":"https:\/\/kolejedolnoslaskie.pl\/en\/tariff-offers\/the-rock-formation-travelling-by-train-to-adrspach\/","kafelek_foto":79994,"kontakt_tytul":"Contact","kontakt_subtytul":"","kontakt_typ":"customer-service"}]},"yoast_head":"<!-- This site is optimized with the Yoast SEO plugin v27.6 - https:\/\/yoast.com\/product\/yoast-seo-wordpress\/ -->\n<title>Tariff Offers | Koleje Dolno\u015bl\u0105skie<\/title>\n<meta name=\"description\" content=\"Discover great fare offers from Koleje Dolno\u015bl\u0105skie | Train ticket discounts | Lower Silesia Weekend Ticket | Weekend with KD\" \/>\n<meta name=\"robots\" content=\"index, follow, max-snippet:-1, max-image-preview:large, max-video-preview:-1\" \/>\n<link rel=\"canonical\" href=\"https:\/\/kolejedolnoslaskie.pl\/en\/tariff-offers\/\" \/>\n<meta property=\"og:locale\" content=\"en_US\" \/>\n<meta property=\"og:type\" content=\"article\" \/>\n<meta property=\"og:title\" content=\"Tariff Offers | Koleje Dolno\u015bl\u0105skie\" \/>\n<meta property=\"og:description\" content=\"Discover great fare offers from Koleje Dolno\u015bl\u0105skie | Train ticket discounts | Lower Silesia Weekend Ticket | Weekend with KD\" \/>\n<meta property=\"og:url\" content=\"https:\/\/kolejedolnoslaskie.pl\/en\/tariff-offers\/\" \/>\n<meta property=\"og:site_name\" content=\"Koleje Dolno\u015bl\u0105skie\" \/>\n<meta property=\"article:modified_time\" content=\"2026-02-26T08:52:08+00:00\" \/>\n<meta property=\"og:image\" content=\"https:\/\/kolejedolnoslaskie.pl\/wp-content\/uploads\/2018\/08\/IMG_9808.jpg\" \/>\n\t<meta property=\"og:image:width\" content=\"2000\" \/>\n\t<meta property=\"og:image:height\" content=\"1333\" \/>\n\t<meta property=\"og:image:type\" content=\"image\/jpeg\" \/>\n<meta name=\"twitter:card\" content=\"summary_large_image\" \/>\n<meta name=\"twitter:image\" content=\"https:\/\/kolejedolnoslaskie.pl\/wp-content\/uploads\/2018\/08\/IMG_9808.jpg\" \/>\n<script type=\"application\/ld+json\" class=\"yoast-schema-graph\">{\"@context\":\"https:\\\/\\\/schema.org\",\"@graph\":[{\"@type\":\"WebPage\",\"@id\":\"https:\\\/\\\/kolejedolnoslaskie.pl\\\/en\\\/tariff-offers\\\/\",\"url\":\"https:\\\/\\\/kolejedolnoslaskie.pl\\\/en\\\/tariff-offers\\\/\",\"name\":\"Tariff Offers | Koleje Dolno\u015bl\u0105skie\",\"isPartOf\":{\"@id\":\"https:\\\/\\\/kolejedolnoslaskie.pl\\\/en\\\/#website\"},\"datePublished\":\"2018-06-28T11:12:31+00:00\",\"dateModified\":\"2026-02-26T08:52:08+00:00\",\"description\":\"Discover great fare offers from Koleje Dolno\u015bl\u0105skie | Train ticket discounts | Lower Silesia Weekend Ticket | Weekend with KD\",\"breadcrumb\":{\"@id\":\"https:\\\/\\\/kolejedolnoslaskie.pl\\\/en\\\/tariff-offers\\\/#breadcrumb\"},\"inLanguage\":\"en-US\",\"potentialAction\":[{\"@type\":\"ReadAction\",\"target\":[\"https:\\\/\\\/kolejedolnoslaskie.pl\\\/en\\\/tariff-offers\\\/\"]}]},{\"@type\":\"BreadcrumbList\",\"@id\":\"https:\\\/\\\/kolejedolnoslaskie.pl\\\/en\\\/tariff-offers\\\/#breadcrumb\",\"itemListElement\":[{\"@type\":\"ListItem\",\"position\":1,\"name\":\"Main site\",\"item\":\"https:\\\/\\\/kolejedolnoslaskie.pl\\\/en\\\/\"},{\"@type\":\"ListItem\",\"position\":2,\"name\":\"Tariff Offers\"}]},{\"@type\":\"WebSite\",\"@id\":\"https:\\\/\\\/kolejedolnoslaskie.pl\\\/en\\\/#website\",\"url\":\"https:\\\/\\\/kolejedolnoslaskie.pl\\\/en\\\/\",\"name\":\"Koleje Dolno\u015bl\u0105skie\",\"description\":\"Koleje Dolno\u015bl\u0105skie\",\"potentialAction\":[{\"@type\":\"SearchAction\",\"target\":{\"@type\":\"EntryPoint\",\"urlTemplate\":\"https:\\\/\\\/kolejedolnoslaskie.pl\\\/en\\\/?s={search_term_string}\"},\"query-input\":{\"@type\":\"PropertyValueSpecification\",\"valueRequired\":true,\"valueName\":\"search_term_string\"}}],\"inLanguage\":\"en-US\"}]}<\/script>\n<!-- \/ Yoast SEO plugin. -->","yoast_head_json":{"title":"Tariff Offers | Koleje Dolno\u015bl\u0105skie","description":"Discover great fare offers from Koleje Dolno\u015bl\u0105skie | Train ticket discounts | Lower Silesia Weekend Ticket | Weekend with KD","robots":{"index":"index","follow":"follow","max-snippet":"max-snippet:-1","max-image-preview":"max-image-preview:large","max-video-preview":"max-video-preview:-1"},"canonical":"https:\/\/kolejedolnoslaskie.pl\/en\/tariff-offers\/","og_locale":"en_US","og_type":"article","og_title":"Tariff Offers | Koleje Dolno\u015bl\u0105skie","og_description":"Discover great fare offers from Koleje Dolno\u015bl\u0105skie | Train ticket discounts | Lower Silesia Weekend Ticket | Weekend with KD","og_url":"https:\/\/kolejedolnoslaskie.pl\/en\/tariff-offers\/","og_site_name":"Koleje Dolno\u015bl\u0105skie","article_modified_time":"2026-02-26T08:52:08+00:00","og_image":[{"width":2000,"height":1333,"url":"https:\/\/kolejedolnoslaskie.pl\/wp-content\/uploads\/2018\/08\/IMG_9808.jpg","type":"image\/jpeg"}],"twitter_card":"summary_large_image","twitter_image":"https:\/\/kolejedolnoslaskie.pl\/wp-content\/uploads\/2018\/08\/IMG_9808.jpg","schema":{"@context":"https:\/\/schema.org","@graph":[{"@type":"WebPage","@id":"https:\/\/kolejedolnoslaskie.pl\/en\/tariff-offers\/","url":"https:\/\/kolejedolnoslaskie.pl\/en\/tariff-offers\/","name":"Tariff Offers | Koleje Dolno\u015bl\u0105skie","isPartOf":{"@id":"https:\/\/kolejedolnoslaskie.pl\/en\/#website"},"datePublished":"2018-06-28T11:12:31+00:00","dateModified":"2026-02-26T08:52:08+00:00","description":"Discover great fare offers from Koleje Dolno\u015bl\u0105skie | Train ticket discounts | Lower Silesia Weekend Ticket | Weekend with KD","breadcrumb":{"@id":"https:\/\/kolejedolnoslaskie.pl\/en\/tariff-offers\/#breadcrumb"},"inLanguage":"en-US","potentialAction":[{"@type":"ReadAction","target":["https:\/\/kolejedolnoslaskie.pl\/en\/tariff-offers\/"]}]},{"@type":"BreadcrumbList","@id":"https:\/\/kolejedolnoslaskie.pl\/en\/tariff-offers\/#breadcrumb","itemListElement":[{"@type":"ListItem","position":1,"name":"Main site","item":"https:\/\/kolejedolnoslaskie.pl\/en\/"},{"@type":"ListItem","position":2,"name":"Tariff Offers"}]},{"@type":"WebSite","@id":"https:\/\/kolejedolnoslaskie.pl\/en\/#website","url":"https:\/\/kolejedolnoslaskie.pl\/en\/","name":"Koleje Dolno\u015bl\u0105skie","description":"Koleje Dolno\u015bl\u0105skie","potentialAction":[{"@type":"SearchAction","target":{"@type":"EntryPoint","urlTemplate":"https:\/\/kolejedolnoslaskie.pl\/en\/?s={search_term_string}"},"query-input":{"@type":"PropertyValueSpecification","valueRequired":true,"valueName":"search_term_string"}}],"inLanguage":"en-US"}]}},"_links":{"self":[{"href":"https:\/\/kolejedolnoslaskie.pl\/en\/wp-json\/wp\/v2\/pages\/81498","targetHints":{"allow":["GET"]}}],"collection":[{"href":"https:\/\/kolejedolnoslaskie.pl\/en\/wp-json\/wp\/v2\/pages"}],"about":[{"href":"https:\/\/kolejedolnoslaskie.pl\/en\/wp-json\/wp\/v2\/types\/page"}],"author":[{"embeddable":true,"href":"https:\/\/kolejedolnoslaskie.pl\/en\/wp-json\/wp\/v2\/users\/46"}],"replies":[{"embeddable":true,"href":"https:\/\/kolejedolnoslaskie.pl\/en\/wp-json\/wp\/v2\/comments?post=81498"}],"version-history":[{"count":17,"href":"https:\/\/kolejedolnoslaskie.pl\/en\/wp-json\/wp\/v2\/pages\/81498\/revisions"}],"predecessor-version":[{"id":102403,"href":"https:\/\/kolejedolnoslaskie.pl\/en\/wp-json\/wp\/v2\/pages\/81498\/revisions\/102403"}],"wp:attachment":[{"href":"https:\/\/kolejedolnoslaskie.pl\/en\/wp-json\/wp\/v2\/media?parent=81498"}],"wp:term":[{"taxonomy":"page-category","embeddable":true,"href":"https:\/\/kolejedolnoslaskie.pl\/en\/wp-json\/wp\/v2\/page-category?post=81498"}],"curies":[{"name":"wp","href":"https:\/\/api.w.org\/{rel}","templated":true}]}}