{"id":81491,"date":"2019-08-09T10:26:18","date_gmt":"2019-08-09T08:26:18","guid":{"rendered":"https:\/\/kolejedolnoslaskie.pl\/przewoz-zwierzat-i-bagazu\/"},"modified":"2025-05-08T14:10:59","modified_gmt":"2025-05-08T12:10:59","slug":"travelling-with-pets-and-luggage","status":"publish","type":"page","link":"https:\/\/kolejedolnoslaskie.pl\/en\/for-travellers\/travelling-with-pets-and-luggage\/","title":{"rendered":"Travelling with Pets and Luggage"},"content":{"rendered":"","protected":false},"excerpt":{"rendered":"","protected":false},"author":46,"featured_media":0,"parent":81518,"menu_order":0,"comment_status":"closed","ping_status":"closed","template":"","meta":{"_acf_changed":false,"inline_featured_image":false,"footnotes":""},"page-category":[],"class_list":["post-81491","page","type-page","status-publish","hentry"],"acf":{"lista_komponentow_strony":[{"acf_fc_layout":"hero_baner","maska":"dol","foto":74766,"foto_mobile":null,"pozycjonowanie_zdjecia":"2","tytul":"Travelling with Pets \/ Luggage \/ Bicycle","subtytul":"","przycisk_cena":"","przycisk_opis":"","przycisk_cta_url":"","wysokosc":500},{"acf_fc_layout":"back_to_prev"},{"acf_fc_layout":"kafelki_obrazek_i_opis","margines_gora":30,"margines_dol":50,"kafelek":[{"foto":78285,"tytul":" ","kolor_tla_dla_tekstu":"bialy","subtytul":"Carriage of luggage","opis":" ","przycisk_cena":"","przycisk_opis":"Read more","przycisk_cta_url":"https:\/\/kolejedolnoslaskie.pl\/en\/for-travellers\/travelling-with-pets-and-luggage\/carriage-of-luggage\/"},{"foto":74794,"tytul":" ","kolor_tla_dla_tekstu":"bialy","subtytul":"Travelling with pets","opis":" ","przycisk_cena":"","przycisk_opis":"Read more","przycisk_cta_url":"https:\/\/kolejedolnoslaskie.pl\/en\/travelling-with-pets-and-luggage\/transporting-pets\/"}]},{"acf_fc_layout":"kafelki_obrazek_i_opis","margines_gora":30,"margines_dol":50,"kafelek":[{"foto":76245,"tytul":" ","kolor_tla_dla_tekstu":"zolty","subtytul":"Transporting a bicycle","opis":" ","przycisk_cena":"","przycisk_opis":"Read more ","przycisk_cta_url":"https:\/\/kolejedolnoslaskie.pl\/en\/for-travellers\/transporting-a-bicycle\/"}]}]},"yoast_head":"<!-- This site is optimized with the Yoast SEO plugin v27.6 - https:\/\/yoast.com\/product\/yoast-seo-wordpress\/ -->\n<title>Travelling with Pets and Luggage - Koleje Dolno\u015bl\u0105skie<\/title>\n<meta name=\"description\" content=\"Check KD\u2019s rules for travelling with pets and luggage. Learn about tickets, size limits, and allowed items on board.\" \/>\n<meta name=\"robots\" content=\"index, follow, max-snippet:-1, max-image-preview:large, max-video-preview:-1\" \/>\n<link rel=\"canonical\" href=\"https:\/\/kolejedolnoslaskie.pl\/en\/for-travellers\/travelling-with-pets-and-luggage\/\" \/>\n<meta property=\"og:locale\" content=\"en_US\" \/>\n<meta property=\"og:type\" content=\"article\" \/>\n<meta property=\"og:title\" content=\"Travelling with Pets and Luggage - Koleje Dolno\u015bl\u0105skie\" \/>\n<meta property=\"og:description\" content=\"Check KD\u2019s rules for travelling with pets and luggage. Learn about tickets, size limits, and allowed items on board.\" \/>\n<meta property=\"og:url\" content=\"https:\/\/kolejedolnoslaskie.pl\/en\/for-travellers\/travelling-with-pets-and-luggage\/\" \/>\n<meta property=\"og:site_name\" content=\"Koleje Dolno\u015bl\u0105skie\" \/>\n<meta property=\"article:modified_time\" content=\"2025-05-08T12:10:59+00:00\" \/>\n<meta name=\"twitter:card\" content=\"summary_large_image\" \/>\n<script type=\"application\/ld+json\" class=\"yoast-schema-graph\">{\"@context\":\"https:\\\/\\\/schema.org\",\"@graph\":[{\"@type\":\"WebPage\",\"@id\":\"https:\\\/\\\/kolejedolnoslaskie.pl\\\/en\\\/for-travellers\\\/travelling-with-pets-and-luggage\\\/\",\"url\":\"https:\\\/\\\/kolejedolnoslaskie.pl\\\/en\\\/for-travellers\\\/travelling-with-pets-and-luggage\\\/\",\"name\":\"Travelling with Pets and Luggage - Koleje Dolno\u015bl\u0105skie\",\"isPartOf\":{\"@id\":\"https:\\\/\\\/kolejedolnoslaskie.pl\\\/en\\\/#website\"},\"datePublished\":\"2019-08-09T08:26:18+00:00\",\"dateModified\":\"2025-05-08T12:10:59+00:00\",\"description\":\"Check KD\u2019s rules for travelling with pets and luggage. Learn about tickets, size limits, and allowed items on board.\",\"breadcrumb\":{\"@id\":\"https:\\\/\\\/kolejedolnoslaskie.pl\\\/en\\\/for-travellers\\\/travelling-with-pets-and-luggage\\\/#breadcrumb\"},\"inLanguage\":\"en-US\",\"potentialAction\":[{\"@type\":\"ReadAction\",\"target\":[\"https:\\\/\\\/kolejedolnoslaskie.pl\\\/en\\\/for-travellers\\\/travelling-with-pets-and-luggage\\\/\"]}]},{\"@type\":\"BreadcrumbList\",\"@id\":\"https:\\\/\\\/kolejedolnoslaskie.pl\\\/en\\\/for-travellers\\\/travelling-with-pets-and-luggage\\\/#breadcrumb\",\"itemListElement\":[{\"@type\":\"ListItem\",\"position\":1,\"name\":\"Main site\",\"item\":\"https:\\\/\\\/kolejedolnoslaskie.pl\\\/en\\\/\"},{\"@type\":\"ListItem\",\"position\":2,\"name\":\"For travellers\",\"item\":\"https:\\\/\\\/kolejedolnoslaskie.pl\\\/en\\\/for-travellers\\\/\"},{\"@type\":\"ListItem\",\"position\":3,\"name\":\"Travelling with Pets and Luggage\"}]},{\"@type\":\"WebSite\",\"@id\":\"https:\\\/\\\/kolejedolnoslaskie.pl\\\/en\\\/#website\",\"url\":\"https:\\\/\\\/kolejedolnoslaskie.pl\\\/en\\\/\",\"name\":\"Koleje Dolno\u015bl\u0105skie\",\"description\":\"Koleje Dolno\u015bl\u0105skie\",\"potentialAction\":[{\"@type\":\"SearchAction\",\"target\":{\"@type\":\"EntryPoint\",\"urlTemplate\":\"https:\\\/\\\/kolejedolnoslaskie.pl\\\/en\\\/?s={search_term_string}\"},\"query-input\":{\"@type\":\"PropertyValueSpecification\",\"valueRequired\":true,\"valueName\":\"search_term_string\"}}],\"inLanguage\":\"en-US\"}]}<\/script>\n<!-- \/ Yoast SEO plugin. -->","yoast_head_json":{"title":"Travelling with Pets and Luggage - Koleje Dolno\u015bl\u0105skie","description":"Check KD\u2019s rules for travelling with pets and luggage. Learn about tickets, size limits, and allowed items on board.","robots":{"index":"index","follow":"follow","max-snippet":"max-snippet:-1","max-image-preview":"max-image-preview:large","max-video-preview":"max-video-preview:-1"},"canonical":"https:\/\/kolejedolnoslaskie.pl\/en\/for-travellers\/travelling-with-pets-and-luggage\/","og_locale":"en_US","og_type":"article","og_title":"Travelling with Pets and Luggage - Koleje Dolno\u015bl\u0105skie","og_description":"Check KD\u2019s rules for travelling with pets and luggage. Learn about tickets, size limits, and allowed items on board.","og_url":"https:\/\/kolejedolnoslaskie.pl\/en\/for-travellers\/travelling-with-pets-and-luggage\/","og_site_name":"Koleje Dolno\u015bl\u0105skie","article_modified_time":"2025-05-08T12:10:59+00:00","twitter_card":"summary_large_image","schema":{"@context":"https:\/\/schema.org","@graph":[{"@type":"WebPage","@id":"https:\/\/kolejedolnoslaskie.pl\/en\/for-travellers\/travelling-with-pets-and-luggage\/","url":"https:\/\/kolejedolnoslaskie.pl\/en\/for-travellers\/travelling-with-pets-and-luggage\/","name":"Travelling with Pets and Luggage - Koleje Dolno\u015bl\u0105skie","isPartOf":{"@id":"https:\/\/kolejedolnoslaskie.pl\/en\/#website"},"datePublished":"2019-08-09T08:26:18+00:00","dateModified":"2025-05-08T12:10:59+00:00","description":"Check KD\u2019s rules for travelling with pets and luggage. Learn about tickets, size limits, and allowed items on board.","breadcrumb":{"@id":"https:\/\/kolejedolnoslaskie.pl\/en\/for-travellers\/travelling-with-pets-and-luggage\/#breadcrumb"},"inLanguage":"en-US","potentialAction":[{"@type":"ReadAction","target":["https:\/\/kolejedolnoslaskie.pl\/en\/for-travellers\/travelling-with-pets-and-luggage\/"]}]},{"@type":"BreadcrumbList","@id":"https:\/\/kolejedolnoslaskie.pl\/en\/for-travellers\/travelling-with-pets-and-luggage\/#breadcrumb","itemListElement":[{"@type":"ListItem","position":1,"name":"Main site","item":"https:\/\/kolejedolnoslaskie.pl\/en\/"},{"@type":"ListItem","position":2,"name":"For travellers","item":"https:\/\/kolejedolnoslaskie.pl\/en\/for-travellers\/"},{"@type":"ListItem","position":3,"name":"Travelling with Pets and Luggage"}]},{"@type":"WebSite","@id":"https:\/\/kolejedolnoslaskie.pl\/en\/#website","url":"https:\/\/kolejedolnoslaskie.pl\/en\/","name":"Koleje Dolno\u015bl\u0105skie","description":"Koleje Dolno\u015bl\u0105skie","potentialAction":[{"@type":"SearchAction","target":{"@type":"EntryPoint","urlTemplate":"https:\/\/kolejedolnoslaskie.pl\/en\/?s={search_term_string}"},"query-input":{"@type":"PropertyValueSpecification","valueRequired":true,"valueName":"search_term_string"}}],"inLanguage":"en-US"}]}},"_links":{"self":[{"href":"https:\/\/kolejedolnoslaskie.pl\/en\/wp-json\/wp\/v2\/pages\/81491","targetHints":{"allow":["GET"]}}],"collection":[{"href":"https:\/\/kolejedolnoslaskie.pl\/en\/wp-json\/wp\/v2\/pages"}],"about":[{"href":"https:\/\/kolejedolnoslaskie.pl\/en\/wp-json\/wp\/v2\/types\/page"}],"author":[{"embeddable":true,"href":"https:\/\/kolejedolnoslaskie.pl\/en\/wp-json\/wp\/v2\/users\/46"}],"replies":[{"embeddable":true,"href":"https:\/\/kolejedolnoslaskie.pl\/en\/wp-json\/wp\/v2\/comments?post=81491"}],"version-history":[{"count":4,"href":"https:\/\/kolejedolnoslaskie.pl\/en\/wp-json\/wp\/v2\/pages\/81491\/revisions"}],"predecessor-version":[{"id":81976,"href":"https:\/\/kolejedolnoslaskie.pl\/en\/wp-json\/wp\/v2\/pages\/81491\/revisions\/81976"}],"up":[{"embeddable":true,"href":"https:\/\/kolejedolnoslaskie.pl\/en\/wp-json\/wp\/v2\/pages\/81518"}],"wp:attachment":[{"href":"https:\/\/kolejedolnoslaskie.pl\/en\/wp-json\/wp\/v2\/media?parent=81491"}],"wp:term":[{"taxonomy":"page-category","embeddable":true,"href":"https:\/\/kolejedolnoslaskie.pl\/en\/wp-json\/wp\/v2\/page-category?post=81491"}],"curies":[{"name":"wp","href":"https:\/\/api.w.org\/{rel}","templated":true}]}}