{"id":81484,"date":"2019-08-09T10:37:38","date_gmt":"2019-08-09T08:37:38","guid":{"rendered":"https:\/\/kolejedolnoslaskie.pl\/przewoz-zwierzat-domowych\/"},"modified":"2025-04-29T13:40:21","modified_gmt":"2025-04-29T11:40:21","slug":"transporting-pets","status":"publish","type":"page","link":"https:\/\/kolejedolnoslaskie.pl\/en\/for-travellers\/travelling-with-pets-and-luggage\/transporting-pets\/","title":{"rendered":"Transporting pets"},"content":{"rendered":"","protected":false},"excerpt":{"rendered":"","protected":false},"author":46,"featured_media":0,"parent":81491,"menu_order":0,"comment_status":"closed","ping_status":"closed","template":"","meta":{"_acf_changed":false,"inline_featured_image":false,"footnotes":""},"page-category":[],"class_list":["post-81484","page","type-page","status-publish","hentry"],"acf":{"lista_komponentow_strony":[{"acf_fc_layout":"hero_baner","maska":"dol","foto":74787,"foto_mobile":"","pozycjonowanie_zdjecia":"2","tytul":"Transporting pets on the train","subtytul":"","przycisk_cena":"","przycisk_opis":"","przycisk_cta_url":"","wysokosc":500},{"acf_fc_layout":"text_field_module","pole_tekstowe":"<h2 style=\"text-align: justify;\">Transporting pets on the train<\/h2>\r\n<ol>\r\n \t<li>In trains operated by Koleje Dolno\u015bl\u0105skie S.A., passengers can transport pets under their care, provided they are not inconvenient for fellow passengers (e.g., due to noise, smell, etc.). The transported animals should be placed in suitable containers (carriers, cages, boxes, baskets, etc.), ensuring that they do not cause harm to people or property, in accordance with the provisions of TP-KD. The passenger may use the space above and below the seat they occupy to accommodate animals transported in the containers mentioned earlier. The passenger is obliged to supervise the animals taken on the trip.<\/li>\r\n \t<li>The transport of a dog on the train (no more than one) under the care of the passenger is allowed, provided that:\r\n<ul>\r\n \t<li>The passenger has a valid ticket with a flat-rate price for transporting the dog unless it is being transported under the conditions specified in paragraph 1 and has a current dog vaccination certificate (sample certificates include forms No. 13 and 14);<\/li>\r\n \t<li>The dog is kept on a leash and wears a muzzle;<\/li>\r\n \t<li>The passenger is responsible for the cleanliness of the area where the dog is transported.<\/li>\r\n<\/ul>\r\n<\/li>\r\n \t<li>Travelling by train with a dog or other domestic animal entails a prohibition on placing animals on a seat. Animals must not disturb the peace in the train; otherwise, the provisions of paragraph 4 apply.<\/li>\r\n \t<li>If other passengers object to having an animal nearby, the train attendant team should suggest an alternative place; if this is not possible, the passenger is obliged to leave the train at the nearest station. A partially unused travel ticket, properly certified, is subject to refund without the deduction of a handling fee.<\/li>\r\n \t<li>The consent of fellow passengers for transporting a dog on the train is not required in the case of transporting:\r\n<ul>\r\n \t<li>guide dogs for the blind;<\/li>\r\n \t<li>assistance dogs for people with disabilities;<\/li>\r\n \t<li>working dogs with handlers.<\/li>\r\n<\/ul>\r\n<\/li>\r\n \t<li>If a passenger violates the regulations on transporting animals whose transport is prohibited, the train attendant team certifies the use of the ticket for the part of the trip and collects an additional fee for the violation of the regulations on animal transport, determined based on the regulation of the Minister of Infrastructure of 20 January 2005 (in case of refusal to pay the fee, a summons is issued). At the nearest train station, the passenger along with the animals is removed from the train. A partially unused travel ticket, properly certified, is subject to refund without the deduction of a handling fee.<\/li>\r\n \t<li>The rules for charging fees for transporting animals are regulated by TP-KD (\u00a7 37). The fee for travelling by train with a dog or other animal is specified in the Price List (chapter IV).<\/li>\r\n<\/ol>\r\n<ol>\r\n \t<li style=\"list-style-type: none;\"><\/li>\r\n<\/ol>"},{"acf_fc_layout":"attachments_module","attachments_module_files":[{"attachments_module_files_name":"Conditions for the transport of domestic animals (RP-KD, \u00a7 21) (effective from 23 July 2022)","attachments_module_files_file":78438},{"attachments_module_files_name":"Conditions for the transport of domestic animals (RP-KD, \u00a7 21)","attachments_module_files_file":75847},{"attachments_module_files_name":"Conditions for the transport of domestic animals (RP-KD, \u00a7 37)","attachments_module_files_file":75848}]}]},"yoast_head":"<!-- This site is optimized with the Yoast SEO plugin v27.4 - https:\/\/yoast.com\/product\/yoast-seo-wordpress\/ -->\n<title>Transporting pets on the train | Koleje Dolno\u015bl\u0105skie<\/title>\n<meta name=\"description\" content=\"Transporting pets like dogs, cats on Koleje Dolno\u015bl\u0105skie trains \u27a4 Check the rules for travelling with cats and dogs on KD trains.\" \/>\n<meta name=\"robots\" content=\"index, follow, max-snippet:-1, max-image-preview:large, max-video-preview:-1\" \/>\n<link rel=\"canonical\" href=\"https:\/\/kolejedolnoslaskie.pl\/en\/for-travellers\/travelling-with-pets-and-luggage\/transporting-pets\/\" \/>\n<meta property=\"og:locale\" content=\"en_US\" \/>\n<meta property=\"og:type\" content=\"article\" \/>\n<meta property=\"og:title\" content=\"Transporting pets on the train | Koleje Dolno\u015bl\u0105skie\" \/>\n<meta property=\"og:description\" content=\"Transporting pets like dogs, cats on Koleje Dolno\u015bl\u0105skie trains \u27a4 Check the rules for travelling with cats and dogs on KD trains.\" \/>\n<meta property=\"og:url\" content=\"https:\/\/kolejedolnoslaskie.pl\/en\/for-travellers\/travelling-with-pets-and-luggage\/transporting-pets\/\" \/>\n<meta property=\"og:site_name\" content=\"Koleje Dolno\u015bl\u0105skie\" \/>\n<meta property=\"article:modified_time\" content=\"2025-04-29T11:40:21+00:00\" \/>\n<meta name=\"twitter:card\" content=\"summary_large_image\" \/>\n<script type=\"application\/ld+json\" class=\"yoast-schema-graph\">{\"@context\":\"https:\\\/\\\/schema.org\",\"@graph\":[{\"@type\":\"WebPage\",\"@id\":\"https:\\\/\\\/kolejedolnoslaskie.pl\\\/en\\\/for-travellers\\\/travelling-with-pets-and-luggage\\\/transporting-pets\\\/\",\"url\":\"https:\\\/\\\/kolejedolnoslaskie.pl\\\/en\\\/for-travellers\\\/travelling-with-pets-and-luggage\\\/transporting-pets\\\/\",\"name\":\"Transporting pets on the train | Koleje Dolno\u015bl\u0105skie\",\"isPartOf\":{\"@id\":\"https:\\\/\\\/kolejedolnoslaskie.pl\\\/en\\\/#website\"},\"datePublished\":\"2019-08-09T08:37:38+00:00\",\"dateModified\":\"2025-04-29T11:40:21+00:00\",\"description\":\"Transporting pets like dogs, cats on Koleje Dolno\u015bl\u0105skie trains \u27a4 Check the rules for travelling with cats and dogs on KD trains.\",\"breadcrumb\":{\"@id\":\"https:\\\/\\\/kolejedolnoslaskie.pl\\\/en\\\/for-travellers\\\/travelling-with-pets-and-luggage\\\/transporting-pets\\\/#breadcrumb\"},\"inLanguage\":\"en-US\",\"potentialAction\":[{\"@type\":\"ReadAction\",\"target\":[\"https:\\\/\\\/kolejedolnoslaskie.pl\\\/en\\\/for-travellers\\\/travelling-with-pets-and-luggage\\\/transporting-pets\\\/\"]}]},{\"@type\":\"BreadcrumbList\",\"@id\":\"https:\\\/\\\/kolejedolnoslaskie.pl\\\/en\\\/for-travellers\\\/travelling-with-pets-and-luggage\\\/transporting-pets\\\/#breadcrumb\",\"itemListElement\":[{\"@type\":\"ListItem\",\"position\":1,\"name\":\"Main site\",\"item\":\"https:\\\/\\\/kolejedolnoslaskie.pl\\\/en\\\/\"},{\"@type\":\"ListItem\",\"position\":2,\"name\":\"For travellers\",\"item\":\"https:\\\/\\\/kolejedolnoslaskie.pl\\\/en\\\/for-travellers\\\/\"},{\"@type\":\"ListItem\",\"position\":3,\"name\":\"Travelling with Pets and Luggage\",\"item\":\"https:\\\/\\\/kolejedolnoslaskie.pl\\\/en\\\/for-travellers\\\/travelling-with-pets-and-luggage\\\/\"},{\"@type\":\"ListItem\",\"position\":4,\"name\":\"Transporting pets\"}]},{\"@type\":\"WebSite\",\"@id\":\"https:\\\/\\\/kolejedolnoslaskie.pl\\\/en\\\/#website\",\"url\":\"https:\\\/\\\/kolejedolnoslaskie.pl\\\/en\\\/\",\"name\":\"Koleje Dolno\u015bl\u0105skie\",\"description\":\"Koleje Dolno\u015bl\u0105skie\",\"potentialAction\":[{\"@type\":\"SearchAction\",\"target\":{\"@type\":\"EntryPoint\",\"urlTemplate\":\"https:\\\/\\\/kolejedolnoslaskie.pl\\\/en\\\/?s={search_term_string}\"},\"query-input\":{\"@type\":\"PropertyValueSpecification\",\"valueRequired\":true,\"valueName\":\"search_term_string\"}}],\"inLanguage\":\"en-US\"}]}<\/script>\n<!-- \/ Yoast SEO plugin. -->","yoast_head_json":{"title":"Transporting pets on the train | Koleje Dolno\u015bl\u0105skie","description":"Transporting pets like dogs, cats on Koleje Dolno\u015bl\u0105skie trains \u27a4 Check the rules for travelling with cats and dogs on KD trains.","robots":{"index":"index","follow":"follow","max-snippet":"max-snippet:-1","max-image-preview":"max-image-preview:large","max-video-preview":"max-video-preview:-1"},"canonical":"https:\/\/kolejedolnoslaskie.pl\/en\/for-travellers\/travelling-with-pets-and-luggage\/transporting-pets\/","og_locale":"en_US","og_type":"article","og_title":"Transporting pets on the train | Koleje Dolno\u015bl\u0105skie","og_description":"Transporting pets like dogs, cats on Koleje Dolno\u015bl\u0105skie trains \u27a4 Check the rules for travelling with cats and dogs on KD trains.","og_url":"https:\/\/kolejedolnoslaskie.pl\/en\/for-travellers\/travelling-with-pets-and-luggage\/transporting-pets\/","og_site_name":"Koleje Dolno\u015bl\u0105skie","article_modified_time":"2025-04-29T11:40:21+00:00","twitter_card":"summary_large_image","schema":{"@context":"https:\/\/schema.org","@graph":[{"@type":"WebPage","@id":"https:\/\/kolejedolnoslaskie.pl\/en\/for-travellers\/travelling-with-pets-and-luggage\/transporting-pets\/","url":"https:\/\/kolejedolnoslaskie.pl\/en\/for-travellers\/travelling-with-pets-and-luggage\/transporting-pets\/","name":"Transporting pets on the train | Koleje Dolno\u015bl\u0105skie","isPartOf":{"@id":"https:\/\/kolejedolnoslaskie.pl\/en\/#website"},"datePublished":"2019-08-09T08:37:38+00:00","dateModified":"2025-04-29T11:40:21+00:00","description":"Transporting pets like dogs, cats on Koleje Dolno\u015bl\u0105skie trains \u27a4 Check the rules for travelling with cats and dogs on KD trains.","breadcrumb":{"@id":"https:\/\/kolejedolnoslaskie.pl\/en\/for-travellers\/travelling-with-pets-and-luggage\/transporting-pets\/#breadcrumb"},"inLanguage":"en-US","potentialAction":[{"@type":"ReadAction","target":["https:\/\/kolejedolnoslaskie.pl\/en\/for-travellers\/travelling-with-pets-and-luggage\/transporting-pets\/"]}]},{"@type":"BreadcrumbList","@id":"https:\/\/kolejedolnoslaskie.pl\/en\/for-travellers\/travelling-with-pets-and-luggage\/transporting-pets\/#breadcrumb","itemListElement":[{"@type":"ListItem","position":1,"name":"Main site","item":"https:\/\/kolejedolnoslaskie.pl\/en\/"},{"@type":"ListItem","position":2,"name":"For travellers","item":"https:\/\/kolejedolnoslaskie.pl\/en\/for-travellers\/"},{"@type":"ListItem","position":3,"name":"Travelling with Pets and Luggage","item":"https:\/\/kolejedolnoslaskie.pl\/en\/for-travellers\/travelling-with-pets-and-luggage\/"},{"@type":"ListItem","position":4,"name":"Transporting pets"}]},{"@type":"WebSite","@id":"https:\/\/kolejedolnoslaskie.pl\/en\/#website","url":"https:\/\/kolejedolnoslaskie.pl\/en\/","name":"Koleje Dolno\u015bl\u0105skie","description":"Koleje Dolno\u015bl\u0105skie","potentialAction":[{"@type":"SearchAction","target":{"@type":"EntryPoint","urlTemplate":"https:\/\/kolejedolnoslaskie.pl\/en\/?s={search_term_string}"},"query-input":{"@type":"PropertyValueSpecification","valueRequired":true,"valueName":"search_term_string"}}],"inLanguage":"en-US"}]}},"_links":{"self":[{"href":"https:\/\/kolejedolnoslaskie.pl\/en\/wp-json\/wp\/v2\/pages\/81484","targetHints":{"allow":["GET"]}}],"collection":[{"href":"https:\/\/kolejedolnoslaskie.pl\/en\/wp-json\/wp\/v2\/pages"}],"about":[{"href":"https:\/\/kolejedolnoslaskie.pl\/en\/wp-json\/wp\/v2\/types\/page"}],"author":[{"embeddable":true,"href":"https:\/\/kolejedolnoslaskie.pl\/en\/wp-json\/wp\/v2\/users\/46"}],"replies":[{"embeddable":true,"href":"https:\/\/kolejedolnoslaskie.pl\/en\/wp-json\/wp\/v2\/comments?post=81484"}],"version-history":[{"count":1,"href":"https:\/\/kolejedolnoslaskie.pl\/en\/wp-json\/wp\/v2\/pages\/81484\/revisions"}],"predecessor-version":[{"id":81487,"href":"https:\/\/kolejedolnoslaskie.pl\/en\/wp-json\/wp\/v2\/pages\/81484\/revisions\/81487"}],"up":[{"embeddable":true,"href":"https:\/\/kolejedolnoslaskie.pl\/en\/wp-json\/wp\/v2\/pages\/81491"}],"wp:attachment":[{"href":"https:\/\/kolejedolnoslaskie.pl\/en\/wp-json\/wp\/v2\/media?parent=81484"}],"wp:term":[{"taxonomy":"page-category","embeddable":true,"href":"https:\/\/kolejedolnoslaskie.pl\/en\/wp-json\/wp\/v2\/page-category?post=81484"}],"curies":[{"name":"wp","href":"https:\/\/api.w.org\/{rel}","templated":true}]}}