{"id":81479,"date":"2018-08-28T15:58:32","date_gmt":"2018-08-28T13:58:32","guid":{"rendered":"https:\/\/kolejedolnoslaskie.pl\/przewoz-rowerow\/"},"modified":"2026-03-24T10:03:49","modified_gmt":"2026-03-24T09:03:49","slug":"transporting-a-bicycle","status":"publish","type":"page","link":"https:\/\/kolejedolnoslaskie.pl\/en\/for-travellers\/transporting-a-bicycle\/","title":{"rendered":"Transporting a bicycle"},"content":{"rendered":"","protected":false},"excerpt":{"rendered":"","protected":false},"author":43,"featured_media":0,"parent":81518,"menu_order":0,"comment_status":"closed","ping_status":"closed","template":"page-pressroom.php","meta":{"_acf_changed":false,"inline_featured_image":false,"footnotes":""},"page-category":[],"class_list":["post-81479","page","type-page","status-publish","hentry"],"acf":{"lista_komponentow_strony":[{"acf_fc_layout":"hero_baner","maska":"dol","foto":74877,"foto_mobile":null,"pozycjonowanie_zdjecia":"2","tytul":"Transporting a bicycle by train","subtytul":"","przycisk_cena":"","przycisk_opis":"","przycisk_cta_url":"","wysokosc":500},{"acf_fc_layout":"back_to_prev"},{"acf_fc_layout":"text_field_module","pole_tekstowe":"Koleje Dolno\u015bl\u0105skie, as a regional carrier, also cares for cyclists by providing them with the opportunity for trouble-free travel. In our vehicles, it is possible to transport bicycles, but we rely on the owners of bicycles to respect the rules of their transport. How to transport a bicycle by train, what to pay attention to when planning your trip, and what is the cost of transporting bicycles on the train \u2013 we present everything below."},{"acf_fc_layout":"text_field_module","pole_tekstowe":"<h2 style=\"text-align: justify;\">How do you transport a bicycle by train?<\/h2>\r\nTransporting a bicycle on the train requires a designated area for it. Before entering the vehicle, you should inform the train attendant team that you intend to transport a bicycle on the train. The team will indicate the appropriate place in the vehicle. If there are no available spaces or if the transport of the bicycle poses a safety risk to the trip or passengers, the team may refuse to transport the bicycle.\r\n<p style=\"text-align: justify;\">Bicycles can be transported on the train in both folded and unfolded states. In the first case, the train must have an area adapted for transporting bicycles. Passengers intending to transport bicycles on the train should check the availability of such space before the trip. A folded bicycle is treated as larger hand luggage and is transported in the designated area for such luggage. However, it should be remembered that in this case, the bicycle must be packed in a cover<\/p>\r\n\r\n<h3><strong>How much does it cost to transport a bicycle by train?<\/strong><\/h3>\r\nThe fee for transporting a bicycle by Koleje Dolno\u015bl\u0105skie in line with the ticket for the trip is 8.20 PLN \u2013 the same as on POLREGIO trains. This ticket is honoured by this carrier. For the return trip, a separate ticket is issued.\r\n\r\nFor the offers \u2018Weekend with KD\u2019,\u00a0 \u2018Wsp\u00f3lny Bilet Samorz\u0105dowy\u2019, the price for transporting a bicycle by train is 12.00 PLN (separately for each day of transport). As part of these offers, the bicycle ticket will be honoured only on KD trains.\r\n\r\nMonthly network tickets for transporting bicycles by train (priced at 82.40 PLN) are honoured both on Koleje Dolno\u015bl\u0105skie and POLREGIO trains.\r\n\r\nYou can purchase a ticket at KD ticket offices and ticket machines, at the BOK at the main station in Wroc\u0142aw, directly on the train from the conductor, or online. How do I buy a bicycle ticket online? When purchasing a ticket for the trip, simply select the icon with the bicycle symbol. The system will automatically add a bicycle ticket and calculate the appropriate fee.\r\n<h3 style=\"text-align: justify;\">Bicycles on the train \u2013 Additional information:<\/h3>\r\n<ol>\r\n \t<li>One passenger can bring one bicycle with them.<\/li>\r\n \t<li>The bicycle is transported based on a bicycle ticket<\/li>\r\n \t<li>The area designated for passengers with larger hand luggage is located:\r\n<ol>\r\n \t<li>in rail buses: in the middle part of the train;<\/li>\r\n \t<li>in \u2018IMPULS\u2019 electric multiple units: at the front or rear of the train, and in the newest five-car units (45WE) \u2013 in the middle part of the train.<\/li>\r\n<\/ol>\r\n<\/li>\r\n<\/ol>\r\n<p style=\"text-align: justify;\"><em>The train attendant team, after being notified that you intend to transport a bicycle on the train, will indicate the appropriate place in the vehicle. If there are no available spaces or if the transport of the bicycle poses a safety risk to the trip or passengers, the team may refuse to transport the bicycle.<\/em><\/p>\r\n\r\n<ol start=\"4\">\r\n \t<li>The transport of bicycles by train is carried out under the supervision of the passenger. The bicycle should not inconvenience other passengers or cause damage or dirtiness to the train carriage<\/li>\r\n \t<li>When purchasing a ticket or presenting a ticket for the trip, the passenger can buy a bicycle transport ticket with a flat-rate fee. You can check the exact cost of transporting a bicycle by train in the Price List.<\/li>\r\n \t<li>-On the train, the conductor issues a ticket to the passenger transporting the bicycle on the train, collecting a flat-rate fee (independent of distance) for one-time bicycle transport.<\/li>\r\n \t<li>Passengers travelling with bicycles are treated as people with reduced mobility during transport and are exempt from the obligation to report the lack of a ticket for the trip\/transport.<\/li>\r\n \t<li>Bicycles transported on the train in a folded state AND simultaneously in a cover are not subject to a transport fee, and the passenger is treated as a person with hand luggage.<\/li>\r\n<\/ol>"}]},"yoast_head":"<!-- This site is optimized with the Yoast SEO plugin v27.4 - https:\/\/yoast.com\/product\/yoast-seo-wordpress\/ -->\n<title>Transporting a bicycle by train | Koleje Dolno\u015bl\u0105skie<\/title>\n<meta name=\"description\" content=\"How to travel with your bike on KD trains? Find out about bike ticket prices, rules, and where to store your bicycle during the journey.\" \/>\n<meta name=\"robots\" content=\"index, follow, max-snippet:-1, max-image-preview:large, max-video-preview:-1\" \/>\n<link rel=\"canonical\" href=\"https:\/\/kolejedolnoslaskie.pl\/en\/for-travellers\/transporting-a-bicycle\/\" \/>\n<meta property=\"og:locale\" content=\"en_US\" \/>\n<meta property=\"og:type\" content=\"article\" \/>\n<meta property=\"og:title\" content=\"Transporting a bicycle by train | Koleje Dolno\u015bl\u0105skie\" \/>\n<meta property=\"og:description\" content=\"How to travel with your bike on KD trains? Find out about bike ticket prices, rules, and where to store your bicycle during the journey.\" \/>\n<meta property=\"og:url\" content=\"https:\/\/kolejedolnoslaskie.pl\/en\/for-travellers\/transporting-a-bicycle\/\" \/>\n<meta property=\"og:site_name\" content=\"Koleje Dolno\u015bl\u0105skie\" \/>\n<meta property=\"article:modified_time\" content=\"2026-03-24T09:03:49+00:00\" \/>\n<meta name=\"twitter:card\" content=\"summary_large_image\" \/>\n<script type=\"application\/ld+json\" class=\"yoast-schema-graph\">{\"@context\":\"https:\\\/\\\/schema.org\",\"@graph\":[{\"@type\":\"WebPage\",\"@id\":\"https:\\\/\\\/kolejedolnoslaskie.pl\\\/en\\\/for-travellers\\\/transporting-a-bicycle\\\/\",\"url\":\"https:\\\/\\\/kolejedolnoslaskie.pl\\\/en\\\/for-travellers\\\/transporting-a-bicycle\\\/\",\"name\":\"Transporting a bicycle by train | Koleje Dolno\u015bl\u0105skie\",\"isPartOf\":{\"@id\":\"https:\\\/\\\/kolejedolnoslaskie.pl\\\/en\\\/#website\"},\"datePublished\":\"2018-08-28T13:58:32+00:00\",\"dateModified\":\"2026-03-24T09:03:49+00:00\",\"description\":\"How to travel with your bike on KD trains? Find out about bike ticket prices, rules, and where to store your bicycle during the journey.\",\"breadcrumb\":{\"@id\":\"https:\\\/\\\/kolejedolnoslaskie.pl\\\/en\\\/for-travellers\\\/transporting-a-bicycle\\\/#breadcrumb\"},\"inLanguage\":\"en-US\",\"potentialAction\":[{\"@type\":\"ReadAction\",\"target\":[\"https:\\\/\\\/kolejedolnoslaskie.pl\\\/en\\\/for-travellers\\\/transporting-a-bicycle\\\/\"]}]},{\"@type\":\"BreadcrumbList\",\"@id\":\"https:\\\/\\\/kolejedolnoslaskie.pl\\\/en\\\/for-travellers\\\/transporting-a-bicycle\\\/#breadcrumb\",\"itemListElement\":[{\"@type\":\"ListItem\",\"position\":1,\"name\":\"Main site\",\"item\":\"https:\\\/\\\/kolejedolnoslaskie.pl\\\/en\\\/\"},{\"@type\":\"ListItem\",\"position\":2,\"name\":\"For travellers\",\"item\":\"https:\\\/\\\/kolejedolnoslaskie.pl\\\/en\\\/for-travellers\\\/\"},{\"@type\":\"ListItem\",\"position\":3,\"name\":\"Transporting a bicycle\"}]},{\"@type\":\"WebSite\",\"@id\":\"https:\\\/\\\/kolejedolnoslaskie.pl\\\/en\\\/#website\",\"url\":\"https:\\\/\\\/kolejedolnoslaskie.pl\\\/en\\\/\",\"name\":\"Koleje Dolno\u015bl\u0105skie\",\"description\":\"Koleje Dolno\u015bl\u0105skie\",\"potentialAction\":[{\"@type\":\"SearchAction\",\"target\":{\"@type\":\"EntryPoint\",\"urlTemplate\":\"https:\\\/\\\/kolejedolnoslaskie.pl\\\/en\\\/?s={search_term_string}\"},\"query-input\":{\"@type\":\"PropertyValueSpecification\",\"valueRequired\":true,\"valueName\":\"search_term_string\"}}],\"inLanguage\":\"en-US\"}]}<\/script>\n<!-- \/ Yoast SEO plugin. -->","yoast_head_json":{"title":"Transporting a bicycle by train | Koleje Dolno\u015bl\u0105skie","description":"How to travel with your bike on KD trains? Find out about bike ticket prices, rules, and where to store your bicycle during the journey.","robots":{"index":"index","follow":"follow","max-snippet":"max-snippet:-1","max-image-preview":"max-image-preview:large","max-video-preview":"max-video-preview:-1"},"canonical":"https:\/\/kolejedolnoslaskie.pl\/en\/for-travellers\/transporting-a-bicycle\/","og_locale":"en_US","og_type":"article","og_title":"Transporting a bicycle by train | Koleje Dolno\u015bl\u0105skie","og_description":"How to travel with your bike on KD trains? Find out about bike ticket prices, rules, and where to store your bicycle during the journey.","og_url":"https:\/\/kolejedolnoslaskie.pl\/en\/for-travellers\/transporting-a-bicycle\/","og_site_name":"Koleje Dolno\u015bl\u0105skie","article_modified_time":"2026-03-24T09:03:49+00:00","twitter_card":"summary_large_image","schema":{"@context":"https:\/\/schema.org","@graph":[{"@type":"WebPage","@id":"https:\/\/kolejedolnoslaskie.pl\/en\/for-travellers\/transporting-a-bicycle\/","url":"https:\/\/kolejedolnoslaskie.pl\/en\/for-travellers\/transporting-a-bicycle\/","name":"Transporting a bicycle by train | Koleje Dolno\u015bl\u0105skie","isPartOf":{"@id":"https:\/\/kolejedolnoslaskie.pl\/en\/#website"},"datePublished":"2018-08-28T13:58:32+00:00","dateModified":"2026-03-24T09:03:49+00:00","description":"How to travel with your bike on KD trains? Find out about bike ticket prices, rules, and where to store your bicycle during the journey.","breadcrumb":{"@id":"https:\/\/kolejedolnoslaskie.pl\/en\/for-travellers\/transporting-a-bicycle\/#breadcrumb"},"inLanguage":"en-US","potentialAction":[{"@type":"ReadAction","target":["https:\/\/kolejedolnoslaskie.pl\/en\/for-travellers\/transporting-a-bicycle\/"]}]},{"@type":"BreadcrumbList","@id":"https:\/\/kolejedolnoslaskie.pl\/en\/for-travellers\/transporting-a-bicycle\/#breadcrumb","itemListElement":[{"@type":"ListItem","position":1,"name":"Main site","item":"https:\/\/kolejedolnoslaskie.pl\/en\/"},{"@type":"ListItem","position":2,"name":"For travellers","item":"https:\/\/kolejedolnoslaskie.pl\/en\/for-travellers\/"},{"@type":"ListItem","position":3,"name":"Transporting a bicycle"}]},{"@type":"WebSite","@id":"https:\/\/kolejedolnoslaskie.pl\/en\/#website","url":"https:\/\/kolejedolnoslaskie.pl\/en\/","name":"Koleje Dolno\u015bl\u0105skie","description":"Koleje Dolno\u015bl\u0105skie","potentialAction":[{"@type":"SearchAction","target":{"@type":"EntryPoint","urlTemplate":"https:\/\/kolejedolnoslaskie.pl\/en\/?s={search_term_string}"},"query-input":{"@type":"PropertyValueSpecification","valueRequired":true,"valueName":"search_term_string"}}],"inLanguage":"en-US"}]}},"_links":{"self":[{"href":"https:\/\/kolejedolnoslaskie.pl\/en\/wp-json\/wp\/v2\/pages\/81479","targetHints":{"allow":["GET"]}}],"collection":[{"href":"https:\/\/kolejedolnoslaskie.pl\/en\/wp-json\/wp\/v2\/pages"}],"about":[{"href":"https:\/\/kolejedolnoslaskie.pl\/en\/wp-json\/wp\/v2\/types\/page"}],"author":[{"embeddable":true,"href":"https:\/\/kolejedolnoslaskie.pl\/en\/wp-json\/wp\/v2\/users\/43"}],"replies":[{"embeddable":true,"href":"https:\/\/kolejedolnoslaskie.pl\/en\/wp-json\/wp\/v2\/comments?post=81479"}],"version-history":[{"count":5,"href":"https:\/\/kolejedolnoslaskie.pl\/en\/wp-json\/wp\/v2\/pages\/81479\/revisions"}],"predecessor-version":[{"id":105208,"href":"https:\/\/kolejedolnoslaskie.pl\/en\/wp-json\/wp\/v2\/pages\/81479\/revisions\/105208"}],"up":[{"embeddable":true,"href":"https:\/\/kolejedolnoslaskie.pl\/en\/wp-json\/wp\/v2\/pages\/81518"}],"wp:attachment":[{"href":"https:\/\/kolejedolnoslaskie.pl\/en\/wp-json\/wp\/v2\/media?parent=81479"}],"wp:term":[{"taxonomy":"page-category","embeddable":true,"href":"https:\/\/kolejedolnoslaskie.pl\/en\/wp-json\/wp\/v2\/page-category?post=81479"}],"curies":[{"name":"wp","href":"https:\/\/api.w.org\/{rel}","templated":true}]}}