{"id":81476,"date":"2019-08-09T10:31:58","date_gmt":"2019-08-09T08:31:58","guid":{"rendered":"https:\/\/kolejedolnoslaskie.pl\/przewoz-rzeczy\/"},"modified":"2025-04-29T12:34:37","modified_gmt":"2025-04-29T10:34:37","slug":"carriage-of-luggage","status":"publish","type":"page","link":"https:\/\/kolejedolnoslaskie.pl\/en\/for-travellers\/travelling-with-pets-and-luggage\/carriage-of-luggage\/","title":{"rendered":"Carriage of luggage"},"content":{"rendered":"","protected":false},"excerpt":{"rendered":"","protected":false},"author":46,"featured_media":0,"parent":81491,"menu_order":0,"comment_status":"closed","ping_status":"closed","template":"","meta":{"_acf_changed":false,"inline_featured_image":false,"footnotes":""},"page-category":[],"class_list":["post-81476","page","type-page","status-publish","hentry"],"acf":{"lista_komponentow_strony":[{"acf_fc_layout":"hero_baner","maska":"dol","foto":74841,"foto_mobile":"","pozycjonowanie_zdjecia":"2","tytul":"Carriage of luggage","subtytul":"","przycisk_cena":"","przycisk_opis":"","przycisk_cta_url":"","wysokosc":500},{"acf_fc_layout":"back_to_prev"},{"acf_fc_layout":"text_field_module","pole_tekstowe":"<strong>Conditions for the carriage of items brought by passengers.<\/strong>\r\n<ol>\r\n \t<li>The passenger may bring items aboard Koleje Dolno\u015bl\u0105skie S.A. trains and transport them under their own supervision, with the exception of:<\/li>\r\n<\/ol>\r\n<ul>\r\n \t<li>items that may cause harm to other passengers through<\/li>\r\n \t<li>contamination or damage to their person or property, or may damage or contaminate the vehicle (e.g. sharp tools, objects with sharp edges, or open containers of greases, paints, etc.);<\/li>\r\n \t<li>items that may cause inconvenience to other passengers or expose them to discomfort;<\/li>\r\n \t<li>items that are smelly, flammable, combustible, explosive, or other dangerous materials;<\/li>\r\n \t<li>items causing a feeling of disgust;<\/li>\r\n \t<li>corpses and human remains;<\/li>\r\n \t<li>items whose transport is prohibited by separate legal regulations;<\/li>\r\n \t<li>vehicles with internal combustion engines.<\/li>\r\n<\/ul>\r\n<ol start=\"2\">\r\n \t<li>The passenger is obliged to supervise the items they carry with them and is responsible for any damage caused to other passengers or KD in this regard. The carrier is liable if the damage occurred through their fault.<\/li>\r\n \t<li>If a passenger is found transporting items prohibited for transport, the train attendant team certifies the use of the ticket for the trip segment and collects an additional fee for violating the regulations on the transport of excluded items, established based on the regulation of the Minister of Infrastructure dated 20 January 2005 (in case of refusal to pay the fee, a summons is issued). At the next train station stop, the passenger must leave the train along with these items. The ticket is refundable, after deducting a 10% handling fee.<\/li>\r\n \t<li>The passenger may transport items whose properties, packaging, volume, and weight allow for easy and risk-free handling and placement in designated areas.<\/li>\r\n \t<li>Luggage carried under the passenger\u2019s supervision may be inspected\/checked by authorities authorised to do so based on separate regulations and according to the rules specified therein.<\/li>\r\n \t<li>Free transport of items takes place according to the rules specified in the TP-KD (\u00a7 35).<\/li>\r\n<\/ol>"},{"acf_fc_layout":"attachments_module","attachments_module_files":[{"attachments_module_files_name":"Conditions for the transport of goods (RP-KD, \u00a7 20) (effective from 23 July 2022)","attachments_module_files_file":78437},{"attachments_module_files_name":"Conditions for the transport of goods (RP-KD, \u00a7 20)","attachments_module_files_file":75845},{"attachments_module_files_name":"Rules for free transport of goods (TP-KD, \u00a7 35)","attachments_module_files_file":75846}]}]},"yoast_head":"<!-- This site is optimized with the Yoast SEO plugin v27.5 - https:\/\/yoast.com\/product\/yoast-seo-wordpress\/ -->\n<title>Carriage of luggage - Koleje Dolno\u015bl\u0105skie<\/title>\n<meta name=\"description\" content=\"Find out how to travel with luggage on KD trains. Learn about size limits, permitted items, and rules for transporting personal belongings\" \/>\n<meta name=\"robots\" content=\"index, follow, max-snippet:-1, max-image-preview:large, max-video-preview:-1\" \/>\n<link rel=\"canonical\" href=\"https:\/\/kolejedolnoslaskie.pl\/en\/for-travellers\/travelling-with-pets-and-luggage\/carriage-of-luggage\/\" \/>\n<meta property=\"og:locale\" content=\"en_US\" \/>\n<meta property=\"og:type\" content=\"article\" \/>\n<meta property=\"og:title\" content=\"Carriage of luggage - Koleje Dolno\u015bl\u0105skie\" \/>\n<meta property=\"og:description\" content=\"Find out how to travel with luggage on KD trains. Learn about size limits, permitted items, and rules for transporting personal belongings\" \/>\n<meta property=\"og:url\" content=\"https:\/\/kolejedolnoslaskie.pl\/en\/for-travellers\/travelling-with-pets-and-luggage\/carriage-of-luggage\/\" \/>\n<meta property=\"og:site_name\" content=\"Koleje Dolno\u015bl\u0105skie\" \/>\n<meta property=\"article:modified_time\" content=\"2025-04-29T10:34:37+00:00\" \/>\n<meta name=\"twitter:card\" content=\"summary_large_image\" \/>\n<script type=\"application\/ld+json\" class=\"yoast-schema-graph\">{\"@context\":\"https:\\\/\\\/schema.org\",\"@graph\":[{\"@type\":\"WebPage\",\"@id\":\"https:\\\/\\\/kolejedolnoslaskie.pl\\\/en\\\/for-travellers\\\/travelling-with-pets-and-luggage\\\/carriage-of-luggage\\\/\",\"url\":\"https:\\\/\\\/kolejedolnoslaskie.pl\\\/en\\\/for-travellers\\\/travelling-with-pets-and-luggage\\\/carriage-of-luggage\\\/\",\"name\":\"Carriage of luggage - Koleje Dolno\u015bl\u0105skie\",\"isPartOf\":{\"@id\":\"https:\\\/\\\/kolejedolnoslaskie.pl\\\/en\\\/#website\"},\"datePublished\":\"2019-08-09T08:31:58+00:00\",\"dateModified\":\"2025-04-29T10:34:37+00:00\",\"description\":\"Find out how to travel with luggage on KD trains. Learn about size limits, permitted items, and rules for transporting personal belongings\",\"breadcrumb\":{\"@id\":\"https:\\\/\\\/kolejedolnoslaskie.pl\\\/en\\\/for-travellers\\\/travelling-with-pets-and-luggage\\\/carriage-of-luggage\\\/#breadcrumb\"},\"inLanguage\":\"en-US\",\"potentialAction\":[{\"@type\":\"ReadAction\",\"target\":[\"https:\\\/\\\/kolejedolnoslaskie.pl\\\/en\\\/for-travellers\\\/travelling-with-pets-and-luggage\\\/carriage-of-luggage\\\/\"]}]},{\"@type\":\"BreadcrumbList\",\"@id\":\"https:\\\/\\\/kolejedolnoslaskie.pl\\\/en\\\/for-travellers\\\/travelling-with-pets-and-luggage\\\/carriage-of-luggage\\\/#breadcrumb\",\"itemListElement\":[{\"@type\":\"ListItem\",\"position\":1,\"name\":\"Main site\",\"item\":\"https:\\\/\\\/kolejedolnoslaskie.pl\\\/en\\\/\"},{\"@type\":\"ListItem\",\"position\":2,\"name\":\"Carriage of luggage\"}]},{\"@type\":\"WebSite\",\"@id\":\"https:\\\/\\\/kolejedolnoslaskie.pl\\\/en\\\/#website\",\"url\":\"https:\\\/\\\/kolejedolnoslaskie.pl\\\/en\\\/\",\"name\":\"Koleje Dolno\u015bl\u0105skie\",\"description\":\"Koleje Dolno\u015bl\u0105skie\",\"potentialAction\":[{\"@type\":\"SearchAction\",\"target\":{\"@type\":\"EntryPoint\",\"urlTemplate\":\"https:\\\/\\\/kolejedolnoslaskie.pl\\\/en\\\/?s={search_term_string}\"},\"query-input\":{\"@type\":\"PropertyValueSpecification\",\"valueRequired\":true,\"valueName\":\"search_term_string\"}}],\"inLanguage\":\"en-US\"}]}<\/script>\n<!-- \/ Yoast SEO plugin. -->","yoast_head_json":{"title":"Carriage of luggage - Koleje Dolno\u015bl\u0105skie","description":"Find out how to travel with luggage on KD trains. Learn about size limits, permitted items, and rules for transporting personal belongings","robots":{"index":"index","follow":"follow","max-snippet":"max-snippet:-1","max-image-preview":"max-image-preview:large","max-video-preview":"max-video-preview:-1"},"canonical":"https:\/\/kolejedolnoslaskie.pl\/en\/for-travellers\/travelling-with-pets-and-luggage\/carriage-of-luggage\/","og_locale":"en_US","og_type":"article","og_title":"Carriage of luggage - Koleje Dolno\u015bl\u0105skie","og_description":"Find out how to travel with luggage on KD trains. Learn about size limits, permitted items, and rules for transporting personal belongings","og_url":"https:\/\/kolejedolnoslaskie.pl\/en\/for-travellers\/travelling-with-pets-and-luggage\/carriage-of-luggage\/","og_site_name":"Koleje Dolno\u015bl\u0105skie","article_modified_time":"2025-04-29T10:34:37+00:00","twitter_card":"summary_large_image","schema":{"@context":"https:\/\/schema.org","@graph":[{"@type":"WebPage","@id":"https:\/\/kolejedolnoslaskie.pl\/en\/for-travellers\/travelling-with-pets-and-luggage\/carriage-of-luggage\/","url":"https:\/\/kolejedolnoslaskie.pl\/en\/for-travellers\/travelling-with-pets-and-luggage\/carriage-of-luggage\/","name":"Carriage of luggage - Koleje Dolno\u015bl\u0105skie","isPartOf":{"@id":"https:\/\/kolejedolnoslaskie.pl\/en\/#website"},"datePublished":"2019-08-09T08:31:58+00:00","dateModified":"2025-04-29T10:34:37+00:00","description":"Find out how to travel with luggage on KD trains. Learn about size limits, permitted items, and rules for transporting personal belongings","breadcrumb":{"@id":"https:\/\/kolejedolnoslaskie.pl\/en\/for-travellers\/travelling-with-pets-and-luggage\/carriage-of-luggage\/#breadcrumb"},"inLanguage":"en-US","potentialAction":[{"@type":"ReadAction","target":["https:\/\/kolejedolnoslaskie.pl\/en\/for-travellers\/travelling-with-pets-and-luggage\/carriage-of-luggage\/"]}]},{"@type":"BreadcrumbList","@id":"https:\/\/kolejedolnoslaskie.pl\/en\/for-travellers\/travelling-with-pets-and-luggage\/carriage-of-luggage\/#breadcrumb","itemListElement":[{"@type":"ListItem","position":1,"name":"Main site","item":"https:\/\/kolejedolnoslaskie.pl\/en\/"},{"@type":"ListItem","position":2,"name":"Carriage of luggage"}]},{"@type":"WebSite","@id":"https:\/\/kolejedolnoslaskie.pl\/en\/#website","url":"https:\/\/kolejedolnoslaskie.pl\/en\/","name":"Koleje Dolno\u015bl\u0105skie","description":"Koleje Dolno\u015bl\u0105skie","potentialAction":[{"@type":"SearchAction","target":{"@type":"EntryPoint","urlTemplate":"https:\/\/kolejedolnoslaskie.pl\/en\/?s={search_term_string}"},"query-input":{"@type":"PropertyValueSpecification","valueRequired":true,"valueName":"search_term_string"}}],"inLanguage":"en-US"}]}},"_links":{"self":[{"href":"https:\/\/kolejedolnoslaskie.pl\/en\/wp-json\/wp\/v2\/pages\/81476","targetHints":{"allow":["GET"]}}],"collection":[{"href":"https:\/\/kolejedolnoslaskie.pl\/en\/wp-json\/wp\/v2\/pages"}],"about":[{"href":"https:\/\/kolejedolnoslaskie.pl\/en\/wp-json\/wp\/v2\/types\/page"}],"author":[{"embeddable":true,"href":"https:\/\/kolejedolnoslaskie.pl\/en\/wp-json\/wp\/v2\/users\/46"}],"replies":[{"embeddable":true,"href":"https:\/\/kolejedolnoslaskie.pl\/en\/wp-json\/wp\/v2\/comments?post=81476"}],"version-history":[{"count":2,"href":"https:\/\/kolejedolnoslaskie.pl\/en\/wp-json\/wp\/v2\/pages\/81476\/revisions"}],"predecessor-version":[{"id":81478,"href":"https:\/\/kolejedolnoslaskie.pl\/en\/wp-json\/wp\/v2\/pages\/81476\/revisions\/81478"}],"up":[{"embeddable":true,"href":"https:\/\/kolejedolnoslaskie.pl\/en\/wp-json\/wp\/v2\/pages\/81491"}],"wp:attachment":[{"href":"https:\/\/kolejedolnoslaskie.pl\/en\/wp-json\/wp\/v2\/media?parent=81476"}],"wp:term":[{"taxonomy":"page-category","embeddable":true,"href":"https:\/\/kolejedolnoslaskie.pl\/en\/wp-json\/wp\/v2\/page-category?post=81476"}],"curies":[{"name":"wp","href":"https:\/\/api.w.org\/{rel}","templated":true}]}}