{"id":81473,"date":"2018-08-29T10:19:14","date_gmt":"2018-08-29T08:19:14","guid":{"rendered":"https:\/\/kolejedolnoslaskie.pl\/weekendy-w-forst\/"},"modified":"2025-04-29T12:31:28","modified_gmt":"2025-04-29T10:31:28","slug":"weekends-in-forst","status":"publish","type":"page","link":"https:\/\/kolejedolnoslaskie.pl\/en\/tariff-offers\/weekends-in-forst\/","title":{"rendered":"Weekends in Forst"},"content":{"rendered":"","protected":false},"excerpt":{"rendered":"","protected":false},"author":46,"featured_media":0,"parent":81498,"menu_order":0,"comment_status":"closed","ping_status":"closed","template":"page-rozklad-bilety.php","meta":{"_acf_changed":false,"inline_featured_image":false,"footnotes":""},"page-category":[],"class_list":["post-81473","page","type-page","status-publish","hentry"],"acf":{"lista_komponentow_strony":[{"acf_fc_layout":"hero_baner","maska":"dol","foto":74916,"foto_mobile":"","pozycjonowanie_zdjecia":"2","tytul":"Weekends in Forst","subtytul":"","przycisk_cena":"","przycisk_opis":"","przycisk_cta_url":"","wysokosc":500},{"acf_fc_layout":"text_field_module","pole_tekstowe":"<strong>To travel to the Forst (Lausitz) station on direct KD trains from Wroc\u0142aw, it is sufficient to purchase a national ticket according to the TP-KD Transport Tariff, based on the national special offer (e.g., \u2018Together with KD\u2019, \u2018Senior 60+\u2019), or according to the national offer honoured on KD trains for the route to Zasieki station, along with an additional \u2018Poland-Germany Border Ticket\u2019.<\/strong>\r\n\r\nThe price of a one-way border ticket is <strong>5.00 PLN<\/strong>. When travelling towards Poland, it is sufficient to purchase the \u2018Poland-Germany Border Ticket\u2019 from the KD conductor, along with a Polish national ticket for the route from Zasieki station to the selected station in Poland.\r\n\r\nIf you purchase a ticket within Germany from Deutsche Bahn\u2019s sales network, the transaction is based on the international SCIC-NRT tariff (the price of a single ticket from Forst (Lausitz) to Wroc\u0142aw G\u0142\u00f3wny, depending on the current exchange rate, is approximately 120 PLN, while to Legnica it is about 100 PLN). You can find the current ticket prices in the German sales network on the Deutsche Bahn website &gt; &gt; &gt;\r\n\r\n<strong>On the border section between Zasieki and Forst (Lausitz), holders of the following tickets can travel multiple times in any direction without incurring additional charges (according to the ticket\u2019s validity period):<\/strong>\r\n<ul>\r\n \t<li><a href=\"https:\/\/kolejedolnoslaskie.pl\/oferty-taryfowe\/dolnoslaski-bilet-weekendowy\/\" target=\"_blank\" rel=\"noopener\">Weekend with KD<\/a>,<\/li>\r\n \t<li><a href=\"https:\/\/kolejedolnoslaskie.pl\/oferty-taryfowe\/bilet-miesieczny-sieciowy-imienny\/\" target=\"_blank\" rel=\"noopener\">Monthly KD network ticket<\/a>,<\/li>\r\n \t<li>monthly network ticket for transporting bicycles,<\/li>\r\n \t<li>Brandenburg-Berlin-Ticket,<\/li>\r\n \t<li>Sch\u00f6nes-Wochenende-Ticket,<\/li>\r\n \t<li>DB daily ticket for transporting bicycles.<\/li>\r\n<\/ul>\r\n<strong>The above rules do not apply to the \u2018Culture Train\u2019 connection Wroc\u0142aw \u2013 Berlin \u2013 Wroc\u0142aw, where only a special tariff applies.<\/strong>"},{"acf_fc_layout":"attachments_module","attachments_module_files":[{"attachments_module_files_name":"Regulations of the \u2018Poland-Germany Border Ticket\u2019 offer (effective from 01.10.2024 r.)","attachments_module_files_file":80377}]}]},"yoast_head":"<!-- This site is optimized with the Yoast SEO plugin v27.5 - https:\/\/yoast.com\/product\/yoast-seo-wordpress\/ -->\n<title>Weekends in Forst | Koleje Dolno\u015bl\u0105skie<\/title>\n<meta name=\"description\" content=\"Spend a weekend in Forst, Germany with Koleje Dolno\u015bl\u0105skie \u2713 Tickets integrated with German rail operator DB.\" \/>\n<meta name=\"robots\" content=\"index, follow, max-snippet:-1, max-image-preview:large, max-video-preview:-1\" \/>\n<link rel=\"canonical\" href=\"https:\/\/kolejedolnoslaskie.pl\/en\/tariff-offers\/weekends-in-forst\/\" \/>\n<meta property=\"og:locale\" content=\"en_US\" \/>\n<meta property=\"og:type\" content=\"article\" \/>\n<meta property=\"og:title\" content=\"Weekends in Forst | Koleje Dolno\u015bl\u0105skie\" \/>\n<meta property=\"og:description\" content=\"Spend a weekend in Forst, Germany with Koleje Dolno\u015bl\u0105skie \u2713 Tickets integrated with German rail operator DB.\" \/>\n<meta property=\"og:url\" content=\"https:\/\/kolejedolnoslaskie.pl\/en\/tariff-offers\/weekends-in-forst\/\" \/>\n<meta property=\"og:site_name\" content=\"Koleje Dolno\u015bl\u0105skie\" \/>\n<meta property=\"article:modified_time\" content=\"2025-04-29T10:31:28+00:00\" \/>\n<meta name=\"twitter:card\" content=\"summary_large_image\" \/>\n<script type=\"application\/ld+json\" class=\"yoast-schema-graph\">{\"@context\":\"https:\\\/\\\/schema.org\",\"@graph\":[{\"@type\":\"WebPage\",\"@id\":\"https:\\\/\\\/kolejedolnoslaskie.pl\\\/en\\\/tariff-offers\\\/weekends-in-forst\\\/\",\"url\":\"https:\\\/\\\/kolejedolnoslaskie.pl\\\/en\\\/tariff-offers\\\/weekends-in-forst\\\/\",\"name\":\"Weekends in Forst | Koleje Dolno\u015bl\u0105skie\",\"isPartOf\":{\"@id\":\"https:\\\/\\\/kolejedolnoslaskie.pl\\\/en\\\/#website\"},\"datePublished\":\"2018-08-29T08:19:14+00:00\",\"dateModified\":\"2025-04-29T10:31:28+00:00\",\"description\":\"Spend a weekend in Forst, Germany with Koleje Dolno\u015bl\u0105skie \u2713 Tickets integrated with German rail operator DB.\",\"breadcrumb\":{\"@id\":\"https:\\\/\\\/kolejedolnoslaskie.pl\\\/en\\\/tariff-offers\\\/weekends-in-forst\\\/#breadcrumb\"},\"inLanguage\":\"en-US\",\"potentialAction\":[{\"@type\":\"ReadAction\",\"target\":[\"https:\\\/\\\/kolejedolnoslaskie.pl\\\/en\\\/tariff-offers\\\/weekends-in-forst\\\/\"]}]},{\"@type\":\"BreadcrumbList\",\"@id\":\"https:\\\/\\\/kolejedolnoslaskie.pl\\\/en\\\/tariff-offers\\\/weekends-in-forst\\\/#breadcrumb\",\"itemListElement\":[{\"@type\":\"ListItem\",\"position\":1,\"name\":\"Main site\",\"item\":\"https:\\\/\\\/kolejedolnoslaskie.pl\\\/en\\\/\"},{\"@type\":\"ListItem\",\"position\":2,\"name\":\"Weekends in Forst\"}]},{\"@type\":\"WebSite\",\"@id\":\"https:\\\/\\\/kolejedolnoslaskie.pl\\\/en\\\/#website\",\"url\":\"https:\\\/\\\/kolejedolnoslaskie.pl\\\/en\\\/\",\"name\":\"Koleje Dolno\u015bl\u0105skie\",\"description\":\"Koleje Dolno\u015bl\u0105skie\",\"potentialAction\":[{\"@type\":\"SearchAction\",\"target\":{\"@type\":\"EntryPoint\",\"urlTemplate\":\"https:\\\/\\\/kolejedolnoslaskie.pl\\\/en\\\/?s={search_term_string}\"},\"query-input\":{\"@type\":\"PropertyValueSpecification\",\"valueRequired\":true,\"valueName\":\"search_term_string\"}}],\"inLanguage\":\"en-US\"}]}<\/script>\n<!-- \/ Yoast SEO plugin. -->","yoast_head_json":{"title":"Weekends in Forst | Koleje Dolno\u015bl\u0105skie","description":"Spend a weekend in Forst, Germany with Koleje Dolno\u015bl\u0105skie \u2713 Tickets integrated with German rail operator DB.","robots":{"index":"index","follow":"follow","max-snippet":"max-snippet:-1","max-image-preview":"max-image-preview:large","max-video-preview":"max-video-preview:-1"},"canonical":"https:\/\/kolejedolnoslaskie.pl\/en\/tariff-offers\/weekends-in-forst\/","og_locale":"en_US","og_type":"article","og_title":"Weekends in Forst | Koleje Dolno\u015bl\u0105skie","og_description":"Spend a weekend in Forst, Germany with Koleje Dolno\u015bl\u0105skie \u2713 Tickets integrated with German rail operator DB.","og_url":"https:\/\/kolejedolnoslaskie.pl\/en\/tariff-offers\/weekends-in-forst\/","og_site_name":"Koleje Dolno\u015bl\u0105skie","article_modified_time":"2025-04-29T10:31:28+00:00","twitter_card":"summary_large_image","schema":{"@context":"https:\/\/schema.org","@graph":[{"@type":"WebPage","@id":"https:\/\/kolejedolnoslaskie.pl\/en\/tariff-offers\/weekends-in-forst\/","url":"https:\/\/kolejedolnoslaskie.pl\/en\/tariff-offers\/weekends-in-forst\/","name":"Weekends in Forst | Koleje Dolno\u015bl\u0105skie","isPartOf":{"@id":"https:\/\/kolejedolnoslaskie.pl\/en\/#website"},"datePublished":"2018-08-29T08:19:14+00:00","dateModified":"2025-04-29T10:31:28+00:00","description":"Spend a weekend in Forst, Germany with Koleje Dolno\u015bl\u0105skie \u2713 Tickets integrated with German rail operator DB.","breadcrumb":{"@id":"https:\/\/kolejedolnoslaskie.pl\/en\/tariff-offers\/weekends-in-forst\/#breadcrumb"},"inLanguage":"en-US","potentialAction":[{"@type":"ReadAction","target":["https:\/\/kolejedolnoslaskie.pl\/en\/tariff-offers\/weekends-in-forst\/"]}]},{"@type":"BreadcrumbList","@id":"https:\/\/kolejedolnoslaskie.pl\/en\/tariff-offers\/weekends-in-forst\/#breadcrumb","itemListElement":[{"@type":"ListItem","position":1,"name":"Main site","item":"https:\/\/kolejedolnoslaskie.pl\/en\/"},{"@type":"ListItem","position":2,"name":"Weekends in Forst"}]},{"@type":"WebSite","@id":"https:\/\/kolejedolnoslaskie.pl\/en\/#website","url":"https:\/\/kolejedolnoslaskie.pl\/en\/","name":"Koleje Dolno\u015bl\u0105skie","description":"Koleje Dolno\u015bl\u0105skie","potentialAction":[{"@type":"SearchAction","target":{"@type":"EntryPoint","urlTemplate":"https:\/\/kolejedolnoslaskie.pl\/en\/?s={search_term_string}"},"query-input":{"@type":"PropertyValueSpecification","valueRequired":true,"valueName":"search_term_string"}}],"inLanguage":"en-US"}]}},"_links":{"self":[{"href":"https:\/\/kolejedolnoslaskie.pl\/en\/wp-json\/wp\/v2\/pages\/81473","targetHints":{"allow":["GET"]}}],"collection":[{"href":"https:\/\/kolejedolnoslaskie.pl\/en\/wp-json\/wp\/v2\/pages"}],"about":[{"href":"https:\/\/kolejedolnoslaskie.pl\/en\/wp-json\/wp\/v2\/types\/page"}],"author":[{"embeddable":true,"href":"https:\/\/kolejedolnoslaskie.pl\/en\/wp-json\/wp\/v2\/users\/46"}],"replies":[{"embeddable":true,"href":"https:\/\/kolejedolnoslaskie.pl\/en\/wp-json\/wp\/v2\/comments?post=81473"}],"version-history":[{"count":1,"href":"https:\/\/kolejedolnoslaskie.pl\/en\/wp-json\/wp\/v2\/pages\/81473\/revisions"}],"predecessor-version":[{"id":81475,"href":"https:\/\/kolejedolnoslaskie.pl\/en\/wp-json\/wp\/v2\/pages\/81473\/revisions\/81475"}],"up":[{"embeddable":true,"href":"https:\/\/kolejedolnoslaskie.pl\/en\/wp-json\/wp\/v2\/pages\/81498"}],"wp:attachment":[{"href":"https:\/\/kolejedolnoslaskie.pl\/en\/wp-json\/wp\/v2\/media?parent=81473"}],"wp:term":[{"taxonomy":"page-category","embeddable":true,"href":"https:\/\/kolejedolnoslaskie.pl\/en\/wp-json\/wp\/v2\/page-category?post=81473"}],"curies":[{"name":"wp","href":"https:\/\/api.w.org\/{rel}","templated":true}]}}