{"id":81470,"date":"2018-08-30T19:12:40","date_gmt":"2018-08-30T17:12:40","guid":{"rendered":"https:\/\/kolejedolnoslaskie.pl\/senior-60\/"},"modified":"2026-02-26T10:07:43","modified_gmt":"2026-02-26T09:07:43","slug":"kd-senior-60-offer","status":"publish","type":"page","link":"https:\/\/kolejedolnoslaskie.pl\/en\/tariff-offers\/kd-senior-60-offer\/","title":{"rendered":"KD Senior 60+ offer"},"content":{"rendered":"","protected":false},"excerpt":{"rendered":"","protected":false},"author":46,"featured_media":0,"parent":81498,"menu_order":0,"comment_status":"closed","ping_status":"closed","template":"page-rozklad-bilety.php","meta":{"_acf_changed":false,"inline_featured_image":false,"footnotes":""},"page-category":[],"class_list":["post-81470","page","type-page","status-publish","hentry"],"acf":{"lista_komponentow_strony":[{"acf_fc_layout":"hero_baner","maska":"dol","foto":77262,"foto_mobile":null,"pozycjonowanie_zdjecia":"2","tytul":"KD Senior 60+ offer","subtytul":"A 25% discount for passengers aged 60+","przycisk_cena":"","przycisk_opis":"","przycisk_cta_url":"","wysokosc":500},{"acf_fc_layout":"text_field_module","pole_tekstowe":"<strong>Any passenger who has reached the age of 60 can purchase a ticket under the \u2018Senior 60+\u2019 offer.<\/strong>\r\n\r\nTo benefit from the offer, a document confirming identity and age is required.\r\n\r\nWe do not require any additional documents (such as certificates issued by organisations representing retirees and pensioners).\r\n\r\nThe offer includes <strong>only single tickets.<\/strong>\r\n\r\nThe offer is valid on trains operated by Koleje Dolno\u015bl\u0105skie and is honoured on POLREGIO trains.\r\n\r\nThe tickets in the \u2018Senior 60+\u2019 offer are <strong>25% cheaper<\/strong> than tickets in the standard tariff.\r\n\r\n<strong>You can purchase tickets:<\/strong>\r\n\r\n- at all ticket offices and Customer Service Offices of Koleje Dolno\u015bl\u0105skie,\r\n\r\n- on trains of Koleje Dolno\u015bl\u0105skie,\r\n\r\n- at ticket machines selling Koleje Dolno\u015bl\u0105skie tickets,\r\n\r\n<strong>- directly on the website kolejedolnoslaskie.pl\/en,<\/strong>\r\n\r\n- at ticket offices of POLREGIO,\r\n\r\n\u2013 online through the KOLEO platform,\r\n\r\n\u2013 online through the BILKOM platform,\r\n\r\n- through the E-PODR\u00d3\u017bNIK TICKETS system.\r\n<p style=\"text-align: center;\"><a class=\"btn btn-yellow-only-bg cta-url\" style=\"margin-top: 30px;\" href=\"https:\/\/kolejedolnoslaskie.pl\/en\">BUY TICKET<\/a><\/p>"}]},"yoast_head":"<!-- This site is optimized with the Yoast SEO plugin v27.4 - https:\/\/yoast.com\/product\/yoast-seo-wordpress\/ -->\n<title>KD Senior 60+ offer | Koleje Dolno\u015bl\u0105skie<\/title>\n<meta name=\"description\" content=\"Passengers aged 60 and over can enjoy discounted train travel with KD. Discover the benefits of the Senior 60+ offer.\" \/>\n<meta name=\"robots\" content=\"index, follow, max-snippet:-1, max-image-preview:large, max-video-preview:-1\" \/>\n<link rel=\"canonical\" href=\"https:\/\/kolejedolnoslaskie.pl\/en\/tariff-offers\/kd-senior-60-offer\/\" \/>\n<meta property=\"og:locale\" content=\"en_US\" \/>\n<meta property=\"og:type\" content=\"article\" \/>\n<meta property=\"og:title\" content=\"KD Senior 60+ offer | Koleje Dolno\u015bl\u0105skie\" \/>\n<meta property=\"og:description\" content=\"Passengers aged 60 and over can enjoy discounted train travel with KD. Discover the benefits of the Senior 60+ offer.\" \/>\n<meta property=\"og:url\" content=\"https:\/\/kolejedolnoslaskie.pl\/en\/tariff-offers\/kd-senior-60-offer\/\" \/>\n<meta property=\"og:site_name\" content=\"Koleje Dolno\u015bl\u0105skie\" \/>\n<meta property=\"article:modified_time\" content=\"2026-02-26T09:07:43+00:00\" \/>\n<meta name=\"twitter:card\" content=\"summary_large_image\" \/>\n<script type=\"application\/ld+json\" class=\"yoast-schema-graph\">{\"@context\":\"https:\\\/\\\/schema.org\",\"@graph\":[{\"@type\":\"WebPage\",\"@id\":\"https:\\\/\\\/kolejedolnoslaskie.pl\\\/en\\\/tariff-offers\\\/kd-senior-60-offer\\\/\",\"url\":\"https:\\\/\\\/kolejedolnoslaskie.pl\\\/en\\\/tariff-offers\\\/kd-senior-60-offer\\\/\",\"name\":\"KD Senior 60+ offer | Koleje Dolno\u015bl\u0105skie\",\"isPartOf\":{\"@id\":\"https:\\\/\\\/kolejedolnoslaskie.pl\\\/en\\\/#website\"},\"datePublished\":\"2018-08-30T17:12:40+00:00\",\"dateModified\":\"2026-02-26T09:07:43+00:00\",\"description\":\"Passengers aged 60 and over can enjoy discounted train travel with KD. Discover the benefits of the Senior 60+ offer.\",\"breadcrumb\":{\"@id\":\"https:\\\/\\\/kolejedolnoslaskie.pl\\\/en\\\/tariff-offers\\\/kd-senior-60-offer\\\/#breadcrumb\"},\"inLanguage\":\"en-US\",\"potentialAction\":[{\"@type\":\"ReadAction\",\"target\":[\"https:\\\/\\\/kolejedolnoslaskie.pl\\\/en\\\/tariff-offers\\\/kd-senior-60-offer\\\/\"]}]},{\"@type\":\"BreadcrumbList\",\"@id\":\"https:\\\/\\\/kolejedolnoslaskie.pl\\\/en\\\/tariff-offers\\\/kd-senior-60-offer\\\/#breadcrumb\",\"itemListElement\":[{\"@type\":\"ListItem\",\"position\":1,\"name\":\"Main site\",\"item\":\"https:\\\/\\\/kolejedolnoslaskie.pl\\\/en\\\/\"},{\"@type\":\"ListItem\",\"position\":2,\"name\":\"Tariff Offers\",\"item\":\"https:\\\/\\\/kolejedolnoslaskie.pl\\\/en\\\/tariff-offers\\\/\"},{\"@type\":\"ListItem\",\"position\":3,\"name\":\"KD Senior 60+ offer\"}]},{\"@type\":\"WebSite\",\"@id\":\"https:\\\/\\\/kolejedolnoslaskie.pl\\\/en\\\/#website\",\"url\":\"https:\\\/\\\/kolejedolnoslaskie.pl\\\/en\\\/\",\"name\":\"Koleje Dolno\u015bl\u0105skie\",\"description\":\"Koleje Dolno\u015bl\u0105skie\",\"potentialAction\":[{\"@type\":\"SearchAction\",\"target\":{\"@type\":\"EntryPoint\",\"urlTemplate\":\"https:\\\/\\\/kolejedolnoslaskie.pl\\\/en\\\/?s={search_term_string}\"},\"query-input\":{\"@type\":\"PropertyValueSpecification\",\"valueRequired\":true,\"valueName\":\"search_term_string\"}}],\"inLanguage\":\"en-US\"}]}<\/script>\n<!-- \/ Yoast SEO plugin. -->","yoast_head_json":{"title":"KD Senior 60+ offer | Koleje Dolno\u015bl\u0105skie","description":"Passengers aged 60 and over can enjoy discounted train travel with KD. Discover the benefits of the Senior 60+ offer.","robots":{"index":"index","follow":"follow","max-snippet":"max-snippet:-1","max-image-preview":"max-image-preview:large","max-video-preview":"max-video-preview:-1"},"canonical":"https:\/\/kolejedolnoslaskie.pl\/en\/tariff-offers\/kd-senior-60-offer\/","og_locale":"en_US","og_type":"article","og_title":"KD Senior 60+ offer | Koleje Dolno\u015bl\u0105skie","og_description":"Passengers aged 60 and over can enjoy discounted train travel with KD. Discover the benefits of the Senior 60+ offer.","og_url":"https:\/\/kolejedolnoslaskie.pl\/en\/tariff-offers\/kd-senior-60-offer\/","og_site_name":"Koleje Dolno\u015bl\u0105skie","article_modified_time":"2026-02-26T09:07:43+00:00","twitter_card":"summary_large_image","schema":{"@context":"https:\/\/schema.org","@graph":[{"@type":"WebPage","@id":"https:\/\/kolejedolnoslaskie.pl\/en\/tariff-offers\/kd-senior-60-offer\/","url":"https:\/\/kolejedolnoslaskie.pl\/en\/tariff-offers\/kd-senior-60-offer\/","name":"KD Senior 60+ offer | Koleje Dolno\u015bl\u0105skie","isPartOf":{"@id":"https:\/\/kolejedolnoslaskie.pl\/en\/#website"},"datePublished":"2018-08-30T17:12:40+00:00","dateModified":"2026-02-26T09:07:43+00:00","description":"Passengers aged 60 and over can enjoy discounted train travel with KD. Discover the benefits of the Senior 60+ offer.","breadcrumb":{"@id":"https:\/\/kolejedolnoslaskie.pl\/en\/tariff-offers\/kd-senior-60-offer\/#breadcrumb"},"inLanguage":"en-US","potentialAction":[{"@type":"ReadAction","target":["https:\/\/kolejedolnoslaskie.pl\/en\/tariff-offers\/kd-senior-60-offer\/"]}]},{"@type":"BreadcrumbList","@id":"https:\/\/kolejedolnoslaskie.pl\/en\/tariff-offers\/kd-senior-60-offer\/#breadcrumb","itemListElement":[{"@type":"ListItem","position":1,"name":"Main site","item":"https:\/\/kolejedolnoslaskie.pl\/en\/"},{"@type":"ListItem","position":2,"name":"Tariff Offers","item":"https:\/\/kolejedolnoslaskie.pl\/en\/tariff-offers\/"},{"@type":"ListItem","position":3,"name":"KD Senior 60+ offer"}]},{"@type":"WebSite","@id":"https:\/\/kolejedolnoslaskie.pl\/en\/#website","url":"https:\/\/kolejedolnoslaskie.pl\/en\/","name":"Koleje Dolno\u015bl\u0105skie","description":"Koleje Dolno\u015bl\u0105skie","potentialAction":[{"@type":"SearchAction","target":{"@type":"EntryPoint","urlTemplate":"https:\/\/kolejedolnoslaskie.pl\/en\/?s={search_term_string}"},"query-input":{"@type":"PropertyValueSpecification","valueRequired":true,"valueName":"search_term_string"}}],"inLanguage":"en-US"}]}},"_links":{"self":[{"href":"https:\/\/kolejedolnoslaskie.pl\/en\/wp-json\/wp\/v2\/pages\/81470","targetHints":{"allow":["GET"]}}],"collection":[{"href":"https:\/\/kolejedolnoslaskie.pl\/en\/wp-json\/wp\/v2\/pages"}],"about":[{"href":"https:\/\/kolejedolnoslaskie.pl\/en\/wp-json\/wp\/v2\/types\/page"}],"author":[{"embeddable":true,"href":"https:\/\/kolejedolnoslaskie.pl\/en\/wp-json\/wp\/v2\/users\/46"}],"replies":[{"embeddable":true,"href":"https:\/\/kolejedolnoslaskie.pl\/en\/wp-json\/wp\/v2\/comments?post=81470"}],"version-history":[{"count":4,"href":"https:\/\/kolejedolnoslaskie.pl\/en\/wp-json\/wp\/v2\/pages\/81470\/revisions"}],"predecessor-version":[{"id":102411,"href":"https:\/\/kolejedolnoslaskie.pl\/en\/wp-json\/wp\/v2\/pages\/81470\/revisions\/102411"}],"up":[{"embeddable":true,"href":"https:\/\/kolejedolnoslaskie.pl\/en\/wp-json\/wp\/v2\/pages\/81498"}],"wp:attachment":[{"href":"https:\/\/kolejedolnoslaskie.pl\/en\/wp-json\/wp\/v2\/media?parent=81470"}],"wp:term":[{"taxonomy":"page-category","embeddable":true,"href":"https:\/\/kolejedolnoslaskie.pl\/en\/wp-json\/wp\/v2\/page-category?post=81470"}],"curies":[{"name":"wp","href":"https:\/\/api.w.org\/{rel}","templated":true}]}}