{"id":81276,"date":"2018-08-30T19:09:48","date_gmt":"2018-08-30T17:09:48","guid":{"rendered":"https:\/\/kolejedolnoslaskie.pl\/razem-z-kd\/"},"modified":"2025-04-29T11:04:18","modified_gmt":"2025-04-29T09:04:18","slug":"together-with-kd","status":"publish","type":"page","link":"https:\/\/kolejedolnoslaskie.pl\/en\/tariff-offers\/together-with-kd\/","title":{"rendered":"Together with KD"},"content":{"rendered":"","protected":false},"excerpt":{"rendered":"","protected":false},"author":46,"featured_media":0,"parent":81498,"menu_order":0,"comment_status":"closed","ping_status":"closed","template":"page-rozklad-bilety.php","meta":{"_acf_changed":false,"inline_featured_image":false,"footnotes":""},"page-category":[],"class_list":["post-81276","page","type-page","status-publish","hentry"],"acf":{"lista_komponentow_strony":[{"acf_fc_layout":"hero_baner","maska":"dol","foto":75002,"foto_mobile":"","pozycjonowanie_zdjecia":"2","tytul":"Together with KD","subtytul":"","przycisk_cena":"","przycisk_opis":"","przycisk_cta_url":"","wysokosc":500},{"acf_fc_layout":"text_field_module","pole_tekstowe":"<strong>The offer is aimed at a small group of two to four people travelling together \u2013 on the same route throughout the entire trip.<\/strong>\r\n\r\nThe first person can travel based on a regular ticket or a valid statutory discount entitlement. To qualify for the statutory discount, one must have the relevant documents during the trip that certify the entitlement to discounted travel. The fee for the first person\u2019s journey is charged according to the standard tariff or with the application of a statutory discount. The second, third, and fourth person take the journey based on a regular single ticket according to the TOGETHER tariff, which is approximately 30% cheaper than the regular price.\r\n\r\nThe \u2018Together with KD\u2019 offers cannot be combined with other discounts and promotions offered by Koleje Dolno\u015bl\u0105skie S.A.\r\n\r\nYou can purchase tickets:\r\n<ul>\r\n \t<li>at KD Customer Service Offices and KD ticket offices,<\/li>\r\n \t<li>from the KD train and bus team,<\/li>\r\n \t<li>at ticket machines selling KD tickets,<\/li>\r\n \t<li><strong>directly on the website kolejedolnoslaskie.pl,<\/strong><\/li>\r\n \t<li>online through the KOLEO platform,<\/li>\r\n \t<li>\u2013 online through the BILKOM platform,<\/li>\r\n \t<li>through the E-PODR\u00d3\u017bNIK TICKETS system,<\/li>\r\n \t<li>at all ticket offices of the carrier POLREGIO.<\/li>\r\n<\/ul>\r\n<p style=\"text-align: justify;\"><a href=\"https:\/\/kolejedolnoslaskie.pl\/taryfa-i-regulamin\/\" target=\"_blank\" rel=\"noopener\">Offer details: \u00a733 Transport tariff for passengers, goods, and animals of Koleje Dolno\u015bl\u0105skie S.A. (TP-KD).<\/a><\/p>"}]},"yoast_head":"<!-- This site is optimized with the Yoast SEO plugin v27.4 - https:\/\/yoast.com\/product\/yoast-seo-wordpress\/ -->\n<title>Together with KD offer | Koleje Dolno\u015bl\u0105skie<\/title>\n<meta name=\"description\" content=\"Travel with KD and save more together. Bring friends or family and enjoy discounted group tickets with the \u201cTogether with KD\u201d offer.\" \/>\n<meta name=\"robots\" content=\"index, follow, max-snippet:-1, max-image-preview:large, max-video-preview:-1\" \/>\n<link rel=\"canonical\" href=\"https:\/\/kolejedolnoslaskie.pl\/en\/tariff-offers\/together-with-kd\/\" \/>\n<meta property=\"og:locale\" content=\"en_US\" \/>\n<meta property=\"og:type\" content=\"article\" \/>\n<meta property=\"og:title\" content=\"Together with KD offer | Koleje Dolno\u015bl\u0105skie\" \/>\n<meta property=\"og:description\" content=\"Travel with KD and save more together. Bring friends or family and enjoy discounted group tickets with the \u201cTogether with KD\u201d offer.\" \/>\n<meta property=\"og:url\" content=\"https:\/\/kolejedolnoslaskie.pl\/en\/tariff-offers\/together-with-kd\/\" \/>\n<meta property=\"og:site_name\" content=\"Koleje Dolno\u015bl\u0105skie\" \/>\n<meta property=\"article:modified_time\" content=\"2025-04-29T09:04:18+00:00\" \/>\n<meta name=\"twitter:card\" content=\"summary_large_image\" \/>\n<script type=\"application\/ld+json\" class=\"yoast-schema-graph\">{\"@context\":\"https:\\\/\\\/schema.org\",\"@graph\":[{\"@type\":\"WebPage\",\"@id\":\"https:\\\/\\\/kolejedolnoslaskie.pl\\\/en\\\/tariff-offers\\\/together-with-kd\\\/\",\"url\":\"https:\\\/\\\/kolejedolnoslaskie.pl\\\/en\\\/tariff-offers\\\/together-with-kd\\\/\",\"name\":\"Together with KD offer | Koleje Dolno\u015bl\u0105skie\",\"isPartOf\":{\"@id\":\"https:\\\/\\\/kolejedolnoslaskie.pl\\\/en\\\/#website\"},\"datePublished\":\"2018-08-30T17:09:48+00:00\",\"dateModified\":\"2025-04-29T09:04:18+00:00\",\"description\":\"Travel with KD and save more together. Bring friends or family and enjoy discounted group tickets with the \u201cTogether with KD\u201d offer.\",\"breadcrumb\":{\"@id\":\"https:\\\/\\\/kolejedolnoslaskie.pl\\\/en\\\/tariff-offers\\\/together-with-kd\\\/#breadcrumb\"},\"inLanguage\":\"en-US\",\"potentialAction\":[{\"@type\":\"ReadAction\",\"target\":[\"https:\\\/\\\/kolejedolnoslaskie.pl\\\/en\\\/tariff-offers\\\/together-with-kd\\\/\"]}]},{\"@type\":\"BreadcrumbList\",\"@id\":\"https:\\\/\\\/kolejedolnoslaskie.pl\\\/en\\\/tariff-offers\\\/together-with-kd\\\/#breadcrumb\",\"itemListElement\":[{\"@type\":\"ListItem\",\"position\":1,\"name\":\"Main site\",\"item\":\"https:\\\/\\\/kolejedolnoslaskie.pl\\\/en\\\/\"},{\"@type\":\"ListItem\",\"position\":2,\"name\":\"Tariff Offers\",\"item\":\"https:\\\/\\\/kolejedolnoslaskie.pl\\\/en\\\/tariff-offers\\\/\"},{\"@type\":\"ListItem\",\"position\":3,\"name\":\"Together with KD\"}]},{\"@type\":\"WebSite\",\"@id\":\"https:\\\/\\\/kolejedolnoslaskie.pl\\\/en\\\/#website\",\"url\":\"https:\\\/\\\/kolejedolnoslaskie.pl\\\/en\\\/\",\"name\":\"Koleje Dolno\u015bl\u0105skie\",\"description\":\"Koleje Dolno\u015bl\u0105skie\",\"potentialAction\":[{\"@type\":\"SearchAction\",\"target\":{\"@type\":\"EntryPoint\",\"urlTemplate\":\"https:\\\/\\\/kolejedolnoslaskie.pl\\\/en\\\/?s={search_term_string}\"},\"query-input\":{\"@type\":\"PropertyValueSpecification\",\"valueRequired\":true,\"valueName\":\"search_term_string\"}}],\"inLanguage\":\"en-US\"}]}<\/script>\n<!-- \/ Yoast SEO plugin. -->","yoast_head_json":{"title":"Together with KD offer | Koleje Dolno\u015bl\u0105skie","description":"Travel with KD and save more together. Bring friends or family and enjoy discounted group tickets with the \u201cTogether with KD\u201d offer.","robots":{"index":"index","follow":"follow","max-snippet":"max-snippet:-1","max-image-preview":"max-image-preview:large","max-video-preview":"max-video-preview:-1"},"canonical":"https:\/\/kolejedolnoslaskie.pl\/en\/tariff-offers\/together-with-kd\/","og_locale":"en_US","og_type":"article","og_title":"Together with KD offer | Koleje Dolno\u015bl\u0105skie","og_description":"Travel with KD and save more together. Bring friends or family and enjoy discounted group tickets with the \u201cTogether with KD\u201d offer.","og_url":"https:\/\/kolejedolnoslaskie.pl\/en\/tariff-offers\/together-with-kd\/","og_site_name":"Koleje Dolno\u015bl\u0105skie","article_modified_time":"2025-04-29T09:04:18+00:00","twitter_card":"summary_large_image","schema":{"@context":"https:\/\/schema.org","@graph":[{"@type":"WebPage","@id":"https:\/\/kolejedolnoslaskie.pl\/en\/tariff-offers\/together-with-kd\/","url":"https:\/\/kolejedolnoslaskie.pl\/en\/tariff-offers\/together-with-kd\/","name":"Together with KD offer | Koleje Dolno\u015bl\u0105skie","isPartOf":{"@id":"https:\/\/kolejedolnoslaskie.pl\/en\/#website"},"datePublished":"2018-08-30T17:09:48+00:00","dateModified":"2025-04-29T09:04:18+00:00","description":"Travel with KD and save more together. Bring friends or family and enjoy discounted group tickets with the \u201cTogether with KD\u201d offer.","breadcrumb":{"@id":"https:\/\/kolejedolnoslaskie.pl\/en\/tariff-offers\/together-with-kd\/#breadcrumb"},"inLanguage":"en-US","potentialAction":[{"@type":"ReadAction","target":["https:\/\/kolejedolnoslaskie.pl\/en\/tariff-offers\/together-with-kd\/"]}]},{"@type":"BreadcrumbList","@id":"https:\/\/kolejedolnoslaskie.pl\/en\/tariff-offers\/together-with-kd\/#breadcrumb","itemListElement":[{"@type":"ListItem","position":1,"name":"Main site","item":"https:\/\/kolejedolnoslaskie.pl\/en\/"},{"@type":"ListItem","position":2,"name":"Tariff Offers","item":"https:\/\/kolejedolnoslaskie.pl\/en\/tariff-offers\/"},{"@type":"ListItem","position":3,"name":"Together with KD"}]},{"@type":"WebSite","@id":"https:\/\/kolejedolnoslaskie.pl\/en\/#website","url":"https:\/\/kolejedolnoslaskie.pl\/en\/","name":"Koleje Dolno\u015bl\u0105skie","description":"Koleje Dolno\u015bl\u0105skie","potentialAction":[{"@type":"SearchAction","target":{"@type":"EntryPoint","urlTemplate":"https:\/\/kolejedolnoslaskie.pl\/en\/?s={search_term_string}"},"query-input":{"@type":"PropertyValueSpecification","valueRequired":true,"valueName":"search_term_string"}}],"inLanguage":"en-US"}]}},"_links":{"self":[{"href":"https:\/\/kolejedolnoslaskie.pl\/en\/wp-json\/wp\/v2\/pages\/81276","targetHints":{"allow":["GET"]}}],"collection":[{"href":"https:\/\/kolejedolnoslaskie.pl\/en\/wp-json\/wp\/v2\/pages"}],"about":[{"href":"https:\/\/kolejedolnoslaskie.pl\/en\/wp-json\/wp\/v2\/types\/page"}],"author":[{"embeddable":true,"href":"https:\/\/kolejedolnoslaskie.pl\/en\/wp-json\/wp\/v2\/users\/46"}],"replies":[{"embeddable":true,"href":"https:\/\/kolejedolnoslaskie.pl\/en\/wp-json\/wp\/v2\/comments?post=81276"}],"version-history":[{"count":2,"href":"https:\/\/kolejedolnoslaskie.pl\/en\/wp-json\/wp\/v2\/pages\/81276\/revisions"}],"predecessor-version":[{"id":81278,"href":"https:\/\/kolejedolnoslaskie.pl\/en\/wp-json\/wp\/v2\/pages\/81276\/revisions\/81278"}],"up":[{"embeddable":true,"href":"https:\/\/kolejedolnoslaskie.pl\/en\/wp-json\/wp\/v2\/pages\/81498"}],"wp:attachment":[{"href":"https:\/\/kolejedolnoslaskie.pl\/en\/wp-json\/wp\/v2\/media?parent=81276"}],"wp:term":[{"taxonomy":"page-category","embeddable":true,"href":"https:\/\/kolejedolnoslaskie.pl\/en\/wp-json\/wp\/v2\/page-category?post=81276"}],"curies":[{"name":"wp","href":"https:\/\/api.w.org\/{rel}","templated":true}]}}