{"id":81251,"date":"2018-08-29T10:25:26","date_gmt":"2018-08-29T08:25:26","guid":{"rendered":"https:\/\/kolejedolnoslaskie.pl\/promocja-drezdenska\/"},"modified":"2026-02-26T10:11:20","modified_gmt":"2026-02-26T09:11:20","slug":"dresden-promotion","status":"publish","type":"page","link":"https:\/\/kolejedolnoslaskie.pl\/en\/tariff-offers\/dresden-promotion\/","title":{"rendered":"Dresden Promotion"},"content":{"rendered":"","protected":false},"excerpt":{"rendered":"","protected":false},"author":43,"featured_media":0,"parent":81498,"menu_order":0,"comment_status":"closed","ping_status":"closed","template":"page-rozklad-ze-stacja.php","meta":{"_acf_changed":false,"inline_featured_image":false,"footnotes":""},"page-category":[],"class_list":["post-81251","page","type-page","status-publish","hentry"],"acf":{"lista_komponentow_strony":[{"acf_fc_layout":"hero_baner","maska":"dol","foto":99596,"foto_mobile":null,"pozycjonowanie_zdjecia":"2","tytul":"Dresden Promotion","subtytul":"Explore the charm of Saxony\u2019s capital","przycisk_cena":"","przycisk_opis":"","przycisk_cta_url":"","wysokosc":500},{"acf_fc_layout":"back_to_prev"},{"acf_fc_layout":"text_field_module","pole_tekstowe":"<strong>Join over 25,000 customers and<\/strong> <strong>use the \u2018Dresden Promotion\u2019. Take a trip to the capital of Saxony \u2013 Dresden, one of the most beautiful German cities, which delights with its Baroque architecture and numerous monuments. This is where you will find one of Germany\u2019s oldest markets \u2013 the Dresden Striezelmarkt. You have up to 10 connections to choose from every day.<\/strong>\r\n\r\nThe \u2018Dresden Promotion\u2019 is valid on all regional trains of Koleje Dolno\u015bl\u0105skie (KD) and on trilex trains, trilex express L\u00e4nderbahn (DLB). To use this offer, you need to commence your trip within Poland except Zgorzelec station (another offer).\r\n\r\nDresden Promotion is valid from starting station Wroc\u0142aw and Jelenia G\u00f3ra, but you can start your journey from any station servicing by Koleje Dolno\u015bl\u0105skie in Poland\r\n<h2 style=\"text-align: left; font-size: 16px;\"><strong>1. Wroc\u0142aw G\u0142\u00f3wny \u2013 Drezno<\/strong><strong> (through Legnica, Zgorzelec i Bautzen)<\/strong>\u00a0\u00a0Legnica - Drezno | Boles\u0142awiec - Drezno<\/h2>\r\n<img class=\"alignnone wp-image-56408 size-full\" src=\"https:\/\/kolejedolnoslaskie.pl\/wp-content\/uploads\/2023\/12\/WRO-DREZ.png\" alt=\"Schemat Promocji Drezde\u0144skiej - Wroc\u0142aw - Drezno\" width=\"1713\" height=\"583\" \/>\r\n<h2 style=\"text-align: left; font-size: 16px;\"><strong>2. Jelenia G\u00f3ra \u2013 D<\/strong><strong>r<\/strong><strong>e<\/strong><strong>zno<\/strong><strong> (through Gryf\u00f3w \u015al\u0105ski, Luba\u0144 \u015al\u0105ski, Zgorzelec i Bautzen)<\/strong><\/h2>\r\n<img class=\"alignnone wp-image-56410 size-full\" src=\"https:\/\/kolejedolnoslaskie.pl\/wp-content\/uploads\/2023\/12\/JEL-DREZ.png\" alt=\"Schemat Promocji Drezde\u0144skiej - Jelenia-G\u00f3ra - Drezno\" width=\"1712\" height=\"642\" \/>\r\n<h3><\/h3>\r\n<h3>How much does this ticket cost?<\/h3>\r\nWhether you are planning a trip to Dresden solo, with family, or friends, take up the offer from Koleje Dolno\u015bl\u0105skie. Choose your starting stop on the route from Wroc\u0142aw G\u0142\u00f3wny or from Jelenia G\u00f3ra and save with KD ticket offers (Keep in mind that your trip can begin at any station. The cost of the additional ticket to reach the Dresden promotion route will be included in the total price}. You have a choice of tickets valid for 1, 2, or 14 days.\r\n<div style=\"overflow-x: auto;\" align=\"center\">\r\n<table style=\"border-width: 1px; border: solid; border-color: #fff;\" width=\"880\">\r\n<tbody>\r\n<tr style=\"height: 50px; text-align: center;\">\r\n<td style=\"background-color: #ffd400; border-width: 1px; border: solid; border-color: #fff;\" width=\"220\"><\/td>\r\n<td style=\"background-color: #ffd400; border: solid #ffffff; text-align: center;\" width=\"150\"><b>One way -<\/b><b>\u00a0<\/b><b style=\"font-family: inherit; font-size: inherit;\">1 person<\/b><\/td>\r\n<td style=\"background-color: #ffd400; border: solid #ffffff;\" width=\"150\"><b>Round trip - <\/b><b style=\"font-family: inherit; font-size: inherit;\">1 person<\/b><b style=\"font-family: inherit; font-size: inherit;\">\u00a02 days<\/b><\/td>\r\n<td style=\"background-color: #ffd400; border: solid #ffffff;\" width=\"150\"><b>Round trip -<\/b>\r\n<b>1 person 14 days<\/b><\/td>\r\n<td style=\"background-color: #ffd400; border: solid #ffffff;\" width=\"150\"><b>Round trip - Each additional person<\/b><\/td>\r\n<\/tr>\r\n<tr style=\"height: 50px; text-align: center;\">\r\n<td style=\"background-color: #ffd400; border: solid #ffffff; text-align: center;\" width=\"250\"><b>Wroc\u0142aw \u2013 Drezno<\/b><\/td>\r\n<td style=\"background-color: #eef1f2;\"><b>90 z\u0142\r\n<\/b><\/td>\r\n<td style=\"background-color: #eef1f2;\"><b>105 z\u0142<\/b><\/td>\r\n<td style=\"background-color: #eef1f2;\"><b>160 z\u0142<\/b><\/td>\r\n<td style=\"background-color: #eef1f2;\"><b>80 z\u0142 \/ os<\/b><\/td>\r\n<\/tr>\r\n<tr style=\"height: 50px; text-align: center;\">\r\n<td style=\"background-color: #ffd400; border: solid #ffffff; text-align: center;\" width=\"250\"><b>Jelenia G\u00f3ra - Drezno<\/b><\/td>\r\n<td style=\"text-align: center;\"><b>70 z\u0142\r\n<\/b><\/td>\r\n<td style=\"text-align: center;\"><b>85 z\u0142<\/b><\/td>\r\n<td style=\"text-align: center;\"><b>125 z\u0142<\/b><\/td>\r\n<td style=\"text-align: center;\"><b>80 z\u0142 \/ os<\/b><\/td>\r\n<\/tr>\r\n<tr style=\"height: 50px; text-align: center;\">\r\n<td style=\"background-color: #ffd400; border: solid #ffffff; text-align: center;\" width=\"250\"><b>Legnica - Drezno<\/b><\/td>\r\n<td style=\"background-color: #eef1f2;\"><b>80 z\u0142\r\n<\/b><\/td>\r\n<td style=\"background-color: #eef1f2;\"><b>95 z\u0142<\/b><\/td>\r\n<td style=\"background-color: #eef1f2;\"><b>140 z\u0142<\/b><\/td>\r\n<td style=\"background-color: #eef1f2;\"><b>80 z\u0142 \/ os<\/b><\/td>\r\n<\/tr>\r\n<tr style=\"height: 50px; text-align: center;\">\r\n<td style=\"background-color: #ffd400; border: solid #ffffff; text-align: center;\" width=\"250\"><b>Boles\u0142awiec \u2013 Drezno <\/b><\/td>\r\n<td style=\"text-align: center;\"><b>80 z\u0142\r\n<\/b><\/td>\r\n<td style=\"text-align: center;\"><b>85 z\u0142<\/b><\/td>\r\n<td style=\"text-align: center;\"><b>130 z\u0142<\/b><\/td>\r\n<td style=\"text-align: center;\"><b>80 z\u0142 \/ os<\/b><\/td>\r\n<\/tr>\r\n<tr style=\"height: 50px; text-align: center;\">\r\n<td style=\"background-color: #ffd400; border: solid #ffffff; text-align: center;\" width=\"250\"><b>Zgorzelec* \u2013 Drezno <\/b><\/td>\r\n<td style=\"background-color: #eef1f2;\"><b>65 z\u0142\r\n<\/b><\/td>\r\n<td style=\"background-color: #eef1f2;\"><b>80 z\u0142<\/b><\/td>\r\n<td style=\"background-color: #eef1f2;\"><b>120 z\u0142<\/b><\/td>\r\n<td style=\"background-color: #eef1f2;\"><b>80 z\u0142 \/ os<\/b><\/td>\r\n<\/tr>\r\n<\/tbody>\r\n<\/table>\r\n<\/div>\r\n*including Zgorzelec Miasto\r\n<strong>You can find a detailed list of ticket prices according to the \u2018Dresden Promotion\u2019 offer in the <a href=\"https:\/\/kolejedolnoslaskie.pl\/wp-content\/uploads\/2024\/09\/R_Drezdenska_2024-10-01.pdf\" target=\"_blank\" rel=\"noopener\">regulations<\/a>.<\/strong>\r\n\r\nYou can also transport a dog, bicycle, or luggage to Dresden Hbf station. Just add an additional ticket for transporting a dog\/bicycle\/luggage to your current ticket, according to the Transport tariff (TP-KD)\r\n<div style=\"overflow-x: auto;\" align=\"center\">\r\n<table style=\"border-width: 1px; border: solid; border-color: #fff;\" width=\"880\">\r\n<tbody>\r\n<tr style=\"height: 50px; text-align: center;\">\r\n<td style=\"background-color: #ffd400; border: solid #ffffff; text-align: center;\" width=\"250\"><b>\u00a0<\/b><\/td>\r\n<td style=\"background-color: #ffd400; border: solid #ffffff; text-align: center;\" width=\"250\"><b>BIKE<\/b><\/td>\r\n<td style=\"background-color: #ffd400; border: solid #ffffff; text-align: center;\" width=\"250\"><b>DOG<\/b><\/td>\r\n<td style=\"background-color: #ffd400; border: solid #ffffff; text-align: center;\" width=\"250\"><b>LUGGAGE<\/b><\/td>\r\n<\/tr>\r\n<tr style=\"height: 50px; text-align: center;\">\r\n<td style=\"background-color: #ffd400; border: solid #ffffff; text-align: center;\" width=\"250\"><b>ONE WAY<\/b><\/td>\r\n<td style=\"background-color: #eef1f2; text-align: center;\"><b>10 z\u0142<\/b><\/td>\r\n<td style=\"background-color: #eef1f2; text-align: center;\"><b>10 z\u0142<\/b><\/td>\r\n<td style=\"background-color: #eef1f2; text-align: center;\"><b>10 z\u0142<\/b><\/td>\r\n<\/tr>\r\n<tr style=\"height: 50px; text-align: center;\">\r\n<td style=\"background-color: #ffd400; border: solid #ffffff; text-align: center;\" width=\"250\"><b>ROUND TRIP<\/b>\r\n\r\n<b>2 DAYS*<\/b><\/td>\r\n<td style=\"text-align: center;\" width=\"215\"><b>20 z\u0142<\/b><\/td>\r\n<td style=\"text-align: center;\" width=\"215\"><b>20 z\u0142<\/b><\/td>\r\n<td style=\"text-align: center;\" width=\"252\"><b>20 z\u0142<\/b><\/td>\r\n<\/tr>\r\n<tr style=\"height: 50px; text-align: center;\">\r\n<td style=\"background-color: #ffd400; border: solid #ffffff; text-align: center;\" width=\"250\"><b>ROUND TRIP<\/b>\r\n\r\n<b>14 DAYS*<\/b><\/td>\r\n<td style=\"background-color: #eef1f2; text-align: center;\"><b>20 z\u0142<\/b><\/td>\r\n<td style=\"background-color: #eef1f2; text-align: center;\"><b>20 z\u0142<\/b><\/td>\r\n<td style=\"background-color: #eef1f2; text-align: center;\"><b>20 z\u0142<\/b><\/td>\r\n<\/tr>\r\n<\/tbody>\r\n<\/table>\r\n<\/div>\r\nFor transporting a dog\/bicycle\/luggage round trip, you need to purchase two separate tickets.\r\n<h3>Where can you buy a ticket?<\/h3>\r\n<strong>You can buy tickets:<\/strong>\r\n<ul>\r\n \t<li><strong>directly on the website <a href=\"https:\/\/kolejedolnoslaskie.pl\/oferty-taryfowe\/promocja-drezdenska\/#main\">kolejedolnoslaskie.pl\/en <\/a><\/strong>(excluding routes from Zgorzelec and Zgorzelec Miasto stations),<\/li>\r\n \t<li>through the e-Podr\u00f3\u017cnik system (excluding routes from Zgorzelec and Zgorzelec Miasto stations),<\/li>\r\n \t<li>at all ticket offices of Koleje Dolno\u015bl\u0105skie and Customer Service Offices of Koleje Dolno\u015bl\u0105skie,<\/li>\r\n \t<li>on the train from a conductor of Koleje Dolno\u015bl\u0105skie,<\/li>\r\n \t<li>at all ticket offices of the carrier POLREGIO.<\/li>\r\n<\/ul>\r\n<strong>The presale of tickets in the \u2018Dresden Promotion\u2019 lasts for 14 days.<\/strong>\r\n\r\n<em>ATTENTION! For direct trains from Zgorzelec to Bischofswerda and Dresden Hbf station, it is not possible to purchase tickets using the \u2018Dresden Promotion\u2019 offer (only tickets in the \u2018Dresden-Wroclaw-Spezial\u2019 offer of the carrier Die L\u00e4nderbahn GmbH \u2013 DLB are available).<\/em>\r\n\r\n<strong>How to buy A Dresden Promotion ticket in the KD online store?\u00a0<\/strong>\r\n<ol>\r\n \t<li class=\"\" data-start=\"266\" data-end=\"422\">\r\n<p class=\"\" data-start=\"269\" data-end=\"422\">Visit <a class=\"\" href=\"http:\/\/www.kolejedolnoslaskie.pl\" target=\"_new\" rel=\"noopener\" data-start=\"275\" data-end=\"336\">www.kolejedolnoslaskie.pl\/en<\/a> and select your departure and destination stations, as well as your departure time.<\/p>\r\n<\/li>\r\n \t<li class=\"\" data-start=\"266\" data-end=\"422\">\r\n<p class=\"\" data-start=\"269\" data-end=\"422\">Choose a suitable connection from the list and click <strong data-start=\"479\" data-end=\"496\">\u201cBuy ticket.\u201d<\/strong><\/p>\r\n<\/li>\r\n \t<li class=\"\" data-start=\"499\" data-end=\"574\">\r\n<p class=\"\" data-start=\"502\" data-end=\"574\">Set the remaining ticket parameters, such as any applicable discounts.<\/p>\r\n<\/li>\r\n \t<li class=\"\" data-start=\"575\" data-end=\"627\">\r\n<p class=\"\" data-start=\"578\" data-end=\"627\">Enter the traveler\u2019s details and email address.<\/p>\r\n<\/li>\r\n \t<li class=\"\" data-start=\"628\" data-end=\"694\">\r\n<p class=\"\" data-start=\"631\" data-end=\"694\">Choose your preferred payment method and complete the purchase.<\/p>\r\n<\/li>\r\n<\/ol>\r\n<strong>The fastest connection from Wroc\u0142aw G\u0142\u00f3wny to Dresden:<\/strong>\r\n<h3 style=\"text-align: center;\"><strong>3h 12'<\/strong><\/h3>\r\n<strong><span style=\"color: #ff0000;\">ATTENTION! When using the \u2018Dresden Promotion,\u2019 remember that depending on the selected connection at Zgorzelec or G\u00f6rlitz station, you will need to transfer to a train operated by a German carrier. At the transfer station, passenger exchange proceeds smoothly. The connections are coordinated in such a way that you can safely transfer without the need for a long wait to continue your trip.<\/span> <\/strong>\r\n\r\nInformation about the trains of the carrier Die L\u00e4nderbahn: <a href=\"https:\/\/www.laenderbahn.com\/trilex\/\" rel=\"noopener nofollow\">https:\/\/www.landerbahn.com\/trilex\/<\/a>\r\n<h3>Are you starting your trip in Dresden?<\/h3>\r\n<strong>If you start your trip at Dresden Hbf station<\/strong> in the Germany \u2013 Poland connection<strong> and you do not have a ticket in the \u2018Promocja Drezde\u0144ska\u2019 offer <\/strong>purchased in Poland for travel to Poland, you can purchase tickets in the<strong> \u2018Dresden-Wroclaw-Spezial\u2019 <\/strong>offer. The ticket sales are sold by:\r\n<ul>\r\n \t<li>ticket offices of the German carrier Die L\u00e4nderbahn GmbH,<\/li>\r\n \t<li>ticket offices of the German carrier Deutsche Bahn,<\/li>\r\n \t<li>conductors on trilex and trilex-express trains departing from Dresden to G\u00f6rlitz as well as on direct trains Dresden Hbf \u2013 Zgorzelec.<\/li>\r\n<\/ul>\r\nMore information about the \u2018Dresden-Wroclaw-Spezial\u2019 offer can be found <a href=\"http:\/\/www.trilex.de\/de\/dresden-wroclaw-spezial\/\" target=\"_blank\" rel=\"noopener\"><u>on the website of the German carrier Die L\u00e4nderbahn GmbH<\/u><\/a> (website in German).\r\n<h3>'Departure' magazine in Dresden!<\/h3>\r\nIn one edition of our magazine 'Odjazd' ('Departure'), you will find out what it is like to take the train to the capital of Saxony and learn the details of the \"Dresden Promotion\" offer in an audio-visual format. See for yourself what a perfect destination Dresden is for a weekend trip - beautiful architecture, cultural attractions and a convenient train connection with KD, making your journey there and back as enjoyable as the stay itself!\r\n<div style=\"display: flex; justify-content: center; align-items: center;\"><iframe title=\"YouTube video player\" src=\"https:\/\/www.youtube.com\/embed\/tD7nAa9kE8g?enablejsapi=1\" width=\"860\" height=\"450\" frameborder=\"0\" allowfullscreen=\"allowfullscreen\"> <\/iframe><\/div>\r\n<p style=\"text-align: center;\"><a class=\"btn btn-yellow-only-bg cta-url\" style=\"margin-top: 30px;\" href=\"https:\/\/kolejedolnoslaskie.pl\/en\">BUY TICKET<\/a><\/p>\r\n<a name=\"regulamin\"><\/a>"},{"acf_fc_layout":"attachments_module","attachments_module_files":[{"attachments_module_files_name":"Regulations of the \u2018Dresden Promotion\u2019 offer (valid from 01.10.2024 r.)","attachments_module_files_file":80376}]}]},"yoast_head":"<!-- This site is optimized with the Yoast SEO plugin v27.5 - https:\/\/yoast.com\/product\/yoast-seo-wordpress\/ -->\n<title>Dresden Promotion | Koleje Dolno\u015bl\u0105skie<\/title>\n<meta name=\"description\" content=\"Take advantage of a special offer from KD and travel to Dresden quickly and comfortably. Enjoy up to 2 weeks of travel on a single ticket\" \/>\n<meta name=\"robots\" content=\"index, follow, max-snippet:-1, max-image-preview:large, max-video-preview:-1\" \/>\n<link rel=\"canonical\" href=\"https:\/\/kolejedolnoslaskie.pl\/en\/tariff-offers\/dresden-promotion\/\" \/>\n<meta property=\"og:locale\" content=\"en_US\" \/>\n<meta property=\"og:type\" content=\"article\" \/>\n<meta property=\"og:title\" content=\"Dresden Promotion | Koleje Dolno\u015bl\u0105skie\" \/>\n<meta property=\"og:description\" content=\"Take advantage of a special offer from KD and travel to Dresden quickly and comfortably. Enjoy up to 2 weeks of travel on a single ticket\" \/>\n<meta property=\"og:url\" content=\"https:\/\/kolejedolnoslaskie.pl\/en\/tariff-offers\/dresden-promotion\/\" \/>\n<meta property=\"og:site_name\" content=\"Koleje Dolno\u015bl\u0105skie\" \/>\n<meta property=\"article:modified_time\" content=\"2026-02-26T09:11:20+00:00\" \/>\n<meta property=\"og:image\" content=\"https:\/\/kolejedolnoslaskie.pl\/wp-content\/uploads\/2018\/08\/Wojciech_G\u0105sior_Drezno.jpg\" \/>\n\t<meta property=\"og:image:width\" content=\"1920\" \/>\n\t<meta property=\"og:image:height\" content=\"1080\" \/>\n\t<meta property=\"og:image:type\" content=\"image\/jpeg\" \/>\n<meta name=\"twitter:card\" content=\"summary_large_image\" \/>\n<meta name=\"twitter:image\" content=\"https:\/\/kolejedolnoslaskie.pl\/wp-content\/uploads\/2018\/08\/Wojciech_G\u0105sior_Drezno.jpg\" \/>\n<script type=\"application\/ld+json\" class=\"yoast-schema-graph\">{\"@context\":\"https:\\\/\\\/schema.org\",\"@graph\":[{\"@type\":\"WebPage\",\"@id\":\"https:\\\/\\\/kolejedolnoslaskie.pl\\\/en\\\/tariff-offers\\\/dresden-promotion\\\/\",\"url\":\"https:\\\/\\\/kolejedolnoslaskie.pl\\\/en\\\/tariff-offers\\\/dresden-promotion\\\/\",\"name\":\"Dresden Promotion | Koleje Dolno\u015bl\u0105skie\",\"isPartOf\":{\"@id\":\"https:\\\/\\\/kolejedolnoslaskie.pl\\\/en\\\/#website\"},\"datePublished\":\"2018-08-29T08:25:26+00:00\",\"dateModified\":\"2026-02-26T09:11:20+00:00\",\"description\":\"Take advantage of a special offer from KD and travel to Dresden quickly and comfortably. Enjoy up to 2 weeks of travel on a single ticket\",\"breadcrumb\":{\"@id\":\"https:\\\/\\\/kolejedolnoslaskie.pl\\\/en\\\/tariff-offers\\\/dresden-promotion\\\/#breadcrumb\"},\"inLanguage\":\"en-US\",\"potentialAction\":[{\"@type\":\"ReadAction\",\"target\":[\"https:\\\/\\\/kolejedolnoslaskie.pl\\\/en\\\/tariff-offers\\\/dresden-promotion\\\/\"]}]},{\"@type\":\"BreadcrumbList\",\"@id\":\"https:\\\/\\\/kolejedolnoslaskie.pl\\\/en\\\/tariff-offers\\\/dresden-promotion\\\/#breadcrumb\",\"itemListElement\":[{\"@type\":\"ListItem\",\"position\":1,\"name\":\"Main site\",\"item\":\"https:\\\/\\\/kolejedolnoslaskie.pl\\\/en\\\/\"},{\"@type\":\"ListItem\",\"position\":2,\"name\":\"Tariff Offers\",\"item\":\"https:\\\/\\\/kolejedolnoslaskie.pl\\\/en\\\/tariff-offers\\\/\"},{\"@type\":\"ListItem\",\"position\":3,\"name\":\"Dresden Promotion\"}]},{\"@type\":\"WebSite\",\"@id\":\"https:\\\/\\\/kolejedolnoslaskie.pl\\\/en\\\/#website\",\"url\":\"https:\\\/\\\/kolejedolnoslaskie.pl\\\/en\\\/\",\"name\":\"Koleje Dolno\u015bl\u0105skie\",\"description\":\"Koleje Dolno\u015bl\u0105skie\",\"potentialAction\":[{\"@type\":\"SearchAction\",\"target\":{\"@type\":\"EntryPoint\",\"urlTemplate\":\"https:\\\/\\\/kolejedolnoslaskie.pl\\\/en\\\/?s={search_term_string}\"},\"query-input\":{\"@type\":\"PropertyValueSpecification\",\"valueRequired\":true,\"valueName\":\"search_term_string\"}}],\"inLanguage\":\"en-US\"}]}<\/script>\n<!-- \/ Yoast SEO plugin. -->","yoast_head_json":{"title":"Dresden Promotion | Koleje Dolno\u015bl\u0105skie","description":"Take advantage of a special offer from KD and travel to Dresden quickly and comfortably. Enjoy up to 2 weeks of travel on a single ticket","robots":{"index":"index","follow":"follow","max-snippet":"max-snippet:-1","max-image-preview":"max-image-preview:large","max-video-preview":"max-video-preview:-1"},"canonical":"https:\/\/kolejedolnoslaskie.pl\/en\/tariff-offers\/dresden-promotion\/","og_locale":"en_US","og_type":"article","og_title":"Dresden Promotion | Koleje Dolno\u015bl\u0105skie","og_description":"Take advantage of a special offer from KD and travel to Dresden quickly and comfortably. Enjoy up to 2 weeks of travel on a single ticket","og_url":"https:\/\/kolejedolnoslaskie.pl\/en\/tariff-offers\/dresden-promotion\/","og_site_name":"Koleje Dolno\u015bl\u0105skie","article_modified_time":"2026-02-26T09:11:20+00:00","og_image":[{"width":1920,"height":1080,"url":"https:\/\/kolejedolnoslaskie.pl\/wp-content\/uploads\/2018\/08\/Wojciech_G\u0105sior_Drezno.jpg","type":"image\/jpeg"}],"twitter_card":"summary_large_image","twitter_image":"https:\/\/kolejedolnoslaskie.pl\/wp-content\/uploads\/2018\/08\/Wojciech_G\u0105sior_Drezno.jpg","schema":{"@context":"https:\/\/schema.org","@graph":[{"@type":"WebPage","@id":"https:\/\/kolejedolnoslaskie.pl\/en\/tariff-offers\/dresden-promotion\/","url":"https:\/\/kolejedolnoslaskie.pl\/en\/tariff-offers\/dresden-promotion\/","name":"Dresden Promotion | Koleje Dolno\u015bl\u0105skie","isPartOf":{"@id":"https:\/\/kolejedolnoslaskie.pl\/en\/#website"},"datePublished":"2018-08-29T08:25:26+00:00","dateModified":"2026-02-26T09:11:20+00:00","description":"Take advantage of a special offer from KD and travel to Dresden quickly and comfortably. Enjoy up to 2 weeks of travel on a single ticket","breadcrumb":{"@id":"https:\/\/kolejedolnoslaskie.pl\/en\/tariff-offers\/dresden-promotion\/#breadcrumb"},"inLanguage":"en-US","potentialAction":[{"@type":"ReadAction","target":["https:\/\/kolejedolnoslaskie.pl\/en\/tariff-offers\/dresden-promotion\/"]}]},{"@type":"BreadcrumbList","@id":"https:\/\/kolejedolnoslaskie.pl\/en\/tariff-offers\/dresden-promotion\/#breadcrumb","itemListElement":[{"@type":"ListItem","position":1,"name":"Main site","item":"https:\/\/kolejedolnoslaskie.pl\/en\/"},{"@type":"ListItem","position":2,"name":"Tariff Offers","item":"https:\/\/kolejedolnoslaskie.pl\/en\/tariff-offers\/"},{"@type":"ListItem","position":3,"name":"Dresden Promotion"}]},{"@type":"WebSite","@id":"https:\/\/kolejedolnoslaskie.pl\/en\/#website","url":"https:\/\/kolejedolnoslaskie.pl\/en\/","name":"Koleje Dolno\u015bl\u0105skie","description":"Koleje Dolno\u015bl\u0105skie","potentialAction":[{"@type":"SearchAction","target":{"@type":"EntryPoint","urlTemplate":"https:\/\/kolejedolnoslaskie.pl\/en\/?s={search_term_string}"},"query-input":{"@type":"PropertyValueSpecification","valueRequired":true,"valueName":"search_term_string"}}],"inLanguage":"en-US"}]}},"_links":{"self":[{"href":"https:\/\/kolejedolnoslaskie.pl\/en\/wp-json\/wp\/v2\/pages\/81251","targetHints":{"allow":["GET"]}}],"collection":[{"href":"https:\/\/kolejedolnoslaskie.pl\/en\/wp-json\/wp\/v2\/pages"}],"about":[{"href":"https:\/\/kolejedolnoslaskie.pl\/en\/wp-json\/wp\/v2\/types\/page"}],"author":[{"embeddable":true,"href":"https:\/\/kolejedolnoslaskie.pl\/en\/wp-json\/wp\/v2\/users\/43"}],"replies":[{"embeddable":true,"href":"https:\/\/kolejedolnoslaskie.pl\/en\/wp-json\/wp\/v2\/comments?post=81251"}],"version-history":[{"count":6,"href":"https:\/\/kolejedolnoslaskie.pl\/en\/wp-json\/wp\/v2\/pages\/81251\/revisions"}],"predecessor-version":[{"id":102414,"href":"https:\/\/kolejedolnoslaskie.pl\/en\/wp-json\/wp\/v2\/pages\/81251\/revisions\/102414"}],"up":[{"embeddable":true,"href":"https:\/\/kolejedolnoslaskie.pl\/en\/wp-json\/wp\/v2\/pages\/81498"}],"wp:attachment":[{"href":"https:\/\/kolejedolnoslaskie.pl\/en\/wp-json\/wp\/v2\/media?parent=81251"}],"wp:term":[{"taxonomy":"page-category","embeddable":true,"href":"https:\/\/kolejedolnoslaskie.pl\/en\/wp-json\/wp\/v2\/page-category?post=81251"}],"curies":[{"name":"wp","href":"https:\/\/api.w.org\/{rel}","templated":true}]}}