{"id":81203,"date":"2018-08-29T10:01:59","date_gmt":"2018-08-29T08:01:59","guid":{"rendered":"https:\/\/kolejedolnoslaskie.pl\/euro-nysa-ticket\/"},"modified":"2025-04-28T11:50:08","modified_gmt":"2025-04-28T09:50:08","slug":"euro-nysa-ticket","status":"publish","type":"page","link":"https:\/\/kolejedolnoslaskie.pl\/en\/tariff-offers\/euro-nysa-ticket\/","title":{"rendered":"EURO NYSA TICKET"},"content":{"rendered":"","protected":false},"excerpt":{"rendered":"","protected":false},"author":43,"featured_media":0,"parent":81498,"menu_order":0,"comment_status":"closed","ping_status":"closed","template":"","meta":{"_acf_changed":false,"inline_featured_image":false,"footnotes":""},"page-category":[],"class_list":["post-81203","page","type-page","status-publish","hentry"],"acf":{"lista_komponentow_strony":[{"acf_fc_layout":"hero_baner","maska":"dol","foto":75617,"foto_mobile":"","pozycjonowanie_zdjecia":"2","tytul":"EURO NYSA TICKET","subtytul":"","przycisk_cena":"","przycisk_opis":"","przycisk_cta_url":"","wysokosc":500},{"acf_fc_layout":"text_field_module","pole_tekstowe":"<!--\r\n<h3><strong>\u015awi\u0119tuj 20 lat EURO-NYSA-TICEKT+<\/strong><\/h3>\r\nEURO-NYSA-Ticket+\/ZVON od 20 lat oferuje mo\u017cliwo\u015b\u0107 odkrywania trzech kraj\u00f3w na jednym bilecie. Tylko teraz (przez 20 tygodni) masz szans\u0119 wygra\u0107 wiele wspania\u0142ych nagr\u00f3d.\r\n\r\nW ci\u0105gu najbli\u017cszych kilku tygodni mo\u017cesz dowiedzie\u0107 si\u0119, jak rozwija\u0142 si\u0119 Euro-Nysa-Ticket. Co tydzie\u0144 b\u0119dziesz mia\u0142 r\u00f3wnie\u017c szans\u0119 wygra\u0107 jedn\u0105 z nagr\u00f3d.\r\n<h4><strong>Co trzeba zrobi\u0107?<\/strong><\/h4>\r\nAby wzi\u0105\u0107 udzia\u0142 w loterii, wystarczy odpowiedzie\u0107 na pytanie quizowe znajduj\u0105ce si\u0119 na stronie <a href=\"https:\/\/www.zvon.de\/verlosung\" rel=\"nofollow\"><strong>www.zvon.de\/verlosung<\/strong><\/a><strong>. <\/strong>Co tydzie\u0144 do wygrania b\u0119dzie nowa nagroda!-->\r\n<h4><strong>ABOUT THE EURO-NYSA-TICKET<\/strong><\/h4>\r\n<p style=\"font-weight: 400; text-align: justify;\"><strong>A 1-day ticket for one person costs only 55 PLN<\/strong>, a 1-day ticket for two people costs 85 PLN, a 1-day ticket for three people costs only 95 PLN, a 1-day ticket for four people costs 105 PLN, while a 1-day group ticket for five people costs 115 PLN. 3-day tickets may also be purchased.<\/p>\r\n\r\n<h4><strong>Ticket prices<\/strong><\/h4>\r\nThe purchase options for individual tickets are presented in the table below:\r\n<div style=\"overflow-x: auto;\" align=\"center\">\r\n<table style=\"border-width: 1px; border: solid; border-color: #fff;\" width=\"832\">\r\n<tbody>\r\n<tr style=\"height: 50px; text-align: center;\">\r\n<td style=\"background-color: #ffd400; border-width: 1px; border: solid; border-color: #fff;\" width=\"277\"><b>\u00a0<\/b><\/td>\r\n<td style=\"background-color: #ffd400; border-width: 1px; border: solid; border-color: #fff;\" width=\"277\"><b>1-DAY<\/b><\/td>\r\n<td style=\"background-color: #ffd400; border-width: 1px; border: solid; border-color: #fff;\" width=\"277\"><b>3-DAY<\/b><\/td>\r\n<\/tr>\r\n<tr style=\"height: 50px; text-align: center;\">\r\n<td style=\"background-color: #ffd400; border-width: 1px; border: solid; border-color: #fff;\" width=\"277\"><strong>FOR 1 PERSON<\/strong><b style=\"font-family: inherit; font-size: inherit;\">\u00a0<\/b><\/td>\r\n<td style=\"background-color: #f7f7f7; border-width: 1px; border: solid; border-color: #fff;\" width=\"277\"><b>55 z\u0142<\/b><\/td>\r\n<td style=\"background-color: #f7f7f7; border-width: 1px; border: solid; border-color: #fff;\" width=\"277\"><b>110 z\u0142<\/b><\/td>\r\n<\/tr>\r\n<tr style=\"height: 50px; text-align: center;\">\r\n<td style=\"background-color: #ffd400; border-width: 1px; border: solid; border-color: #fff;\" width=\"277\"><b>FOR 2 PEOPLE<\/b><\/td>\r\n<td width=\"277\"><b>85 z\u0142<\/b><\/td>\r\n<td width=\"277\"><b>170 z\u0142<\/b><\/td>\r\n<\/tr>\r\n<tr style=\"height: 50px; text-align: center;\">\r\n<td style=\"background-color: #ffd400; border-width: 1px; border: solid; border-color: #fff;\" width=\"277\"><b>FOR 3 PEOPLE<\/b><\/td>\r\n<td style=\"background-color: #f7f7f7; border-width: 1px; border: solid; border-color: #fff;\" width=\"277\"><b>95 z\u0142<\/b><\/td>\r\n<td style=\"background-color: #f7f7f7; border-width: 1px; border: solid; border-color: #fff;\" width=\"277\"><b>190 z\u0142<\/b><\/td>\r\n<\/tr>\r\n<tr style=\"height: 50px; text-align: center;\">\r\n<td style=\"background-color: #ffd400; border-width: 1px; border: solid; border-color: #fff;\" width=\"277\"><b>FOR 4 PEOPLE<\/b><\/td>\r\n<td width=\"277\"><b>105 z\u0142<\/b><\/td>\r\n<td width=\"277\"><b>210 z\u0142<\/b><\/td>\r\n<\/tr>\r\n<tr style=\"height: 50px; text-align: center;\">\r\n<td style=\"background-color: #ffd400; border-width: 1px; border: solid; border-color: #fff;\" width=\"277\"><b>FOR 5 PEOPLE<\/b><\/td>\r\n<td style=\"background-color: #f7f7f7; border-width: 1px; border: solid; border-color: #fff;\" width=\"277\"><b>115 z\u0142<\/b><\/td>\r\n<td style=\"background-color: #f7f7f7; border-width: 1px; border: solid; border-color: #fff;\" width=\"277\"><b>230 z\u0142<\/b><\/td>\r\n<\/tr>\r\n<\/tbody>\r\n<\/table>\r\n<\/div>\r\n<ul>\r\n \t<li><strong>Children up to 6 years of age<\/strong> travel free of charge on an adult ticket \u2013 each adult may be accompanied by 1 child of up to 6 years of age free of charge.<\/li>\r\n \t<li><strong>Children aged 6 to 15 years of age<\/strong> \u2013 for every 1 EURO-NYSA-TICKET (regardless of the number of people for which it was purchased) it is possible for two children from this age group to travel free of charge (this is valid on Polish territory).<\/li>\r\n<\/ul>\r\nPassengers wishing to travel with a dog or a bicycle can purchase a ticket along with the EURO-NYSA-TICKET at the price of:\r\n<div style=\"overflow-x: auto;\" align=\"center\">\r\n<table style=\"border-width: 1px; border: solid; border-color: #fff;\" width=\"810\">\r\n<tbody>\r\n<tr style=\"height: 50px; text-align: center;\">\r\n<td style=\"background-color: #ffd400; border-width: 1px; border: solid; border-color: #fff;\" width=\"270\"><b>\u00a0<\/b><\/td>\r\n<td style=\"background-color: #ffd400; border-width: 1px; border: solid; border-color: #fff;\" width=\"270\"><b>1-DAY<\/b><\/td>\r\n<td style=\"background-color: #ffd400; border-width: 1px; border: solid; border-color: #fff;\" width=\"270\"><b>3-DAY<\/b><\/td>\r\n<\/tr>\r\n<tr style=\"height: 50px; text-align: center;\">\r\n<td style=\"background-color: #ffd400; border-width: 1px; border: solid; border-color: #fff;\" width=\"270\"><b>BIKE<\/b><\/td>\r\n<td style=\"background-color: #f7f7f7; border-width: 1px; border: solid; border-color: #fff;\" width=\"270\"><b>12 z\u0142<\/b><\/td>\r\n<td style=\"background-color: #f7f7f7; border-width: 1px; border: solid; border-color: #fff;\" width=\"270\"><b>36 z\u0142<\/b><\/td>\r\n<\/tr>\r\n<tr style=\"height: 50px; text-align: center;\">\r\n<td style=\"background-color: #ffd400; border-width: 1px; border: solid; border-color: #fff;\" width=\"270\"><b>DOG<\/b><\/td>\r\n<td width=\"270\"><b>12 z\u0142<\/b><\/td>\r\n<td width=\"270\"><b>36 z\u0142<\/b><\/td>\r\n<\/tr>\r\n<\/tbody>\r\n<\/table>\r\n<\/div>\r\n<h4><strong>Ticket validity<\/strong><\/h4>\r\n<ul>\r\n \t<li>A one-day EURO-NYSA-TICKET is valid for one day, from the moment it is validated to the time of 04:00 on the following day.<\/li>\r\n \t<li>A three-day EURO-NYSA-TICKET is valid from the first day that it is validated until the time of 04:00 on the fourth day.<\/li>\r\n<\/ul>\r\n<h4 style=\"font-weight: 400; text-align: justify;\"><strong>Where can you buy a EURO-NYSA-TICKET?<\/strong><\/h4>\r\nA EURO-NYSA-TICKET may be purchased at ticket offices, Customer-Service Offices and on KD trains.\r\n\r\nThe EURO-NYSA-TICKET is a special offer, for which <strong>tickets may not be transferred or refunded.<\/strong>\r\n\r\n<strong>EURO-NYSA-TICKET tickets are valid:<\/strong>\r\n<ul>\r\n \t<li><strong>on trains <\/strong>operated by carriers (on selected railway lines): Koleje Dolno\u015bl\u0105skie, POLREGIO, Ostdeutsche Eisenbahn, Die L\u00e4nderbahn (trilex and trilex-express trains), S\u00e4chsisch Oberlausitzer Eisenbahngesellschaft mbH, Waldeisenbahn Bad Muskau, \u010cesk\u00e9 dr\u00e1hy,<\/li>\r\n<\/ul>\r\n<ul>\r\n \t<li><strong>on buses operated by regional carriers <\/strong>(in Poland: F.H.U. Bielawa, PKS Boles\u0142awiec, PKS Jelenia G\u00f3ra and PKS Voyager),<\/li>\r\n<\/ul>\r\n<ul>\r\n \t<li><strong>on municipal bus services:\u00a0<\/strong>Bautzen, Bischofswerda, Boles\u0142awiec, \u010cesk\u00e1 L\u00edpa, G\u00f6rlitz, Hoyerswerda, Jablonec nad Nisou, Jelenia G\u00f3ra, Liberec, L\u00f6bau, Wei\u00dfwasser, Zittau,<\/li>\r\n<\/ul>\r\n<ul>\r\n \t<li><strong>on trams:<\/strong> G\u00f6rlitz, Liberec,<\/li>\r\n<\/ul>\r\n<ul>\r\n \t<li><strong>on the narrow-gauge trains of S\u00e4chsisch-Oberlausitzer Eisenbahngesellschaft: <\/strong>Zittau \u2013 Bertsdorf \u2013 Kurort Jonsdorf \/ Kurort Oybin (rides for a one-time surcharge of 10 EUR regular \/ 5 EUR reduced \u2013 details on the SOEG carrier\u2019s website).<\/li>\r\n<\/ul>\r\n<ul>\r\n \t<li><strong>on the narrow-gauge trains of Waldeisenbahn Muskau (Muskau Forest Railway): <\/strong>Wei\u00dfwasser \u2013 Kromlau \/ Bad Muskau,<\/li>\r\n<\/ul>\r\n<strong>With the EURO-NYSA-TICKET, you can travel, among others, (links in Polish):<\/strong>\r\n<ul style=\"font-weight: 400; text-align: justify;\">\r\n \t<li><a href=\"https:\/\/www.bautzen.de\/pl\/\">to the thousand-year-old German city of <strong>Bautzen,<\/strong><\/a><\/li>\r\n \t<li><a href=\"http:\/\/www.goerlitz-miasto.pl\/Tourismus.html\">to the cross-border German city of <strong>G\u00f6rlitz<\/strong> with its preserved medieval old town<\/a>,<\/li>\r\n \t<li><a href=\"http:\/\/www.visitliberec.eu\/pl\"><strong>to Liberec <\/strong>\u2013 the winter capital of the Czech Republic,<\/a><\/li>\r\n \t<li><a href=\"https:\/\/www.harrachov.cz\/\">to the Czech Giant Mountains <strong>to Harrachov,<\/strong><\/a><\/li>\r\n \t<li><a href=\"http:\/\/www.mesto-frydlant.cz\/pl\/miasto-frydlant\/\">to the Czech town of <strong>Fr\u00fddlant<\/strong> with its picturesque Gothic castle.<\/a><\/li>\r\n<\/ul>\r\n<h4 style=\"font-weight: 400; text-align: justify;\"><strong>Additional information in Polish:<\/strong><\/h4>\r\n<p style=\"text-align: justify;\"><a href=\"https:\/\/www.zvon.de\/de\/tickets\/\" rel=\"nofollow\">Description of tickets on the ZVON website<\/a><\/p>\r\n<p style=\"text-align: justify;\"><a href=\"https:\/\/www.zvon.de\/de\/fahrplan\/\" rel=\"nofollow\">Timetables for EURO-NYSA-TICKET tickets<\/a><\/p>\r\n<p style=\"text-align: justify;\"><a href=\"http:\/\/www.waldeisenbahn.de\/pl\/\" rel=\"nofollow\">Muskau Forest Railway<\/a><\/p>\r\n<p style=\"text-align: justify;\"><a href=\"http:\/\/www.lanovka-jested.cz\/kolejka-linowa\/\" rel=\"nofollow\">The Liberec Horni Hanychov \u2013 Je\u0161t\u011bd Cableway<\/a><\/p>\r\n<a href=\"https:\/\/www.zittauer-schmalspurbahn.de\/pl\/strona-glowna\/\">\u017bytawa Narrow Gauge Railway<\/a><u><\/u>"},{"acf_fc_layout":"text_field_module","pole_tekstowe":"<strong>Map of the EURO-NYSA ticket coverage area<\/strong>\r\n\r\n<img class=\"alignnone size-full wp-image-53348\" src=\"https:\/\/kolejedolnoslaskie.pl\/wp-content\/uploads\/2024\/07\/Karte_ENT_Juli2024.png\" alt=\"Obszar obowi\u0105zywania bilet\u00f3w EURO-NYSA\" width=\"100%\" height=\"100%\" \/>"},{"acf_fc_layout":"text_field_module","pole_tekstowe":"<div align=\"center\"><a class=\"btn btn-yellow-only-bg\" href=\"https:\/\/kolejedolnoslaskie.pl\/wp-content\/uploads\/2024\/07\/Karte_ENT_Juli2024-1.pdf\" rel=\"noopener\">Download<\/a><\/div>"}]},"yoast_head":"<!-- This site is optimized with the Yoast SEO plugin v27.4 - https:\/\/yoast.com\/product\/yoast-seo-wordpress\/ -->\n<title>Euro Nysa Ticket | Koleje Dolno\u015bl\u0105skie<\/title>\n<meta name=\"description\" content=\"The favorable offer of Koleje Dolno\u015bl\u0105skie Euro Nysa Ticket allows you to travel by tram, train and bus on one ticket. Check the details \u2713\" \/>\n<meta name=\"robots\" content=\"index, follow, max-snippet:-1, max-image-preview:large, max-video-preview:-1\" \/>\n<link rel=\"canonical\" href=\"https:\/\/kolejedolnoslaskie.pl\/en\/tariff-offers\/euro-nysa-ticket\/\" \/>\n<meta property=\"og:locale\" content=\"en_US\" \/>\n<meta property=\"og:type\" content=\"article\" \/>\n<meta property=\"og:title\" content=\"Euro Nysa Ticket | Koleje Dolno\u015bl\u0105skie\" \/>\n<meta property=\"og:description\" content=\"The favorable offer of Koleje Dolno\u015bl\u0105skie Euro Nysa Ticket allows you to travel by tram, train and bus on one ticket. Check the details \u2713\" \/>\n<meta property=\"og:url\" content=\"https:\/\/kolejedolnoslaskie.pl\/en\/tariff-offers\/euro-nysa-ticket\/\" \/>\n<meta property=\"og:site_name\" content=\"Koleje Dolno\u015bl\u0105skie\" \/>\n<meta property=\"article:modified_time\" content=\"2025-04-28T09:50:08+00:00\" \/>\n<meta name=\"twitter:card\" content=\"summary_large_image\" \/>\n<script type=\"application\/ld+json\" class=\"yoast-schema-graph\">{\"@context\":\"https:\\\/\\\/schema.org\",\"@graph\":[{\"@type\":\"WebPage\",\"@id\":\"https:\\\/\\\/kolejedolnoslaskie.pl\\\/en\\\/tariff-offers\\\/euro-nysa-ticket\\\/\",\"url\":\"https:\\\/\\\/kolejedolnoslaskie.pl\\\/en\\\/tariff-offers\\\/euro-nysa-ticket\\\/\",\"name\":\"Euro Nysa Ticket | Koleje Dolno\u015bl\u0105skie\",\"isPartOf\":{\"@id\":\"https:\\\/\\\/kolejedolnoslaskie.pl\\\/en\\\/#website\"},\"datePublished\":\"2018-08-29T08:01:59+00:00\",\"dateModified\":\"2025-04-28T09:50:08+00:00\",\"description\":\"The favorable offer of Koleje Dolno\u015bl\u0105skie Euro Nysa Ticket allows you to travel by tram, train and bus on one ticket. Check the details \u2713\",\"breadcrumb\":{\"@id\":\"https:\\\/\\\/kolejedolnoslaskie.pl\\\/en\\\/tariff-offers\\\/euro-nysa-ticket\\\/#breadcrumb\"},\"inLanguage\":\"en-US\",\"potentialAction\":[{\"@type\":\"ReadAction\",\"target\":[\"https:\\\/\\\/kolejedolnoslaskie.pl\\\/en\\\/tariff-offers\\\/euro-nysa-ticket\\\/\"]}]},{\"@type\":\"BreadcrumbList\",\"@id\":\"https:\\\/\\\/kolejedolnoslaskie.pl\\\/en\\\/tariff-offers\\\/euro-nysa-ticket\\\/#breadcrumb\",\"itemListElement\":[{\"@type\":\"ListItem\",\"position\":1,\"name\":\"Main site\",\"item\":\"https:\\\/\\\/kolejedolnoslaskie.pl\\\/en\\\/\"},{\"@type\":\"ListItem\",\"position\":2,\"name\":\"Tariff Offers\",\"item\":\"https:\\\/\\\/kolejedolnoslaskie.pl\\\/en\\\/tariff-offers\\\/\"},{\"@type\":\"ListItem\",\"position\":3,\"name\":\"EURO NYSA TICKET\"}]},{\"@type\":\"WebSite\",\"@id\":\"https:\\\/\\\/kolejedolnoslaskie.pl\\\/en\\\/#website\",\"url\":\"https:\\\/\\\/kolejedolnoslaskie.pl\\\/en\\\/\",\"name\":\"Koleje Dolno\u015bl\u0105skie\",\"description\":\"Koleje Dolno\u015bl\u0105skie\",\"potentialAction\":[{\"@type\":\"SearchAction\",\"target\":{\"@type\":\"EntryPoint\",\"urlTemplate\":\"https:\\\/\\\/kolejedolnoslaskie.pl\\\/en\\\/?s={search_term_string}\"},\"query-input\":{\"@type\":\"PropertyValueSpecification\",\"valueRequired\":true,\"valueName\":\"search_term_string\"}}],\"inLanguage\":\"en-US\"}]}<\/script>\n<!-- \/ Yoast SEO plugin. -->","yoast_head_json":{"title":"Euro Nysa Ticket | Koleje Dolno\u015bl\u0105skie","description":"The favorable offer of Koleje Dolno\u015bl\u0105skie Euro Nysa Ticket allows you to travel by tram, train and bus on one ticket. Check the details \u2713","robots":{"index":"index","follow":"follow","max-snippet":"max-snippet:-1","max-image-preview":"max-image-preview:large","max-video-preview":"max-video-preview:-1"},"canonical":"https:\/\/kolejedolnoslaskie.pl\/en\/tariff-offers\/euro-nysa-ticket\/","og_locale":"en_US","og_type":"article","og_title":"Euro Nysa Ticket | Koleje Dolno\u015bl\u0105skie","og_description":"The favorable offer of Koleje Dolno\u015bl\u0105skie Euro Nysa Ticket allows you to travel by tram, train and bus on one ticket. Check the details \u2713","og_url":"https:\/\/kolejedolnoslaskie.pl\/en\/tariff-offers\/euro-nysa-ticket\/","og_site_name":"Koleje Dolno\u015bl\u0105skie","article_modified_time":"2025-04-28T09:50:08+00:00","twitter_card":"summary_large_image","schema":{"@context":"https:\/\/schema.org","@graph":[{"@type":"WebPage","@id":"https:\/\/kolejedolnoslaskie.pl\/en\/tariff-offers\/euro-nysa-ticket\/","url":"https:\/\/kolejedolnoslaskie.pl\/en\/tariff-offers\/euro-nysa-ticket\/","name":"Euro Nysa Ticket | Koleje Dolno\u015bl\u0105skie","isPartOf":{"@id":"https:\/\/kolejedolnoslaskie.pl\/en\/#website"},"datePublished":"2018-08-29T08:01:59+00:00","dateModified":"2025-04-28T09:50:08+00:00","description":"The favorable offer of Koleje Dolno\u015bl\u0105skie Euro Nysa Ticket allows you to travel by tram, train and bus on one ticket. Check the details \u2713","breadcrumb":{"@id":"https:\/\/kolejedolnoslaskie.pl\/en\/tariff-offers\/euro-nysa-ticket\/#breadcrumb"},"inLanguage":"en-US","potentialAction":[{"@type":"ReadAction","target":["https:\/\/kolejedolnoslaskie.pl\/en\/tariff-offers\/euro-nysa-ticket\/"]}]},{"@type":"BreadcrumbList","@id":"https:\/\/kolejedolnoslaskie.pl\/en\/tariff-offers\/euro-nysa-ticket\/#breadcrumb","itemListElement":[{"@type":"ListItem","position":1,"name":"Main site","item":"https:\/\/kolejedolnoslaskie.pl\/en\/"},{"@type":"ListItem","position":2,"name":"Tariff Offers","item":"https:\/\/kolejedolnoslaskie.pl\/en\/tariff-offers\/"},{"@type":"ListItem","position":3,"name":"EURO NYSA TICKET"}]},{"@type":"WebSite","@id":"https:\/\/kolejedolnoslaskie.pl\/en\/#website","url":"https:\/\/kolejedolnoslaskie.pl\/en\/","name":"Koleje Dolno\u015bl\u0105skie","description":"Koleje Dolno\u015bl\u0105skie","potentialAction":[{"@type":"SearchAction","target":{"@type":"EntryPoint","urlTemplate":"https:\/\/kolejedolnoslaskie.pl\/en\/?s={search_term_string}"},"query-input":{"@type":"PropertyValueSpecification","valueRequired":true,"valueName":"search_term_string"}}],"inLanguage":"en-US"}]}},"_links":{"self":[{"href":"https:\/\/kolejedolnoslaskie.pl\/en\/wp-json\/wp\/v2\/pages\/81203","targetHints":{"allow":["GET"]}}],"collection":[{"href":"https:\/\/kolejedolnoslaskie.pl\/en\/wp-json\/wp\/v2\/pages"}],"about":[{"href":"https:\/\/kolejedolnoslaskie.pl\/en\/wp-json\/wp\/v2\/types\/page"}],"author":[{"embeddable":true,"href":"https:\/\/kolejedolnoslaskie.pl\/en\/wp-json\/wp\/v2\/users\/43"}],"replies":[{"embeddable":true,"href":"https:\/\/kolejedolnoslaskie.pl\/en\/wp-json\/wp\/v2\/comments?post=81203"}],"version-history":[{"count":1,"href":"https:\/\/kolejedolnoslaskie.pl\/en\/wp-json\/wp\/v2\/pages\/81203\/revisions"}],"predecessor-version":[{"id":81209,"href":"https:\/\/kolejedolnoslaskie.pl\/en\/wp-json\/wp\/v2\/pages\/81203\/revisions\/81209"}],"up":[{"embeddable":true,"href":"https:\/\/kolejedolnoslaskie.pl\/en\/wp-json\/wp\/v2\/pages\/81498"}],"wp:attachment":[{"href":"https:\/\/kolejedolnoslaskie.pl\/en\/wp-json\/wp\/v2\/media?parent=81203"}],"wp:term":[{"taxonomy":"page-category","embeddable":true,"href":"https:\/\/kolejedolnoslaskie.pl\/en\/wp-json\/wp\/v2\/page-category?post=81203"}],"curies":[{"name":"wp","href":"https:\/\/api.w.org\/{rel}","templated":true}]}}