{"id":80982,"date":"2018-08-31T20:46:02","date_gmt":"2018-08-31T18:46:02","guid":{"rendered":"https:\/\/kolejedolnoslaskie.pl\/wspolny-bilet-samorzadowy\/"},"modified":"2026-02-26T08:48:56","modified_gmt":"2026-02-26T07:48:56","slug":"wspolny-bilet-samorzadowy","status":"publish","type":"page","link":"https:\/\/kolejedolnoslaskie.pl\/en\/tariff-offers\/wspolny-bilet-samorzadowy\/","title":{"rendered":"Wsp\u00f3lny Bilet Samorz\u0105dowy"},"content":{"rendered":"","protected":false},"excerpt":{"rendered":"","protected":false},"author":43,"featured_media":0,"parent":81498,"menu_order":0,"comment_status":"closed","ping_status":"closed","template":"","meta":{"_acf_changed":false,"inline_featured_image":false,"footnotes":""},"page-category":[],"class_list":["post-80982","page","type-page","status-publish","hentry"],"acf":{"lista_komponentow_strony":[{"acf_fc_layout":"hero_baner","maska":"dol","foto":75014,"foto_mobile":null,"pozycjonowanie_zdjecia":"2","tytul":"WBS Wsp\u00f3lny Bilet Samorz\u0105dowy","subtytul":"","przycisk_cena":"","przycisk_opis":"","przycisk_cta_url":"","wysokosc":500},{"acf_fc_layout":"text_field_module","pole_tekstowe":"<strong>Discover Poland without limits! In Koleje Dolno\u015bl\u0105skie, tickets from the Wsp\u00f3lny Bilet Samorz\u0105dowy (eng. Joint Local Government Ticket) offer are available. This is a unique offer that allows you to travel on our passenger trains and KD Sprinter. Check how the WBS ticket works and set off on your journey!\u00a0<\/strong>\r\n\r\nThe offer includes 24-hour tickets at a price of <strong>59.00 PLN<\/strong>. The tickets entitle you to travel with all the aforementioned carriers without the need to pay additional fees:\r\n\r\n\u2022 Arriva RP,\r\n\u2022 Koleje Dolno\u015bl\u0105skie,\r\n\u2022 Koleje Ma\u0142opolskie,\r\n\u2022 Koleje \u015al\u0105skie,\r\n\u2022 Koleje Wielkopolskie,\r\n\u2022 \u0141\u00f3dzka Kolei Aglomeracyjna,\r\n\u2022 Warszawska Kolej Dojazdowa.\r\n\r\nAdditionally, you can buy a ticket for transporting a bicycle at the price of:\r\n<ul>\r\n \t<li><b>12,00 z\u0142<\/b>, if you want to transport the bicycle for the entire validity period of the WBS Ticket,<\/li>\r\n \t<li><b>8,50 z\u0142<\/b>, if you want to transport the bicycle only once.<\/li>\r\n<\/ul>\r\n<b>With a WBS (Joint Local Government Ticket), you receive discounts in over 50 cultural institutions when visiting tourist attractions throughout Poland<\/b>\r\n\r\nYou can purchase this ticket on Koleje Dolno\u015bl\u0105skie:\r\n<ul>\r\n \t<li>directly on the website <a href=\"https:\/\/kolejedolnoslaskie.pl\/en\">Shop KD<\/a>,<\/li>\r\n \t<li>at all KD ticket offices and KD Customer Service Offices,<\/li>\r\n \t<li>from KD train and bus team,<\/li>\r\n<\/ul>\r\nThe offer is valid on all Koleje Dolno\u015bl\u0105skie trains within Poland, <strong>except<\/strong> for trains indicated in the Tariff Conditions of the special offer \"Wsp\u00f3lny Bilet Samorz\u0105dowy (Joint Local Government Ticket)\", for example special trains \"KD Special\", \"KD-Premium\", \"Poci\u0105g do kultury (Culture Train Wroc\u0142aw \u2013 Berlin)\" and on trains of PKP Intercity and POLREGIO carriers. The list of trains from other carriers that have been excluded from the \u2018Wsp\u00f3lny Bilet Samorz\u0105dowy (eng. Joint Local Government Ticket)\u2019 offer is included in the regulations of the offer."},{"acf_fc_layout":"attachments_module","attachments_module_files":[{"attachments_module_files_name":"Tariff conditions of the special offer - Wsp\u00f3lny Bilet Samorz\u0105dowy (valid from 01.03.2025)","attachments_module_files_file":80623},{"attachments_module_files_name":"Change no. 8 (valid from 01.03.2025)","attachments_module_files_file":80620},{"attachments_module_files_name":"List of institutions and facilities granting discounts to holders of the Wsp\u00f3lny Bilet Samorz\u0105dowy <br> (valid from 06.03.2025)","attachments_module_files_file":80677}]}]},"yoast_head":"<!-- This site is optimized with the Yoast SEO plugin v27.6 - https:\/\/yoast.com\/product\/yoast-seo-wordpress\/ -->\n<title>Wsp\u00f3lny Bilet Samorz\u0105dowy | Koleje Dolno\u015bl\u0105skie<\/title>\n<meta name=\"description\" content=\"Joint Local Government Ticket WBS - a unique offer covering eight Polish rail carriers. Travel freely for 24 hours with just one ticket \u2713\" \/>\n<meta name=\"robots\" content=\"index, follow, max-snippet:-1, max-image-preview:large, max-video-preview:-1\" \/>\n<link rel=\"canonical\" href=\"https:\/\/kolejedolnoslaskie.pl\/en\/tariff-offers\/wspolny-bilet-samorzadowy\/\" \/>\n<meta property=\"og:locale\" content=\"en_US\" \/>\n<meta property=\"og:type\" content=\"article\" \/>\n<meta property=\"og:title\" content=\"Wsp\u00f3lny Bilet Samorz\u0105dowy | Koleje Dolno\u015bl\u0105skie\" \/>\n<meta property=\"og:description\" content=\"Joint Local Government Ticket WBS - a unique offer covering eight Polish rail carriers. Travel freely for 24 hours with just one ticket \u2713\" \/>\n<meta property=\"og:url\" content=\"https:\/\/kolejedolnoslaskie.pl\/en\/tariff-offers\/wspolny-bilet-samorzadowy\/\" \/>\n<meta property=\"og:site_name\" content=\"Koleje Dolno\u015bl\u0105skie\" \/>\n<meta property=\"article:modified_time\" content=\"2026-02-26T07:48:56+00:00\" \/>\n<meta property=\"og:image\" content=\"https:\/\/kolejedolnoslaskie.pl\/wp-content\/uploads\/2018\/06\/3b3a4211fc648220eb764a474a4982b99bcafd69.png\" \/>\n\t<meta property=\"og:image:width\" content=\"1200\" \/>\n\t<meta property=\"og:image:height\" content=\"675\" \/>\n\t<meta property=\"og:image:type\" content=\"image\/png\" \/>\n<meta name=\"twitter:card\" content=\"summary_large_image\" \/>\n<meta name=\"twitter:image\" content=\"https:\/\/kolejedolnoslaskie.pl\/wp-content\/uploads\/2018\/06\/3b3a4211fc648220eb764a474a4982b99bcafd69.png\" \/>\n<script type=\"application\/ld+json\" class=\"yoast-schema-graph\">{\"@context\":\"https:\\\/\\\/schema.org\",\"@graph\":[{\"@type\":\"WebPage\",\"@id\":\"https:\\\/\\\/kolejedolnoslaskie.pl\\\/en\\\/tariff-offers\\\/wspolny-bilet-samorzadowy\\\/\",\"url\":\"https:\\\/\\\/kolejedolnoslaskie.pl\\\/en\\\/tariff-offers\\\/wspolny-bilet-samorzadowy\\\/\",\"name\":\"Wsp\u00f3lny Bilet Samorz\u0105dowy | Koleje Dolno\u015bl\u0105skie\",\"isPartOf\":{\"@id\":\"https:\\\/\\\/kolejedolnoslaskie.pl\\\/en\\\/#website\"},\"datePublished\":\"2018-08-31T18:46:02+00:00\",\"dateModified\":\"2026-02-26T07:48:56+00:00\",\"description\":\"Joint Local Government Ticket WBS - a unique offer covering eight Polish rail carriers. Travel freely for 24 hours with just one ticket \u2713\",\"breadcrumb\":{\"@id\":\"https:\\\/\\\/kolejedolnoslaskie.pl\\\/en\\\/tariff-offers\\\/wspolny-bilet-samorzadowy\\\/#breadcrumb\"},\"inLanguage\":\"en-US\",\"potentialAction\":[{\"@type\":\"ReadAction\",\"target\":[\"https:\\\/\\\/kolejedolnoslaskie.pl\\\/en\\\/tariff-offers\\\/wspolny-bilet-samorzadowy\\\/\"]}]},{\"@type\":\"BreadcrumbList\",\"@id\":\"https:\\\/\\\/kolejedolnoslaskie.pl\\\/en\\\/tariff-offers\\\/wspolny-bilet-samorzadowy\\\/#breadcrumb\",\"itemListElement\":[{\"@type\":\"ListItem\",\"position\":1,\"name\":\"Main site\",\"item\":\"https:\\\/\\\/kolejedolnoslaskie.pl\\\/en\\\/\"},{\"@type\":\"ListItem\",\"position\":2,\"name\":\"Tariff Offers\",\"item\":\"https:\\\/\\\/kolejedolnoslaskie.pl\\\/en\\\/tariff-offers\\\/\"},{\"@type\":\"ListItem\",\"position\":3,\"name\":\"Wsp\u00f3lny Bilet Samorz\u0105dowy\"}]},{\"@type\":\"WebSite\",\"@id\":\"https:\\\/\\\/kolejedolnoslaskie.pl\\\/en\\\/#website\",\"url\":\"https:\\\/\\\/kolejedolnoslaskie.pl\\\/en\\\/\",\"name\":\"Koleje Dolno\u015bl\u0105skie\",\"description\":\"Koleje Dolno\u015bl\u0105skie\",\"potentialAction\":[{\"@type\":\"SearchAction\",\"target\":{\"@type\":\"EntryPoint\",\"urlTemplate\":\"https:\\\/\\\/kolejedolnoslaskie.pl\\\/en\\\/?s={search_term_string}\"},\"query-input\":{\"@type\":\"PropertyValueSpecification\",\"valueRequired\":true,\"valueName\":\"search_term_string\"}}],\"inLanguage\":\"en-US\"}]}<\/script>\n<!-- \/ Yoast SEO plugin. -->","yoast_head_json":{"title":"Wsp\u00f3lny Bilet Samorz\u0105dowy | Koleje Dolno\u015bl\u0105skie","description":"Joint Local Government Ticket WBS - a unique offer covering eight Polish rail carriers. Travel freely for 24 hours with just one ticket \u2713","robots":{"index":"index","follow":"follow","max-snippet":"max-snippet:-1","max-image-preview":"max-image-preview:large","max-video-preview":"max-video-preview:-1"},"canonical":"https:\/\/kolejedolnoslaskie.pl\/en\/tariff-offers\/wspolny-bilet-samorzadowy\/","og_locale":"en_US","og_type":"article","og_title":"Wsp\u00f3lny Bilet Samorz\u0105dowy | Koleje Dolno\u015bl\u0105skie","og_description":"Joint Local Government Ticket WBS - a unique offer covering eight Polish rail carriers. Travel freely for 24 hours with just one ticket \u2713","og_url":"https:\/\/kolejedolnoslaskie.pl\/en\/tariff-offers\/wspolny-bilet-samorzadowy\/","og_site_name":"Koleje Dolno\u015bl\u0105skie","article_modified_time":"2026-02-26T07:48:56+00:00","og_image":[{"width":1200,"height":675,"url":"https:\/\/kolejedolnoslaskie.pl\/wp-content\/uploads\/2018\/06\/3b3a4211fc648220eb764a474a4982b99bcafd69.png","type":"image\/png"}],"twitter_card":"summary_large_image","twitter_image":"https:\/\/kolejedolnoslaskie.pl\/wp-content\/uploads\/2018\/06\/3b3a4211fc648220eb764a474a4982b99bcafd69.png","schema":{"@context":"https:\/\/schema.org","@graph":[{"@type":"WebPage","@id":"https:\/\/kolejedolnoslaskie.pl\/en\/tariff-offers\/wspolny-bilet-samorzadowy\/","url":"https:\/\/kolejedolnoslaskie.pl\/en\/tariff-offers\/wspolny-bilet-samorzadowy\/","name":"Wsp\u00f3lny Bilet Samorz\u0105dowy | Koleje Dolno\u015bl\u0105skie","isPartOf":{"@id":"https:\/\/kolejedolnoslaskie.pl\/en\/#website"},"datePublished":"2018-08-31T18:46:02+00:00","dateModified":"2026-02-26T07:48:56+00:00","description":"Joint Local Government Ticket WBS - a unique offer covering eight Polish rail carriers. Travel freely for 24 hours with just one ticket \u2713","breadcrumb":{"@id":"https:\/\/kolejedolnoslaskie.pl\/en\/tariff-offers\/wspolny-bilet-samorzadowy\/#breadcrumb"},"inLanguage":"en-US","potentialAction":[{"@type":"ReadAction","target":["https:\/\/kolejedolnoslaskie.pl\/en\/tariff-offers\/wspolny-bilet-samorzadowy\/"]}]},{"@type":"BreadcrumbList","@id":"https:\/\/kolejedolnoslaskie.pl\/en\/tariff-offers\/wspolny-bilet-samorzadowy\/#breadcrumb","itemListElement":[{"@type":"ListItem","position":1,"name":"Main site","item":"https:\/\/kolejedolnoslaskie.pl\/en\/"},{"@type":"ListItem","position":2,"name":"Tariff Offers","item":"https:\/\/kolejedolnoslaskie.pl\/en\/tariff-offers\/"},{"@type":"ListItem","position":3,"name":"Wsp\u00f3lny Bilet Samorz\u0105dowy"}]},{"@type":"WebSite","@id":"https:\/\/kolejedolnoslaskie.pl\/en\/#website","url":"https:\/\/kolejedolnoslaskie.pl\/en\/","name":"Koleje Dolno\u015bl\u0105skie","description":"Koleje Dolno\u015bl\u0105skie","potentialAction":[{"@type":"SearchAction","target":{"@type":"EntryPoint","urlTemplate":"https:\/\/kolejedolnoslaskie.pl\/en\/?s={search_term_string}"},"query-input":{"@type":"PropertyValueSpecification","valueRequired":true,"valueName":"search_term_string"}}],"inLanguage":"en-US"}]}},"_links":{"self":[{"href":"https:\/\/kolejedolnoslaskie.pl\/en\/wp-json\/wp\/v2\/pages\/80982","targetHints":{"allow":["GET"]}}],"collection":[{"href":"https:\/\/kolejedolnoslaskie.pl\/en\/wp-json\/wp\/v2\/pages"}],"about":[{"href":"https:\/\/kolejedolnoslaskie.pl\/en\/wp-json\/wp\/v2\/types\/page"}],"author":[{"embeddable":true,"href":"https:\/\/kolejedolnoslaskie.pl\/en\/wp-json\/wp\/v2\/users\/43"}],"replies":[{"embeddable":true,"href":"https:\/\/kolejedolnoslaskie.pl\/en\/wp-json\/wp\/v2\/comments?post=80982"}],"version-history":[{"count":3,"href":"https:\/\/kolejedolnoslaskie.pl\/en\/wp-json\/wp\/v2\/pages\/80982\/revisions"}],"predecessor-version":[{"id":102388,"href":"https:\/\/kolejedolnoslaskie.pl\/en\/wp-json\/wp\/v2\/pages\/80982\/revisions\/102388"}],"up":[{"embeddable":true,"href":"https:\/\/kolejedolnoslaskie.pl\/en\/wp-json\/wp\/v2\/pages\/81498"}],"wp:attachment":[{"href":"https:\/\/kolejedolnoslaskie.pl\/en\/wp-json\/wp\/v2\/media?parent=80982"}],"wp:term":[{"taxonomy":"page-category","embeddable":true,"href":"https:\/\/kolejedolnoslaskie.pl\/en\/wp-json\/wp\/v2\/page-category?post=80982"}],"curies":[{"name":"wp","href":"https:\/\/api.w.org\/{rel}","templated":true}]}}