{"id":80961,"date":"2018-08-30T19:07:38","date_gmt":"2018-08-30T17:07:38","guid":{"rendered":"https:\/\/kolejedolnoslaskie.pl\/dolnoslaski-bilet-weekendowy\/"},"modified":"2026-02-26T10:21:18","modified_gmt":"2026-02-26T09:21:18","slug":"lower-silesian-weekend-ticket","status":"publish","type":"page","link":"https:\/\/kolejedolnoslaskie.pl\/en\/tariff-offers\/lower-silesian-weekend-ticket\/","title":{"rendered":"Lower Silesian Weekend Ticket"},"content":{"rendered":"","protected":false},"excerpt":{"rendered":"","protected":false},"author":43,"featured_media":0,"parent":81498,"menu_order":0,"comment_status":"closed","ping_status":"closed","template":"page-rozklad-bilety.php","meta":{"_acf_changed":false,"inline_featured_image":false,"footnotes":""},"page-category":[],"class_list":["post-80961","page","type-page","status-publish","hentry"],"acf":{"lista_komponentow_strony":[{"acf_fc_layout":"hero_baner","maska":"dol","foto":79279,"foto_mobile":null,"pozycjonowanie_zdjecia":"2","tytul":"Dolno\u015bl\u0105ski Bilet Weekend","subtytul":"New routes, more connections \u2013 same price!","przycisk_cena":"","przycisk_opis":"","przycisk_cta_url":"","wysokosc":500},{"acf_fc_layout":"back_to_prev"},{"acf_fc_layout":"text_field_module","pole_tekstowe":"<p style=\"text-align: justify;\"><strong>Thanks to an agreement between two leading regional carriers, Dolno\u015bl\u0105ski Bilet Weekendowy (eng. the Lower Silesian Weekend Ticket) is valid on trains operated by Koleje Dolno\u015bl\u0105skie and PolRegio. Now you can benefit from an even greater number of connections!<\/strong><\/p>\r\n<strong>The Lower Silesian Weekend Ticket (polish name: Dolno\u015bl\u0105ski Bilet Weekendowy, you can you shorter name like DBW) <\/strong>is valid from 6:00 PM on the working day immediately preceding consecutive non-working days until 6:00 AM on the first working day following the non-working days. The ticket entitles its holder to an unlimited number of trips within its validity period. It is personalised \u2013 during ticket inspection, you must present a document confirming your identity, or alternatively, you can use the mObywatel application.\r\n<h3>The price of the DBW is only 59.00 PLN<\/h3>\r\nNo additional discounts are provided from this price.\r\n\r\nA Lower Silesia Weekend Ticket may be accompanied by:\r\n<ul>\r\n \t<li>a ticket for transporting a dog, costing 5.50 PLN \u2013 valid for one day (a separate ticket must be purchased for each day of travel),<\/li>\r\n \t<li>a reduced-rate ticket for transporting a bicycle, costing 8.50 PLN \u2013 valid for a single journey,<\/li>\r\n \t<li>a ticket for transporting a bicycle, costing 20 PLN \u2013 valid during the period of validity of the Lower Silesia Weekend Ticket.<\/li>\r\n<\/ul>\r\nTickets according to the <strong>Dolno\u015bl\u0105ski Bilet Weekendowy<\/strong> offer are valid on Koleje Dolno\u015bl\u0105skie trains (excluding Culture Train, special connections, and KD Premium) as well as on PolRegio (REGIO trains) on sections of the railway network (in both directions):\r\n<ul>\r\n \t<li>in the Lower Silesian Voivodeship: on all sections within the voivodeship,<\/li>\r\n \t<li>in the Lubusz Voivodeship:\r\na) (Studzianka) \u2013 Leszno G\u00f3rne \u2013 \u017baga\u0144 \u2013 \u017bary \u2013 Zasieki \u2013 Zasieki Granica Pa\u0144stwa,\r\nb) (Okr\u0105glica) \u2013 I\u0142owa \u017bag. \u2013 Jankowa \u017baga\u0144ska \u2013 \u017bary \/ \u017baga\u0144,\r\nc) (Czerna) \u2013 Nowa S\u00f3l \u2013 Zielona G\u00f3ra G\u0142\u00f3wna,<\/li>\r\n \t<li>in the Greater Poland Voivodeship:\r\na) (Korze\u0144sko) \u2013 Rawicz,\r\nb) (Cieszk\u00f3w) \u2013 Zduny \u2013 Krotoszyn.<\/li>\r\n<\/ul>\r\n<h3>Tickets issued under Dolno\u015bl\u0105ski Bilet Weekendowy (shorter: DBW, eng. the Lower Silesian Weekend Ticket) offer are honoured on trains operated by carriers:<\/h3>\r\n<ul>\r\n \t<li>\u010cesk\u00e9 dr\u00e1hy, a.s. (\u010cD): on the cross-border section Szklarska Por\u0119ba G\u00f3rna \u2013 Harrachov,<\/li>\r\n \t<li>Deutsche Bahn AG (DB): on the cross-border section Zasieki \u2013 Forst (Lausitz),<\/li>\r\n \t<li>Die L\u00e4nderbahn GmbH (DLB): on the cross-border section Zgorzelec \u2013 G\u00f6rlitz,<\/li>\r\n \t<li>GW Train Regio, a.s. (GWTR): on the cross-border sections S\u0119dzis\u0142aw \u2013 Lubawka \u2013 Kr\u00e1lovec and Mierosz\u00f3w \u2013 Mezim\u011bst\u00ed,<\/li>\r\n \t<li>Greater Poland Railways Sp. z o.o. (KW): on the section Milicz \u2013 Zduny \u2013 Krotoszyn,<\/li>\r\n \t<li>Leo Express Tenders s.r.o. (LET): on the cross-border section Mi\u0119dzylesie \u2013 Lichkov.<\/li>\r\n<\/ul>\r\n<h3>Where can you buy a ticket?<\/h3>\r\nYou can buy a ticket via the <strong><a href=\"https:\/\/kolejedolnoslaskie.pl\/en\" target=\"_blank\" rel=\"noopener\">KD Online Store<\/a> <\/strong>\u2013 without any kind of app and without having to log in!\r\n<h4>How do you buy a Lower Silesia Weekend Ticket in the KD Store?<\/h4>\r\n<ol>\r\n \t<li>On the website <a href=\"https:\/\/kolejedolnoslaskie.pl\/\">kolejedolnoslaskie.pl\/en<\/a>\u00a0you enter the starting point and the final station of one of the routes you want to travel on as part of the Weekend Ticket.<\/li>\r\n \t<li>Select the appropriate date - remember that the Weekend Ticket is valid from 6:00 p.m. on the working day immediately preceding consecutive non-working days, until 6:00 a.m. on the first working day that follows the non-working days (<strong>usually from 6:00 p.m. on Friday to 6:00 a.m. on Monday<\/strong>).<\/li>\r\n \t<li>From the list of offers available, select: Lower Silesia Weekend Ticket<\/li>\r\n \t<li>Provide your details and your e-mail address.<\/li>\r\n \t<li>Select the payment method and complete the purchase.<\/li>\r\n<\/ol>\r\n<h4>You can also purchase tickets:<\/h4>\r\n<ul>\r\n \t<li>at KD Customer Service Offices and KD ticket offices,<\/li>\r\n \t<li>on KD trains and buses,<\/li>\r\n \t<li>at ticket machines selling KD tickets,<\/li>\r\n \t<li>online through the KOLEO platform (online tickets),<\/li>\r\n \t<li>through the E-PODR\u00d3\u017bNIK TICKETS system (online tickets),<\/li>\r\n \t<li>through the BILKOM system (online tickets),<\/li>\r\n \t<li>at all ticket offices of the carrier POLREGIO.<\/li>\r\n<\/ul>"},{"acf_fc_layout":"text_field_module","pole_tekstowe":"<img class=\"aligncenter wp-image-102398 size-large\" src=\"https:\/\/kolejedolnoslaskie.pl\/wp-content\/uploads\/2026\/02\/LOWER-SILESIAN-TICKET-VALIDITY-SCHEDULE-1024x768.jpg\" alt=\"\" width=\"1024\" height=\"768\" \/>"},{"acf_fc_layout":"text_field_module","pole_tekstowe":"<p style=\"text-align: center;\"><a class=\"btn btn-yellow-only-bg cta-url\" style=\"margin-top: 30px;\" href=\"https:\/\/kolejedolnoslaskie.pl\/en\">BUY TICKET<\/a><\/p>"},{"acf_fc_layout":"attachments_module","attachments_module_files":[{"attachments_module_files_name":"Regulations of the \u2018Lower Silesian Weekend Ticket\u2019 offer (effective from 1 October 2024)","attachments_module_files_file":80378}]}]},"yoast_head":"<!-- This site is optimized with the Yoast SEO plugin v27.5 - https:\/\/yoast.com\/product\/yoast-seo-wordpress\/ -->\n<title>Lower Silesian Weekend Ticket | Koleje Dolno\u015bl\u0105skie<\/title>\n<meta name=\"description\" content=\"Travel all weekend at no extra cost with KD and Polregio trains. Take advantage of the weekend offer and explore without limits\" \/>\n<meta name=\"robots\" content=\"index, follow, max-snippet:-1, max-image-preview:large, max-video-preview:-1\" \/>\n<link rel=\"canonical\" href=\"https:\/\/kolejedolnoslaskie.pl\/en\/tariff-offers\/lower-silesian-weekend-ticket\/\" \/>\n<meta property=\"og:locale\" content=\"en_US\" \/>\n<meta property=\"og:type\" content=\"article\" \/>\n<meta property=\"og:title\" content=\"Lower Silesian Weekend Ticket | Koleje Dolno\u015bl\u0105skie\" \/>\n<meta property=\"og:description\" content=\"Travel all weekend at no extra cost with KD and Polregio trains. Take advantage of the weekend offer and explore without limits\" \/>\n<meta property=\"og:url\" content=\"https:\/\/kolejedolnoslaskie.pl\/en\/tariff-offers\/lower-silesian-weekend-ticket\/\" \/>\n<meta property=\"og:site_name\" content=\"Koleje Dolno\u015bl\u0105skie\" \/>\n<meta property=\"article:modified_time\" content=\"2026-02-26T09:21:18+00:00\" \/>\n<meta name=\"twitter:card\" content=\"summary_large_image\" \/>\n<script type=\"application\/ld+json\" class=\"yoast-schema-graph\">{\"@context\":\"https:\\\/\\\/schema.org\",\"@graph\":[{\"@type\":\"WebPage\",\"@id\":\"https:\\\/\\\/kolejedolnoslaskie.pl\\\/en\\\/tariff-offers\\\/lower-silesian-weekend-ticket\\\/\",\"url\":\"https:\\\/\\\/kolejedolnoslaskie.pl\\\/en\\\/tariff-offers\\\/lower-silesian-weekend-ticket\\\/\",\"name\":\"Lower Silesian Weekend Ticket | Koleje Dolno\u015bl\u0105skie\",\"isPartOf\":{\"@id\":\"https:\\\/\\\/kolejedolnoslaskie.pl\\\/en\\\/#website\"},\"datePublished\":\"2018-08-30T17:07:38+00:00\",\"dateModified\":\"2026-02-26T09:21:18+00:00\",\"description\":\"Travel all weekend at no extra cost with KD and Polregio trains. Take advantage of the weekend offer and explore without limits\",\"breadcrumb\":{\"@id\":\"https:\\\/\\\/kolejedolnoslaskie.pl\\\/en\\\/tariff-offers\\\/lower-silesian-weekend-ticket\\\/#breadcrumb\"},\"inLanguage\":\"en-US\",\"potentialAction\":[{\"@type\":\"ReadAction\",\"target\":[\"https:\\\/\\\/kolejedolnoslaskie.pl\\\/en\\\/tariff-offers\\\/lower-silesian-weekend-ticket\\\/\"]}]},{\"@type\":\"BreadcrumbList\",\"@id\":\"https:\\\/\\\/kolejedolnoslaskie.pl\\\/en\\\/tariff-offers\\\/lower-silesian-weekend-ticket\\\/#breadcrumb\",\"itemListElement\":[{\"@type\":\"ListItem\",\"position\":1,\"name\":\"Main site\",\"item\":\"https:\\\/\\\/kolejedolnoslaskie.pl\\\/en\\\/\"},{\"@type\":\"ListItem\",\"position\":2,\"name\":\"Tariff Offers\",\"item\":\"https:\\\/\\\/kolejedolnoslaskie.pl\\\/en\\\/tariff-offers\\\/\"},{\"@type\":\"ListItem\",\"position\":3,\"name\":\"Lower Silesian Weekend Ticket\"}]},{\"@type\":\"WebSite\",\"@id\":\"https:\\\/\\\/kolejedolnoslaskie.pl\\\/en\\\/#website\",\"url\":\"https:\\\/\\\/kolejedolnoslaskie.pl\\\/en\\\/\",\"name\":\"Koleje Dolno\u015bl\u0105skie\",\"description\":\"Koleje Dolno\u015bl\u0105skie\",\"potentialAction\":[{\"@type\":\"SearchAction\",\"target\":{\"@type\":\"EntryPoint\",\"urlTemplate\":\"https:\\\/\\\/kolejedolnoslaskie.pl\\\/en\\\/?s={search_term_string}\"},\"query-input\":{\"@type\":\"PropertyValueSpecification\",\"valueRequired\":true,\"valueName\":\"search_term_string\"}}],\"inLanguage\":\"en-US\"}]}<\/script>\n<!-- \/ Yoast SEO plugin. -->","yoast_head_json":{"title":"Lower Silesian Weekend Ticket | Koleje Dolno\u015bl\u0105skie","description":"Travel all weekend at no extra cost with KD and Polregio trains. Take advantage of the weekend offer and explore without limits","robots":{"index":"index","follow":"follow","max-snippet":"max-snippet:-1","max-image-preview":"max-image-preview:large","max-video-preview":"max-video-preview:-1"},"canonical":"https:\/\/kolejedolnoslaskie.pl\/en\/tariff-offers\/lower-silesian-weekend-ticket\/","og_locale":"en_US","og_type":"article","og_title":"Lower Silesian Weekend Ticket | Koleje Dolno\u015bl\u0105skie","og_description":"Travel all weekend at no extra cost with KD and Polregio trains. Take advantage of the weekend offer and explore without limits","og_url":"https:\/\/kolejedolnoslaskie.pl\/en\/tariff-offers\/lower-silesian-weekend-ticket\/","og_site_name":"Koleje Dolno\u015bl\u0105skie","article_modified_time":"2026-02-26T09:21:18+00:00","twitter_card":"summary_large_image","schema":{"@context":"https:\/\/schema.org","@graph":[{"@type":"WebPage","@id":"https:\/\/kolejedolnoslaskie.pl\/en\/tariff-offers\/lower-silesian-weekend-ticket\/","url":"https:\/\/kolejedolnoslaskie.pl\/en\/tariff-offers\/lower-silesian-weekend-ticket\/","name":"Lower Silesian Weekend Ticket | Koleje Dolno\u015bl\u0105skie","isPartOf":{"@id":"https:\/\/kolejedolnoslaskie.pl\/en\/#website"},"datePublished":"2018-08-30T17:07:38+00:00","dateModified":"2026-02-26T09:21:18+00:00","description":"Travel all weekend at no extra cost with KD and Polregio trains. Take advantage of the weekend offer and explore without limits","breadcrumb":{"@id":"https:\/\/kolejedolnoslaskie.pl\/en\/tariff-offers\/lower-silesian-weekend-ticket\/#breadcrumb"},"inLanguage":"en-US","potentialAction":[{"@type":"ReadAction","target":["https:\/\/kolejedolnoslaskie.pl\/en\/tariff-offers\/lower-silesian-weekend-ticket\/"]}]},{"@type":"BreadcrumbList","@id":"https:\/\/kolejedolnoslaskie.pl\/en\/tariff-offers\/lower-silesian-weekend-ticket\/#breadcrumb","itemListElement":[{"@type":"ListItem","position":1,"name":"Main site","item":"https:\/\/kolejedolnoslaskie.pl\/en\/"},{"@type":"ListItem","position":2,"name":"Tariff Offers","item":"https:\/\/kolejedolnoslaskie.pl\/en\/tariff-offers\/"},{"@type":"ListItem","position":3,"name":"Lower Silesian Weekend Ticket"}]},{"@type":"WebSite","@id":"https:\/\/kolejedolnoslaskie.pl\/en\/#website","url":"https:\/\/kolejedolnoslaskie.pl\/en\/","name":"Koleje Dolno\u015bl\u0105skie","description":"Koleje Dolno\u015bl\u0105skie","potentialAction":[{"@type":"SearchAction","target":{"@type":"EntryPoint","urlTemplate":"https:\/\/kolejedolnoslaskie.pl\/en\/?s={search_term_string}"},"query-input":{"@type":"PropertyValueSpecification","valueRequired":true,"valueName":"search_term_string"}}],"inLanguage":"en-US"}]}},"_links":{"self":[{"href":"https:\/\/kolejedolnoslaskie.pl\/en\/wp-json\/wp\/v2\/pages\/80961","targetHints":{"allow":["GET"]}}],"collection":[{"href":"https:\/\/kolejedolnoslaskie.pl\/en\/wp-json\/wp\/v2\/pages"}],"about":[{"href":"https:\/\/kolejedolnoslaskie.pl\/en\/wp-json\/wp\/v2\/types\/page"}],"author":[{"embeddable":true,"href":"https:\/\/kolejedolnoslaskie.pl\/en\/wp-json\/wp\/v2\/users\/43"}],"replies":[{"embeddable":true,"href":"https:\/\/kolejedolnoslaskie.pl\/en\/wp-json\/wp\/v2\/comments?post=80961"}],"version-history":[{"count":4,"href":"https:\/\/kolejedolnoslaskie.pl\/en\/wp-json\/wp\/v2\/pages\/80961\/revisions"}],"predecessor-version":[{"id":102415,"href":"https:\/\/kolejedolnoslaskie.pl\/en\/wp-json\/wp\/v2\/pages\/80961\/revisions\/102415"}],"up":[{"embeddable":true,"href":"https:\/\/kolejedolnoslaskie.pl\/en\/wp-json\/wp\/v2\/pages\/81498"}],"wp:attachment":[{"href":"https:\/\/kolejedolnoslaskie.pl\/en\/wp-json\/wp\/v2\/media?parent=80961"}],"wp:term":[{"taxonomy":"page-category","embeddable":true,"href":"https:\/\/kolejedolnoslaskie.pl\/en\/wp-json\/wp\/v2\/page-category?post=80961"}],"curies":[{"name":"wp","href":"https:\/\/api.w.org\/{rel}","templated":true}]}}