{"id":80732,"date":"2018-06-06T12:50:06","date_gmt":"2018-06-06T10:50:06","guid":{"rendered":"https:\/\/kolejedolnoslaskie.pl\/informacje-o-kanalach-sprzedazy\/"},"modified":"2025-05-09T11:21:28","modified_gmt":"2025-05-09T09:21:28","slug":"how-and-where-to-buy-a-train-ticket","status":"publish","type":"page","link":"https:\/\/kolejedolnoslaskie.pl\/en\/how-and-where-to-buy-a-train-ticket\/","title":{"rendered":"How and where to buy a train ticket"},"content":{"rendered":"","protected":false},"excerpt":{"rendered":"","protected":false},"author":46,"featured_media":0,"parent":0,"menu_order":0,"comment_status":"closed","ping_status":"closed","template":"","meta":{"_acf_changed":false,"inline_featured_image":false,"footnotes":""},"page-category":[],"class_list":["post-80732","page","type-page","status-publish","hentry"],"acf":{"lista_komponentow_strony":[{"acf_fc_layout":"hero_baner","maska":"dol","foto":74936,"foto_mobile":null,"pozycjonowanie_zdjecia":"2","tytul":"How and where to buy a train ticket","subtytul":"Check information about our ticket offices, ticket machines, and online sales","przycisk_cena":"","przycisk_opis":"","przycisk_cta_url":"","wysokosc":500},{"acf_fc_layout":"text_field_module","pole_tekstowe":"<style>\r\n.btn.btn-yellow-only-bg.cta-url {display: none;}<\/style>\r\n<h2 style=\"text-align: justify; text-justify: inter-ideograph;\">How and where to buy a train ticket<\/h2>\r\n<p class=\"Textbody\" style=\"text-align: justify; text-justify: inter-ideograph;\">Many passengers wonder where to buy a train ticket. In today\u2019s world, buying tickets online is incredibly popular. However, not everyone is comfortable with this method, and many people still prefer traditional methods. The map below shows the distribution of ticket offices and ticket machines of Koleje Dolno\u015bl\u0105skie across the voivodeship. We also offer a search tool to help you find the fixed points nearest your location.<\/p>\r\n<a name=\"mapa-biletomaty\"><\/a>"},{"acf_fc_layout":"renderTicketOfficeFromPostType","naglowek_bloku_kontentowego":"Map of ticket offices, ticket machines, and customer service offices.","tekst_w_bloku_kontentowym":"<p id=\"tw-target-text\" class=\"tw-data-text tw-ta tw-text-small\" dir=\"ltr\" data-placeholder=\"T\u0142umaczenie\">The map above displays a list of our company\u2019s ticket offices, customer service offices, and ticket machines, along with the services provided and opening hours.<\/p>\r\n<b>Legend of symbols:<\/b>\r\n\r\n<img class=\"icon_kasa_biletomat\" src=\"https:\/\/kolejedolnoslaskie.pl\/wp-content\/uploads\/2022\/07\/icons8-pin-96-w-border.png\" width=\"20\" height=\"20\" \/> - ticket offices and customer service offices.\r\n\r\n<img class=\"icon_kasa_biletomat\" src=\"https:\/\/kolejedolnoslaskie.pl\/wp-content\/uploads\/2022\/07\/icons8-pin-96-1-w-border.png\" width=\"20\" height=\"20\" \/> - ticket machines."},{"acf_fc_layout":"text_field_module","pole_tekstowe":"<h2 style=\"text-align: justify;\">How do I buy a train ticket?<\/h2>\r\n<h3 style=\"text-align: justify;\">Fixed location<\/h3>\r\n<p style=\"text-align: justify;\">You can purchase a ticket for any train in the traditional way at ticket offices and ticket machines located throughout the voivodeship. There is also the option to buy a ticket at the Customer Service Offices located at the Wroc\u0142aw G\u0142\u00f3wny and Zgorzelec stations. It is still possible to purchase a ticket directly from the conductor on the train. The information on where to buy train tickets is provided on the map above and the following subpages.<\/p>\r\n\r\n<h3 style=\"text-align: justify;\">Online<\/h3>\r\n<p style=\"text-align: justify;\">How do I buy a train ticket? Very easily \u2013 online. The current advancement in information technology has led to various online ticketing systems.<\/p>\r\n<p style=\"text-align: justify;\"><strong>Every type of ticket offered by Koleje Dolno\u015bl\u0105skie can be purchased in the <a href=\"https:\/\/kolejedolnoslaskie.pl\/sklep-kd\/\" target=\"_blank\" rel=\"noopener\">The Store KD<\/a>.<\/strong><strong>\u00a0After finding a connection on the Koleje Dolno\u015bl\u0105skie website, there is the option to immediately purchase a ticket. <\/strong>The way to buy a train ticket online is similar for each system and guides you through the entire process intuitively. Using a computer, phone, or tablet, you can quickly and easily purchase the right ticket, without leaving home and standing in queues.<\/p>\r\nOther online sales channels: e-podr\u00f3\u017cnik, Koleo lub BILKOM."},{"acf_fc_layout":"kafelki_obrazek_i_opis","margines_gora":30,"margines_dol":30,"kafelek":[{"foto":80032,"tytul":"  ","kolor_tla_dla_tekstu":"bialy","subtytul":"Customer Service Office ","opis":"at Wroc\u0142aw G\u0142\u00f3wny station","przycisk_cena":"","przycisk_opis":" ","przycisk_cta_url":"https:\/\/kolejedolnoslaskie.pl\/informacje-o-kanalach-sprzedazy\/biuro-obslugi-klienta-kd\/"},{"foto":74939,"tytul":"  ","kolor_tla_dla_tekstu":"bialy","subtytul":"Ticket office of Koleje Dolno\u015bl\u0105skie ","opis":"in the largest cities of Lower Silesia","przycisk_cena":"","przycisk_opis":" ","przycisk_cta_url":"https:\/\/kolejedolnoslaskie.pl\/informacje-o-kanalach-sprzedazy\/kasy-biletowe\/"}]},{"acf_fc_layout":"kafelki_obrazek_i_opis","margines_gora":30,"margines_dol":30,"kafelek":[{"foto":80031,"tytul":"   ","kolor_tla_dla_tekstu":"bialy","subtytul":"Ticket machines ","opis":"check at which stations you can buy tickets","przycisk_cena":"","przycisk_opis":" ","przycisk_cta_url":"https:\/\/kolejedolnoslaskie.pl\/informacje-o-kanalach-sprzedazy\/stacjonarne-automaty-biletowe\/"},{"foto":77047,"tytul":"   ","kolor_tla_dla_tekstu":"bialy","subtytul":"On KD trains","opis":"please contact the train attendant team","przycisk_cena":"","przycisk_opis":" ","przycisk_cta_url":"https:\/\/kolejedolnoslaskie.pl\/informacje-o-kanalach-sprzedazy\/w-pociagu-kd\/"}]},{"acf_fc_layout":"kafelki_obrazek_i_opis","margines_gora":30,"margines_dol":30,"kafelek":[{"foto":78897,"tytul":"   ","kolor_tla_dla_tekstu":"bialy","subtytul":"KD Online Shop website","opis":"website kolejedolnoslaskie.pl","przycisk_cena":"","przycisk_opis":" ","przycisk_cta_url":"https:\/\/kolejedolnoslaskie.pl\/sklep-kd\/"},{"foto":76965,"tytul":"  ","kolor_tla_dla_tekstu":"bialy","subtytul":"e-podroznik.pl","opis":"application or website e-podroznik.pl","przycisk_cena":"","przycisk_opis":" ","przycisk_cta_url":"https:\/\/kolejedolnoslaskie.pl\/informacje-o-kanalach-sprzedazy\/e-podroznik-pl\/"}]},{"acf_fc_layout":"kafelki_obrazek_i_opis","margines_gora":30,"margines_dol":30,"kafelek":[{"foto":78898,"tytul":" ","kolor_tla_dla_tekstu":"bialy","subtytul":"BILKOM","opis":"application or website bilkom.pl","przycisk_cena":"","przycisk_opis":" ","przycisk_cta_url":"https:\/\/kolejedolnoslaskie.pl\/informacje-o-kanalach-sprzedazy\/bilkom\/"},{"foto":74941,"tytul":" ","kolor_tla_dla_tekstu":"bialy","subtytul":"KOLEO ","opis":"application or website koleo.pl","przycisk_cena":"","przycisk_opis":" ","przycisk_cta_url":"https:\/\/kolejedolnoslaskie.pl\/informacje-o-kanalach-sprzedazy\/koleo\/"}]},{"acf_fc_layout":"text_field_module","pole_tekstowe":"\u2018In accordance with the Regulation of the Minister of Finance of 3 December 2013, regarding the issuance of invoices (Journal of Laws of 2013, item 1485), in force from 1 January 2014 (\u00a73 point 4), all train tickets are considered invoices. This does not apply to tickets purchased online\u2019.\r\n\r\n&nbsp;\r\n\r\nSeat reservations are not available on trains operated by Koleje Dolno\u015bl\u0105skie S.A."}]},"yoast_head":"<!-- This site is optimized with the Yoast SEO plugin v27.4 - https:\/\/yoast.com\/product\/yoast-seo-wordpress\/ -->\n<title>How and where to buy a train ticket | Koleje Dolno\u015bl\u0105skie<\/title>\n<meta name=\"description\" content=\"Find out how and where to buy tickets for Koleje Dolno\u015bl\u0105skie trains. Choose the sales channel that best fits your needs.\" \/>\n<meta name=\"robots\" content=\"index, follow, max-snippet:-1, max-image-preview:large, max-video-preview:-1\" \/>\n<link rel=\"canonical\" href=\"https:\/\/kolejedolnoslaskie.pl\/en\/how-and-where-to-buy-a-train-ticket\/\" \/>\n<meta property=\"og:locale\" content=\"en_US\" \/>\n<meta property=\"og:type\" content=\"article\" \/>\n<meta property=\"og:title\" content=\"How and where to buy a train ticket | Koleje Dolno\u015bl\u0105skie\" \/>\n<meta property=\"og:description\" content=\"Find out how and where to buy tickets for Koleje Dolno\u015bl\u0105skie trains. Choose the sales channel that best fits your needs.\" \/>\n<meta property=\"og:url\" content=\"https:\/\/kolejedolnoslaskie.pl\/en\/how-and-where-to-buy-a-train-ticket\/\" \/>\n<meta property=\"og:site_name\" content=\"Koleje Dolno\u015bl\u0105skie\" \/>\n<meta property=\"article:modified_time\" content=\"2025-05-09T09:21:28+00:00\" \/>\n<meta property=\"og:image\" content=\"https:\/\/kolejedolnoslaskie.pl\/wp-content\/uploads\/2018\/08\/GdzieKupi\u0107Bilet_HERO.jpg\" \/>\n\t<meta property=\"og:image:width\" content=\"1920\" \/>\n\t<meta property=\"og:image:height\" content=\"1080\" \/>\n\t<meta property=\"og:image:type\" content=\"image\/jpeg\" \/>\n<meta name=\"twitter:card\" content=\"summary_large_image\" \/>\n<script type=\"application\/ld+json\" class=\"yoast-schema-graph\">{\"@context\":\"https:\\\/\\\/schema.org\",\"@graph\":[{\"@type\":\"WebPage\",\"@id\":\"https:\\\/\\\/kolejedolnoslaskie.pl\\\/en\\\/how-and-where-to-buy-a-train-ticket\\\/\",\"url\":\"https:\\\/\\\/kolejedolnoslaskie.pl\\\/en\\\/how-and-where-to-buy-a-train-ticket\\\/\",\"name\":\"How and where to buy a train ticket | Koleje Dolno\u015bl\u0105skie\",\"isPartOf\":{\"@id\":\"https:\\\/\\\/kolejedolnoslaskie.pl\\\/en\\\/#website\"},\"datePublished\":\"2018-06-06T10:50:06+00:00\",\"dateModified\":\"2025-05-09T09:21:28+00:00\",\"description\":\"Find out how and where to buy tickets for Koleje Dolno\u015bl\u0105skie trains. Choose the sales channel that best fits your needs.\",\"breadcrumb\":{\"@id\":\"https:\\\/\\\/kolejedolnoslaskie.pl\\\/en\\\/how-and-where-to-buy-a-train-ticket\\\/#breadcrumb\"},\"inLanguage\":\"en-US\",\"potentialAction\":[{\"@type\":\"ReadAction\",\"target\":[\"https:\\\/\\\/kolejedolnoslaskie.pl\\\/en\\\/how-and-where-to-buy-a-train-ticket\\\/\"]}]},{\"@type\":\"BreadcrumbList\",\"@id\":\"https:\\\/\\\/kolejedolnoslaskie.pl\\\/en\\\/how-and-where-to-buy-a-train-ticket\\\/#breadcrumb\",\"itemListElement\":[{\"@type\":\"ListItem\",\"position\":1,\"name\":\"Main site\",\"item\":\"https:\\\/\\\/kolejedolnoslaskie.pl\\\/en\\\/\"},{\"@type\":\"ListItem\",\"position\":2,\"name\":\"How and where to buy a train ticket\"}]},{\"@type\":\"WebSite\",\"@id\":\"https:\\\/\\\/kolejedolnoslaskie.pl\\\/en\\\/#website\",\"url\":\"https:\\\/\\\/kolejedolnoslaskie.pl\\\/en\\\/\",\"name\":\"Koleje Dolno\u015bl\u0105skie\",\"description\":\"Koleje Dolno\u015bl\u0105skie\",\"potentialAction\":[{\"@type\":\"SearchAction\",\"target\":{\"@type\":\"EntryPoint\",\"urlTemplate\":\"https:\\\/\\\/kolejedolnoslaskie.pl\\\/en\\\/?s={search_term_string}\"},\"query-input\":{\"@type\":\"PropertyValueSpecification\",\"valueRequired\":true,\"valueName\":\"search_term_string\"}}],\"inLanguage\":\"en-US\"}]}<\/script>\n<!-- \/ Yoast SEO plugin. -->","yoast_head_json":{"title":"How and where to buy a train ticket | Koleje Dolno\u015bl\u0105skie","description":"Find out how and where to buy tickets for Koleje Dolno\u015bl\u0105skie trains. Choose the sales channel that best fits your needs.","robots":{"index":"index","follow":"follow","max-snippet":"max-snippet:-1","max-image-preview":"max-image-preview:large","max-video-preview":"max-video-preview:-1"},"canonical":"https:\/\/kolejedolnoslaskie.pl\/en\/how-and-where-to-buy-a-train-ticket\/","og_locale":"en_US","og_type":"article","og_title":"How and where to buy a train ticket | Koleje Dolno\u015bl\u0105skie","og_description":"Find out how and where to buy tickets for Koleje Dolno\u015bl\u0105skie trains. Choose the sales channel that best fits your needs.","og_url":"https:\/\/kolejedolnoslaskie.pl\/en\/how-and-where-to-buy-a-train-ticket\/","og_site_name":"Koleje Dolno\u015bl\u0105skie","article_modified_time":"2025-05-09T09:21:28+00:00","og_image":[{"width":1920,"height":1080,"url":"https:\/\/kolejedolnoslaskie.pl\/wp-content\/uploads\/2018\/08\/GdzieKupi\u0107Bilet_HERO.jpg","type":"image\/jpeg"}],"twitter_card":"summary_large_image","schema":{"@context":"https:\/\/schema.org","@graph":[{"@type":"WebPage","@id":"https:\/\/kolejedolnoslaskie.pl\/en\/how-and-where-to-buy-a-train-ticket\/","url":"https:\/\/kolejedolnoslaskie.pl\/en\/how-and-where-to-buy-a-train-ticket\/","name":"How and where to buy a train ticket | Koleje Dolno\u015bl\u0105skie","isPartOf":{"@id":"https:\/\/kolejedolnoslaskie.pl\/en\/#website"},"datePublished":"2018-06-06T10:50:06+00:00","dateModified":"2025-05-09T09:21:28+00:00","description":"Find out how and where to buy tickets for Koleje Dolno\u015bl\u0105skie trains. Choose the sales channel that best fits your needs.","breadcrumb":{"@id":"https:\/\/kolejedolnoslaskie.pl\/en\/how-and-where-to-buy-a-train-ticket\/#breadcrumb"},"inLanguage":"en-US","potentialAction":[{"@type":"ReadAction","target":["https:\/\/kolejedolnoslaskie.pl\/en\/how-and-where-to-buy-a-train-ticket\/"]}]},{"@type":"BreadcrumbList","@id":"https:\/\/kolejedolnoslaskie.pl\/en\/how-and-where-to-buy-a-train-ticket\/#breadcrumb","itemListElement":[{"@type":"ListItem","position":1,"name":"Main site","item":"https:\/\/kolejedolnoslaskie.pl\/en\/"},{"@type":"ListItem","position":2,"name":"How and where to buy a train ticket"}]},{"@type":"WebSite","@id":"https:\/\/kolejedolnoslaskie.pl\/en\/#website","url":"https:\/\/kolejedolnoslaskie.pl\/en\/","name":"Koleje Dolno\u015bl\u0105skie","description":"Koleje Dolno\u015bl\u0105skie","potentialAction":[{"@type":"SearchAction","target":{"@type":"EntryPoint","urlTemplate":"https:\/\/kolejedolnoslaskie.pl\/en\/?s={search_term_string}"},"query-input":{"@type":"PropertyValueSpecification","valueRequired":true,"valueName":"search_term_string"}}],"inLanguage":"en-US"}]}},"_links":{"self":[{"href":"https:\/\/kolejedolnoslaskie.pl\/en\/wp-json\/wp\/v2\/pages\/80732","targetHints":{"allow":["GET"]}}],"collection":[{"href":"https:\/\/kolejedolnoslaskie.pl\/en\/wp-json\/wp\/v2\/pages"}],"about":[{"href":"https:\/\/kolejedolnoslaskie.pl\/en\/wp-json\/wp\/v2\/types\/page"}],"author":[{"embeddable":true,"href":"https:\/\/kolejedolnoslaskie.pl\/en\/wp-json\/wp\/v2\/users\/46"}],"replies":[{"embeddable":true,"href":"https:\/\/kolejedolnoslaskie.pl\/en\/wp-json\/wp\/v2\/comments?post=80732"}],"version-history":[{"count":6,"href":"https:\/\/kolejedolnoslaskie.pl\/en\/wp-json\/wp\/v2\/pages\/80732\/revisions"}],"predecessor-version":[{"id":82091,"href":"https:\/\/kolejedolnoslaskie.pl\/en\/wp-json\/wp\/v2\/pages\/80732\/revisions\/82091"}],"wp:attachment":[{"href":"https:\/\/kolejedolnoslaskie.pl\/en\/wp-json\/wp\/v2\/media?parent=80732"}],"wp:term":[{"taxonomy":"page-category","embeddable":true,"href":"https:\/\/kolejedolnoslaskie.pl\/en\/wp-json\/wp\/v2\/page-category?post=80732"}],"curies":[{"name":"wp","href":"https:\/\/api.w.org\/{rel}","templated":true}]}}