{"id":80731,"date":"2018-05-10T11:01:50","date_gmt":"2018-05-10T09:01:50","guid":{"rendered":"https:\/\/kolejedolnoslaskie.pl\/punkt-rzeczy-znalezionych\/"},"modified":"2025-05-06T12:11:45","modified_gmt":"2025-05-06T10:11:45","slug":"lost-and-found-office","status":"publish","type":"page","link":"https:\/\/kolejedolnoslaskie.pl\/en\/lost-and-found-office\/","title":{"rendered":"Lost and Found Office"},"content":{"rendered":"","protected":false},"excerpt":{"rendered":"","protected":false},"author":4,"featured_media":0,"parent":0,"menu_order":0,"comment_status":"closed","ping_status":"closed","template":"","meta":{"_acf_changed":false,"inline_featured_image":false,"footnotes":""},"page-category":[],"class_list":["post-80731","page","type-page","status-publish","hentry"],"acf":{"lista_komponentow_strony":[{"acf_fc_layout":"hero_baner","maska":"dol","foto":74843,"foto_mobile":"","pozycjonowanie_zdjecia":"3","tytul":"Lost and Found Office","subtytul":"Check if your lost item has been brought to our point and is ready for pickup.","przycisk_cena":"","przycisk_opis":"","przycisk_cta_url":"","wysokosc":500},{"acf_fc_layout":"back_to_prev"},{"acf_fc_layout":"wyszukiwarka_rzeczy_znalezionych","prz_page_info":"<strong>Koleje Dolno\u015bl\u0105skie S.A. Lost and Found Office\r\nul. Kolejowa 2, 59-220 Legnica<\/strong>\r\n\r\nPhone: 76 742 11 12 (24-hour hotline) \u2013 information about found items. Picking up a found item is usually possible three days after KD receives it from the finder.\r\n\r\nFound items can be collected daily at the Lost and Found Office of Koleje Dolno\u015bl\u0105skie S.A. in Legnica at ul. Kolejowa 2, <strong><u>after arranging the pickup with a KD S.A. employee by phone<\/u><\/strong> (tel. <strong>76-742-11-12<\/strong>) and completing and submitting a passenger\u2019s declaration of lost items to KD S.A."},{"acf_fc_layout":"attachments_module","attachments_module_files":[{"attachments_module_files_name":"Regulations of Koleje Dolno\u015bl\u0105skie S.A. for the carriage of passengers, goods, and animals","attachments_module_files_file":75413},{"attachments_module_files_name":"Declaration of loss of property","attachments_module_files_file":75414}]}]},"yoast_head":"<!-- This site is optimized with the Yoast SEO plugin v27.4 - https:\/\/yoast.com\/product\/yoast-seo-wordpress\/ -->\n<title>Lost and Found Office - Koleje Dolno\u015bl\u0105skie<\/title>\n<meta name=\"description\" content=\"Lost something during your trip with Koleje Dolno\u015bl\u0105skie? Contact our Lost and Found Office quickly and easily!\" \/>\n<meta name=\"robots\" content=\"index, follow, max-snippet:-1, max-image-preview:large, max-video-preview:-1\" \/>\n<link rel=\"canonical\" href=\"https:\/\/kolejedolnoslaskie.pl\/en\/lost-and-found-office\/\" \/>\n<meta property=\"og:locale\" content=\"en_US\" \/>\n<meta property=\"og:type\" content=\"article\" \/>\n<meta property=\"og:title\" content=\"Lost and Found Office - Koleje Dolno\u015bl\u0105skie\" \/>\n<meta property=\"og:description\" content=\"Lost something during your trip with Koleje Dolno\u015bl\u0105skie? Contact our Lost and Found Office quickly and easily!\" \/>\n<meta property=\"og:url\" content=\"https:\/\/kolejedolnoslaskie.pl\/en\/lost-and-found-office\/\" \/>\n<meta property=\"og:site_name\" content=\"Koleje Dolno\u015bl\u0105skie\" \/>\n<meta property=\"article:modified_time\" content=\"2025-05-06T10:11:45+00:00\" \/>\n<meta name=\"twitter:card\" content=\"summary_large_image\" \/>\n<script type=\"application\/ld+json\" class=\"yoast-schema-graph\">{\"@context\":\"https:\\\/\\\/schema.org\",\"@graph\":[{\"@type\":\"WebPage\",\"@id\":\"https:\\\/\\\/kolejedolnoslaskie.pl\\\/en\\\/lost-and-found-office\\\/\",\"url\":\"https:\\\/\\\/kolejedolnoslaskie.pl\\\/en\\\/lost-and-found-office\\\/\",\"name\":\"Lost and Found Office - Koleje Dolno\u015bl\u0105skie\",\"isPartOf\":{\"@id\":\"https:\\\/\\\/kolejedolnoslaskie.pl\\\/en\\\/#website\"},\"datePublished\":\"2018-05-10T09:01:50+00:00\",\"dateModified\":\"2025-05-06T10:11:45+00:00\",\"description\":\"Lost something during your trip with Koleje Dolno\u015bl\u0105skie? Contact our Lost and Found Office quickly and easily!\",\"breadcrumb\":{\"@id\":\"https:\\\/\\\/kolejedolnoslaskie.pl\\\/en\\\/lost-and-found-office\\\/#breadcrumb\"},\"inLanguage\":\"en-US\",\"potentialAction\":[{\"@type\":\"ReadAction\",\"target\":[\"https:\\\/\\\/kolejedolnoslaskie.pl\\\/en\\\/lost-and-found-office\\\/\"]}]},{\"@type\":\"BreadcrumbList\",\"@id\":\"https:\\\/\\\/kolejedolnoslaskie.pl\\\/en\\\/lost-and-found-office\\\/#breadcrumb\",\"itemListElement\":[{\"@type\":\"ListItem\",\"position\":1,\"name\":\"Main site\",\"item\":\"https:\\\/\\\/kolejedolnoslaskie.pl\\\/en\\\/\"},{\"@type\":\"ListItem\",\"position\":2,\"name\":\"Lost and Found Office\"}]},{\"@type\":\"WebSite\",\"@id\":\"https:\\\/\\\/kolejedolnoslaskie.pl\\\/en\\\/#website\",\"url\":\"https:\\\/\\\/kolejedolnoslaskie.pl\\\/en\\\/\",\"name\":\"Koleje Dolno\u015bl\u0105skie\",\"description\":\"Koleje Dolno\u015bl\u0105skie\",\"potentialAction\":[{\"@type\":\"SearchAction\",\"target\":{\"@type\":\"EntryPoint\",\"urlTemplate\":\"https:\\\/\\\/kolejedolnoslaskie.pl\\\/en\\\/?s={search_term_string}\"},\"query-input\":{\"@type\":\"PropertyValueSpecification\",\"valueRequired\":true,\"valueName\":\"search_term_string\"}}],\"inLanguage\":\"en-US\"}]}<\/script>\n<!-- \/ Yoast SEO plugin. -->","yoast_head_json":{"title":"Lost and Found Office - Koleje Dolno\u015bl\u0105skie","description":"Lost something during your trip with Koleje Dolno\u015bl\u0105skie? Contact our Lost and Found Office quickly and easily!","robots":{"index":"index","follow":"follow","max-snippet":"max-snippet:-1","max-image-preview":"max-image-preview:large","max-video-preview":"max-video-preview:-1"},"canonical":"https:\/\/kolejedolnoslaskie.pl\/en\/lost-and-found-office\/","og_locale":"en_US","og_type":"article","og_title":"Lost and Found Office - Koleje Dolno\u015bl\u0105skie","og_description":"Lost something during your trip with Koleje Dolno\u015bl\u0105skie? Contact our Lost and Found Office quickly and easily!","og_url":"https:\/\/kolejedolnoslaskie.pl\/en\/lost-and-found-office\/","og_site_name":"Koleje Dolno\u015bl\u0105skie","article_modified_time":"2025-05-06T10:11:45+00:00","twitter_card":"summary_large_image","schema":{"@context":"https:\/\/schema.org","@graph":[{"@type":"WebPage","@id":"https:\/\/kolejedolnoslaskie.pl\/en\/lost-and-found-office\/","url":"https:\/\/kolejedolnoslaskie.pl\/en\/lost-and-found-office\/","name":"Lost and Found Office - Koleje Dolno\u015bl\u0105skie","isPartOf":{"@id":"https:\/\/kolejedolnoslaskie.pl\/en\/#website"},"datePublished":"2018-05-10T09:01:50+00:00","dateModified":"2025-05-06T10:11:45+00:00","description":"Lost something during your trip with Koleje Dolno\u015bl\u0105skie? Contact our Lost and Found Office quickly and easily!","breadcrumb":{"@id":"https:\/\/kolejedolnoslaskie.pl\/en\/lost-and-found-office\/#breadcrumb"},"inLanguage":"en-US","potentialAction":[{"@type":"ReadAction","target":["https:\/\/kolejedolnoslaskie.pl\/en\/lost-and-found-office\/"]}]},{"@type":"BreadcrumbList","@id":"https:\/\/kolejedolnoslaskie.pl\/en\/lost-and-found-office\/#breadcrumb","itemListElement":[{"@type":"ListItem","position":1,"name":"Main site","item":"https:\/\/kolejedolnoslaskie.pl\/en\/"},{"@type":"ListItem","position":2,"name":"Lost and Found Office"}]},{"@type":"WebSite","@id":"https:\/\/kolejedolnoslaskie.pl\/en\/#website","url":"https:\/\/kolejedolnoslaskie.pl\/en\/","name":"Koleje Dolno\u015bl\u0105skie","description":"Koleje Dolno\u015bl\u0105skie","potentialAction":[{"@type":"SearchAction","target":{"@type":"EntryPoint","urlTemplate":"https:\/\/kolejedolnoslaskie.pl\/en\/?s={search_term_string}"},"query-input":{"@type":"PropertyValueSpecification","valueRequired":true,"valueName":"search_term_string"}}],"inLanguage":"en-US"}]}},"_links":{"self":[{"href":"https:\/\/kolejedolnoslaskie.pl\/en\/wp-json\/wp\/v2\/pages\/80731","targetHints":{"allow":["GET"]}}],"collection":[{"href":"https:\/\/kolejedolnoslaskie.pl\/en\/wp-json\/wp\/v2\/pages"}],"about":[{"href":"https:\/\/kolejedolnoslaskie.pl\/en\/wp-json\/wp\/v2\/types\/page"}],"author":[{"embeddable":true,"href":"https:\/\/kolejedolnoslaskie.pl\/en\/wp-json\/wp\/v2\/users\/4"}],"replies":[{"embeddable":true,"href":"https:\/\/kolejedolnoslaskie.pl\/en\/wp-json\/wp\/v2\/comments?post=80731"}],"version-history":[{"count":2,"href":"https:\/\/kolejedolnoslaskie.pl\/en\/wp-json\/wp\/v2\/pages\/80731\/revisions"}],"predecessor-version":[{"id":81847,"href":"https:\/\/kolejedolnoslaskie.pl\/en\/wp-json\/wp\/v2\/pages\/80731\/revisions\/81847"}],"wp:attachment":[{"href":"https:\/\/kolejedolnoslaskie.pl\/en\/wp-json\/wp\/v2\/media?parent=80731"}],"wp:term":[{"taxonomy":"page-category","embeddable":true,"href":"https:\/\/kolejedolnoslaskie.pl\/en\/wp-json\/wp\/v2\/page-category?post=80731"}],"curies":[{"name":"wp","href":"https:\/\/api.w.org\/{rel}","templated":true}]}}