{"id":80715,"date":"2018-05-09T08:14:37","date_gmt":"2018-05-09T06:14:37","guid":{"rendered":"https:\/\/kolejedolnoslaskie.pl\/start\/"},"modified":"2026-01-28T09:20:31","modified_gmt":"2026-01-28T08:20:31","slug":"start","status":"publish","type":"page","link":"https:\/\/kolejedolnoslaskie.pl\/en\/","title":{"rendered":"Main site"},"content":{"rendered":"<p>Strona startowa<\/p>\n","protected":false},"excerpt":{"rendered":"<p>Strona startowa<\/p>\n","protected":false},"author":4,"featured_media":0,"parent":0,"menu_order":0,"comment_status":"closed","ping_status":"closed","template":"","meta":{"_acf_changed":false,"inline_featured_image":false,"footnotes":""},"page-category":[],"class_list":["post-80715","page","type-page","status-publish","hentry"],"acf":{"lista_komponentow_strony":[{"acf_fc_layout":"hero_baner","maska":"dol","foto":77959,"foto_mobile":78638,"pozycjonowanie_zdjecia":"1","tytul":"","subtytul":"","przycisk_cena":"","przycisk_opis":"","przycisk_cta_url":"","wysokosc":630},{"acf_fc_layout":"text_field_module","pole_tekstowe":"<div style=\"text-align: center;\"><a href=\"https:\/\/kolejedolnoslaskie.pl\/en\/tariff-offers\/lower-silesian-weekend-ticket\/\"><img class=\"alignnone size-full wp-image-64982 lozad\" alt=\"Lower Silesian Weekend Ticket- Banner\" width=\"100%\" height=\"100%\" data-src=\"https:\/\/kolejedolnoslaskie.pl\/wp-content\/uploads\/2026\/01\/lower-silesian-weekend-ticket-banner.png\" \/><\/a><\/div>\r\n&nbsp;"},{"acf_fc_layout":"kafelki","margines_gora":30,"margines_dol":30,"kafelek":null},{"acf_fc_layout":"kafelki","margines_gora":30,"margines_dol":30,"kafelek":[{"tytul":"Together with KD","subtytul":"Cheaper if you travel together!","tekst_kolor":"bialy","przycisk_cena":"","przycisk_opis":"See more ","przycisk_cta_url":"https:\/\/kolejedolnoslaskie.pl\/en\/tariff-offers\/together-with-kd\/","foto":78288},{"tytul":"Local Tariff ","subtytul":"","tekst_kolor":"bialy","przycisk_cena":"","przycisk_opis":"SEE MORE ","przycisk_cta_url":"https:\/\/kolejedolnoslaskie.pl\/en\/tariff-offers\/local-tariff\/","foto":80608},{"tytul":"Senior + 60","subtytul":"25% off the regular price","tekst_kolor":"bialy","przycisk_cena":"","przycisk_opis":"SEE MORE","przycisk_cta_url":"https:\/\/kolejedolnoslaskie.pl\/en\/tariff-offers\/kd-senior-60-offer\/","foto":77262}]},{"acf_fc_layout":"text_field_module","pole_tekstowe":"<div style=\"text-align: center;\"><img class=\"alignnone lozad\" alt=\"KD Sprinter - banner 160 km\/h without a fine\" width=\"100%\" height=\"100%\" data-src=\"https:\/\/kolejedolnoslaskie.pl\/wp-content\/uploads\/2026\/01\/160-kd-sprinter-bannereng.jpg\" \/><\/a><\/div>\r\n&nbsp;"},{"acf_fc_layout":"hero_baner","maska":"dol","foto":78915,"foto_mobile":null,"pozycjonowanie_zdjecia":"2","tytul":"Koleje Dolno\u015bl\u0105skie","subtytul":"Our offers","przycisk_cena":"","przycisk_opis":"See more","przycisk_cta_url":"https:\/\/kolejedolnoslaskie.pl\/en\/tariff-offers\/","wysokosc":500},{"acf_fc_layout":"kafelki_obrazek_i_opis","margines_gora":30,"margines_dol":30,"kafelek":[{"foto":80032,"tytul":"Where to buy a ticket?","kolor_tla_dla_tekstu":"zolty","subtytul":"Sale channels","opis":"Information about our ticket offices, ticket machines, and online sales","przycisk_cena":"","przycisk_opis":"Check it out","przycisk_cta_url":"https:\/\/kolejedolnoslaskie.pl\/en\/how-and-where-to-buy-a-train-ticket"},{"foto":77980,"tytul":"Lost and Found office","kolor_tla_dla_tekstu":"zolty","subtytul":"Lost & Found","opis":"Have you lost something on our train?","przycisk_cena":"","przycisk_opis":"Check it out","przycisk_cta_url":"https:\/\/kolejedolnoslaskie.pl\/en\/lost-and-found-office\/"}]},{"acf_fc_layout":"kafelki_obrazek_i_opis","margines_gora":0,"margines_dol":0,"kafelek":[{"foto":99625,"tytul":"Travelling with Pets \/ Luggage \/ Bicycle","kolor_tla_dla_tekstu":"bialy","subtytul":"Pets, Bags & Bikes","opis":"How to transport of belongins and animals?","przycisk_cena":"","przycisk_opis":"See more ","przycisk_cta_url":"https:\/\/kolejedolnoslaskie.pl\/en\/for-travellers\/travelling-with-pets-and-luggage\/"},{"foto":99621,"tytul":"Group rides ","kolor_tla_dla_tekstu":"bialy","subtytul":"Ride Together","opis":"For group of 10 people, the 11th person gets a FREE ride","przycisk_cena":"","przycisk_opis":"Read more","przycisk_cta_url":"https:\/\/kolejedolnoslaskie.pl\/en\/group-rides"}]}]},"yoast_head":"<!-- This site is optimized with the Yoast SEO plugin v27.4 - https:\/\/yoast.com\/product\/yoast-seo-wordpress\/ -->\n<title>Koleje Dolno\u015bl\u0105skie | Plan your journey with a KD train<\/title>\n<meta name=\"description\" content=\"Koleje Dolno\u015bl\u0105skie - Your rail partner in Lower Silesia! Follow alerts | Check the timetable | Buy a ticket | Enjoy your trip \u2713\" \/>\n<meta name=\"robots\" content=\"index, follow, max-snippet:-1, max-image-preview:large, max-video-preview:-1\" \/>\n<link rel=\"canonical\" href=\"https:\/\/kolejedolnoslaskie.pl\/en\/\" \/>\n<meta property=\"og:locale\" content=\"en_US\" \/>\n<meta property=\"og:type\" content=\"article\" \/>\n<meta property=\"og:title\" content=\"Koleje Dolno\u015bl\u0105skie | Plan your journey with a KD train\" \/>\n<meta property=\"og:description\" content=\"Koleje Dolno\u015bl\u0105skie - Your rail partner in Lower Silesia! Follow alerts | Check the timetable | Buy a ticket | Enjoy your trip \u2713\" \/>\n<meta property=\"og:url\" content=\"https:\/\/kolejedolnoslaskie.pl\/en\/\" \/>\n<meta property=\"og:site_name\" content=\"Koleje Dolno\u015bl\u0105skie\" \/>\n<meta property=\"article:modified_time\" content=\"2026-01-28T08:20:31+00:00\" \/>\n<meta property=\"og:image\" content=\"https:\/\/kolejedolnoslaskie.pl\/wp-content\/uploads\/2018\/08\/HERO_Wroc\u0142aw_G\u0142\u00f3wny_20180829_200.jpg\" \/>\n\t<meta property=\"og:image:width\" content=\"1920\" \/>\n\t<meta property=\"og:image:height\" content=\"960\" \/>\n\t<meta property=\"og:image:type\" content=\"image\/jpeg\" \/>\n<meta name=\"twitter:card\" content=\"summary_large_image\" \/>\n<meta name=\"twitter:image\" content=\"https:\/\/kolejedolnoslaskie.pl\/wp-content\/uploads\/2018\/08\/HERO_Wroc\u0142aw_G\u0142\u00f3wny_20180829_200.jpg\" \/>\n<meta name=\"twitter:label1\" content=\"Est. reading time\" \/>\n\t<meta name=\"twitter:data1\" content=\"1 minute\" \/>\n<script type=\"application\/ld+json\" class=\"yoast-schema-graph\">{\"@context\":\"https:\\\/\\\/schema.org\",\"@graph\":[{\"@type\":\"WebPage\",\"@id\":\"https:\\\/\\\/kolejedolnoslaskie.pl\\\/en\\\/\",\"url\":\"https:\\\/\\\/kolejedolnoslaskie.pl\\\/en\\\/\",\"name\":\"Koleje Dolno\u015bl\u0105skie | Plan your journey with a KD train\",\"isPartOf\":{\"@id\":\"https:\\\/\\\/kolejedolnoslaskie.pl\\\/en\\\/#website\"},\"datePublished\":\"2018-05-09T06:14:37+00:00\",\"dateModified\":\"2026-01-28T08:20:31+00:00\",\"description\":\"Koleje Dolno\u015bl\u0105skie - Your rail partner in Lower Silesia! Follow alerts | Check the timetable | Buy a ticket | Enjoy your trip \u2713\",\"breadcrumb\":{\"@id\":\"https:\\\/\\\/kolejedolnoslaskie.pl\\\/en\\\/#breadcrumb\"},\"inLanguage\":\"en-US\",\"potentialAction\":[{\"@type\":\"ReadAction\",\"target\":[\"https:\\\/\\\/kolejedolnoslaskie.pl\\\/en\\\/\"]}]},{\"@type\":\"BreadcrumbList\",\"@id\":\"https:\\\/\\\/kolejedolnoslaskie.pl\\\/en\\\/#breadcrumb\",\"itemListElement\":[{\"@type\":\"ListItem\",\"position\":1,\"name\":\"Main site\",\"item\":\"https:\\\/\\\/kolejedolnoslaskie.pl\\\/en\\\/\"},{\"@type\":\"ListItem\",\"position\":2,\"name\":\"Main site\"}]},{\"@type\":\"WebSite\",\"@id\":\"https:\\\/\\\/kolejedolnoslaskie.pl\\\/en\\\/#website\",\"url\":\"https:\\\/\\\/kolejedolnoslaskie.pl\\\/en\\\/\",\"name\":\"Koleje Dolno\u015bl\u0105skie\",\"description\":\"Koleje Dolno\u015bl\u0105skie\",\"potentialAction\":[{\"@type\":\"SearchAction\",\"target\":{\"@type\":\"EntryPoint\",\"urlTemplate\":\"https:\\\/\\\/kolejedolnoslaskie.pl\\\/en\\\/?s={search_term_string}\"},\"query-input\":{\"@type\":\"PropertyValueSpecification\",\"valueRequired\":true,\"valueName\":\"search_term_string\"}}],\"inLanguage\":\"en-US\"}]}<\/script>\n<!-- \/ Yoast SEO plugin. -->","yoast_head_json":{"title":"Koleje Dolno\u015bl\u0105skie | Plan your journey with a KD train","description":"Koleje Dolno\u015bl\u0105skie - Your rail partner in Lower Silesia! Follow alerts | Check the timetable | Buy a ticket | Enjoy your trip \u2713","robots":{"index":"index","follow":"follow","max-snippet":"max-snippet:-1","max-image-preview":"max-image-preview:large","max-video-preview":"max-video-preview:-1"},"canonical":"https:\/\/kolejedolnoslaskie.pl\/en\/","og_locale":"en_US","og_type":"article","og_title":"Koleje Dolno\u015bl\u0105skie | Plan your journey with a KD train","og_description":"Koleje Dolno\u015bl\u0105skie - Your rail partner in Lower Silesia! Follow alerts | Check the timetable | Buy a ticket | Enjoy your trip \u2713","og_url":"https:\/\/kolejedolnoslaskie.pl\/en\/","og_site_name":"Koleje Dolno\u015bl\u0105skie","article_modified_time":"2026-01-28T08:20:31+00:00","og_image":[{"width":1920,"height":960,"url":"https:\/\/kolejedolnoslaskie.pl\/wp-content\/uploads\/2018\/08\/HERO_Wroc\u0142aw_G\u0142\u00f3wny_20180829_200.jpg","type":"image\/jpeg"}],"twitter_card":"summary_large_image","twitter_image":"https:\/\/kolejedolnoslaskie.pl\/wp-content\/uploads\/2018\/08\/HERO_Wroc\u0142aw_G\u0142\u00f3wny_20180829_200.jpg","twitter_misc":{"Est. reading time":"1 minute"},"schema":{"@context":"https:\/\/schema.org","@graph":[{"@type":"WebPage","@id":"https:\/\/kolejedolnoslaskie.pl\/en\/","url":"https:\/\/kolejedolnoslaskie.pl\/en\/","name":"Koleje Dolno\u015bl\u0105skie | Plan your journey with a KD train","isPartOf":{"@id":"https:\/\/kolejedolnoslaskie.pl\/en\/#website"},"datePublished":"2018-05-09T06:14:37+00:00","dateModified":"2026-01-28T08:20:31+00:00","description":"Koleje Dolno\u015bl\u0105skie - Your rail partner in Lower Silesia! Follow alerts | Check the timetable | Buy a ticket | Enjoy your trip \u2713","breadcrumb":{"@id":"https:\/\/kolejedolnoslaskie.pl\/en\/#breadcrumb"},"inLanguage":"en-US","potentialAction":[{"@type":"ReadAction","target":["https:\/\/kolejedolnoslaskie.pl\/en\/"]}]},{"@type":"BreadcrumbList","@id":"https:\/\/kolejedolnoslaskie.pl\/en\/#breadcrumb","itemListElement":[{"@type":"ListItem","position":1,"name":"Main site","item":"https:\/\/kolejedolnoslaskie.pl\/en\/"},{"@type":"ListItem","position":2,"name":"Main site"}]},{"@type":"WebSite","@id":"https:\/\/kolejedolnoslaskie.pl\/en\/#website","url":"https:\/\/kolejedolnoslaskie.pl\/en\/","name":"Koleje Dolno\u015bl\u0105skie","description":"Koleje Dolno\u015bl\u0105skie","potentialAction":[{"@type":"SearchAction","target":{"@type":"EntryPoint","urlTemplate":"https:\/\/kolejedolnoslaskie.pl\/en\/?s={search_term_string}"},"query-input":{"@type":"PropertyValueSpecification","valueRequired":true,"valueName":"search_term_string"}}],"inLanguage":"en-US"}]}},"_links":{"self":[{"href":"https:\/\/kolejedolnoslaskie.pl\/en\/wp-json\/wp\/v2\/pages\/80715","targetHints":{"allow":["GET"]}}],"collection":[{"href":"https:\/\/kolejedolnoslaskie.pl\/en\/wp-json\/wp\/v2\/pages"}],"about":[{"href":"https:\/\/kolejedolnoslaskie.pl\/en\/wp-json\/wp\/v2\/types\/page"}],"author":[{"embeddable":true,"href":"https:\/\/kolejedolnoslaskie.pl\/en\/wp-json\/wp\/v2\/users\/4"}],"replies":[{"embeddable":true,"href":"https:\/\/kolejedolnoslaskie.pl\/en\/wp-json\/wp\/v2\/comments?post=80715"}],"version-history":[{"count":9,"href":"https:\/\/kolejedolnoslaskie.pl\/en\/wp-json\/wp\/v2\/pages\/80715\/revisions"}],"predecessor-version":[{"id":99627,"href":"https:\/\/kolejedolnoslaskie.pl\/en\/wp-json\/wp\/v2\/pages\/80715\/revisions\/99627"}],"wp:attachment":[{"href":"https:\/\/kolejedolnoslaskie.pl\/en\/wp-json\/wp\/v2\/media?parent=80715"}],"wp:term":[{"taxonomy":"page-category","embeddable":true,"href":"https:\/\/kolejedolnoslaskie.pl\/en\/wp-json\/wp\/v2\/page-category?post=80715"}],"curies":[{"name":"wp","href":"https:\/\/api.w.org\/{rel}","templated":true}]}}