{"id":3,"date":"2022-10-30T09:04:07","date_gmt":"2022-10-30T09:04:07","guid":{"rendered":"https:\/\/kolejedolnoslaskie.pl\/15lat\/?page_id=3"},"modified":"2023-02-03T12:29:02","modified_gmt":"2023-02-03T12:29:02","slug":"privacy-policy","status":"publish","type":"page","link":"https:\/\/kolejedolnoslaskie.pl\/15lat\/privacy-policy\/","title":{"rendered":"Polityka prywatno\u015bci"},"content":{"rendered":"<p>[et_pb_section fb_built=&#8221;1&#8243; _builder_version=&#8221;4.18.1&#8243; hover_enabled=&#8221;0&#8243; global_colors_info=&#8221;{}&#8221; sticky_enabled=&#8221;0&#8243;][et_pb_row _builder_version=&#8221;4.18.1&#8243; _module_preset=&#8221;default&#8221;][et_pb_column _builder_version=&#8221;4.18.1&#8243; _module_preset=&#8221;default&#8221; type=&#8221;4_4&#8243;][et_pb_text _builder_version=&#8221;4.18.1&#8243; _module_preset=&#8221;default&#8221; text_font=&#8221;|300|||||||&#8221; width=&#8221;50%&#8221; max_width=&#8221;50%&#8221; max_width_last_edited=&#8221;on|tablet&#8221; hover_enabled=&#8221;0&#8243; sticky_enabled=&#8221;0&#8243; max_width_tablet=&#8221;90%&#8221; width_last_edited=&#8221;on|desktop&#8221; width_tablet=&#8221;90%&#8221; module_alignment=&#8221;center&#8221; max_width_phone=&#8221;90%&#8221; width_phone=&#8221;90%&#8221;]<\/p>\n<h1>Polityka prywatno\u015bci<\/h1>\n<p>Data ostatniej aktualizacji: 3.02.2023 rok<\/p>\n<p>Niniejszy dokument opisuje w jaki spos\u00f3b w\u0142a\u015bciciel serwisu https:\/\/kolejedolnoslaskie.pl\/15lat\/pozyskuje, wykorzystuje, jak r\u00f3wnie\u017c chroni Twoje dane osobowe jako u\u017cytkownika serwisu https:\/\/kolejedolnoslaskie.pl\/15lat\/.<\/p>\n<p>Wszystkie dane osobowe uzyskane za po\u015brednictwem naszego serwisu s\u0105 przetwarzane w spos\u00f3b zapewniaj\u0105cy ich bezpiecze\u0144stwo, zgodnie z przepisami powszechnie obowi\u0105zuj\u0105cego prawa, w szczeg\u00f3lno\u015bci za\u015b z Rozporz\u0105dzeniem Parlamentu Europejskiego i Rady (UE) 2016\/679 z dnia 27 kwietnia 2016 r. w sprawie ochrony os\u00f3b fizycznych w zwi\u0105zku z przetwarzaniem danych osobowych i w sprawie swobodnego przep\u0142ywu takich danych oraz uchylenia dyrektywy 95\/46\/WE (RODO).<\/p>\n<p><strong>Kto jest administratorem danych osobowych i jak mo\u017cna si\u0119 z nim skontaktowa\u0107?<\/strong><\/p>\n<p>W\u0142a\u015bcicielem serwisu https:\/\/kolejedolnoslaskie.pl\/15lat\/ oraz administratorem Twoich danych osobowych zgodnie z RODO s\u0105 Koleje Dolno\u015bl\u0105skie S.A. z siedzib\u0105 przy ul. Kolejowej 2, 59-220 Legnica (dalej jako: \u201emy\u201d, \u201enas\u201d).<\/p>\n<p>Powo\u0142ali\u015bmy Inspektora Ochrony Danych, z kt\u00f3rym kontakt jest mo\u017cliwy za po\u015brednictwem adresu e-mail: iod@kolejedolnoslaski.eu. Z Inspektorem Ochrony Danych mo\u017cna si\u0119 kontaktowa\u0107 we wszystkich sprawach dotycz\u0105cych przetwarzania danych osobowych oraz korzystania z praw zwi\u0105zanych z ich przetwarzaniem.<\/p>\n<p><strong>Jakie kategorie danych przetwarzamy i sk\u0105d je mamy?<\/strong><\/p>\n<p>Serwis ma charakter informacyjny. Chcemy zapewni\u0107 Ci\u0119 o tym, \u017ce korzystanie z naszego serwisu nie wymaga podania \u017cadnych danych osobowych.<\/p>\n<p>Serwis nie zbiera w spos\u00f3b automatyczny \u017cadnych danych, z wyj\u0105tkiem informacji zawartych w plikach cookie. S\u0105 to dane o Twojej aktywno\u015bci w serwisie, tj. liczbie i \u017ar\u00f3dle wizyt w serwisie, czasie wizyty, przegl\u0105danych tre\u015bciach, liczba i rodzaj otwieranych podstron, wykorzystania, odes\u0142ania czy numer IP komputera. Nie wykorzystujemy tych informacji do Twojej identyfikacji. Dane te wyst\u0119puj\u0105 w postaci plik\u00f3w cookie. O plikach cookie przeczytasz w Deklaracji plik\u00f3w cookie.<\/p>\n<p><strong>Jak d\u0142ugo przechowujemy Twoje dane?<\/strong><\/p>\n<p>Dane osobowe przechowujemy w formie umo\u017cliwiaj\u0105cej identyfikacj\u0119 osoby, kt\u00f3rej dane dotycz\u0105, przez okres nie d\u0142u\u017cszy, ni\u017c jest to niezb\u0119dne do cel\u00f3w, w kt\u00f3rych dane te s\u0105 przetwarzane. Po up\u0142ywie takiego okresu dane anonimizujemy (pozbawiamy cech umo\u017cliwiaj\u0105cych zidentyfikowanie danej osoby) albo usuwamy. Usuwanie danych osobowych jest ca\u0142kowite i trwa\u0142e. Konkretne okresy przechowywania informacji w postaci plik\u00f3w cookie znajdziesz w Deklaracji plik\u00f3w cookie.<\/p>\n<p><strong>Czy udost\u0119pniamy Twoje dane osobowe?<\/strong><\/p>\n<p>Dane osobowe mog\u0105 by\u0107 ujawnione osobom upowa\u017cnionym przez nas, podmiotom \u015bwiadcz\u0105cym na rzecz nas us\u0142ugi, w tym us\u0142ugi techniczne i organizacyjne, us\u0142ugi w zakresie prowadzenia poczty elektronicznej, a tak\u017ce innym podmiotom\/osobom\/organom w zakresie i na zasadach okre\u015blonych przepisami prawa.<\/p>\n<p><strong>Czy przekazujemy Twoje dane do pa\u0144stw spoza Europejskiego Obszaru Gospodarczego?<\/strong><\/p>\n<p>Dane osobowe pozyskane za po\u015brednictwem serwisu mog\u0105 by\u0107 przekazywane poza Europejski Obszar Gospodarczy z uwagi na fakt, \u017ce niekt\u00f3re us\u0142ugi realizowane s\u0105 przez Google.<\/p>\n<p>W zakresie takiego transferu danych Google gwarantuje wysoki stopie\u0144 ochrony danych osobowych.<\/p>\n<p><strong>Czy przetwarzamy Twoje dane osobowe automatycznie (w tym poprzez profilowanie) w spos\u00f3b wp\u0142ywaj\u0105cy na Twoje prawa?<\/strong><\/p>\n<p>Chcemy Ciebie zapewni\u0107, i\u017c nie podejmujemy w spos\u00f3b zautomatyzowany decyzji wzgl\u0119dem Ciebie oraz nie realizujemy za pomoc\u0105 naszego serwisu \u017cadnych dzia\u0142a\u0144 maj\u0105cych na celu profilowanie Ciebie i Twoich zachowa\u0144.<\/p>\n<p><strong>Twoje prawa<\/strong><\/p>\n<p>Pami\u0119taj, \u017ce to Ty decydujesz o zakresie i celu przetwarzania, dlatego chcemy \u017ceby\u015b wiedzia\u0142, i\u017c przys\u0142uguje Tobie prawo:<\/p>\n<ul>\n<li>dost\u0119pu do danych oraz otrzymanie ich kopii. Masz prawo uzyska\u0107 od nas potwierdzenie, czy przetwarzamy Twoje dane osobowe, a je\u017celi ma to miejsce, masz prawo:\n<ul>\n<li>uzyska\u0107 dost\u0119p do swoich danych osobowych,<\/li>\n<li>uzyska\u0107 informacje o celach przetwarzania, kategoriach przetwarzanych danych osobowych, o odbiorcach lub kategoriach odbiorc\u00f3w tych danych, planowanym okresie przechowywania Twoich danych lub o kryteriach ustalania tego okresu, o prawach przys\u0142uguj\u0105cych Ci na mocy RODO oraz o prawie wniesienia skargi do organu nadzorczego, o \u017ar\u00f3dle tych danych, o zautomatyzowanym podejmowaniu decyzji, w tym o profilowaniu oraz o zabezpieczeniach stosowanych w zwi\u0105zku z przekazaniem tych danych poza Uni\u0119 Europejsk\u0105,<\/li>\n<li>uzyska\u0107 kopi\u0119 swoich danych osobowych;<\/li>\n<\/ul>\n<\/li>\n<li>do sprostowania (poprawiania) danych. Masz prawo do sprostowania i uzupe\u0142nienia podanych przez siebie danych osobowych. Masz prawo \u017c\u0105da\u0107 od nas sprostowania tych danych (je\u017celi s\u0105 nieprawid\u0142owe) oraz ich uzupe\u0142nienia (je\u017celi s\u0105 niekompletne);<\/li>\n<li>do usuni\u0119cia danych (prawo do bycia zapomnianym) &#8211; je\u017celi Twoim zdaniem nie ma podstawie do tego, aby\u015bmy przetwarzali Twoje dane mo\u017cesz \u017c\u0105da\u0107, aby\u015bmy je usun\u0119li. Masz prawo \u017c\u0105dania usuni\u0119cia danych osobowych, je\u017celi:\n<ul>\n<li>wycofa\u0142e\u015b okre\u015blon\u0105 zgod\u0119, w zakresie w jakim dane osobowe by\u0142y przetwarzane w oparciu o Twoj\u0105 zgod\u0119,<\/li>\n<li>Twoje dane osobowe przesta\u0142y by\u0107 niezb\u0119dne do cel\u00f3w, w kt\u00f3rych zosta\u0142y zebrane lub w kt\u00f3rych by\u0142y przetwarzane,<\/li>\n<li>wnios\u0142e\u015b sprzeciw wobec wykorzystywania Twoich danych w celach marketingowych,<\/li>\n<li>wnios\u0142e\u015b sprzeciw wobec wykorzystywania Twoich danych w celu prowadzenia statystyki korzystania z Serwisu i badania satysfakcji, a sprzeciw zosta\u0142 uznany za zasadny,<\/li>\n<li>Twoje dane osobowe s\u0105 przetwarzane niezgodnie z prawem.<\/li>\n<\/ul>\n<\/li>\n<\/ul>\n<p>Pomimo \u017c\u0105dania usuni\u0119cia danych osobowych, w zwi\u0105zku z wniesieniem sprzeciwu lub wycofaniem zgody, mo\u017cemy zachowa\u0107 pewne dane osobowe w zakresie niezb\u0119dnym do cel\u00f3w ustalenia, dochodzenia lub obrony roszcze\u0144. Dotyczy to w szczeg\u00f3lno\u015bci danych osobowych obejmuj\u0105cych: imi\u0119, nazwisko, adres e-mail oraz histori\u0119 aplikacji, kt\u00f3re to dane zachowujemy dla cel\u00f3w rozpatrywania skarg oraz roszcze\u0144 zwi\u0105zanych z korzystaniem z naszych us\u0142ug;<\/p>\n<ul>\n<li>ograniczenia przetwarzania danych &#8211; mo\u017cesz \u017c\u0105da\u0107, aby\u015bmy ograniczyli przetwarzanie Twoich danych osobowych wy\u0142\u0105cznie do ich przechowywania lub wykonywania uzgodnionych z Tob\u0105 dzia\u0142a\u0144, je\u017celi Twoim zdaniem mamy nieprawid\u0142owe dane na Tw\u00f3j temat lub przetwarzamy je bezpodstawnie, lub nie chcesz, \u017ceby\u015bmy je usun\u0119li, bo s\u0105 Ci potrzebne do ustalenia, dochodzenia lub obrony roszcze\u0144, lub na czas wniesienia sprzeciwu wzgl\u0119dem przetwarzania danych. Masz prawo do \u017c\u0105dania ograniczenia wykorzystania Twoich danych osobowych w nast\u0119puj\u0105cych przypadkach:\n<ul>\n<li>gdy kwestionujesz prawid\u0142owo\u015b\u0107 swoich danych osobowych \u2013 w\u00f3wczas ograniczymy ich wykorzystanie na czas potrzebny nam do sprawdzenia prawid\u0142owo\u015bci Twoich danych,<\/li>\n<li>gdy przetwarzanie Twoich danych jest niezgodne z prawem, a zamiast usuni\u0119cia danych za\u017c\u0105dasz ograniczenia ich wykorzystania,<\/li>\n<li>gdy Twoje dane osobowe przesta\u0142y by\u0107 niezb\u0119dne do cel\u00f3w, w kt\u00f3rych je zebrali\u015bmy lub wykorzystywali\u015bmy, ale s\u0105 one potrzebne Tobie w celu ustalenia, dochodzenia lub obrony roszcze\u0144,<\/li>\n<li>gdy wnios\u0142e\u015b sprzeciw wobec wykorzystania Twoich danych \u2013 w\u00f3wczas ograniczenie nast\u0119puje na czas potrzebny do rozwa\u017cenia, czy \u2013 ze wzgl\u0119du na Twoj\u0105 szczeg\u00f3ln\u0105 sytuacj\u0119 \u2013 ochrona Twoich interes\u00f3w, praw i wolno\u015bci przewa\u017ca nad interesami, kt\u00f3re realizujemy, przetwarzaj\u0105c Twoje dane osobowe;<\/li>\n<\/ul>\n<\/li>\n<li>do wniesienia sprzeciwu wobec przetwarzania Twoich danych w celu prowadzenia marketingu bezpo\u015bredniego. Je\u017celi skorzystasz z tego prawa, zaprzestaniemy przetwarzania danych w tym celu. Je\u017celi Tw\u00f3j sprzeciw oka\u017ce si\u0119 zasadny i nie b\u0119dziemy mieli innej podstawy prawnej do przetwarzania Twoich danych osobowych, usuniemy Twoje dane, wobec wykorzystania kt\u00f3rych wnios\u0142e\u015b sprzeciw;<\/li>\n<li>wycofania zgody na przetwarzanie swoich danych osobowych. Cofni\u0119cie zgody ma skutek od momentu wycofania zgody. Cofni\u0119cie zgody nie wp\u0142ywa na przetwarzanie dokonywane przez nas zgodnie z prawem przed jej cofni\u0119ciem. Cofni\u0119cie zgody nie poci\u0105ga za sob\u0105 dla Ciebie \u017cadnych negatywnych konsekwencji.<\/li>\n<li>wniesienia skargi do organu nadzorczego. Mo\u017cesz zg\u0142asza\u0107 do nas skargi, zapytania i wnioski dotycz\u0105ce przetwarzania Twoich danych osobowych oraz realizacji przys\u0142uguj\u0105cych Ci uprawnie\u0144. Je\u017celi uwa\u017casz, \u017ce przetwarzamy Twoje dane niezgodnie z prawem, mo\u017cesz z\u0142o\u017cy\u0107 w tej sprawie skarg\u0119 do organu nadzorczego z siedzib\u0105 przy ul. Stawki 2 w Warszawie.<\/li>\n<\/ul>\n<p><strong>Cookies (Ciasteczka) oraz adres IP<\/strong><\/p>\n<p>Zobacz Deklaracj\u0119 plik\u00f3w cookie, aby uzyska\u0107 informacje na temat u\u017cywanych przez nas plik\u00f3w cookie.<\/p>\n<p><strong>Zmiany niniejszej Polityki prywatno\u015bci<\/strong><\/p>\n<p>Obowi\u0105zujemy si\u0119 do regularnego przegl\u0105du niniejszej Polityki prywatno\u015bci i jej zmiany w sytuacji, gdy oka\u017ce si\u0119 to niezb\u0119dne lub po\u017c\u0105dane z uwagi na: nowe przepisy prawa, nowe wytyczne organ\u00f3w odpowiedzialnych za nadz\u00f3r nad procesami ochrony danych osobowych, najlepsze praktyki stosowane w obszarze ochrony danych osobowych.<\/p>\n<p>[\/et_pb_text][\/et_pb_column][\/et_pb_row][\/et_pb_section]<\/p>\n","protected":false},"excerpt":{"rendered":"<p>Polityka prywatno\u015bci Data ostatniej aktualizacji: 3.02.2023 rok Niniejszy dokument opisuje w jaki spos\u00f3b w\u0142a\u015bciciel serwisu https:\/\/kolejedolnoslaskie.pl\/15lat\/pozyskuje, wykorzystuje, jak r\u00f3wnie\u017c chroni Twoje dane osobowe jako u\u017cytkownika serwisu https:\/\/kolejedolnoslaskie.pl\/15lat\/. Wszystkie dane osobowe uzyskane za po\u015brednictwem naszego serwisu s\u0105 przetwarzane w spos\u00f3b zapewniaj\u0105cy ich bezpiecze\u0144stwo, zgodnie z przepisami powszechnie obowi\u0105zuj\u0105cego prawa, w szczeg\u00f3lno\u015bci za\u015b z Rozporz\u0105dzeniem Parlamentu Europejskiego [&hellip;]<\/p>\n","protected":false},"author":1,"featured_media":0,"parent":0,"menu_order":0,"comment_status":"closed","ping_status":"open","template":"","meta":{"_et_pb_use_builder":"on","_et_pb_old_content":"<!-- wp:heading -->\n<h2>Who we are<\/h2>\n<!-- \/wp:heading -->\n\n<!-- wp:paragraph -->\n<p><strong class=\"privacy-policy-tutorial\">Suggested text: <\/strong>Our website address is: https:\/\/kolejedolnoslaskie.pl\/15lat.<\/p>\n<!-- \/wp:paragraph -->\n\n<!-- wp:heading -->\n<h2>Comments<\/h2>\n<!-- \/wp:heading -->\n\n<!-- wp:paragraph -->\n<p><strong class=\"privacy-policy-tutorial\">Suggested text: <\/strong>When visitors leave comments on the site we collect the data shown in the comments form, and also the visitor\u2019s IP address and browser user agent string to help spam detection.<\/p>\n<!-- \/wp:paragraph -->\n\n<!-- wp:paragraph -->\n<p>An anonymized string created from your email address (also called a hash) may be provided to the Gravatar service to see if you are using it. The Gravatar service privacy policy is available here: https:\/\/automattic.com\/privacy\/. After approval of your comment, your profile picture is visible to the public in the context of your comment.<\/p>\n<!-- \/wp:paragraph -->\n\n<!-- wp:heading -->\n<h2>Media<\/h2>\n<!-- \/wp:heading -->\n\n<!-- wp:paragraph -->\n<p><strong class=\"privacy-policy-tutorial\">Suggested text: <\/strong>If you upload images to the website, you should avoid uploading images with embedded location data (EXIF GPS) included. Visitors to the website can download and extract any location data from images on the website.<\/p>\n<!-- \/wp:paragraph -->\n\n<!-- wp:heading -->\n<h2>Cookies<\/h2>\n<!-- \/wp:heading -->\n\n<!-- wp:paragraph -->\n<p><strong class=\"privacy-policy-tutorial\">Suggested text: <\/strong>If you leave a comment on our site you may opt-in to saving your name, email address and website in cookies. These are for your convenience so that you do not have to fill in your details again when you leave another comment. These cookies will last for one year.<\/p>\n<!-- \/wp:paragraph -->\n\n<!-- wp:paragraph -->\n<p>If you visit our login page, we will set a temporary cookie to determine if your browser accepts cookies. This cookie contains no personal data and is discarded when you close your browser.<\/p>\n<!-- \/wp:paragraph -->\n\n<!-- wp:paragraph -->\n<p>When you log in, we will also set up several cookies to save your login information and your screen display choices. Login cookies last for two days, and screen options cookies last for a year. If you select \"Remember Me\", your login will persist for two weeks. If you log out of your account, the login cookies will be removed.<\/p>\n<!-- \/wp:paragraph -->\n\n<!-- wp:paragraph -->\n<p>If you edit or publish an article, an additional cookie will be saved in your browser. This cookie includes no personal data and simply indicates the post ID of the article you just edited. It expires after 1 day.<\/p>\n<!-- \/wp:paragraph -->\n\n<!-- wp:heading -->\n<h2>Embedded content from other websites<\/h2>\n<!-- \/wp:heading -->\n\n<!-- wp:paragraph -->\n<p><strong class=\"privacy-policy-tutorial\">Suggested text: <\/strong>Articles on this site may include embedded content (e.g. videos, images, articles, etc.). Embedded content from other websites behaves in the exact same way as if the visitor has visited the other website.<\/p>\n<!-- \/wp:paragraph -->\n\n<!-- wp:paragraph -->\n<p>These websites may collect data about you, use cookies, embed additional third-party tracking, and monitor your interaction with that embedded content, including tracking your interaction with the embedded content if you have an account and are logged in to that website.<\/p>\n<!-- \/wp:paragraph -->\n\n<!-- wp:heading -->\n<h2>Who we share your data with<\/h2>\n<!-- \/wp:heading -->\n\n<!-- wp:paragraph -->\n<p><strong class=\"privacy-policy-tutorial\">Suggested text: <\/strong>If you request a password reset, your IP address will be included in the reset email.<\/p>\n<!-- \/wp:paragraph -->\n\n<!-- wp:heading -->\n<h2>How long we retain your data<\/h2>\n<!-- \/wp:heading -->\n\n<!-- wp:paragraph -->\n<p><strong class=\"privacy-policy-tutorial\">Suggested text: <\/strong>If you leave a comment, the comment and its metadata are retained indefinitely. This is so we can recognize and approve any follow-up comments automatically instead of holding them in a moderation queue.<\/p>\n<!-- \/wp:paragraph -->\n\n<!-- wp:paragraph -->\n<p>For users that register on our website (if any), we also store the personal information they provide in their user profile. All users can see, edit, or delete their personal information at any time (except they cannot change their username). Website administrators can also see and edit that information.<\/p>\n<!-- \/wp:paragraph -->\n\n<!-- wp:heading -->\n<h2>What rights you have over your data<\/h2>\n<!-- \/wp:heading -->\n\n<!-- wp:paragraph -->\n<p><strong class=\"privacy-policy-tutorial\">Suggested text: <\/strong>If you have an account on this site, or have left comments, you can request to receive an exported file of the personal data we hold about you, including any data you have provided to us. You can also request that we erase any personal data we hold about you. This does not include any data we are obliged to keep for administrative, legal, or security purposes.<\/p>\n<!-- \/wp:paragraph -->\n\n<!-- wp:heading -->\n<h2>Where your data is sent<\/h2>\n<!-- \/wp:heading -->\n\n<!-- wp:paragraph -->\n<p><strong class=\"privacy-policy-tutorial\">Suggested text: <\/strong>Visitor comments may be checked through an automated spam detection service.<\/p>\n<!-- \/wp:paragraph -->","_et_gb_content_width":"","footnotes":""},"class_list":["post-3","page","type-page","status-publish","hentry"],"_links":{"self":[{"href":"https:\/\/kolejedolnoslaskie.pl\/15lat\/wp-json\/wp\/v2\/pages\/3","targetHints":{"allow":["GET"]}}],"collection":[{"href":"https:\/\/kolejedolnoslaskie.pl\/15lat\/wp-json\/wp\/v2\/pages"}],"about":[{"href":"https:\/\/kolejedolnoslaskie.pl\/15lat\/wp-json\/wp\/v2\/types\/page"}],"author":[{"embeddable":true,"href":"https:\/\/kolejedolnoslaskie.pl\/15lat\/wp-json\/wp\/v2\/users\/1"}],"replies":[{"embeddable":true,"href":"https:\/\/kolejedolnoslaskie.pl\/15lat\/wp-json\/wp\/v2\/comments?post=3"}],"version-history":[{"count":3,"href":"https:\/\/kolejedolnoslaskie.pl\/15lat\/wp-json\/wp\/v2\/pages\/3\/revisions"}],"predecessor-version":[{"id":363,"href":"https:\/\/kolejedolnoslaskie.pl\/15lat\/wp-json\/wp\/v2\/pages\/3\/revisions\/363"}],"wp:attachment":[{"href":"https:\/\/kolejedolnoslaskie.pl\/15lat\/wp-json\/wp\/v2\/media?parent=3"}],"curies":[{"name":"wp","href":"https:\/\/api.w.org\/{rel}","templated":true}]}}