{"id":234387,"date":"2023-12-28T09:50:16","date_gmt":"2023-12-28T09:50:16","guid":{"rendered":"https:\/\/kolejedolnoslaskie.pl\/15lat\/?page_id=234387"},"modified":"2024-01-09T07:54:09","modified_gmt":"2024-01-09T07:54:09","slug":"wygraj-ksiazke","status":"publish","type":"page","link":"https:\/\/kolejedolnoslaskie.pl\/15lat\/wygraj-ksiazke\/","title":{"rendered":"Poci\u0105gi potrzebne od zaraz. Rewolucja kolejowa\u00a0na Dolnym \u015al\u0105sku"},"content":{"rendered":"<p>[et_pb_section fb_built=&#8221;1&#8243; _builder_version=&#8221;4.22.0&#8243; _module_preset=&#8221;default&#8221; global_colors_info=&#8221;{}&#8221;][et_pb_row _builder_version=&#8221;4.22.0&#8243; _module_preset=&#8221;default&#8221; width=&#8221;50%&#8221; width_tablet=&#8221;80%&#8221; width_phone=&#8221;80%&#8221; width_last_edited=&#8221;on|tablet&#8221; global_colors_info=&#8221;{}&#8221;][et_pb_column type=&#8221;4_4&#8243; _builder_version=&#8221;4.22.0&#8243; _module_preset=&#8221;default&#8221; global_colors_info=&#8221;{}&#8221;][et_pb_text _builder_version=&#8221;4.22.0&#8243; _module_preset=&#8221;default&#8221; custom_margin=&#8221;2vw||2vw||false|false&#8221; global_colors_info=&#8221;{}&#8221;]<\/p>\n<h1 style=\"text-align: center;\"><strong>Poci\u0105gi potrzebne od zaraz. Rewolucja kolejowa na Dolnym \u015al\u0105sku<\/strong><\/h1>\n<h2 style=\"text-align: center;\">Wygraj monografi\u0119 na 15 lat Kolei Dolno\u015bl\u0105skich<\/h2>\n<p>[\/et_pb_text][et_pb_text _builder_version=&#8221;4.22.0&#8243; _module_preset=&#8221;default&#8221; global_colors_info=&#8221;{}&#8221;]<\/p>\n<p>W konkursie mog\u0105 wzi\u0105\u0107 udzia\u0142 wszyscy podr\u00f3\u017cni Kolei Dolno\u015bl\u0105skich, kt\u00f3rzy w styczniu 2024 roku nabyli bilet na stronie www.kolejedolnoslaskie.pl. Aby wzi\u0105\u0107 udzia\u0142 w konkursie, nale\u017cy &#8211; po zakupie biletu &#8211; wype\u0142ni\u0107 formularz poni\u017cej.<\/p>\n<p>Monografia trafi do pierwszych 100 os\u00f3b, kt\u00f3re zg\u0142osz\u0105 zakupiony bilet jednorazowy, a tak\u017ce do pierwszych 100 os\u00f3b, kt\u00f3re zakupi\u0105 jeden z rodzaj\u00f3w biletu: Dolno\u015bl\u0105ski Bilet Weekendowy, bilet tygodniowy lub bilet miesi\u0119czny.<\/p>\n<p>Szczeg\u00f3\u0142y znajduj\u0105 si\u0119 w <span style=\"color: #adadad;\"><a href=\"https:\/\/kolejedolnoslaskie.pl\/15lat\/regulamin-konkursu-do-poczytania-od-zaraz\/\" style=\"color: #adadad;\">regulaminie<\/a><\/span>.<\/p>\n<p>[\/et_pb_text][et_pb_text _builder_version=&#8221;4.22.0&#8243; _module_preset=&#8221;default&#8221; global_colors_info=&#8221;{}&#8221;]<\/p>\n<h3 style=\"text-align: center;\">Formularz zg\u0142oszeniowy<\/h3>\n<p>[\/et_pb_text][et_pb_code _builder_version=&#8221;4.22.0&#8243; _module_preset=&#8221;default&#8221; hover_enabled=&#8221;0&#8243; global_colors_info=&#8221;{}&#8221; text_orientation=&#8221;center&#8221; sticky_enabled=&#8221;0&#8243;]<iframe loading=\"lazy\" width=\"640px\" height=\"480px\" src=\"https:\/\/forms.office.com\/Pages\/ResponsePage.aspx?id=OQA7ulQ0DkepkeUJgHdqI6_GA_X1yqpOq1ZlLzg-dmdURU5TNVdYSVM3TzhJWlBRTVhYSVJQRkI1Ni4u&#038;embed=true\" frameborder=\"0\" marginwidth=\"0\" marginheight=\"0\" style=\"border: none; max-width:100%; max-height:100vh\" allowfullscreen webkitallowfullscreen mozallowfullscreen msallowfullscreen> <\/iframe>[\/et_pb_code][\/et_pb_column][\/et_pb_row][\/et_pb_section][et_pb_section fb_built=&#8221;1&#8243; _builder_version=&#8221;4.18.1&#8243; _module_preset=&#8221;default&#8221; background_color=&#8221;#ffffff&#8221; global_colors_info=&#8221;{}&#8221;][et_pb_row column_structure=&#8221;1_3,1_3,1_3&#8243; use_custom_gutter=&#8221;on&#8221; _builder_version=&#8221;4.18.1&#8243; _module_preset=&#8221;default&#8221; width=&#8221;90%&#8221; custom_margin=&#8221;||||false|false&#8221; custom_padding=&#8221;||||false|false&#8221; border_width_top=&#8221;1px&#8221; global_colors_info=&#8221;{}&#8221;][et_pb_column type=&#8221;1_3&#8243; _builder_version=&#8221;4.18.1&#8243; _module_preset=&#8221;default&#8221; global_colors_info=&#8221;{}&#8221;][et_pb_image src=&#8221;https:\/\/kolejedolnoslaskie.pl\/15lat\/wp-content\/uploads\/2022\/12\/kd15.png&#8221; title_text=&#8221;kd15&#8243; url=&#8221;https:\/\/kolejedolnoslaskie.pl\/15lat\/&#8221; _builder_version=&#8221;4.18.1&#8243; _module_preset=&#8221;default&#8221; global_colors_info=&#8221;{}&#8221;][\/et_pb_image][\/et_pb_column][et_pb_column type=&#8221;1_3&#8243; _builder_version=&#8221;4.18.1&#8243; _module_preset=&#8221;default&#8221; global_colors_info=&#8221;{}&#8221;][et_pb_button button_url=&#8221;https:\/\/kolejedolnoslaskie.pl\/15lat\/&#8221; button_text=&#8221;Strona 15-lecia KD&#8221; button_alignment=&#8221;center&#8221; button_text_tablet=&#8221;&#8221; button_text_phone=&#8221;&#8221; button_text_last_edited=&#8221;on|desktop&#8221; _builder_version=&#8221;4.18.1&#8243; _module_preset=&#8221;default&#8221; custom_margin=&#8221;1.5vw||1.5vw||false|false&#8221; custom_padding=&#8221;||||false|false&#8221; custom_css_main_element=&#8221;width:90%&#8221; global_colors_info=&#8221;{}&#8221;][\/et_pb_button][\/et_pb_column][et_pb_column type=&#8221;1_3&#8243; _builder_version=&#8221;4.18.1&#8243; _module_preset=&#8221;default&#8221; global_colors_info=&#8221;{}&#8221;][et_pb_button button_url=&#8221;https:\/\/kolejedolnoslaskie.pl\/15lat\/poczet-krolow-ksiazat\/&#8221; button_text=&#8221;poczet kr\u00f3l\u00f3w i ksi\u0105\u017c\u0105t&#8221; button_alignment=&#8221;center&#8221; button_text_tablet=&#8221;&#8221; button_text_phone=&#8221;&#8221; button_text_last_edited=&#8221;on|desktop&#8221; _builder_version=&#8221;4.18.1&#8243; _module_preset=&#8221;default&#8221; custom_margin=&#8221;1.5vw||1.5vw||false|false&#8221; custom_padding=&#8221;||||false|false&#8221; custom_css_main_element=&#8221;width:90%&#8221; global_colors_info=&#8221;{}&#8221;][\/et_pb_button][\/et_pb_column][\/et_pb_row][\/et_pb_section]<\/p>\n","protected":false},"excerpt":{"rendered":"<p>Poci\u0105gi potrzebne od zaraz. Rewolucja kolejowa na Dolnym \u015al\u0105sku Wygraj monografi\u0119 na 15 lat Kolei Dolno\u015bl\u0105skichW konkursie mog\u0105 wzi\u0105\u0107 udzia\u0142 wszyscy podr\u00f3\u017cni Kolei Dolno\u015bl\u0105skich, kt\u00f3rzy w styczniu 2024 roku nabyli bilet na stronie www.kolejedolnoslaskie.pl. Aby wzi\u0105\u0107 udzia\u0142 w konkursie, nale\u017cy &#8211; po zakupie biletu &#8211; wype\u0142ni\u0107 formularz poni\u017cej. Monografia trafi do pierwszych 100 os\u00f3b, kt\u00f3re [&hellip;]<\/p>\n","protected":false},"author":1,"featured_media":0,"parent":0,"menu_order":0,"comment_status":"closed","ping_status":"closed","template":"","meta":{"_et_pb_use_builder":"on","_et_pb_old_content":"","_et_gb_content_width":"","footnotes":""},"class_list":["post-234387","page","type-page","status-publish","hentry"],"_links":{"self":[{"href":"https:\/\/kolejedolnoslaskie.pl\/15lat\/wp-json\/wp\/v2\/pages\/234387","targetHints":{"allow":["GET"]}}],"collection":[{"href":"https:\/\/kolejedolnoslaskie.pl\/15lat\/wp-json\/wp\/v2\/pages"}],"about":[{"href":"https:\/\/kolejedolnoslaskie.pl\/15lat\/wp-json\/wp\/v2\/types\/page"}],"author":[{"embeddable":true,"href":"https:\/\/kolejedolnoslaskie.pl\/15lat\/wp-json\/wp\/v2\/users\/1"}],"replies":[{"embeddable":true,"href":"https:\/\/kolejedolnoslaskie.pl\/15lat\/wp-json\/wp\/v2\/comments?post=234387"}],"version-history":[{"count":7,"href":"https:\/\/kolejedolnoslaskie.pl\/15lat\/wp-json\/wp\/v2\/pages\/234387\/revisions"}],"predecessor-version":[{"id":234409,"href":"https:\/\/kolejedolnoslaskie.pl\/15lat\/wp-json\/wp\/v2\/pages\/234387\/revisions\/234409"}],"wp:attachment":[{"href":"https:\/\/kolejedolnoslaskie.pl\/15lat\/wp-json\/wp\/v2\/media?parent=234387"}],"curies":[{"name":"wp","href":"https:\/\/api.w.org\/{rel}","templated":true}]}}